{"id":1142,"date":"2016-06-11T11:19:18","date_gmt":"2016-06-11T10:19:18","guid":{"rendered":"https:\/\/mathy-austria.com\/?post_type=product&#038;p=1142"},"modified":"2024-07-15T07:11:35","modified_gmt":"2024-07-15T06:11:35","slug":"mathy-tdg-direktschalt-getriebeol-additiv","status":"publish","type":"product","link":"https:\/\/mathy-austria.com\/hu\/termek\/mathy-tdg-direktschalt-getriebeol-additiv\/","title":{"rendered":"MATHY-TDG"},"content":{"rendered":"<div>A v\u00e1lt\u00e1s optimaliz\u00e1l\u00e1s\u00e1hoz \u00e9s a kop\u00e1s cs\u00f6kkent\u00e9s\u00e9hez a k\u00f6zvetlen v\u00e1lt\u00f3s\/dupla kuplungos sebess\u00e9gv\u00e1lt\u00f3kban (<strong>DSG<\/strong>). A hozz\u00e1ad\u00e1s <strong>MATHY-TDG <\/strong>a sebess\u00e9gv\u00e1lt\u00f3olajba, javul annak ken\u0151hat\u00e1sa, \u00e9s ennek eredm\u00e9nyek\u00e9ppen optimaliz\u00e1l\u00f3dnak a sebess\u00e9gv\u00e1lt\u00e1sok. A melegebb r\u00e9gi\u00f3kban cs\u00f6kken a h\u0151terhel\u00e9s, \u00e9s n\u0151 a DSG sebess\u00e9gv\u00e1lt\u00f3olaj stabilit\u00e1sa. A megl\u00e9v\u0151 zajok kialakul\u00e1sa minim\u00e1lisra cs\u00f6kken az al\u00e1bbiak r\u00e9v\u00e9n <strong>MATHY-TDG <\/strong>minimaliz\u00e1l\u00f3dik, \u00e9s a tov\u00e1bbi kop\u00e1s megel\u0151zhet\u0151. A DSG sebess\u00e9gv\u00e1lt\u00f3 tart\u00f3san v\u00e9dett \u00e9s mentes\u00fcl a szennyez\u0151d\u00e9sekt\u0151l, az \u00faj szennyez\u0151d\u00e9sek kialakul\u00e1s\u00e1t pedig akt\u00edv tiszt\u00edt\u00f3 komponensek akad\u00e1lyozz\u00e1k meg.<\/div>\n<div><\/div>\n<div><strong>MATHY-TDG <\/strong>nem tartalmaz szil\u00e1rd anyagokat, \u00e9s minden DSG sebess\u00e9gv\u00e1lt\u00f3olajban haszn\u00e1lhat\u00f3.<\/div>\n<h2>A technikai probl\u00e9m\u00e1k cs\u00f6kkennek vagy megsz\u0171nnek<\/h2>\n<ul>\n<li>Optimaliz\u00e1lja a DSG sebess\u00e9gv\u00e1lt\u00f3k v\u00e1lt\u00e1si folyamatait<\/li>\n<li>Minimaliz\u00e1lja a meghib\u00e1sod\u00e1sokat<\/li>\n<li>Cs\u00f6kkenti a kop\u00e1st a f\u00e9m-f\u00e9m \u00e9rintkez\u00e9si pontokon: cs\u00fasz\u00f3fel\u00fcletek vagy kapcsol\u00f3elemek.<\/li>\n<li>Nagy tiszt\u00edt\u00f3 hat\u00e1s<\/li>\n<li>J\u00f3 t\u00f6m\u00edt\u00e9si kompatibilit\u00e1s<\/li>\n<li>Cs\u00f6kkenti a h\u0151terhel\u00e9st<\/li>\n<\/ul>\n<h2>Adagol\u00e1s<\/h2>\n<div>10 % a DSG sebess\u00e9gv\u00e1lt\u00f3 olajmennyis\u00e9g\u00e9nek a <strong>MATHY-TDG <\/strong>cser\u00e9lje ki.<\/div>\n<h2>Alkalmaz\u00e1s<\/h2>\n<div>Ha a fut\u00e1steljes\u00edtm\u00e9ny meghaladja a 60 000 km-t, javasoljuk a tiszt\u00edt\u00e1si f\u00e1zist, amelyet olajcsere k\u00f6vet. Ebb\u0151l a c\u00e9lb\u00f3l a 10% a r\u00e9gi <strong>DSG<\/strong>-az olajat lecsapolj\u00e1k \u00e9s kicser\u00e9lik <strong>MATHY-TDG <\/strong>kicser\u00e9lt\u00e9k. Ezut\u00e1n vezesse a j\u00e1rm\u0171vet 1000 km-t (nem id\u0151h\u00f6z k\u00f6t\u00f6tt). A tiszt\u00edt\u00e1si f\u00e1zis ut\u00e1n v\u00e9gezze el a teljes olajcser\u00e9t \u00e9s t\u00f6ltse fel friss olajjal<strong> DSG<\/strong>T\u00f6ltse fel a sebess\u00e9gv\u00e1lt\u00f3 olajat 10% MATHY-TDG-vel.<\/div>\n<h2>Figyelem<\/h2>\n<ul>\n<li>H317: Allergi\u00e1s b\u0151rreakci\u00f3t okozhat.<\/li>\n<\/ul>","protected":false},"excerpt":{"rendered":"<p>K\u00f6zvetlen v\u00e1lt\u00f3m\u0171olaj-adal\u00e9k<\/p>","protected":false},"featured_media":22985,"template":"","meta":[],"product_brand":[125],"product_cat":[126],"product_tag":[],"class_list":{"0":"post-1142","1":"product","2":"type-product","3":"status-publish","4":"has-post-thumbnail","6":"product_brand-mvg-mathe-schmierstofftechnik-gmbh","7":"product_cat-getriebe","8":"description-off","10":"first","11":"instock","12":"taxable","13":"shipping-taxable","14":"purchasable","15":"product-type-variable"},"_links":{"self":[{"href":"https:\/\/mathy-austria.com\/hu\/wp-json\/wp\/v2\/product\/1142","targetHints":{"allow":["GET"]}}],"collection":[{"href":"https:\/\/mathy-austria.com\/hu\/wp-json\/wp\/v2\/product"}],"about":[{"href":"https:\/\/mathy-austria.com\/hu\/wp-json\/wp\/v2\/types\/product"}],"wp:featuredmedia":[{"embeddable":true,"href":"https:\/\/mathy-austria.com\/hu\/wp-json\/wp\/v2\/media\/22985"}],"wp:attachment":[{"href":"https:\/\/mathy-austria.com\/hu\/wp-json\/wp\/v2\/media?parent=1142"}],"wp:term":[{"taxonomy":"product_brand","embeddable":true,"href":"https:\/\/mathy-austria.com\/hu\/wp-json\/wp\/v2\/product_brand?post=1142"},{"taxonomy":"product_cat","embeddable":true,"href":"https:\/\/mathy-austria.com\/hu\/wp-json\/wp\/v2\/product_cat?post=1142"},{"taxonomy":"product_tag","embeddable":true,"href":"https:\/\/mathy-austria.com\/hu\/wp-json\/wp\/v2\/product_tag?post=1142"}],"curies":[{"name":"wp","href":"https:\/\/api.w.org\/{rel}","templated":true}]}}