{"id":1128,"date":"2016-06-11T07:55:21","date_gmt":"2016-06-11T05:55:21","guid":{"rendered":"https:\/\/mathy-austria.com\/?post_type=product&#038;p=1128"},"modified":"2024-07-15T07:11:35","modified_gmt":"2024-07-15T06:11:35","slug":"mathy-agr-300ml","status":"publish","type":"product","link":"https:\/\/mathy-austria.com\/hu\/termek\/mathy-agr-300ml\/","title":{"rendered":"MATHY-AGR"},"content":{"rendered":"<div><strong>MATHY-AGR<\/strong> egy rendk\u00edv\u00fcl hat\u00e9kony kipufog\u00f3g\u00e1z-visszavezet\u0151 szelep tiszt\u00edt\u00f3szer (<strong>EGR-szelep<\/strong>) a d\u00edzel\u00fczem\u0171 j\u00e1rm\u0171vek eset\u00e9ben. Rendszeres haszn\u00e1lat\u00e1val <strong>MATHY-AGR<\/strong> A kipufog\u00f3g\u00e1z-visszavezet\u0151 rendszerben a d\u00edzel\u00fczemanyagon kereszt\u00fcl cs\u00f6kken a sz\u00e9ntartalm\u00fa maradv\u00e1nyok felhalmoz\u00f3d\u00e1sa, \u00edgy minim\u00e1lisra cs\u00f6kken a jav\u00edt\u00e1si ig\u00e9ny. A szennyez\u0151d\u00e9sek k\u00e9miailag lebomlanak a kipufog\u00f3g\u00e1z-\u00e1raml\u00e1son kereszt\u00fcl. A szennyezett motor \u00e1ltal okozott \u00fczemzavarok <strong>EGR-szelep<\/strong> \u00edgy hossz\u00fa t\u00e1von elker\u00fclhet\u0151.<\/div>\n<h2>A technikai probl\u00e9m\u00e1k kik\u00fcsz\u00f6b\u00f6l\u00e9se vagy orvosl\u00e1sa:<\/h2>\n<ul>\n<li>Nagy k\u00e9miai hat\u00e9konys\u00e1g a kipufog\u00f3g\u00e1z-\u00e1raml\u00e1son kereszt\u00fcl<\/li>\n<li>Megakad\u00e1lyozza a sz\u00e9ntartalm\u00fa maradv\u00e1nyok felhalmoz\u00f3d\u00e1s\u00e1t a kipufog\u00f3g\u00e1z-visszavezet\u0151 rendszerben.<\/li>\n<li>Fenntartja a funkcionalit\u00e1st a <strong>EGR-szelep<\/strong> f\u00fcgg\u0151legesen<\/li>\n<li>A sebess\u00e9gingadoz\u00e1sok cs\u00f6kkennek<\/li>\n<li>Az \u00e9rz\u00e9kenys\u00e9g a <strong>EGR-szelep<\/strong> minimaliz\u00e1l\u00f3dik<\/li>\n<li>Egyszer\u0171 alkalmaz\u00e1s a tart\u00e1lyon kereszt\u00fcl<\/li>\n<li>Megakad\u00e1lyozza az energiavesztes\u00e9get<\/li>\n<li>Marad\u00e9kmentes \u00e9g\u00e9s<\/li>\n<li>50.000 km fut\u00e1steljes\u00edtm\u00e9nyt\u0151l kezdve javasoljuk, hogy a tiszt\u00edt\u00e1si f\u00e1zis 5 tankt\u00f6lt\u00e9sen kereszt\u00fcl 3 x 300 ml-rel t\u00f6rt\u00e9njen. <strong>MATHY-AGR<\/strong>.<\/li>\n<\/ul>\n<h2>Alkalmaz\u00e1s:<\/h2>\n<div>Egyszer\u0171en csak adja a kanna teljes tartalm\u00e1t (300 ml) a majdnem \u00fcres tankba tankol\u00e1s el\u0151tt, \u00e9s t\u00f6ltse fel 50 liter g\u00e1zolajjal.<br \/>\nMegjegyz\u00e9s: A tart\u00e1lyban l\u00e9v\u0151 \u00fczemanyagmennyis\u00e9get be kell \u00e1ll\u00edtani, miel\u0151tt hozz\u00e1adn\u00e1nk az \u00fczemanyagot. <strong>MATHY-AGR<\/strong> legal\u00e1bb 10 literesnek kell lennie. (tartal\u00e9k t\u00e9rfogat)<br \/>\nNy\u00e1ri \u00e9s t\u00e9li d\u00edzelmotorokban egyar\u00e1nt haszn\u00e1lhat\u00f3; alkalmas a modern common-rail (CDI) \u00e9s szivatty\u00fas befecskendez\u00e9ses (TDI) motorokhoz.<br \/>\nA gyakori r\u00f6vid (20 km-n\u00e9l r\u00f6videbb) utak eset\u00e9ben 7500 km-enk\u00e9nt, a \"gyakori vezet\u0151k\" eset\u00e9ben pedig legal\u00e1bb 15 000 km-enk\u00e9nt kell alkalmazni.<\/div>\n<h2>Fontos megjegyz\u00e9s:<\/h2>\n<div>A m\u00e1r teljesen elkokszosodott kipufog\u00f3g\u00e1z-visszavezet\u0151 szelepek (<strong>AGR<\/strong>) haszn\u00e1lhat\u00f3 a<strong> MATHY-AGR<\/strong> m\u00e1r nem lehet megtiszt\u00edtani. Ha a motorellen\u0151rz\u0151 l\u00e1mpa m\u00e1r r\u00e9szben vagy \u00e1lland\u00f3an vil\u00e1g\u00edt (s\u00e1rga), a MATHY-AGR itt sem tud seg\u00edteni. Ezekben az esetekben az EGR-szelepet ki kell szerelni vagy k\u00e9zzel kell tiszt\u00edtani. Javasoljuk <strong>MATHY-AGR<\/strong> megel\u0151z\u0151 int\u00e9zked\u00e9sk\u00e9nt!<\/div>\n<h2>Vesz\u00e9ly<\/h2>\n<ul>\n<li>H304: Lenyelve \u00e9s a l\u00e9gutakba jutva hal\u00e1los lehet.<\/li>\n<li>H412: A v\u00edzi \u00e9l\u0151vil\u00e1gra k\u00e1ros, hosszan tart\u00f3 hat\u00e1s\u00fa.<\/li>\n<li>EUH066: Ism\u00e9telt expoz\u00edci\u00f3 b\u0151rsz\u00e1razs\u00e1got vagy repedez\u00e9st okozhat.<\/li>\n<\/ul>","protected":false},"excerpt":{"rendered":"<p>Rendszertiszt\u00edt\u00f3 a kipufog\u00f3g\u00e1z-visszavezet\u0151 rendszerekhez (EGR)<\/p>","protected":false},"featured_media":1129,"template":"","meta":[],"product_brand":[125],"product_cat":[127],"product_tag":[],"class_list":{"0":"post-1128","1":"product","2":"type-product","3":"status-publish","4":"has-post-thumbnail","6":"product_brand-mvg-mathe-schmierstofftechnik-gmbh","7":"product_cat-kraftstoffsystem","8":"description-off","10":"first","11":"instock","12":"taxable","13":"shipping-taxable","14":"purchasable","15":"product-type-variable"},"_links":{"self":[{"href":"https:\/\/mathy-austria.com\/hu\/wp-json\/wp\/v2\/product\/1128","targetHints":{"allow":["GET"]}}],"collection":[{"href":"https:\/\/mathy-austria.com\/hu\/wp-json\/wp\/v2\/product"}],"about":[{"href":"https:\/\/mathy-austria.com\/hu\/wp-json\/wp\/v2\/types\/product"}],"wp:featuredmedia":[{"embeddable":true,"href":"https:\/\/mathy-austria.com\/hu\/wp-json\/wp\/v2\/media\/1129"}],"wp:attachment":[{"href":"https:\/\/mathy-austria.com\/hu\/wp-json\/wp\/v2\/media?parent=1128"}],"wp:term":[{"taxonomy":"product_brand","embeddable":true,"href":"https:\/\/mathy-austria.com\/hu\/wp-json\/wp\/v2\/product_brand?post=1128"},{"taxonomy":"product_cat","embeddable":true,"href":"https:\/\/mathy-austria.com\/hu\/wp-json\/wp\/v2\/product_cat?post=1128"},{"taxonomy":"product_tag","embeddable":true,"href":"https:\/\/mathy-austria.com\/hu\/wp-json\/wp\/v2\/product_tag?post=1128"}],"curies":[{"name":"wp","href":"https:\/\/api.w.org\/{rel}","templated":true}]}}