{"id":1124,"date":"2016-01-07T12:18:52","date_gmt":"2016-01-07T10:18:52","guid":{"rendered":"https:\/\/mathy-austria.com\/?post_type=product&#038;p=1124"},"modified":"2024-07-15T07:11:35","modified_gmt":"2024-07-15T06:11:35","slug":"sae-5w-30-performance-vx3","status":"publish","type":"product","link":"https:\/\/mathy-austria.com\/hu\/termek\/sae-5w-30-performance-vx3\/","title":{"rendered":"SAE 5W-30 Performance VX3"},"content":{"rendered":"<p>Szintetikus <strong>Motorolaj 5W-30 Performance VX3<\/strong> egy alacsony hamutartalm\u00fa, alacsony s\u00farl\u00f3d\u00e1s\u00fa olaj, amelyet kifejezetten a kipufog\u00f3g\u00e1z-ut\u00e1nkezel\u0151 rendszerrel ell\u00e1tott modern d\u00edzel- \u00e9s g\u00e1zmotorokban val\u00f3 haszn\u00e1latra fejlesztettek ki.<strong> 5W-30 Performance VX3<\/strong> nagyon alacsony foszfor- \u00e9s k\u00e9ntartalommal rendelkezik.<br \/>\nT\u00f6k\u00e9letes alapolaj a k\u00f6vetkez\u0151kh\u00f6z <strong>MATHY-M, MATHY-VS<\/strong> vagy DropStop.<\/p>\n<p>&nbsp;<\/p>\n<h2>Specifik\u00e1ci\u00f3k\/enged\u00e9lyek*<strong><br \/>\n<\/strong><\/h2>\n<ul>\n<li>ACEA CE-10<\/li>\n<li>API SN\/CF<\/li>\n<li>Mercedes Benz MB 229.51<\/li>\n<li>General Motors GM Dexos 2<\/li>\n<li>BMW LL 04<\/li>\n<li>Volkswagen VW 502 00\/505 00\/505 00\/505 01<\/li>\n<\/ul>\n<p><strong>*Az enged\u00e9lyek m\u00e1s fajtajel\u00f6l\u00e9s alatt \u00e1llnak rendelkez\u00e9sre.<br \/>\n<\/strong><\/p>\n<p>&nbsp;<\/p>\n<h2>Figyelem<strong><br \/>\n<\/strong><\/h2>\n<ul>\n<li>H412: A v\u00edzi \u00e9l\u0151vil\u00e1gra k\u00e1ros, hosszan tart\u00f3 hat\u00e1s\u00fa.<\/li>\n<\/ul>","protected":false},"excerpt":{"rendered":"<p>Szintetikus HC motorolaj<br \/>\nkipufog\u00f3g\u00e1z-ut\u00e1nkezel\u0151 rendszerrel ell\u00e1tott modern d\u00edzel- \u00e9s g\u00e1zmotorokhoz 1,0 literes motorokhoz<\/p>","protected":false},"featured_media":3243,"template":"","meta":[],"product_brand":[125],"product_cat":[124,168],"product_tag":[],"class_list":{"0":"post-1124","1":"product","2":"type-product","3":"status-publish","4":"has-post-thumbnail","6":"product_brand-mvg-mathe-schmierstofftechnik-gmbh","7":"product_cat-motor","8":"product_cat-motorenoel","9":"description-off","11":"first","12":"instock","13":"taxable","14":"shipping-taxable","15":"purchasable","16":"product-type-variable"},"_links":{"self":[{"href":"https:\/\/mathy-austria.com\/hu\/wp-json\/wp\/v2\/product\/1124","targetHints":{"allow":["GET"]}}],"collection":[{"href":"https:\/\/mathy-austria.com\/hu\/wp-json\/wp\/v2\/product"}],"about":[{"href":"https:\/\/mathy-austria.com\/hu\/wp-json\/wp\/v2\/types\/product"}],"wp:featuredmedia":[{"embeddable":true,"href":"https:\/\/mathy-austria.com\/hu\/wp-json\/wp\/v2\/media\/3243"}],"wp:attachment":[{"href":"https:\/\/mathy-austria.com\/hu\/wp-json\/wp\/v2\/media?parent=1124"}],"wp:term":[{"taxonomy":"product_brand","embeddable":true,"href":"https:\/\/mathy-austria.com\/hu\/wp-json\/wp\/v2\/product_brand?post=1124"},{"taxonomy":"product_cat","embeddable":true,"href":"https:\/\/mathy-austria.com\/hu\/wp-json\/wp\/v2\/product_cat?post=1124"},{"taxonomy":"product_tag","embeddable":true,"href":"https:\/\/mathy-austria.com\/hu\/wp-json\/wp\/v2\/product_tag?post=1124"}],"curies":[{"name":"wp","href":"https:\/\/api.w.org\/{rel}","templated":true}]}}