{"id":1119,"date":"2015-09-14T09:00:22","date_gmt":"2015-09-14T07:00:22","guid":{"rendered":"https:\/\/mathy-austria.com\/?post_type=product&#038;p=1119"},"modified":"2024-07-15T07:11:36","modified_gmt":"2024-07-15T06:11:36","slug":"sae-15w-40-performance-vx2-2","status":"publish","type":"product","link":"https:\/\/mathy-austria.com\/hu\/termek\/sae-15w-40-performance-vx2-2\/","title":{"rendered":"SAE 15W-40 Performance VX2"},"content":{"rendered":"<p><strong>SAE 15W-40<\/strong> egy univerz\u00e1lis motorolaj, amely kataliz\u00e1tor- \u00e9s turb\u00f3tesztelt. A gy\u00e1rt\u00f3 el\u0151\u00edr\u00e1sainak megfelel\u0151en haszong\u00e9pj\u00e1rm\u0171vek \u00e9s szem\u00e9lyg\u00e9pkocsik valamennyi d\u00edzel- \u00e9s benzinmotorj\u00e1ban haszn\u00e1lhat\u00f3. Tipikus alkalmaz\u00e1si ter\u00fcletei a k\u00f6vetkez\u0151k Haszonj\u00e1rm\u0171vek a helyi \u00e9s t\u00e1vols\u00e1gi k\u00f6zleked\u00e9sben, aut\u00f3buszok a t\u00fara- \u00e9s v\u00e1rosi k\u00f6zleked\u00e9sben, valamint mindenf\u00e9le \u00e9p\u00edt\u0151ipari g\u00e9p.<\/p>\n<p><strong>SAE 15W-40<\/strong> megfelel az egyes j\u00e1rm\u0171v\u00e1lt\u00f3kban val\u00f3 haszn\u00e1latra vonatkoz\u00f3 k\u00fcl\u00f6nleges k\u00f6vetelm\u00e9nyeknek is. A motor kialak\u00edt\u00e1s\u00e1t\u00f3l \u00e9s az \u00fczemeltet\u00e9si k\u00f6r\u00fclm\u00e9nyekt\u0151l f\u00fcgg\u0151en hossz\u00fa olajcsere-intervallumok \u00e9rhet\u0151k el. A motorgy\u00e1rt\u00f3 el\u0151\u00edr\u00e1sait be kell tartani.<\/p>\n<p>A magasan finom\u00edtott alapolajoknak k\u00f6sz\u00f6nhet\u0151en a <strong>SAE 15W-40<\/strong> Univerz\u00e1lisan \u00e9s eg\u00e9sz \u00e9vben haszn\u00e1lhat\u00f3 j\u00e1rm\u0171- \u00e9s eszk\u00f6zparkokban, ak\u00e1r szem\u00e9lyg\u00e9pkocsikn\u00e1l is, a gy\u00e1rt\u00f3 utas\u00edt\u00e1sainak megfelel\u0151en. A viszkozit\u00e1si tartom\u00e1ny <strong>SAE 15W-40<\/strong> kedvez\u0151 hideg\u00e1raml\u00e1si viselked\u00e9s\u00e9nek k\u00f6sz\u00f6nhet\u0151en -15\u00b0C-ig garant\u00e1lja a k\u00f6nny\u0171 ind\u00edt\u00e1st.<\/p>\n<p>A hozz\u00e1ad\u00e1s a <strong>MATHY-M motorolaj-adal\u00e9kanyag<\/strong> haszn\u00e1lhatja a <strong>SAE 15W-40 olaj<\/strong> a kop\u00e1scs\u00f6kkent\u0151 \u00e9s korr\u00f3zi\u00f3g\u00e1tl\u00f3 hat\u00e1s jav\u00edt\u00e1sa \u00e9rdek\u00e9ben.<\/p>\n<p>&nbsp;<\/p>\n<h2>Specifik\u00e1ci\u00f3k \/ j\u00f3v\u00e1hagy\u00e1sok*<\/h2>\n<ul>\n<li>ACEA E2, B4, A3<\/li>\n<li>API CG-4 \/SJ<\/li>\n<li>MB kiad\u00e1s 228.1, 229.1*<\/li>\n<li>MAN M 3275-1<\/li>\n<li>Volvo VDS*<\/li>\n<li>Caterpillar TO-2<\/li>\n<li>Allison C4<\/li>\n<\/ul>\n<p><strong>*Az enged\u00e9lyek m\u00e1s fajtajel\u00f6l\u00e9s alatt \u00e1llnak rendelkez\u00e9sre.<br \/>\n<\/strong><\/p>\n<p>&nbsp;<\/p>\n<h2><strong>Figyelem!<br \/>\n<\/strong><\/h2>\n<ul>\n<li>H319: S\u00falyos szemirrit\u00e1ci\u00f3t okoz.<\/li>\n<li>H412: A v\u00edzi \u00e9l\u0151vil\u00e1gra k\u00e1ros, hosszan tart\u00f3 hat\u00e1s\u00fa.<\/li>\n<\/ul>","protected":false},"excerpt":{"rendered":"<p>\u00c1sv\u00e1nyi motorolaj<br \/>\nSAE 15W-40 univerz\u00e1lis motorolaj, amely kataliz\u00e1tor \u00e9s turb\u00f3 tesztelt 1.0L<\/p>","protected":false},"featured_media":3268,"template":"","meta":[],"product_brand":[125],"product_cat":[124,168],"product_tag":[],"class_list":{"0":"post-1119","1":"product","2":"type-product","3":"status-publish","4":"has-post-thumbnail","6":"product_brand-mvg-mathe-schmierstofftechnik-gmbh","7":"product_cat-motor","8":"product_cat-motorenoel","9":"description-off","11":"first","12":"instock","13":"taxable","14":"shipping-taxable","15":"purchasable","16":"product-type-variable"},"_links":{"self":[{"href":"https:\/\/mathy-austria.com\/hu\/wp-json\/wp\/v2\/product\/1119","targetHints":{"allow":["GET"]}}],"collection":[{"href":"https:\/\/mathy-austria.com\/hu\/wp-json\/wp\/v2\/product"}],"about":[{"href":"https:\/\/mathy-austria.com\/hu\/wp-json\/wp\/v2\/types\/product"}],"wp:featuredmedia":[{"embeddable":true,"href":"https:\/\/mathy-austria.com\/hu\/wp-json\/wp\/v2\/media\/3268"}],"wp:attachment":[{"href":"https:\/\/mathy-austria.com\/hu\/wp-json\/wp\/v2\/media?parent=1119"}],"wp:term":[{"taxonomy":"product_brand","embeddable":true,"href":"https:\/\/mathy-austria.com\/hu\/wp-json\/wp\/v2\/product_brand?post=1119"},{"taxonomy":"product_cat","embeddable":true,"href":"https:\/\/mathy-austria.com\/hu\/wp-json\/wp\/v2\/product_cat?post=1119"},{"taxonomy":"product_tag","embeddable":true,"href":"https:\/\/mathy-austria.com\/hu\/wp-json\/wp\/v2\/product_tag?post=1119"}],"curies":[{"name":"wp","href":"https:\/\/api.w.org\/{rel}","templated":true}]}}