{"id":1117,"date":"2015-09-14T08:46:22","date_gmt":"2015-09-14T06:46:22","guid":{"rendered":"https:\/\/mathy-austria.com\/?post_type=product&#038;p=1117"},"modified":"2024-07-15T07:11:36","modified_gmt":"2024-07-15T06:11:36","slug":"sae-10w-40-performance-vx1-2","status":"publish","type":"product","link":"https:\/\/mathy-austria.com\/hu\/termek\/sae-10w-40-performance-vx1-2\/","title":{"rendered":"SAE 10W-40 Performance VX1"},"content":{"rendered":"<p><strong>SAE 10W-40<\/strong> ist ein modernes Mehrbereichs-Motor\u00f6l f\u00fcr Benzin- und Dieselmotoren. Es wird zur ganzj\u00e4hrigen Verwendung in allen Viertakt-Motoren und besonders auch in thermisch hoch belasteten Turbomotoren (Otto und Diesel) von Personenwagen und leichten Nutzfahrzeugen empfohlen.<\/p>\n<p>Durch die ausgewogene Kombination einer HC-Grund\u00f6lkomponente mit speziell entwickelten Werkstoffen ist <strong>SAE 10W-40<\/strong> ein Schmierstoff, der den heutigen motorischen Anforderungen gerecht wird.<\/p>\n<p>Das mit HC-Synthesetechnologie veredelte Grund\u00f6l bewirkt gutes Viskosit\u00e4ts-Temperatur-Verhalten bei geringer Verdampfungsneigung.<\/p>\n<p>A hozz\u00e1ad\u00e1s a <strong>MATHY-M Motor\u00f6l-Additiv<\/strong> haszn\u00e1lhatja a <strong>SAE 10W-40-\u00d6l<\/strong> a kop\u00e1scs\u00f6kkent\u0151 \u00e9s korr\u00f3zi\u00f3g\u00e1tl\u00f3 hat\u00e1s jav\u00edt\u00e1sa \u00e9rdek\u00e9ben.<\/p>\n<p>&nbsp;<\/p>\n<h2>Produkteigenschaften:<\/h2>\n<ul>\n<li>Leichter Kaltstart bis \u201325\u00b0 C durch sehr gutes K\u00e4lteflie\u00dfverhalten<\/li>\n<li>Schnelle Durch\u00f6lung des Motors nach dem Start<\/li>\n<li>Tiszta, korr\u00f3zi\u00f3v\u00e9dett motoralkatr\u00e9szek<\/li>\n<li>Verhindert die gef\u00e4hrliche Schwarzschlammbildung<\/li>\n<\/ul>\n<h2><\/h2>\n<h2>Specifik\u00e1ci\u00f3k \/ j\u00f3v\u00e1hagy\u00e1sok*<\/h2>\n<ul>\n<li>ACEA A3, B4<\/li>\n<li>API SL\/ CF<\/li>\n<li>VW gem\u00e4\u00df Werksnorm 501.01;505 00*<\/li>\n<li>MB-Freigabe 229.1*<\/li>\n<\/ul>\n<p><strong>*Az enged\u00e9lyek m\u00e1s fajtajel\u00f6l\u00e9s alatt \u00e1llnak rendelkez\u00e9sre.<\/strong><\/p>\n<p>&nbsp;<\/p>\n<h2>Figyelem!<\/h2>\n<ul>\n<li>H319: S\u00falyos szemirrit\u00e1ci\u00f3t okoz.<\/li>\n<li>EUH208: Hossz\u00fa l\u00e1nc\u00fa alkil-amint tartalmaz. Allergi\u00e1s reakci\u00f3kat okozhat.<\/li>\n<\/ul>","protected":false},"excerpt":{"rendered":"<p>F\u00e9lszintetikus motorolaj<br \/>\nSAE 10W-40 egy modern, t\u00f6bbfokozat\u00fa motorolaj benzin- \u00e9s d\u00edzelmotorokhoz 1.0l<\/p>","protected":false},"featured_media":3252,"template":"","meta":[],"product_brand":[125],"product_cat":[124,168],"product_tag":[],"class_list":{"0":"post-1117","1":"product","2":"type-product","3":"status-publish","4":"has-post-thumbnail","6":"product_brand-mvg-mathe-schmierstofftechnik-gmbh","7":"product_cat-motor","8":"product_cat-motorenoel","9":"description-off","11":"first","12":"instock","13":"taxable","14":"shipping-taxable","15":"purchasable","16":"product-type-variable"},"_links":{"self":[{"href":"https:\/\/mathy-austria.com\/hu\/wp-json\/wp\/v2\/product\/1117","targetHints":{"allow":["GET"]}}],"collection":[{"href":"https:\/\/mathy-austria.com\/hu\/wp-json\/wp\/v2\/product"}],"about":[{"href":"https:\/\/mathy-austria.com\/hu\/wp-json\/wp\/v2\/types\/product"}],"wp:featuredmedia":[{"embeddable":true,"href":"https:\/\/mathy-austria.com\/hu\/wp-json\/wp\/v2\/media\/3252"}],"wp:attachment":[{"href":"https:\/\/mathy-austria.com\/hu\/wp-json\/wp\/v2\/media?parent=1117"}],"wp:term":[{"taxonomy":"product_brand","embeddable":true,"href":"https:\/\/mathy-austria.com\/hu\/wp-json\/wp\/v2\/product_brand?post=1117"},{"taxonomy":"product_cat","embeddable":true,"href":"https:\/\/mathy-austria.com\/hu\/wp-json\/wp\/v2\/product_cat?post=1117"},{"taxonomy":"product_tag","embeddable":true,"href":"https:\/\/mathy-austria.com\/hu\/wp-json\/wp\/v2\/product_tag?post=1117"}],"curies":[{"name":"wp","href":"https:\/\/api.w.org\/{rel}","templated":true}]}}