{"id":1075,"date":"2014-06-19T16:28:08","date_gmt":"2014-06-19T14:28:08","guid":{"rendered":"https:\/\/mathy-austria.com\/?post_type=product&#038;p=1075"},"modified":"2024-07-15T07:11:36","modified_gmt":"2024-07-15T06:11:36","slug":"mathy-dpf","status":"publish","type":"product","link":"https:\/\/mathy-austria.com\/hu\/termek\/mathy-dpf\/","title":{"rendered":"MATHY-DPF"},"content":{"rendered":"<p>A tiszt\u00edt\u00e1shoz aj\u00e1nljuk a<strong> MATHY DPF k\u00fara<\/strong> haszn\u00e1lni!<\/p>\n<p>&nbsp;<\/p>\n<p>A <strong>MATHY DPF-KUR<\/strong>:<\/p>\n<p>A dr\u00e1ga d\u00edzel r\u00e9szecskesz\u0171r\u0151 cser\u00e9j\u00e9re\/cser\u00e9j\u00e9re nincs sz\u00fcks\u00e9g! Ne hagyja, hogy a szerviz azt mondja \u00d6nnek: \"A d\u00edzel r\u00e9szecskesz\u0171r\u0151 megtelt, \u00fajat kell vennie\". Egy \u00faj d\u00edzel r\u00e9szecskesz\u0171r\u0151 (<strong>DPF<\/strong>) \u00e1tlagosan 1400 eur\u00f3t kell befektetnie a telep\u00edt\u00e9ssel egy\u00fctt.<\/p>\n<p>D\u00edzel r\u00e9szecskesz\u0171r\u0151 (<strong>DPF<\/strong>) csak korl\u00e1tozottan k\u00e9pes t\u00e1rolni a koromr\u00e9szecsk\u00e9ket. Egy bizonyos korommennyis\u00e9g felett ezeket egy regener\u00e1l\u00f3d\u00e1si folyamat sor\u00e1n CO2-v\u00e9 \u00e9s hamuv\u00e1 kell \u00e9getni.<\/p>\n<p>Lehet a korom a <strong>DPF<\/strong> nem bomlanak le, ez automatikusan hamu k\u00e9pz\u0151d\u00e9s\u00e9t eredm\u00e9nyezi.<\/p>\n<p>A hamu be\u00e1ll\u00edtja a r\u00e9szecskesz\u0171r\u0151t (<strong>DPF<\/strong>) \u201ezu\u201c, und dieser kann nicht mehr arbeiten und ein teurer Ersatz bzw. Austausch des Partikelfilters (<strong>DPF<\/strong>) hamarosan a m\u0171helyben lesz.<\/p>\n<p>A d\u00edzel r\u00e9szecskesz\u0171r\u0151 \u00e9lettartama (<strong>DPF<\/strong>) jelent\u0151sen.<\/p>\n<p>R\u00f6vidt\u00e1v\u00fa \u00fczemben a d\u00edzel r\u00e9szecskesz\u0171r\u0151 (<strong>DPF<\/strong>) nem \u00e9rik el a regener\u00e1l\u00e1shoz sz\u00fcks\u00e9ges \u00fczemi h\u0151m\u00e9rs\u00e9kletet.<\/p>\n<p>Ez pontosan az a hely, ahol <strong>MATHY-DPF<\/strong> mivel a d\u00edzel r\u00e9szecskesz\u0171r\u0151ben l\u00e9v\u0151 korom ki\u00e9g\u00e9s\u00e9hez sz\u00fcks\u00e9ges ki\u00e9g\u00e9si h\u0151m\u00e9rs\u00e9klet (<strong>DPF<\/strong>) cs\u00f6kken, hogy a regener\u00e1l\u00e1si folyamat a d\u00edzel r\u00e9szecskesz\u0171r\u0151 alacsonyabb \u00fczemi h\u0151m\u00e9rs\u00e9klet\u00e9n is folytat\u00f3dhasson (<strong>DPF<\/strong>) t\u00f6rt\u00e9nhet.<\/p>\n<p>A r\u00e9szecskesz\u0171r\u0151 \u00e9lettartama (<strong>DPF<\/strong>) kiterjeszt\u00e9sre ker\u00fcl.<\/p>\n<p>Ha az \u00d6n j\u00e1rm\u0171ve az al\u00e1bbi jellemz\u0151kkel rendelkezik, akkor \u00e1ltal\u00e1ban m\u00e1r t\u00fal k\u00e9s\u0151 megel\u0151zni a dr\u00e1ga d\u00edzel r\u00e9szecskesz\u0171r\u0151 cser\u00e9j\u00e9t:<\/p>\n<ul>\n<li>A m\u0171szerfalon a motorjelz\u0151 l\u00e1mpa m\u00e1r vil\u00e1g\u00edt.<\/li>\n<li>A j\u00e1rm\u0171 m\u00e1r nem rendelkezik energi\u00e1val<\/li>\n<li>A s\u00fcrg\u0151ss\u00e9gi m\u0171velet m\u00e1r megkezd\u0151d\u00f6tt<\/li>\n<li>A j\u00e1rm\u0171 \u00fczemanyag-fogyaszt\u00e1sa magas<\/li>\n<\/ul>\n<p>A  c\u00edmen <strong>MATHY-DPF<\/strong> el\u0151zze meg a dr\u00e1ga d\u00edzel r\u00e9szecskesz\u0171r\u0151 cser\u00e9t \u00e9s az ezzel j\u00e1r\u00f3 j\u00e1rm\u0171 meghib\u00e1sod\u00e1st!<\/p>\n<p>Az 50 000 km-n\u00e9l kevesebb kilom\u00e9tert futott j\u00e1rm\u0171vek eset\u00e9ben javasoljuk a k\u00f6vetkez\u0151k rendszeres alkalmaz\u00e1s\u00e1t <strong>MATHY-DPF<\/strong>.<\/p>\n<p>Gyakori, r\u00f6vid (20 km-n\u00e9l r\u00f6videbb) utak eset\u00e9n 5000 km-enk\u00e9nt, \"gyakori vezet\u0151k\" eset\u00e9n legal\u00e1bb 10 000 km-enk\u00e9nt kell alkalmazni (1 doboz 300 ml; 50 liter g\u00e1zolajhoz elegend\u0151).<\/p>\n<p>Az 50 000 km-n\u00e9l nagyobb fut\u00e1steljes\u00edtm\u00e9ny\u0171 j\u00e1rm\u0171vek eset\u00e9ben el\u0151sz\u00f6r a <strong>MATHY-DPF gy\u00f3gym\u00f3d www.mathy.de\/dpf<\/strong> majd 5000 km-enk\u00e9nt a gyakori r\u00f6vid (20 km-n\u00e9l r\u00f6videbb) utak eset\u00e9ben; a \"gyakori vezet\u0151k\" eset\u00e9ben legk\u00e9s\u0151bb 10 000 km-enk\u00e9nt.<\/p>\n<p>&nbsp;<\/p>\n<h2>A technikai probl\u00e9m\u00e1k cs\u00f6kkennek vagy megsz\u0171nnek:<\/h2>\n<ul>\n<li>Megakad\u00e1lyozza az elt\u00f6m\u0151d\u00f6tt \u00e1ramell\u00e1t\u00e1s elveszt\u00e9s\u00e9t. <strong>DPF<\/strong><\/li>\n<li>Megakad\u00e1lyozza az elt\u00f6m\u0151d\u00f6tt \u00fczemanyag-fogyaszt\u00e1s megn\u00f6veked\u00e9s\u00e9t. <strong>DPF<\/strong><\/li>\n<li>Megakad\u00e1lyozza a cser\u00e9t \/ cser\u00e9t a <strong>DPF<\/strong> a  el\u0151tt<\/li>\n<li>minden r\u00e9szecskesz\u0171r\u0151vel ell\u00e1tott d\u00edzelmotorhoz<\/li>\n<li>K\u00fcl\u00f6n\u00f6sen aj\u00e1nlott a f\u0151k\u00e9nt v\u00e1rosi forgalomban (stop and go) haszn\u00e1lt j\u00e1rm\u0171vek sz\u00e1m\u00e1ra.<\/li>\n<li>Nagy hat\u00e9konys\u00e1g r\u00e9gebbi j\u00e1rm\u0171vek vagy r\u00e9gebbi r\u00e9szecskesz\u0171r\u0151k eset\u00e9n<\/li>\n<li>Kompatibilis az AdBlue-val<\/li>\n<\/ul>\n<p>&nbsp;<\/p>\n<h2>Adagol\u00e1s:<\/h2>\n<p>A doboz tartalma <strong>MATHY-DPF (300 ml)<\/strong> 50 liter g\u00e1zolajhoz elegend\u0151.<\/p>\n<p>&nbsp;<\/p>\n<h2>Alkalmaz\u00e1s:<\/h2>\n<p>Egyszer\u0171en csak adja a kanna teljes tartalm\u00e1t (300 ml) a majdnem \u00fcres tankba tankol\u00e1s el\u0151tt, \u00e9s t\u00f6ltse fel 50 liter g\u00e1zolajjal.<\/p>\n<p>Ny\u00e1ri \u00e9s t\u00e9li d\u00edzelmotorokban egyar\u00e1nt haszn\u00e1lhat\u00f3; alkalmas a modern common-rail (CDI) \u00e9s szivatty\u00fas befecskendez\u00e9ses (TDI) motorokhoz.<\/p>\n<p>A gyakori r\u00f6vid (20 km-n\u00e9l r\u00f6videbb) utak eset\u00e9ben 5000 km-enk\u00e9nt, a \"gyakori vezet\u0151k\" eset\u00e9ben pedig legal\u00e1bb 10 000 km-enk\u00e9nt kell alkalmazni.<\/p>\n<p>T\u00f6bb mint 50 000 km-es fut\u00e1steljes\u00edtm\u00e9ny eset\u00e9n az els\u0151 l\u00e9p\u00e9s az, hogy elv\u00e9gezz\u00fck a <strong>MATHY-DPF k\u00fara<\/strong> a  oldalon kereszt\u00fcl <strong>www.mathy.de\/dpf.<\/strong><\/p>\n<p>A m\u00e1sodik l\u00e9p\u00e9sben a gyakori r\u00f6vid utaz\u00e1sokhoz a k\u00f6vetkez\u0151ket haszn\u00e1lja <strong>MATHY-DPF<\/strong> 5000 km-enk\u00e9nt; gyakori vezet\u0151k eset\u00e9ben legal\u00e1bb 10 000 km-enk\u00e9nt.<\/p>\n<p>&nbsp;<\/p>\n<h2>Fontos megjegyz\u00e9s:<\/h2>\n<p>D\u00edzel r\u00e9szecskesz\u0171r\u0151 (<strong>DPF<\/strong>), amelyek m\u00e1r teljesen megteltek hamuval, a motorellen\u0151rz\u0151 l\u00e1mpa (s\u00e1rga) r\u00e9szben vagy \u00e1lland\u00f3an vil\u00e1g\u00edt, a motor a v\u00e9szfut\u00e1si programban fut, ellen\u0151rizhet\u0151 a k\u00f6vetkez\u0151vel <strong>MATHY-DPF<\/strong> m\u00e1r nem lehet megtiszt\u00edtani.<\/p>\n<p>Ezekben az esetekben a d\u00edzel r\u00e9szecskesz\u0171r\u0151t szakszervizben kell kicser\u00e9lni vagy ki\u00e9getni. Javasoljuk <strong>MATHY-DPF<\/strong> megel\u0151z\u0151 int\u00e9zked\u00e9sk\u00e9nt!<\/p>\n<p>A tart\u00e1lyban l\u00e9v\u0151 \u00fczemanyagmennyis\u00e9gnek legal\u00e1bb 10 liternek kell lennie.<\/p>\n<p>&nbsp;<\/p>\n<h2>Vesz\u00e9ly:<\/h2>\n<ul>\n<li>H304: Lenyelve \u00e9s a l\u00e9gutakba jutva hal\u00e1los lehet.<\/li>\n<li>H412: A v\u00edzi \u00e9l\u0151vil\u00e1gra k\u00e1ros, hosszan tart\u00f3 hat\u00e1s\u00fa.<\/li>\n<li>EUH066: Ism\u00e9telt expoz\u00edci\u00f3 b\u0151rsz\u00e1razs\u00e1got vagy repedez\u00e9st okozhat.<\/li>\n<\/ul>","protected":false},"excerpt":{"rendered":"<p>D\u00edzel r\u00e9szecskesz\u0171r\u0151 tiszt\u00edt\u00f3<\/p>","protected":false},"featured_media":1076,"template":"","meta":[],"product_brand":[125],"product_cat":[127],"product_tag":[],"class_list":{"0":"post-1075","1":"product","2":"type-product","3":"status-publish","4":"has-post-thumbnail","6":"product_brand-mvg-mathe-schmierstofftechnik-gmbh","7":"product_cat-kraftstoffsystem","8":"description-off","10":"first","11":"instock","12":"taxable","13":"shipping-taxable","14":"purchasable","15":"product-type-variable"},"_links":{"self":[{"href":"https:\/\/mathy-austria.com\/hu\/wp-json\/wp\/v2\/product\/1075","targetHints":{"allow":["GET"]}}],"collection":[{"href":"https:\/\/mathy-austria.com\/hu\/wp-json\/wp\/v2\/product"}],"about":[{"href":"https:\/\/mathy-austria.com\/hu\/wp-json\/wp\/v2\/types\/product"}],"wp:featuredmedia":[{"embeddable":true,"href":"https:\/\/mathy-austria.com\/hu\/wp-json\/wp\/v2\/media\/1076"}],"wp:attachment":[{"href":"https:\/\/mathy-austria.com\/hu\/wp-json\/wp\/v2\/media?parent=1075"}],"wp:term":[{"taxonomy":"product_brand","embeddable":true,"href":"https:\/\/mathy-austria.com\/hu\/wp-json\/wp\/v2\/product_brand?post=1075"},{"taxonomy":"product_cat","embeddable":true,"href":"https:\/\/mathy-austria.com\/hu\/wp-json\/wp\/v2\/product_cat?post=1075"},{"taxonomy":"product_tag","embeddable":true,"href":"https:\/\/mathy-austria.com\/hu\/wp-json\/wp\/v2\/product_tag?post=1075"}],"curies":[{"name":"wp","href":"https:\/\/api.w.org\/{rel}","templated":true}]}}