{"id":624,"date":"2020-07-02T11:52:45","date_gmt":"2020-07-02T11:52:45","guid":{"rendered":"https:\/\/mathy-austria.com\/?page_id=624"},"modified":"2020-10-22T09:11:55","modified_gmt":"2020-10-22T07:11:55","slug":"pkw","status":"publish","type":"page","link":"https:\/\/mathy-austria.com\/hu\/anwendung\/pkw\/","title":{"rendered":"PASSZENZI\u00d3S AUT\u00d3"},"content":{"rendered":"<div data-elementor-type=\"wp-page\" data-elementor-id=\"624\" class=\"elementor elementor-624\" data-elementor-post-type=\"page\">\n\t\t\t\t\t\t<section class=\"elementor-section elementor-top-section elementor-element elementor-element-6164498 elementor-section-boxed elementor-section-height-default elementor-section-height-default\" data-id=\"6164498\" data-element_type=\"section\" data-e-type=\"section\">\n\t\t\t\t\t\t<div class=\"elementor-container elementor-column-gap-default\">\n\t\t\t\t\t<div class=\"elementor-column elementor-col-100 elementor-top-column elementor-element elementor-element-51ac624\" data-id=\"51ac624\" data-element_type=\"column\" data-e-type=\"column\">\n\t\t\t<div class=\"elementor-widget-wrap elementor-element-populated\">\n\t\t\t\t\t\t<div class=\"elementor-element elementor-element-7be1869 elementor-widget elementor-widget-text-editor\" data-id=\"7be1869\" data-element_type=\"widget\" data-e-type=\"widget\" data-widget_type=\"text-editor.default\">\n\t\t\t\t<div class=\"elementor-widget-container\">\n\t\t\t\t\t\t\t\t\t<h1>Hier wirkt MATHY im PKW\u200b<\/h1><p><strong>A MATHY szakemberek akci\u00f3ban!<\/strong><\/p><p><strong>A MATHY nagy teljes\u00edtm\u00e9ny\u0171 adal\u00e9kanyagok mozg\u00f3s\u00edtj\u00e1k az \u00e9rt\u00e9kes tartal\u00e9kokat \u00e9s megel\u0151zik a k\u00f6lts\u00e9ges jav\u00edt\u00e1sokat:<\/strong><\/p><p class=\"bodytext\">T\u00f6bb teljes\u00edtm\u00e9nyt tesznek lehet\u0151v\u00e9 alacsonyabb \u00fczemeltet\u00e9si k\u00f6lts\u00e9gek mellett. Ott dolgoznak, ahol sz\u00fcks\u00e9g van r\u00e1juk - kenik, tiszt\u00edtj\u00e1k \u00e9s karbantartj\u00e1k a hajt\u00e1sl\u00e1nc minden kulcsfontoss\u00e1g\u00fa egys\u00e9g\u00e9t: a befecskendez\u0151 rendszert\u0151l \u00e9s az \u00fczemanyagrendszert\u0151l a motoron \u00e9s a szelepeken \u00e1t a k\u00e9zi sebess\u00e9gv\u00e1lt\u00f3ig \u00e9s a differenci\u00e1lm\u0171ig.<\/p><p class=\"bodytext\">K\u00f6nny\u0171 bel\u00e1tni, amit a fenti grafikon mutat: egyszer\u0171en t\u00f6bb energi\u00e1t, amely egyenesen az \u00fatra megy - kevesebb k\u00f6lts\u00e9ggel.<\/p><p><strong>J\u00f3 tudni:<\/strong><\/p><p class=\"bodytext\">Alle MATHY-Additive sind f\u00fcr Dieselpartikelfilter und f\u00fcr \u00d6l-Feinfilter geeignet! Das Motor\u00f6l-Additiv MATHY-M und die Kraftstoff-Additive MATHY-BE, -D, -BD, und\u00a0-F sind zus\u00e4tzlich f\u00fcr alle Arten von Katalysatoren geeignet.<\/p>\t\t\t\t\t\t\t\t<\/div>\n\t\t\t\t<\/div>\n\t\t\t\t<div class=\"elementor-element elementor-element-b29f4d4 elementor-widget elementor-widget-text-editor\" data-id=\"b29f4d4\" data-element_type=\"widget\" data-e-type=\"widget\" data-widget_type=\"text-editor.default\">\n\t\t\t\t<div class=\"elementor-widget-container\">\n\t\t\t\t\t\t\t\t\t<div class=\"page-header\"><h2 class=\"vorteile\">Ezek az \u00d6n el\u0151nyei<\/h2><ul class=\"csc-bulletlist csc-bulletlist-0\"><li>Cs\u00f6kkenti a kop\u00e1st<\/li><li>Optimaliz\u00e1lja az \u00fczemanyag-fogyaszt\u00e1st<\/li><li>N\u00f6veli a megb\u00edzhat\u00f3s\u00e1got<\/li><li>Verbessert Schaltvorg\u00e4nge<\/li><li>Verl\u00e4ngert die Lebensdauer<\/li><\/ul><\/div>\t\t\t\t\t\t\t\t<\/div>\n\t\t\t\t<\/div>\n\t\t\t\t\t<\/div>\n\t\t<\/div>\n\t\t\t\t\t<\/div>\n\t\t<\/section>\n\t\t\t\t<section class=\"elementor-section elementor-top-section elementor-element elementor-element-6af36f4e elementor-section-boxed elementor-section-height-default elementor-section-height-default\" data-id=\"6af36f4e\" data-element_type=\"section\" data-e-type=\"section\">\n\t\t\t\t\t\t<div class=\"elementor-container elementor-column-gap-default\">\n\t\t\t\t\t<div class=\"elementor-column elementor-col-100 elementor-top-column elementor-element elementor-element-2ba8444b\" data-id=\"2ba8444b\" data-element_type=\"column\" data-e-type=\"column\">\n\t\t\t<div class=\"elementor-widget-wrap elementor-element-populated\">\n\t\t\t\t\t\t<div class=\"elementor-element elementor-element-287db3b5 elementor-widget elementor-widget-spacer\" data-id=\"287db3b5\" data-element_type=\"widget\" data-e-type=\"widget\" data-widget_type=\"spacer.default\">\n\t\t\t\t<div class=\"elementor-widget-container\">\n\t\t\t\t\t\t\t<div class=\"elementor-spacer\">\n\t\t\t<div class=\"elementor-spacer-inner\"><\/div>\n\t\t<\/div>\n\t\t\t\t\t\t<\/div>\n\t\t\t\t<\/div>\n\t\t\t\t<div class=\"elementor-element elementor-element-42a2db32 elementor-widget elementor-widget-heading\" data-id=\"42a2db32\" data-element_type=\"widget\" data-e-type=\"widget\" data-widget_type=\"heading.default\">\n\t\t\t\t<div class=\"elementor-widget-container\">\n\t\t\t\t\t<h2 class=\"elementor-heading-title elementor-size-default\">A leggyakrabban feltett k\u00e9rd\u00e9sek a g\u00e9pkocsikban t\u00f6rt\u00e9n\u0151 alkalmaz\u00e1ssal kapcsolatban<\/h2>\t\t\t\t<\/div>\n\t\t\t\t<\/div>\n\t\t\t\t<div class=\"elementor-element elementor-element-1bd7ac42 elementor-widget elementor-widget-accordion\" data-id=\"1bd7ac42\" data-element_type=\"widget\" data-e-type=\"widget\" data-widget_type=\"accordion.default\">\n\t\t\t\t<div class=\"elementor-widget-container\">\n\t\t\t\t\t\t\t<div class=\"elementor-accordion\">\n\t\t\t\t\t\t\t<div class=\"elementor-accordion-item\">\n\t\t\t\t\t<div id=\"elementor-tab-title-4671\" class=\"elementor-tab-title\" data-tab=\"1\" role=\"button\" aria-controls=\"elementor-tab-content-4671\" aria-expanded=\"false\">\n\t\t\t\t\t\t\t\t\t\t\t\t\t<span class=\"elementor-accordion-icon elementor-accordion-icon-left\" aria-hidden=\"true\">\n\t\t\t\t\t\t\t\t\t\t\t\t\t\t\t<span class=\"elementor-accordion-icon-closed\"><i class=\"fas fa-plus\"><\/i><\/span>\n\t\t\t\t\t\t\t\t<span class=\"elementor-accordion-icon-opened\"><i class=\"fas fa-minus\"><\/i><\/span>\n\t\t\t\t\t\t\t\t\t\t\t\t\t\t<\/span>\n\t\t\t\t\t\t\t\t\t\t\t\t<a class=\"elementor-accordion-title\" tabindex=\"0\">Was ist MATHY und wie wirkt es?<\/a>\n\t\t\t\t\t<\/div>\n\t\t\t\t\t<div id=\"elementor-tab-content-4671\" class=\"elementor-tab-content elementor-clearfix\" data-tab=\"1\" role=\"region\" aria-labelledby=\"elementor-tab-title-4671\">MATHY ist ein Additiv-Konzentrat, das die ohnehin in jedem technischen \u00d6l (und Kraftstoff) vorhandenen Additive erg\u00e4nzt. MATHY verbessert dadurch die Schmier- und Reinigungswirkung von handels\u00fcblichen \u00d6len und Kraftstoffen in Verbrennungsmotoren, Getrieben und Differenzialen. MATHY reduziert die Reibung, beseitigt Ablagerungen, senkt die Betriebstemperatur der Aggregate und reduziert den Prozess der \u201e\u00d6lalterung\u201c.<\/div>\n\t\t\t\t<\/div>\n\t\t\t\t\t\t\t<div class=\"elementor-accordion-item\">\n\t\t\t\t\t<div id=\"elementor-tab-title-4672\" class=\"elementor-tab-title\" data-tab=\"2\" role=\"button\" aria-controls=\"elementor-tab-content-4672\" aria-expanded=\"false\">\n\t\t\t\t\t\t\t\t\t\t\t\t\t<span class=\"elementor-accordion-icon elementor-accordion-icon-left\" aria-hidden=\"true\">\n\t\t\t\t\t\t\t\t\t\t\t\t\t\t\t<span class=\"elementor-accordion-icon-closed\"><i class=\"fas fa-plus\"><\/i><\/span>\n\t\t\t\t\t\t\t\t<span class=\"elementor-accordion-icon-opened\"><i class=\"fas fa-minus\"><\/i><\/span>\n\t\t\t\t\t\t\t\t\t\t\t\t\t\t<\/span>\n\t\t\t\t\t\t\t\t\t\t\t\t<a class=\"elementor-accordion-title\" tabindex=\"0\">Welche Vorteile habe ich durch den Einsatz von MATHY?<\/a>\n\t\t\t\t\t<\/div>\n\t\t\t\t\t<div id=\"elementor-tab-content-4672\" class=\"elementor-tab-content elementor-clearfix\" data-tab=\"2\" role=\"region\" aria-labelledby=\"elementor-tab-title-4672\">Mit MATHY erreichen Sie eine Verschlei\u00dfreduzierung im Motor, Getriebe und Differenzial. Wartungs- und Reparaturkosten werden minimiert und der Kraftstoff- und \u00d6lverbrauch optimiert.\n\n<\/div>\n\t\t\t\t<\/div>\n\t\t\t\t\t\t\t<div class=\"elementor-accordion-item\">\n\t\t\t\t\t<div id=\"elementor-tab-title-4673\" class=\"elementor-tab-title\" data-tab=\"3\" role=\"button\" aria-controls=\"elementor-tab-content-4673\" aria-expanded=\"false\">\n\t\t\t\t\t\t\t\t\t\t\t\t\t<span class=\"elementor-accordion-icon elementor-accordion-icon-left\" aria-hidden=\"true\">\n\t\t\t\t\t\t\t\t\t\t\t\t\t\t\t<span class=\"elementor-accordion-icon-closed\"><i class=\"fas fa-plus\"><\/i><\/span>\n\t\t\t\t\t\t\t\t<span class=\"elementor-accordion-icon-opened\"><i class=\"fas fa-minus\"><\/i><\/span>\n\t\t\t\t\t\t\t\t\t\t\t\t\t\t<\/span>\n\t\t\t\t\t\t\t\t\t\t\t\t<a class=\"elementor-accordion-title\" tabindex=\"0\">K\u00f6nnen MATHY-Additive technische Probleme beheben?<\/a>\n\t\t\t\t\t<\/div>\n\t\t\t\t\t<div id=\"elementor-tab-content-4673\" class=\"elementor-tab-content elementor-clearfix\" data-tab=\"3\" role=\"region\" aria-labelledby=\"elementor-tab-title-4673\">Durch die Zugabe von MATHY-Additiven werden eine beachtliche Anzahl technischer Probleme in Motoren, Einspritzanlagen und Getrieben behoben oder mindestens deren negative Auswirkungen deutlich reduziert.\n\n<\/div>\n\t\t\t\t<\/div>\n\t\t\t\t\t\t\t<div class=\"elementor-accordion-item\">\n\t\t\t\t\t<div id=\"elementor-tab-title-4674\" class=\"elementor-tab-title\" data-tab=\"4\" role=\"button\" aria-controls=\"elementor-tab-content-4674\" aria-expanded=\"false\">\n\t\t\t\t\t\t\t\t\t\t\t\t\t<span class=\"elementor-accordion-icon elementor-accordion-icon-left\" aria-hidden=\"true\">\n\t\t\t\t\t\t\t\t\t\t\t\t\t\t\t<span class=\"elementor-accordion-icon-closed\"><i class=\"fas fa-plus\"><\/i><\/span>\n\t\t\t\t\t\t\t\t<span class=\"elementor-accordion-icon-opened\"><i class=\"fas fa-minus\"><\/i><\/span>\n\t\t\t\t\t\t\t\t\t\t\t\t\t\t<\/span>\n\t\t\t\t\t\t\t\t\t\t\t\t<a class=\"elementor-accordion-title\" tabindex=\"0\">Kann MATHY auch bei Neuwagen eingesetzt werden?<\/a>\n\t\t\t\t\t<\/div>\n\t\t\t\t\t<div id=\"elementor-tab-content-4674\" class=\"elementor-tab-content elementor-clearfix\" data-tab=\"4\" role=\"region\" aria-labelledby=\"elementor-tab-title-4674\">Gerade bei einem Neuwagen kann MATHY zwei seiner Eigenschaften besonders gut unter Beweis stellen, die sofortige Verschlei\u00dfminderung und die Verhinderung von Ablagerungen.\n\n<\/div>\n\t\t\t\t<\/div>\n\t\t\t\t\t\t\t<div class=\"elementor-accordion-item\">\n\t\t\t\t\t<div id=\"elementor-tab-title-4675\" class=\"elementor-tab-title\" data-tab=\"5\" role=\"button\" aria-controls=\"elementor-tab-content-4675\" aria-expanded=\"false\">\n\t\t\t\t\t\t\t\t\t\t\t\t\t<span class=\"elementor-accordion-icon elementor-accordion-icon-left\" aria-hidden=\"true\">\n\t\t\t\t\t\t\t\t\t\t\t\t\t\t\t<span class=\"elementor-accordion-icon-closed\"><i class=\"fas fa-plus\"><\/i><\/span>\n\t\t\t\t\t\t\t\t<span class=\"elementor-accordion-icon-opened\"><i class=\"fas fa-minus\"><\/i><\/span>\n\t\t\t\t\t\t\t\t\t\t\t\t\t\t<\/span>\n\t\t\t\t\t\t\t\t\t\t\t\t<a class=\"elementor-accordion-title\" tabindex=\"0\">Wo werden MATHY-Hochleistungs-Additive \u00fcberall eingesetzt?<\/a>\n\t\t\t\t\t<\/div>\n\t\t\t\t\t<div id=\"elementor-tab-content-4675\" class=\"elementor-tab-content elementor-clearfix\" data-tab=\"5\" role=\"region\" aria-labelledby=\"elementor-tab-title-4675\"><p>In Motoren, Getrieben, Lenkhilfen, Hydraulikanlagen, Einspritzpumpen, Turboladern, Differenzialen, Turbinen, Kompressoren und in vielen anderen Einsatzbereichen, in denen es auf optimale Schmierung und Schutz ankommt.<\/p><\/div>\n\t\t\t\t<\/div>\n\t\t\t\t\t\t\t\t<\/div>\n\t\t\t\t\t\t<\/div>\n\t\t\t\t<\/div>\n\t\t\t\t<div class=\"elementor-element elementor-element-157e5d85 elementor-widget elementor-widget-spacer\" data-id=\"157e5d85\" data-element_type=\"widget\" data-e-type=\"widget\" data-widget_type=\"spacer.default\">\n\t\t\t\t<div class=\"elementor-widget-container\">\n\t\t\t\t\t\t\t<div class=\"elementor-spacer\">\n\t\t\t<div class=\"elementor-spacer-inner\"><\/div>\n\t\t<\/div>\n\t\t\t\t\t\t<\/div>\n\t\t\t\t<\/div>\n\t\t\t\t\t<\/div>\n\t\t<\/div>\n\t\t\t\t\t<\/div>\n\t\t<\/section>\n\t\t\t\t<\/div>","protected":false},"excerpt":{"rendered":"<p>Itt dolgozik a MATHY az aut\u00f3kban. A MATHY specialist\u00e1k munka k\u00f6zben! A MATHY nagy teljes\u00edtm\u00e9ny\u0171 adal\u00e9kai \u00e9rt\u00e9kes tartal\u00e9kokat mozg\u00f3s\u00edtanak \u00e9s megel\u0151zik a k\u00f6lts\u00e9ges jav\u00edt\u00e1sokat: Nagyobb teljes\u00edtm\u00e9nyt tesznek lehet\u0151v\u00e9 alacsonyabb \u00fczemeltet\u00e9si k\u00f6lts\u00e9gek mellett. B\u00e1rhol m\u0171k\u00f6dnek, ahol sz\u00fcks\u00e9g van r\u00e1juk \u2013 kenik, tiszt\u00edtj\u00e1k \u00e9s karbantartj\u00e1k az er\u0151\u00e1tviteli rendszer \u00f6sszes kritikus alkatr\u00e9sz\u00e9t: a befecskendez\u0151 rendszert\u0151l \u00e9s az \u00fczemanyagrendszert\u0151l kezdve a motoron \u00e9s a szelepeken \u00e1t eg\u00e9szen...<\/p>","protected":false},"author":1,"featured_media":0,"parent":1623,"menu_order":0,"comment_status":"closed","ping_status":"closed","template":"","meta":{"footnotes":""},"class_list":["post-624","page","type-page","status-publish","hentry"],"_links":{"self":[{"href":"https:\/\/mathy-austria.com\/hu\/wp-json\/wp\/v2\/pages\/624","targetHints":{"allow":["GET"]}}],"collection":[{"href":"https:\/\/mathy-austria.com\/hu\/wp-json\/wp\/v2\/pages"}],"about":[{"href":"https:\/\/mathy-austria.com\/hu\/wp-json\/wp\/v2\/types\/page"}],"author":[{"embeddable":true,"href":"https:\/\/mathy-austria.com\/hu\/wp-json\/wp\/v2\/users\/1"}],"replies":[{"embeddable":true,"href":"https:\/\/mathy-austria.com\/hu\/wp-json\/wp\/v2\/comments?post=624"}],"version-history":[{"count":0,"href":"https:\/\/mathy-austria.com\/hu\/wp-json\/wp\/v2\/pages\/624\/revisions"}],"up":[{"embeddable":true,"href":"https:\/\/mathy-austria.com\/hu\/wp-json\/wp\/v2\/pages\/1623"}],"wp:attachment":[{"href":"https:\/\/mathy-austria.com\/hu\/wp-json\/wp\/v2\/media?parent=624"}],"curies":[{"name":"wp","href":"https:\/\/api.w.org\/{rel}","templated":true}]}}