{"id":2814,"date":"2020-10-20T20:30:45","date_gmt":"2020-10-20T18:30:45","guid":{"rendered":"https:\/\/mathy-austria.com\/?page_id=2814"},"modified":"2020-10-20T20:37:24","modified_gmt":"2020-10-20T18:37:24","slug":"aus-langer-tradition","status":"publish","type":"page","link":"https:\/\/mathy-austria.com\/hu\/aus-langer-tradition\/","title":{"rendered":"Hossz\u00fa hagyom\u00e1nyb\u00f3l"},"content":{"rendered":"<div data-elementor-type=\"wp-page\" data-elementor-id=\"2814\" class=\"elementor elementor-2814\" data-elementor-post-type=\"page\">\n\t\t\t\t\t\t<section class=\"elementor-section elementor-top-section elementor-element elementor-element-0701338 elementor-section-boxed elementor-section-height-default elementor-section-height-default\" data-id=\"0701338\" data-element_type=\"section\" data-e-type=\"section\">\n\t\t\t\t\t\t<div class=\"elementor-container elementor-column-gap-default\">\n\t\t\t\t\t<div class=\"elementor-column elementor-col-66 elementor-top-column elementor-element elementor-element-3432ca6\" data-id=\"3432ca6\" data-element_type=\"column\" data-e-type=\"column\">\n\t\t\t<div class=\"elementor-widget-wrap elementor-element-populated\">\n\t\t\t\t\t\t<div class=\"elementor-element elementor-element-64f75a3 elementor-widget elementor-widget-heading\" data-id=\"64f75a3\" data-element_type=\"widget\" data-e-type=\"widget\" data-widget_type=\"heading.default\">\n\t\t\t\t<div class=\"elementor-widget-container\">\n\t\t\t\t\t<h1 class=\"elementor-heading-title elementor-size-default\">MATHY egy hossz\u00fa hagyom\u00e1nyb\u00f3l<\/h1>\t\t\t\t<\/div>\n\t\t\t\t<\/div>\n\t\t\t\t<div class=\"elementor-element elementor-element-bfb18db elementor-widget elementor-widget-text-editor\" data-id=\"bfb18db\" data-element_type=\"widget\" data-e-type=\"widget\" data-widget_type=\"text-editor.default\">\n\t\t\t\t<div class=\"elementor-widget-container\">\n\t\t\t\t\t\t\t\t\t<h1 class=\"\"><span style=\"color: #0a0909; font-size: 18px; font-weight: normal; word-spacing: normal;\">A versenyz\u0151 \u00e1ltal kifejlesztett min\u0151s\u00e9g<\/span><\/h1><div class=\"row\"><div class=\"col-xs-12 col-md-8\"><div id=\"c380\" class=\"frame frame-default frame-type-textmedia frame-layout-0\"><div class=\"ce-textpic ce-right ce-intext\"><div class=\"ce-bodytext\"><p><b>Otto Math\u00e9, a ken\u0151anyag-technol\u00f3gia \u00fatt\u00f6r\u0151je \u00e9s Niki Lauda nagy p\u00e9ldak\u00e9pe<br \/><\/b>Versenyz\u0151k\u00e9nt eg\u00e9sz \u00e9let\u00e9ben gy\u0151zelemr\u0151l gy\u0151zelemre rohant, \u00e9s m\u00e1r \u00e9let\u00e9ben legend\u00e1nak sz\u00e1m\u00edtott Ausztri\u00e1ban. A m\u00e1sodik vil\u00e1gh\u00e1bor\u00fa el\u0151tt \u00e9s ut\u00e1n Otto Math\u00e9 a vil\u00e1g egyik legsikeresebb motorsportversenyz\u0151je volt. Niki Lauda, a kor\u00e1bbi Forma-1-es vil\u00e1gbajnok egy interj\u00faban \u00edgy nyilatkozott: \"M\u00e1r kisfi\u00fak\u00e9nt is im\u00e1dtam Otto Math\u00e9t. Csod\u00e1ltam az aut\u00f3it, \u00e9s azt, ahogyan egy karral versenyzett!\"<\/p><p><b>Adal\u00e9kanyaggal kenve a motorjai l\u00e9nyegesen er\u0151sebbek voltak.<br \/><\/b>\u00c9ppen v\u00e9get \u00e9rt a m\u00e1sodik vil\u00e1gh\u00e1bor\u00fa, amikor Otto Math\u00e9 egy olyan adal\u00e9kanyag kifejleszt\u00e9s\u00e9be kezdett, amely jav\u00edtja a versenyeken haszn\u00e1lt motorolajok ken\u0151k\u00e9pess\u00e9g\u00e9t. Adal\u00e9k\u00e1t saj\u00e1t maga tesztelte \u00e9s versenyeken haszn\u00e1lta. Motorjai azonnal gyorsabban \u00e9s megb\u00edzhat\u00f3bban m\u0171k\u00f6dtek, mint a versenyt\u00e1rsak azonos konstrukci\u00f3j\u00fa motorjai. Otto Math\u00e9 t\u00f6bb mint 100 000 kilom\u00e9tert vezetett egy Porsche-t versenyk\u00f6r\u00fclm\u00e9nyek k\u00f6z\u00f6tt olajcsere n\u00e9lk\u00fcl, b\u00e1r a Porsche akkoriban m\u00e9g 3000 kilom\u00e9terenk\u00e9nt \u00edrta el\u0151 az olajcser\u00e9t.<\/p><\/div><\/div><\/div><\/div><\/div><div class=\"row\"><div class=\"col-xs-12 col-md-8\"><div id=\"c285\" class=\"frame frame-default frame-type-textmedia frame-layout-0\"><div class=\"ce-textpic ce-left ce-intext\"><div class=\"ce-bodytext\"><p><b>Otto Math\u00e9 osztr\u00e1k nemzeti bajnok volt<\/b><br \/>1952-ben 20 versenyen 20 gy\u0151zelmet aratott, \u00e9s osztr\u00e1k orsz\u00e1gos bajnok lett. Ahhoz, hogy ezt a teljes\u00edtm\u00e9nyt teljes m\u00e9rt\u00e9kben \u00e9rt\u00e9kelni tudjuk, fontos tudatos\u00edtani, hogy motorj\u00e1nak n\u00e9vleges teljes\u00edtm\u00e9nye l\u00e9nyegesen alacsonyabb volt, mint a versenyt\u00e1rsak\u00e9. Otto Math\u00e9 f\u00e9lkarral is vezetett. Jobb karja egy 1934-es baleset \u00f3ta leb\u00e9nult.<\/p><p><b>Korszer\u0171 ken\u0151anyag-technol\u00f3gia a motor, az \u00fczemanyag \u00e9s a sebess\u00e9gv\u00e1lt\u00f3 sz\u00e1m\u00e1ra<\/b><br \/>A sikeres feltal\u00e1l\u00f3 \u00e9s motortuningol\u00f3 akt\u00edv motorsportol\u00f3i karrierje ut\u00e1n is folytatta a s\u00farl\u00f3d\u00e1s cs\u00f6kkent\u00e9s\u00e9re szolg\u00e1l\u00f3 forradalmi adal\u00e9kanyag fejleszt\u00e9s\u00e9t. N\u00e9h\u00e1ny \u00e9vvel hal\u00e1la el\u0151tt Otto Math\u00e9 \u00e1tadta tud\u00e1s\u00e1t, term\u00e9km\u00e1rk\u00e1j\u00e1t \u00e9s kutat\u00e1si eredm\u00e9nyeit az elk\u00f6telezett v\u00e1llalkoz\u00f3nak, Dierk M\u00fcllernek. Ez biztos\u00edtotta ennek az ultramodern ken\u0151anyag-technol\u00f3gi\u00e1nak a tov\u00e1bbfejleszt\u00e9s\u00e9t \u00e9s fennmarad\u00e1s\u00e1t.<\/p><p>MATHY\u00ae n\u00e9ven ma is minden aut\u00f3s a legkorszer\u0171bb ken\u0151anyag-adal\u00e9kokat kaphatja meg. A motorba, az \u00fczemanyagba \u00e9s a sebess\u00e9gv\u00e1lt\u00f3ba kevert MATHY\u00ae seg\u00edts\u00e9g\u00e9vel az \u00d6n sz\u00e9riaj\u00e1rm\u0171vei is profit\u00e1lnak bel\u0151le - er\u0151sebbek, tart\u00f3sabbak \u00e9s gazdas\u00e1gosabbak lesznek.<\/p><p><b>Sz\u00f6veg r\u00e9szletekkel az Otto Math\u00e9-r\u00f3l sz\u00f3l\u00f3 k\u00f6nyvb\u0151l: \"Sein Herz schlug f\u00fcr Porsche\", Gabriele Geutebr\u00fcck, Berenkamp Verlag.<\/b><\/p><\/div><\/div><\/div><\/div><div class=\"col-xs-12 col-md-4\"><div id=\"c577\" class=\"frame frame-default frame-type-textmedia frame-layout-0\"><div class=\"ce-textpic ce-center ce-above\"><div class=\"ce-gallery\" data-ce-columns=\"1\" data-ce-images=\"1\"><div class=\"ce-outer\"><div class=\"ce-inner\"><div class=\"ce-row\"><div class=\"ce-column\">\u00a0<\/div><\/div><\/div><\/div><\/div><\/div><\/div><\/div><\/div>\t\t\t\t\t\t\t\t<\/div>\n\t\t\t\t<\/div>\n\t\t\t\t\t<\/div>\n\t\t<\/div>\n\t\t\t\t<div class=\"elementor-column elementor-col-33 elementor-top-column elementor-element elementor-element-24c91c2\" data-id=\"24c91c2\" data-element_type=\"column\" data-e-type=\"column\">\n\t\t\t<div class=\"elementor-widget-wrap elementor-element-populated\">\n\t\t\t\t\t\t<div class=\"elementor-element elementor-element-9faa4e8 elementor-widget elementor-widget-image\" data-id=\"9faa4e8\" data-element_type=\"widget\" data-e-type=\"widget\" data-widget_type=\"image.default\">\n\t\t\t\t<div class=\"elementor-widget-container\">\n\t\t\t\t\t\t\t\t\t\t\t\t\t\t\t<img fetchpriority=\"high\" decoding=\"async\" width=\"320\" height=\"240\" src=\"https:\/\/mathy-austria.com\/wp-content\/uploads\/2020\/10\/repro41.jpg\" class=\"attachment-large size-large wp-image-2817\" alt=\"\" srcset=\"https:\/\/mathy-austria.com\/wp-content\/uploads\/2020\/10\/repro41.jpg 320w, https:\/\/mathy-austria.com\/wp-content\/uploads\/2020\/10\/repro41-300x225.jpg 300w\" sizes=\"(max-width: 320px) 100vw, 320px\" \/>\t\t\t\t\t\t\t\t\t\t\t\t\t\t\t<\/div>\n\t\t\t\t<\/div>\n\t\t\t\t<div class=\"elementor-element elementor-element-f892021 elementor-widget elementor-widget-text-editor\" data-id=\"f892021\" data-element_type=\"widget\" data-e-type=\"widget\" data-widget_type=\"text-editor.default\">\n\t\t\t\t<div class=\"elementor-widget-container\">\n\t\t\t\t\t\t\t\t\t<p>A k\u00f6z\u00f6ns\u00e9g mindig hitetlenkedve \u00e9s csod\u00e1lkozva fogadta, hogy egy f\u00e9lkar\u00fa ember (Otto Math\u00e9) megel\u0151zte a t\u00f6bbieket.<\/p>\t\t\t\t\t\t\t\t<\/div>\n\t\t\t\t<\/div>\n\t\t\t\t<div class=\"elementor-element elementor-element-ecd92f1 elementor-widget elementor-widget-image\" data-id=\"ecd92f1\" data-element_type=\"widget\" data-e-type=\"widget\" data-widget_type=\"image.default\">\n\t\t\t\t<div class=\"elementor-widget-container\">\n\t\t\t\t\t\t\t\t\t\t\t\t\t\t\t<img decoding=\"async\" width=\"320\" height=\"240\" src=\"https:\/\/mathy-austria.com\/wp-content\/uploads\/2020\/10\/mathe_lauda.jpg\" class=\"attachment-large size-large wp-image-2818\" alt=\"\" srcset=\"https:\/\/mathy-austria.com\/wp-content\/uploads\/2020\/10\/mathe_lauda.jpg 320w, https:\/\/mathy-austria.com\/wp-content\/uploads\/2020\/10\/mathe_lauda-300x225.jpg 300w\" sizes=\"(max-width: 320px) 100vw, 320px\" \/>\t\t\t\t\t\t\t\t\t\t\t\t\t\t\t<\/div>\n\t\t\t\t<\/div>\n\t\t\t\t<div class=\"elementor-element elementor-element-cf46a9b elementor-widget elementor-widget-text-editor\" data-id=\"cf46a9b\" data-element_type=\"widget\" data-e-type=\"widget\" data-widget_type=\"text-editor.default\">\n\t\t\t\t<div class=\"elementor-widget-container\">\n\t\t\t\t\t\t\t\t\tOtto Math\u00e9 \u00e9s Niki Lauda\t\t\t\t\t\t\t\t<\/div>\n\t\t\t\t<\/div>\n\t\t\t\t\t<\/div>\n\t\t<\/div>\n\t\t\t\t\t<\/div>\n\t\t<\/section>\n\t\t\t\t<\/div>","protected":false},"excerpt":{"rendered":"<p>MATHY: A min\u0151s\u00e9g hossz\u00fa hagyom\u00e1nya, amelyet Otto Math\u00e9 aut\u00f3versenyz\u0151 fejlesztett ki, aki a ken\u0151anyag-technol\u00f3gia \u00fatt\u00f6r\u0151je \u00e9s Niki Lauda nagyszer\u0171 p\u00e9ldak\u00e9pe volt. Versenyz\u0151i p\u00e1lyafut\u00e1sa sor\u00e1n gy\u0151zelemr\u0151l gy\u0151zelemre sz\u00e1guldott, \u00e9s m\u00e1r \u00e9let\u00e9ben legend\u00e1v\u00e1 v\u00e1lt Ausztri\u00e1ban. A m\u00e1sodik vil\u00e1gh\u00e1bor\u00fa el\u0151tt \u00e9s ut\u00e1n Otto Math\u00e9 a vil\u00e1g egyik legsikeresebb aut\u00f3sportol\u00f3ja volt. Niki Lauda,\u2026<\/p>","protected":false},"author":1,"featured_media":0,"parent":0,"menu_order":0,"comment_status":"closed","ping_status":"closed","template":"","meta":{"footnotes":""},"class_list":["post-2814","page","type-page","status-publish","hentry"],"_links":{"self":[{"href":"https:\/\/mathy-austria.com\/hu\/wp-json\/wp\/v2\/pages\/2814","targetHints":{"allow":["GET"]}}],"collection":[{"href":"https:\/\/mathy-austria.com\/hu\/wp-json\/wp\/v2\/pages"}],"about":[{"href":"https:\/\/mathy-austria.com\/hu\/wp-json\/wp\/v2\/types\/page"}],"author":[{"embeddable":true,"href":"https:\/\/mathy-austria.com\/hu\/wp-json\/wp\/v2\/users\/1"}],"replies":[{"embeddable":true,"href":"https:\/\/mathy-austria.com\/hu\/wp-json\/wp\/v2\/comments?post=2814"}],"version-history":[{"count":0,"href":"https:\/\/mathy-austria.com\/hu\/wp-json\/wp\/v2\/pages\/2814\/revisions"}],"wp:attachment":[{"href":"https:\/\/mathy-austria.com\/hu\/wp-json\/wp\/v2\/media?parent=2814"}],"curies":[{"name":"wp","href":"https:\/\/api.w.org\/{rel}","templated":true}]}}