{"id":2555,"date":"2020-09-02T15:46:02","date_gmt":"2020-09-02T13:46:02","guid":{"rendered":"https:\/\/mathy-austria.com\/?page_id=2555"},"modified":"2020-10-23T08:32:09","modified_gmt":"2020-10-23T06:32:09","slug":"pflege-wartung","status":"publish","type":"page","link":"https:\/\/mathy-austria.com\/hu\/anwendung\/boote\/pflege-wartung\/","title":{"rendered":"Pflege &amp; Wartung"},"content":{"rendered":"<div data-elementor-type=\"wp-page\" data-elementor-id=\"2555\" class=\"elementor elementor-2555\" data-elementor-post-type=\"page\">\n\t\t\t\t\t\t<section class=\"elementor-section elementor-top-section elementor-element elementor-element-17d99ff elementor-section-boxed elementor-section-height-default elementor-section-height-default\" data-id=\"17d99ff\" data-element_type=\"section\" data-e-type=\"section\">\n\t\t\t\t\t\t<div class=\"elementor-container elementor-column-gap-default\">\n\t\t\t\t\t<div class=\"elementor-column elementor-col-100 elementor-top-column elementor-element elementor-element-722c005\" data-id=\"722c005\" data-element_type=\"column\" data-e-type=\"column\">\n\t\t\t<div class=\"elementor-widget-wrap elementor-element-populated\">\n\t\t\t\t\t\t<div class=\"elementor-element elementor-element-253b668 elementor-widget elementor-widget-text-editor\" data-id=\"253b668\" data-element_type=\"widget\" data-e-type=\"widget\" data-widget_type=\"text-editor.default\">\n\t\t\t\t<div class=\"elementor-widget-container\">\n\t\t\t\t\t\t\t\t\t<h1><strong>Wir erhalten den Gelcoat. Bei jeder Witterung!<\/strong><\/h1><div id=\"c869\" class=\"frame frame-default frame-type-textmedia frame-layout-0\"><div class=\"ce-textpic ce-right ce-intext\"><div class=\"ce-bodytext\"><p class=\"lead\"><strong>Einfache Bootspflege mit langanhaltender Wirkung\u00a0<\/strong><\/p><p>Der sehr widerstandsf\u00e4hige und langlebige Oberfl\u00e4chenschutz von TEC12 macht alle Oberfl\u00e4chen unempfindlich gegen Witterungseinfl\u00fcsse wie Regen, Salzwasser und starke Sonneneinstrahlung. TEC12 sch\u00fctzt auch vor mechanischen, die Oberfl\u00e4chen strapazierende Belastungen und eignen sich hervorragend f\u00fcr Bootslack oder Gelcoat Oberfl\u00e4chen.<\/p><\/div><\/div><\/div>\t\t\t\t\t\t\t\t<\/div>\n\t\t\t\t<\/div>\n\t\t\t\t<div class=\"elementor-element elementor-element-448852b elementor-widget elementor-widget-text-editor\" data-id=\"448852b\" data-element_type=\"widget\" data-e-type=\"widget\" data-widget_type=\"text-editor.default\">\n\t\t\t\t<div class=\"elementor-widget-container\">\n\t\t\t\t\t\t\t\t\t<h2>Az \u00d6n el\u0151nyei egy pillant\u00e1sra<\/h2><ul><li>Optimaler Salzwasserschutz<\/li><li>Einfache Anwendung ohne Kraftaufwand<\/li><li>Langanhaltende Versiegelung<\/li><li>Auf Bootslack und Gelcoat anwendbar<\/li><li>Brilliantglanz mit Lotuseffekt<\/li><\/ul>\t\t\t\t\t\t\t\t<\/div>\n\t\t\t\t<\/div>\n\t\t\t\t\t<\/div>\n\t\t<\/div>\n\t\t\t\t\t<\/div>\n\t\t<\/section>\n\t\t\t\t<section class=\"elementor-section elementor-top-section elementor-element elementor-element-b971897 elementor-section-boxed elementor-section-height-default elementor-section-height-default\" data-id=\"b971897\" data-element_type=\"section\" data-e-type=\"section\">\n\t\t\t\t\t\t<div class=\"elementor-container elementor-column-gap-default\">\n\t\t\t\t\t<div class=\"elementor-column elementor-col-100 elementor-top-column elementor-element elementor-element-3a3f5af\" data-id=\"3a3f5af\" data-element_type=\"column\" data-e-type=\"column\">\n\t\t\t<div class=\"elementor-widget-wrap elementor-element-populated\">\n\t\t\t\t\t\t<div class=\"elementor-element elementor-element-63fa635 elementor-widget elementor-widget-text-editor\" data-id=\"63fa635\" data-element_type=\"widget\" data-e-type=\"widget\" data-widget_type=\"text-editor.default\">\n\t\t\t\t<div class=\"elementor-widget-container\">\n\t\t\t\t\t\t\t\t\t<h2>Unsere Probleml\u00f6ser f\u00fcr die Bootspflege<\/h2>\t\t\t\t\t\t\t\t<\/div>\n\t\t\t\t<\/div>\n\t\t\t\t\t<\/div>\n\t\t<\/div>\n\t\t\t\t\t<\/div>\n\t\t<\/section>\n\t\t\t\t<\/div>","protected":false},"excerpt":{"rendered":"<p>Mi karbantartjuk a g\u00e9lbevonatot. B\u00e1rmilyen id\u0151j\u00e1r\u00e1s eset\u00e9n is! Egyszer\u0171 haj\u00f3\u00e1pol\u00e1s tart\u00f3s eredm\u00e9nnyel. A TEC12 rendk\u00edv\u00fcl ellen\u00e1ll\u00f3 \u00e9s tart\u00f3s fel\u00fcletv\u00e9delme minden fel\u00fcletet ellen\u00e1ll\u00f3v\u00e1 tesz az id\u0151j\u00e1r\u00e1si hat\u00e1sokkal, p\u00e9ld\u00e1ul az es\u0151vel, a s\u00f3s v\u00edzzel \u00e9s az er\u0151s napf\u00e9nyel szemben. A TEC12 v\u00e9delmet ny\u00fajt a fel\u00fcleteket k\u00e1ros\u00edt\u00f3 mechanikai behat\u00e1sok ellen is, \u00e9s ide\u00e1lis haj\u00f3fest\u00e9khez vagy g\u00e9lbevonat\u00fa fel\u00fcletekhez. El\u0151nyei \u00e1ttekint\u00e9sben...<\/p>","protected":false},"author":1,"featured_media":0,"parent":2137,"menu_order":0,"comment_status":"closed","ping_status":"closed","template":"","meta":{"footnotes":""},"class_list":["post-2555","page","type-page","status-publish","hentry"],"_links":{"self":[{"href":"https:\/\/mathy-austria.com\/hu\/wp-json\/wp\/v2\/pages\/2555","targetHints":{"allow":["GET"]}}],"collection":[{"href":"https:\/\/mathy-austria.com\/hu\/wp-json\/wp\/v2\/pages"}],"about":[{"href":"https:\/\/mathy-austria.com\/hu\/wp-json\/wp\/v2\/types\/page"}],"author":[{"embeddable":true,"href":"https:\/\/mathy-austria.com\/hu\/wp-json\/wp\/v2\/users\/1"}],"replies":[{"embeddable":true,"href":"https:\/\/mathy-austria.com\/hu\/wp-json\/wp\/v2\/comments?post=2555"}],"version-history":[{"count":0,"href":"https:\/\/mathy-austria.com\/hu\/wp-json\/wp\/v2\/pages\/2555\/revisions"}],"up":[{"embeddable":true,"href":"https:\/\/mathy-austria.com\/hu\/wp-json\/wp\/v2\/pages\/2137"}],"wp:attachment":[{"href":"https:\/\/mathy-austria.com\/hu\/wp-json\/wp\/v2\/media?parent=2555"}],"curies":[{"name":"wp","href":"https:\/\/api.w.org\/{rel}","templated":true}]}}