{"id":2480,"date":"2020-09-02T11:55:10","date_gmt":"2020-09-02T09:55:10","guid":{"rendered":"https:\/\/mathy-austria.com\/?page_id=2480"},"modified":"2020-09-22T19:59:40","modified_gmt":"2020-09-22T17:59:40","slug":"pflege-wartung","status":"publish","type":"page","link":"https:\/\/mathy-austria.com\/hu\/anwendung\/oldtimer\/pflege-wartung\/","title":{"rendered":"Pflege &amp; Wartung"},"content":{"rendered":"<div data-elementor-type=\"wp-page\" data-elementor-id=\"2480\" class=\"elementor elementor-2480\" data-elementor-post-type=\"page\">\n\t\t\t\t\t\t<section class=\"elementor-section elementor-top-section elementor-element elementor-element-17d99ff elementor-section-boxed elementor-section-height-default elementor-section-height-default\" data-id=\"17d99ff\" data-element_type=\"section\" data-e-type=\"section\">\n\t\t\t\t\t\t<div class=\"elementor-container elementor-column-gap-default\">\n\t\t\t\t\t<div class=\"elementor-column elementor-col-100 elementor-top-column elementor-element elementor-element-722c005\" data-id=\"722c005\" data-element_type=\"column\" data-e-type=\"column\">\n\t\t\t<div class=\"elementor-widget-wrap elementor-element-populated\">\n\t\t\t\t\t\t<div class=\"elementor-element elementor-element-253b668 elementor-widget elementor-widget-text-editor\" data-id=\"253b668\" data-element_type=\"widget\" data-e-type=\"widget\" data-widget_type=\"text-editor.default\">\n\t\t\t\t<div class=\"elementor-widget-container\">\n\t\t\t\t\t\t\t\t\t<h1 class=\"\">Hossz\u00fa t\u00e1v\u00fa v\u00e9delem a r\u00e9gi fest\u00e9kr\u00e9tegek sz\u00e1m\u00e1ra<\/h1><div id=\"c843\" class=\"frame frame-default frame-type-textmedia frame-layout-0\"><div class=\"ce-textpic ce-right ce-intext\"><div class=\"ce-bodytext\"><p class=\"lead\"><strong>Optim\u00e1lis t\u00f6m\u00edt\u00e9s az innovat\u00edv akril technol\u00f3gi\u00e1nak k\u00f6sz\u00f6nhet\u0151en<\/strong><\/p><p>A TEC12 fel\u00fcleti sorozatunk minim\u00e1lis er\u0151fesz\u00edt\u00e9ssel v\u00e9di \u00e9s karbantartja a klasszikus f\u00e9nyez\u00e9st. Az \u00fajonnan kifejlesztett akrilkomponensek m\u00e9g az id\u0151j\u00e1r\u00e1snak kitett fest\u00e9kr\u00e9tegeket is a legjobb eredm\u00e9nnyel tiszt\u00edtj\u00e1k \u00e9s t\u00f6m\u00edtik. A MATHY-WS karbantart\u00f3 spray \u00e9s a MATHY-G nagyteljes\u00edtm\u00e9ny\u0171 zsirad\u00e9k fokozott rozsdav\u00e9delmet biztos\u00edt a klasszikus j\u00e1rm\u0171vek alv\u00e1z\u00e1nak ter\u00fclet\u00e9n. Mindk\u00e9t term\u00e9k magas tapad\u00e1si tulajdons\u00e1gokkal rendelkezik a f\u00e9mfel\u00fcleteken, \u00e9s seg\u00edt meg\u0151rizni a klasszikus technika \u00e9rt\u00e9k\u00e9t.<\/p><\/div><\/div><\/div>\t\t\t\t\t\t\t\t<\/div>\n\t\t\t\t<\/div>\n\t\t\t\t<div class=\"elementor-element elementor-element-448852b elementor-widget elementor-widget-text-editor\" data-id=\"448852b\" data-element_type=\"widget\" data-e-type=\"widget\" data-widget_type=\"text-editor.default\">\n\t\t\t\t<div class=\"elementor-widget-container\">\n\t\t\t\t\t\t\t\t\t<h2>Az el\u0151ny\u00f6k \u00e1ttekint\u00e9se<\/h2><ul><li>Nagy tiszt\u00edt\u00f3 hat\u00e1s\u00fa az id\u0151j\u00e1r\u00e1s viszontags\u00e1gainak kitett fest\u00e9keken<\/li><li>Hosszantart\u00f3 v\u00e9delem\u00a0<\/li><li>Kr\u00f3mra is haszn\u00e1lhat\u00f3<\/li><li>Nincs feh\u00e9r maradv\u00e1ny a gumikon<\/li><li>Magas f\u00e9ny\u0171 eredm\u00e9ny<\/li><\/ul>\t\t\t\t\t\t\t\t<\/div>\n\t\t\t\t<\/div>\n\t\t\t\t\t<\/div>\n\t\t<\/div>\n\t\t\t\t\t<\/div>\n\t\t<\/section>\n\t\t\t\t<section class=\"elementor-section elementor-top-section elementor-element elementor-element-94528d8 elementor-section-boxed elementor-section-height-default elementor-section-height-default\" data-id=\"94528d8\" data-element_type=\"section\" data-e-type=\"section\">\n\t\t\t\t\t\t<div class=\"elementor-container elementor-column-gap-default\">\n\t\t\t\t\t<div class=\"elementor-column elementor-col-100 elementor-top-column elementor-element elementor-element-2d5524d4\" data-id=\"2d5524d4\" data-element_type=\"column\" data-e-type=\"column\">\n\t\t\t<div class=\"elementor-widget-wrap elementor-element-populated\">\n\t\t\t\t\t\t<div class=\"elementor-element elementor-element-14790e9e elementor-widget elementor-widget-heading\" data-id=\"14790e9e\" data-element_type=\"widget\" data-e-type=\"widget\" data-widget_type=\"heading.default\">\n\t\t\t\t<div class=\"elementor-widget-container\">\n\t\t\t\t\t<h2 class=\"elementor-heading-title elementor-size-default\">Gyakran felmer\u00fcl\u0151 k\u00e9rd\u00e9sek vagy probl\u00e9m\u00e1k<\/h2>\t\t\t\t<\/div>\n\t\t\t\t<\/div>\n\t\t\t\t<div class=\"elementor-element elementor-element-4f9f1ee5 elementor-widget elementor-widget-accordion\" data-id=\"4f9f1ee5\" data-element_type=\"widget\" data-e-type=\"widget\" data-widget_type=\"accordion.default\">\n\t\t\t\t<div class=\"elementor-widget-container\">\n\t\t\t\t\t\t\t<div class=\"elementor-accordion\">\n\t\t\t\t\t\t\t<div class=\"elementor-accordion-item\">\n\t\t\t\t\t<div id=\"elementor-tab-title-1331\" class=\"elementor-tab-title\" data-tab=\"1\" role=\"button\" aria-controls=\"elementor-tab-content-1331\" aria-expanded=\"false\">\n\t\t\t\t\t\t\t\t\t\t\t\t\t<span class=\"elementor-accordion-icon elementor-accordion-icon-left\" aria-hidden=\"true\">\n\t\t\t\t\t\t\t\t\t\t\t\t\t\t\t<span class=\"elementor-accordion-icon-closed\"><i class=\"fas fa-plus\"><\/i><\/span>\n\t\t\t\t\t\t\t\t<span class=\"elementor-accordion-icon-opened\"><i class=\"fas fa-minus\"><\/i><\/span>\n\t\t\t\t\t\t\t\t\t\t\t\t\t\t<\/span>\n\t\t\t\t\t\t\t\t\t\t\t\t<a class=\"elementor-accordion-title\" tabindex=\"0\">Milyen el\u0151ny\u00f6kkel j\u00e1r a TEC12 haszn\u00e1lata?<\/a>\n\t\t\t\t\t<\/div>\n\t\t\t\t\t<div id=\"elementor-tab-content-1331\" class=\"elementor-tab-content elementor-clearfix\" data-tab=\"1\" role=\"region\" aria-labelledby=\"elementor-tab-title-1331\"><section class=\"m-accordion-item js-accordion-item m-accordion--open\"><div class=\"m-accordion-content js-accordion-content\"><p>Az \u00faj TEC12 fel\u00fclet\u00e1pol\u00f3 egyszer\u0171 alkalmaz\u00e1s\u00e1val \u00e9s minim\u00e1lis er\u0151fesz\u00edt\u00e9s\u00e9vel t\u00fcnd\u00f6k\u00f6l. Az akril b\u00e1zis tov\u00e1bb tart a fest\u00e9kfel\u00fcleten, \u00edgy v\u00e9d a korr\u00f3zi\u00f3 ellen. A kr\u00f3mra t\u00f6rt\u00e9n\u0151 tov\u00e1bbi alkalmaz\u00e1s n\u00f6veli a TEC12 teljes\u00edtm\u00e9nyspektrum\u00e1t.<\/p><\/div><\/section><section class=\"m-accordion-item js-accordion-item js-accordion-item--last\"><\/section><\/div>\n\t\t\t\t<\/div>\n\t\t\t\t\t\t\t<div class=\"elementor-accordion-item\">\n\t\t\t\t\t<div id=\"elementor-tab-title-1332\" class=\"elementor-tab-title\" data-tab=\"2\" role=\"button\" aria-controls=\"elementor-tab-content-1332\" aria-expanded=\"false\">\n\t\t\t\t\t\t\t\t\t\t\t\t\t<span class=\"elementor-accordion-icon elementor-accordion-icon-left\" aria-hidden=\"true\">\n\t\t\t\t\t\t\t\t\t\t\t\t\t\t\t<span class=\"elementor-accordion-icon-closed\"><i class=\"fas fa-plus\"><\/i><\/span>\n\t\t\t\t\t\t\t\t<span class=\"elementor-accordion-icon-opened\"><i class=\"fas fa-minus\"><\/i><\/span>\n\t\t\t\t\t\t\t\t\t\t\t\t\t\t<\/span>\n\t\t\t\t\t\t\t\t\t\t\t\t<a class=\"elementor-accordion-title\" tabindex=\"0\">A TEC12 haszn\u00e1lhat\u00f3 pol\u00edroz\u00f3g\u00e9pekhez is?<\/a>\n\t\t\t\t\t<\/div>\n\t\t\t\t\t<div id=\"elementor-tab-content-1332\" class=\"elementor-tab-content elementor-clearfix\" data-tab=\"2\" role=\"region\" aria-labelledby=\"elementor-tab-title-1332\"><div class=\"m-accordion js-accordion\"><section class=\"m-accordion-item js-accordion-item js-accordion-item--last m-accordion--open\"><div class=\"m-accordion-content js-accordion-content\"><p>A Tec12 pol\u00edroz\u00f3koncentr\u00e1tum k\u00e9zi pol\u00edroz\u00f3k\u00e9nt (ruh\u00e1val) \u00e9s g\u00e9pi pol\u00edroz\u00e1shoz egyar\u00e1nt haszn\u00e1lhat\u00f3. A kip\u00f6rg\u00e9si viselked\u00e9s m\u00e9g nagy sebess\u00e9gn\u00e9l is minim\u00e1lis. \u00a0<\/p><\/div><\/section><\/div><\/div>\n\t\t\t\t<\/div>\n\t\t\t\t\t\t\t\t<\/div>\n\t\t\t\t\t\t<\/div>\n\t\t\t\t<\/div>\n\t\t\t\t\t<\/div>\n\t\t<\/div>\n\t\t\t\t\t<\/div>\n\t\t<\/section>\n\t\t\t\t<section class=\"elementor-section elementor-top-section elementor-element elementor-element-b971897 elementor-section-boxed elementor-section-height-default elementor-section-height-default\" data-id=\"b971897\" data-element_type=\"section\" data-e-type=\"section\">\n\t\t\t\t\t\t<div class=\"elementor-container elementor-column-gap-default\">\n\t\t\t\t\t<div class=\"elementor-column elementor-col-100 elementor-top-column elementor-element elementor-element-3a3f5af\" data-id=\"3a3f5af\" data-element_type=\"column\" data-e-type=\"column\">\n\t\t\t<div class=\"elementor-widget-wrap elementor-element-populated\">\n\t\t\t\t\t\t<div class=\"elementor-element elementor-element-63fa635 elementor-widget elementor-widget-text-editor\" data-id=\"63fa635\" data-element_type=\"widget\" data-e-type=\"widget\" data-widget_type=\"text-editor.default\">\n\t\t\t\t<div class=\"elementor-widget-container\">\n\t\t\t\t\t\t\t\t\t<div id=\"c1585\" class=\"frame frame-default frame-type-textmedia frame-layout-0\"><div class=\"ce-textpic ce-right ce-intext\"><div class=\"ce-bodytext\"><p><strong>K\u00edn\u00e1latunk a t\u00f6k\u00e9letes \u00e1pol\u00e1s\u00e9rt<\/strong><\/p><\/div><\/div><\/div>\t\t\t\t\t\t\t\t<\/div>\n\t\t\t\t<\/div>\n\t\t\t\t<div class=\"elementor-element elementor-element-7ac161f elementor-widget elementor-widget-the7-elements-woo-carousel\" data-id=\"7ac161f\" data-element_type=\"widget\" data-e-type=\"widget\" data-widget_type=\"the7-elements-woo-carousel.default\">\n\t\t\t\t<div class=\"elementor-widget-container\">\n\t\t\t\t\t<div class=\"owl-carousel products-carousel-shortcode dt-owl-carousel-call the7-elements-woo-carousel-7ac161f cart-btn-below-img bullets-small-dot-stroke reposition-arrows arrows-bg-on dt-arrow-border-on dt-arrow-hover-border-on disable-arrows-hover-bg arrows-hover-bg-on wc-img-hover hide-description\" data-scroll-mode=\"1\" data-wide-col-num=\"4\" data-col-num=\"3\" data-laptop-col=\"3\" data-h-tablet-columns-num=\"2\" data-v-tablet-columns-num=\"2\" data-phone-columns-num=\"1\" data-auto-height=\"false\" data-col-gap=\"15\" data-stage-padding=\"0\" data-speed=\"600\" data-autoplay=\"false\" data-autoplay_speed=\"6000\" data-arrows=\"true\" data-bullet=\"false\" data-next-icon=\"fas fa-chevron-right\" data-prev-icon=\"fas fa-chevron-left\"><article class=\"post post-948 product type-product status-publish has-post-thumbnail product_brand-mvg-mathe-schmierstofftechnik-gmbh product_cat-pflege-wartung description-off first instock taxable shipping-taxable purchasable product-type-variable\" ><figure class=\"woocom-project\">\n\t<div class=\"woo-buttons-on-img\">\n\n\t\t<a href=\"https:\/\/mathy-austria.com\/hu\/termek\/mathy-ws\/\" class=\"alignnone layzr-bg\"><img fetchpriority=\"high\" decoding=\"async\" width=\"300\" height=\"300\" src=\"data:image\/svg+xml;charset=utf-8,%3Csvg xmlns%3D&#039;http%3A%2F%2Fwww.w3.org%2F2000%2Fsvg&#039; viewBox%3D&#039;0 0 300 300&#039;%2F%3E\" class=\"attachment-woocommerce_thumbnail size-woocommerce_thumbnail owl-lazy-load preload-me\" alt=\"MATHY-WS\" data-src=\"https:\/\/mathy-austria.com\/wp-content\/uploads\/2014\/04\/products-mathyws_600x600px-300x300.jpg\" data-srcset=\"https:\/\/mathy-austria.com\/wp-content\/uploads\/2014\/04\/products-mathyws_600x600px-300x300.jpg 300w, https:\/\/mathy-austria.com\/wp-content\/uploads\/2014\/04\/products-mathyws_600x600px-200x200.jpg 200w, https:\/\/mathy-austria.com\/wp-content\/uploads\/2014\/04\/products-mathyws_600x600px.jpg 150w, https:\/\/mathy-austria.com\/wp-content\/uploads\/2014\/04\/products-mathyws_600x600px.jpg 600w\" \/><img decoding=\"async\" width=\"300\" height=\"300\" src=\"data:image\/svg+xml;charset=utf-8,%3Csvg xmlns%3D&#039;http%3A%2F%2Fwww.w3.org%2F2000%2Fsvg&#039; viewBox%3D&#039;0 0 300 300&#039;%2F%3E\" class=\"show-on-hover back-image owl-lazy-load preload-me\" alt=\"\" data-src=\"https:\/\/mathy-austria.com\/wp-content\/uploads\/2014\/04\/WSx24_1600-300x300.jpg\" data-srcset=\"https:\/\/mathy-austria.com\/wp-content\/uploads\/2014\/04\/WSx24_1600-300x300.jpg 300w, https:\/\/mathy-austria.com\/wp-content\/uploads\/2014\/04\/WSx24_1600-1024x1024.jpg 1024w, https:\/\/mathy-austria.com\/wp-content\/uploads\/2014\/04\/WSx24_1600-150x150.jpg 150w, https:\/\/mathy-austria.com\/wp-content\/uploads\/2014\/04\/WSx24_1600-768x768.jpg 768w, https:\/\/mathy-austria.com\/wp-content\/uploads\/2014\/04\/WSx24_1600-1536x1536.jpg 1536w, https:\/\/mathy-austria.com\/wp-content\/uploads\/2014\/04\/WSx24_1600-600x600.jpg 600w, https:\/\/mathy-austria.com\/wp-content\/uploads\/2014\/04\/WSx24_1600-200x200.jpg 200w, https:\/\/mathy-austria.com\/wp-content\/uploads\/2014\/04\/WSx24_1600.jpg 1600w\" \/><\/a>\n\t<\/div>\n\t<figcaption class=\"woocom-list-content\">\n\n\t\t<div class=\"woo-buttons\"><a href=\"https:\/\/mathy-austria.com\/hu\/termek\/mathy-ws\/\" aria-describedby=\"woocommerce_loop_add_to_cart_link_describedby_948\" data-quantity=\"1\" class=\"product_type_variable add_to_cart_button\" data-product_id=\"948\" data-product_sku=\"1190-999\" aria-label=\"V\u00e1lasszunk \u201cMATHY-WS\u201d lehet\u0151s\u00e9gek k\u00f6z\u00fcl\" rel=\"nofollow\" data-no-translation=\"\" data-trp-gettext=\"\" data-no-translation-aria-label=\"\">Opci\u00f3k v\u00e1laszt\u00e1sa<\/a>\t<span id=\"woocommerce_loop_add_to_cart_link_describedby_948\" class=\"screen-reader-text\">\n\t\tEnnek a term\u00e9knek t\u00f6bb v\u00e1ltozata van. A v\u00e1ltozatok a term\u00e9koldalon v\u00e1laszthat\u00f3k ki\t<\/span>\n<\/div>\n\t<\/figcaption>\n<\/figure>\n<\/article><article class=\"post post-946 product type-product status-publish has-post-thumbnail product_brand-mvg-mathe-schmierstofftechnik-gmbh product_cat-pflege-wartung description-off  instock taxable shipping-taxable purchasable product-type-variable\" ><figure class=\"woocom-project\">\n\t<div class=\"woo-buttons-on-img\">\n\n\t\t<a href=\"https:\/\/mathy-austria.com\/hu\/termek\/mathy-g\/\" class=\"alignnone layzr-bg\"><img decoding=\"async\" width=\"300\" height=\"300\" src=\"data:image\/svg+xml;charset=utf-8,%3Csvg xmlns%3D&#039;http%3A%2F%2Fwww.w3.org%2F2000%2Fsvg&#039; viewBox%3D&#039;0 0 300 300&#039;%2F%3E\" class=\"attachment-woocommerce_thumbnail size-woocommerce_thumbnail owl-lazy-load preload-me\" alt=\"MATHY-G\" data-src=\"https:\/\/mathy-austria.com\/wp-content\/uploads\/2014\/04\/products-mathy-g_600x600px-300x300.jpg\" data-srcset=\"https:\/\/mathy-austria.com\/wp-content\/uploads\/2014\/04\/products-mathy-g_600x600px-300x300.jpg 300w, https:\/\/mathy-austria.com\/wp-content\/uploads\/2014\/04\/products-mathy-g_600x600px-200x200.jpg 200w, https:\/\/mathy-austria.com\/wp-content\/uploads\/2014\/04\/products-mathy-g_600x600px.jpg 150w, https:\/\/mathy-austria.com\/wp-content\/uploads\/2014\/04\/products-mathy-g_600x600px.jpg 600w\" \/><img loading=\"lazy\" decoding=\"async\" width=\"300\" height=\"300\" src=\"data:image\/svg+xml;charset=utf-8,%3Csvg xmlns%3D&#039;http%3A%2F%2Fwww.w3.org%2F2000%2Fsvg&#039; viewBox%3D&#039;0 0 300 300&#039;%2F%3E\" class=\"show-on-hover back-image owl-lazy-load preload-me\" alt=\"\" data-src=\"https:\/\/mathy-austria.com\/wp-content\/uploads\/2014\/04\/Mathy-G-24x_1600-300x300.jpg\" data-srcset=\"https:\/\/mathy-austria.com\/wp-content\/uploads\/2014\/04\/Mathy-G-24x_1600-300x300.jpg 300w, https:\/\/mathy-austria.com\/wp-content\/uploads\/2014\/04\/Mathy-G-24x_1600-1024x1024.jpg 1024w, https:\/\/mathy-austria.com\/wp-content\/uploads\/2014\/04\/Mathy-G-24x_1600-150x150.jpg 150w, https:\/\/mathy-austria.com\/wp-content\/uploads\/2014\/04\/Mathy-G-24x_1600-768x768.jpg 768w, https:\/\/mathy-austria.com\/wp-content\/uploads\/2014\/04\/Mathy-G-24x_1600-1536x1536.jpg 1536w, https:\/\/mathy-austria.com\/wp-content\/uploads\/2014\/04\/Mathy-G-24x_1600-600x600.jpg 600w, https:\/\/mathy-austria.com\/wp-content\/uploads\/2014\/04\/Mathy-G-24x_1600-200x200.jpg 200w, https:\/\/mathy-austria.com\/wp-content\/uploads\/2014\/04\/Mathy-G-24x_1600.jpg 1600w\" \/><\/a>\n\t<\/div>\n\t<figcaption class=\"woocom-list-content\">\n\n\t\t<div class=\"woo-buttons\"><a href=\"https:\/\/mathy-austria.com\/hu\/termek\/mathy-g\/\" aria-describedby=\"woocommerce_loop_add_to_cart_link_describedby_946\" data-quantity=\"1\" class=\"product_type_variable add_to_cart_button\" data-product_id=\"946\" data-product_sku=\"1300-999\" aria-label=\"V\u00e1lasszunk \u201cMATHY-G\u201d lehet\u0151s\u00e9gek k\u00f6z\u00fcl\" rel=\"nofollow\" data-no-translation=\"\" data-trp-gettext=\"\" data-no-translation-aria-label=\"\">Opci\u00f3k v\u00e1laszt\u00e1sa<\/a>\t<span id=\"woocommerce_loop_add_to_cart_link_describedby_946\" class=\"screen-reader-text\">\n\t\tEnnek a term\u00e9knek t\u00f6bb v\u00e1ltozata van. A v\u00e1ltozatok a term\u00e9koldalon v\u00e1laszthat\u00f3k ki\t<\/span>\n<\/div>\n\t<\/figcaption>\n<\/figure>\n<\/article><\/div>\t\t\t\t<\/div>\n\t\t\t\t<\/div>\n\t\t\t\t\t<\/div>\n\t\t<\/div>\n\t\t\t\t\t<\/div>\n\t\t<\/section>\n\t\t\t\t<\/div>","protected":false},"excerpt":{"rendered":"<p>Hossz\u00fa t\u00e1v\u00fa v\u00e9delem a r\u00e9gi fest\u00e9kr\u00e9tegeknek. Optim\u00e1lis t\u00f6m\u00edt\u00e9s az innovat\u00edv akriltechnol\u00f3gi\u00e1nak k\u00f6sz\u00f6nhet\u0151en. TEC12 fel\u00fcletkezel\u00e9si sorozatunk minim\u00e1lis er\u0151fesz\u00edt\u00e9ssel v\u00e9di \u00e9s \u00e1polja a klasszikus f\u00e9nyez\u00e9st. Az \u00fajonnan kifejlesztett akrilkomponensek kiv\u00e1l\u00f3 eredm\u00e9nnyel tiszt\u00edtj\u00e1k \u00e9s t\u00f6m\u00edtik m\u00e9g az id\u0151j\u00e1r\u00e1s viszontags\u00e1gai \u00e1ltal kopott f\u00e9nyez\u00e9st is. A MATHY-WS karbantart\u00f3 spray \u00e9s a MATHY-G nagy teljes\u00edtm\u00e9ny\u0171 zs\u00edr fokozott rozsdav\u00e9delmet biztos\u00edt a klasszikus j\u00e1rm\u0171vek alv\u00e1z\u00e1nak. Mindk\u00e9t term\u00e9k magas\u2026<\/p>","protected":false},"author":1,"featured_media":0,"parent":2128,"menu_order":0,"comment_status":"closed","ping_status":"closed","template":"","meta":{"footnotes":""},"class_list":["post-2480","page","type-page","status-publish","hentry"],"_links":{"self":[{"href":"https:\/\/mathy-austria.com\/hu\/wp-json\/wp\/v2\/pages\/2480","targetHints":{"allow":["GET"]}}],"collection":[{"href":"https:\/\/mathy-austria.com\/hu\/wp-json\/wp\/v2\/pages"}],"about":[{"href":"https:\/\/mathy-austria.com\/hu\/wp-json\/wp\/v2\/types\/page"}],"author":[{"embeddable":true,"href":"https:\/\/mathy-austria.com\/hu\/wp-json\/wp\/v2\/users\/1"}],"replies":[{"embeddable":true,"href":"https:\/\/mathy-austria.com\/hu\/wp-json\/wp\/v2\/comments?post=2480"}],"version-history":[{"count":0,"href":"https:\/\/mathy-austria.com\/hu\/wp-json\/wp\/v2\/pages\/2480\/revisions"}],"up":[{"embeddable":true,"href":"https:\/\/mathy-austria.com\/hu\/wp-json\/wp\/v2\/pages\/2128"}],"wp:attachment":[{"href":"https:\/\/mathy-austria.com\/hu\/wp-json\/wp\/v2\/media?parent=2480"}],"curies":[{"name":"wp","href":"https:\/\/api.w.org\/{rel}","templated":true}]}}