{"id":2448,"date":"2020-09-01T13:10:40","date_gmt":"2020-09-01T11:10:40","guid":{"rendered":"https:\/\/mathy-austria.com\/?page_id=2448"},"modified":"2020-09-22T20:01:40","modified_gmt":"2020-09-22T18:01:40","slug":"kraftstoff-additive","status":"publish","type":"page","link":"https:\/\/mathy-austria.com\/hu\/anwendung\/tuning\/kraftstoff-additive\/","title":{"rendered":"\u00dczemanyag-adal\u00e9kanyagok"},"content":{"rendered":"<div data-elementor-type=\"wp-page\" data-elementor-id=\"2448\" class=\"elementor elementor-2448\" data-elementor-post-type=\"page\">\n\t\t\t\t\t\t<section class=\"elementor-section elementor-top-section elementor-element elementor-element-17d99ff elementor-section-boxed elementor-section-height-default elementor-section-height-default\" data-id=\"17d99ff\" data-element_type=\"section\" data-e-type=\"section\">\n\t\t\t\t\t\t<div class=\"elementor-container elementor-column-gap-default\">\n\t\t\t\t\t<div class=\"elementor-column elementor-col-100 elementor-top-column elementor-element elementor-element-722c005\" data-id=\"722c005\" data-element_type=\"column\" data-e-type=\"column\">\n\t\t\t<div class=\"elementor-widget-wrap elementor-element-populated\">\n\t\t\t\t\t\t<div class=\"elementor-element elementor-element-253b668 elementor-widget elementor-widget-text-editor\" data-id=\"253b668\" data-element_type=\"widget\" data-e-type=\"widget\" data-widget_type=\"text-editor.default\">\n\t\t\t\t<div class=\"elementor-widget-container\">\n\t\t\t\t\t\t\t\t\t<div class=\"page-header\"><h1 class=\"\">Nagy hat\u00e9konys\u00e1g\u00fa adal\u00e9kok a nagyobb TELJES\u00cdTM\u00c9NY \u00e9rdek\u00e9ben<\/h1><\/div><p class=\"lead\"><strong>Egyszer\u0171 alkalmaz\u00e1s a tart\u00e1lyon kereszt\u00fcl<\/strong><\/p><p>Csak egy tiszta \u00fczemanyagrendszer biztos\u00edtja az optim\u00e1lis \u00e9g\u00e9si folyamatot teljes terhel\u00e9s mellett. A MATHY \u00fczemanyag-adal\u00e9kanyagok megtiszt\u00edtj\u00e1k az \u00f6sszes \u00fczemanyaggal \u00e1t\u00f6bl\u00edtett alkatr\u00e9szt, \u00e9s folyamatos haszn\u00e1lat mellett is tiszt\u00e1n tartj\u00e1k azokat. A szelepek \u00e9s a szelep\u00fcl\u00e9sek k\u00edm\u00e9letesen megszabadulnak a kokszosod\u00e1st\u00f3l \u00e9s \u00fajra teljesen z\u00e1r\u00f3dnak. A befecskendez\u0151 f\u00fav\u00f3k\u00e1kr\u00f3l elt\u00e1vol\u00edtj\u00e1k a lerak\u00f3d\u00e1sokat \u00e9s jav\u00edtj\u00e1k a sz\u00f3r\u00e1sk\u00e9pet.\u00a0<\/p>\t\t\t\t\t\t\t\t<\/div>\n\t\t\t\t<\/div>\n\t\t\t\t<div class=\"elementor-element elementor-element-448852b elementor-widget elementor-widget-text-editor\" data-id=\"448852b\" data-element_type=\"widget\" data-e-type=\"widget\" data-widget_type=\"text-editor.default\">\n\t\t\t\t<div class=\"elementor-widget-container\">\n\t\t\t\t\t\t\t\t\t<h2>Az el\u0151ny\u00f6k \u00e1ttekint\u00e9se<\/h2><ul><li>Az \u00fczemanyagrendszer tiszt\u00edt\u00e1sa<\/li><li>Az \u00e9g\u00e9si folyamat optimaliz\u00e1l\u00e1sa<\/li><li>Teljes\u00edtm\u00e9nyjav\u00edt\u00e1s<\/li><li>Jav\u00edtja a kipufog\u00f3g\u00e1z-\u00e9rt\u00e9keket<\/li><li>Tartja az \u00fczemanyagrendszert tart\u00f3san tiszt\u00e1n<\/li><\/ul>\t\t\t\t\t\t\t\t<\/div>\n\t\t\t\t<\/div>\n\t\t\t\t\t<\/div>\n\t\t<\/div>\n\t\t\t\t\t<\/div>\n\t\t<\/section>\n\t\t\t\t<section class=\"elementor-section elementor-top-section elementor-element elementor-element-94528d8 elementor-section-boxed elementor-section-height-default elementor-section-height-default\" data-id=\"94528d8\" data-element_type=\"section\" data-e-type=\"section\">\n\t\t\t\t\t\t<div class=\"elementor-container elementor-column-gap-default\">\n\t\t\t\t\t<div class=\"elementor-column elementor-col-100 elementor-top-column elementor-element elementor-element-2d5524d4\" data-id=\"2d5524d4\" data-element_type=\"column\" data-e-type=\"column\">\n\t\t\t<div class=\"elementor-widget-wrap elementor-element-populated\">\n\t\t\t\t\t\t<div class=\"elementor-element elementor-element-14790e9e elementor-widget elementor-widget-heading\" data-id=\"14790e9e\" data-element_type=\"widget\" data-e-type=\"widget\" data-widget_type=\"heading.default\">\n\t\t\t\t<div class=\"elementor-widget-container\">\n\t\t\t\t\t<h2 class=\"elementor-heading-title elementor-size-default\">Gyakran felmer\u00fcl\u0151 k\u00e9rd\u00e9sek vagy probl\u00e9m\u00e1k<\/h2>\t\t\t\t<\/div>\n\t\t\t\t<\/div>\n\t\t\t\t<div class=\"elementor-element elementor-element-4f9f1ee5 elementor-widget elementor-widget-accordion\" data-id=\"4f9f1ee5\" data-element_type=\"widget\" data-e-type=\"widget\" data-widget_type=\"accordion.default\">\n\t\t\t\t<div class=\"elementor-widget-container\">\n\t\t\t\t\t\t\t<div class=\"elementor-accordion\">\n\t\t\t\t\t\t\t<div class=\"elementor-accordion-item\">\n\t\t\t\t\t<div id=\"elementor-tab-title-1331\" class=\"elementor-tab-title\" data-tab=\"1\" role=\"button\" aria-controls=\"elementor-tab-content-1331\" aria-expanded=\"false\">\n\t\t\t\t\t\t\t\t\t\t\t\t\t<span class=\"elementor-accordion-icon elementor-accordion-icon-left\" aria-hidden=\"true\">\n\t\t\t\t\t\t\t\t\t\t\t\t\t\t\t<span class=\"elementor-accordion-icon-closed\"><i class=\"fas fa-plus\"><\/i><\/span>\n\t\t\t\t\t\t\t\t<span class=\"elementor-accordion-icon-opened\"><i class=\"fas fa-minus\"><\/i><\/span>\n\t\t\t\t\t\t\t\t\t\t\t\t\t\t<\/span>\n\t\t\t\t\t\t\t\t\t\t\t\t<a class=\"elementor-accordion-title\" tabindex=\"0\">Hogyan haszn\u00e1lj\u00e1k a MATHY \u00fczemanyag-adal\u00e9kokat?<\/a>\n\t\t\t\t\t<\/div>\n\t\t\t\t\t<div id=\"elementor-tab-content-1331\" class=\"elementor-tab-content elementor-clearfix\" data-tab=\"1\" role=\"region\" aria-labelledby=\"elementor-tab-title-1331\"><section class=\"m-accordion-item js-accordion-item m-accordion--open\"><div class=\"m-accordion-content js-accordion-content\"><p><b>MATHY \u00fczemanyag-adal\u00e9kanyagok\u00a0<\/b>k\u00f6zvetlen\u00fcl a tankol\u00e1s el\u0151tt adagolj\u00e1k a tart\u00e1lyba. Ha lehets\u00e9ges, a MATHY \u00fczemanyag-adal\u00e9kanyagok haszn\u00e1lata el\u0151tt a tart\u00e1lyt a tartal\u00e9kig ki kell \u00fcr\u00edteni. Ez biztos\u00edtja az optim\u00e1lis kevered\u00e9st az \u00fczemanyaggal.\u00a0\u00a0<\/p><\/div><\/section><section class=\"m-accordion-item js-accordion-item\"><\/section><\/div>\n\t\t\t\t<\/div>\n\t\t\t\t\t\t\t<div class=\"elementor-accordion-item\">\n\t\t\t\t\t<div id=\"elementor-tab-title-1332\" class=\"elementor-tab-title\" data-tab=\"2\" role=\"button\" aria-controls=\"elementor-tab-content-1332\" aria-expanded=\"false\">\n\t\t\t\t\t\t\t\t\t\t\t\t\t<span class=\"elementor-accordion-icon elementor-accordion-icon-left\" aria-hidden=\"true\">\n\t\t\t\t\t\t\t\t\t\t\t\t\t\t\t<span class=\"elementor-accordion-icon-closed\"><i class=\"fas fa-plus\"><\/i><\/span>\n\t\t\t\t\t\t\t\t<span class=\"elementor-accordion-icon-opened\"><i class=\"fas fa-minus\"><\/i><\/span>\n\t\t\t\t\t\t\t\t\t\t\t\t\t\t<\/span>\n\t\t\t\t\t\t\t\t\t\t\t\t<a class=\"elementor-accordion-title\" tabindex=\"0\">A j\u00e1rm\u0171gy\u00e1rt\u00f3k j\u00f3v\u00e1hagyj\u00e1k az \u00fczemanyag-adal\u00e9kanyagokat?<\/a>\n\t\t\t\t\t<\/div>\n\t\t\t\t\t<div id=\"elementor-tab-content-1332\" class=\"elementor-tab-content elementor-clearfix\" data-tab=\"2\" role=\"region\" aria-labelledby=\"elementor-tab-title-1332\"><section class=\"m-accordion-item js-accordion-item m-accordion--open\"><div class=\"m-accordion-content js-accordion-content\"><p>A bio\u00fczemanyagok megn\u00f6vekedett ar\u00e1nya miatt a mai \u00fczemanyagokban az \u00e9g\u00e9s kev\u00e9sb\u00e9 tiszta. Ez a befecskendez\u0151 f\u00fav\u00f3k\u00e1k, az \u00e9g\u00e9st\u00e9r, a szelepek \u00e9s a szelep\u00fcl\u00e9sek fokozott kokszosod\u00e1s\u00e1hoz \u00e9s szennyez\u0151d\u00e9s\u00e9hez vezet. Hossz\u00fa t\u00e1von a kipufog\u00f3g\u00e1z-\u00e9rt\u00e9kek romlanak. Sz\u00e1mos j\u00e1rm\u0171gy\u00e1rt\u00f3 m\u00e1r saj\u00e1t \u00fczemanyagrendszer-tiszt\u00edt\u00f3szereket vesz fel a programj\u00e1ba, hogy ellens\u00falyozza ezeket a negat\u00edv hat\u00e1sokat. A MATHY m\u00e1r r\u00e9g\u00f3ta foglalkozik ezekkel a probl\u00e9m\u00e1kkal, \u00e9s N\u00e9metorsz\u00e1gban gy\u00e1rtott, T\u00dcV-ellen\u0151rz\u00f6tt \u00e9s tan\u00fas\u00edtott rendszertiszt\u00edt\u00f3 szereket k\u00edn\u00e1l.\u00a0\u00a0<\/p><\/div><\/section><section class=\"m-accordion-item js-accordion-item js-accordion-item--last\"><\/section><\/div>\n\t\t\t\t<\/div>\n\t\t\t\t\t\t\t<div class=\"elementor-accordion-item\">\n\t\t\t\t\t<div id=\"elementor-tab-title-1333\" class=\"elementor-tab-title\" data-tab=\"3\" role=\"button\" aria-controls=\"elementor-tab-content-1333\" aria-expanded=\"false\">\n\t\t\t\t\t\t\t\t\t\t\t\t\t<span class=\"elementor-accordion-icon elementor-accordion-icon-left\" aria-hidden=\"true\">\n\t\t\t\t\t\t\t\t\t\t\t\t\t\t\t<span class=\"elementor-accordion-icon-closed\"><i class=\"fas fa-plus\"><\/i><\/span>\n\t\t\t\t\t\t\t\t<span class=\"elementor-accordion-icon-opened\"><i class=\"fas fa-minus\"><\/i><\/span>\n\t\t\t\t\t\t\t\t\t\t\t\t\t\t<\/span>\n\t\t\t\t\t\t\t\t\t\t\t\t<a class=\"elementor-accordion-title\" tabindex=\"0\">Mely alkalmaz\u00e1si ter\u00fcletekhez \u00e1llnak rendelkez\u00e9sre a MATHY \u00fczemanyag-adal\u00e9kanyagok?<\/a>\n\t\t\t\t\t<\/div>\n\t\t\t\t\t<div id=\"elementor-tab-content-1333\" class=\"elementor-tab-content elementor-clearfix\" data-tab=\"3\" role=\"region\" aria-labelledby=\"elementor-tab-title-1333\"><div class=\"m-accordion js-accordion\"><section class=\"m-accordion-item js-accordion-item js-accordion-item--last m-accordion--open\"><div class=\"m-accordion-content js-accordion-content\"><p>A MATHY \u00fczemanyag-adal\u00e9kanyagok kaphat\u00f3k d\u00edzel, biod\u00edzel, n\u00f6v\u00e9nyi olajok, benzin \u00e9s benzin-etanol \u00fczemanyagokhoz, valamint a kipufog\u00f3g\u00e1zok ter\u00fclet\u00e9n a speci\u00e1lis rendszer tiszt\u00edt\u00e1s\u00e1hoz, mint p\u00e9ld\u00e1ul a kipufog\u00f3g\u00e1z-visszavezet\u0151 rendszerek (EGR-szelep), kataliz\u00e1torok \u00e9s d\u00edzel r\u00e9szecskesz\u0171r\u0151k (DPF). \u00a0<\/p><\/div><\/section><\/div><\/div>\n\t\t\t\t<\/div>\n\t\t\t\t\t\t\t\t<\/div>\n\t\t\t\t\t\t<\/div>\n\t\t\t\t<\/div>\n\t\t\t\t\t<\/div>\n\t\t<\/div>\n\t\t\t\t\t<\/div>\n\t\t<\/section>\n\t\t\t\t<section class=\"elementor-section elementor-top-section elementor-element elementor-element-b971897 elementor-section-boxed elementor-section-height-default elementor-section-height-default\" data-id=\"b971897\" data-element_type=\"section\" data-e-type=\"section\">\n\t\t\t\t\t\t<div class=\"elementor-container elementor-column-gap-default\">\n\t\t\t\t\t<div class=\"elementor-column elementor-col-100 elementor-top-column elementor-element elementor-element-3a3f5af\" data-id=\"3a3f5af\" data-element_type=\"column\" data-e-type=\"column\">\n\t\t\t<div class=\"elementor-widget-wrap elementor-element-populated\">\n\t\t\t\t\t\t<div class=\"elementor-element elementor-element-63fa635 elementor-widget elementor-widget-text-editor\" data-id=\"63fa635\" data-element_type=\"widget\" data-e-type=\"widget\" data-widget_type=\"text-editor.default\">\n\t\t\t\t<div class=\"elementor-widget-container\">\n\t\t\t\t\t\t\t\t\t<p><strong>Probl\u00e9mamegold\u00f3ink<\/strong><\/p>\t\t\t\t\t\t\t\t<\/div>\n\t\t\t\t<\/div>\n\t\t\t\t<div class=\"elementor-element elementor-element-7ac161f elementor-widget elementor-widget-the7-elements-woo-carousel\" data-id=\"7ac161f\" data-element_type=\"widget\" data-e-type=\"widget\" data-widget_type=\"the7-elements-woo-carousel.default\">\n\t\t\t\t<div class=\"elementor-widget-container\">\n\t\t\t\t\t<div class=\"owl-carousel products-carousel-shortcode dt-owl-carousel-call the7-elements-woo-carousel-7ac161f cart-btn-below-img bullets-small-dot-stroke reposition-arrows arrows-bg-on dt-arrow-border-on dt-arrow-hover-border-on disable-arrows-hover-bg arrows-hover-bg-on wc-img-hover hide-description\" data-scroll-mode=\"1\" data-wide-col-num=\"4\" data-col-num=\"3\" data-laptop-col=\"3\" data-h-tablet-columns-num=\"2\" data-v-tablet-columns-num=\"2\" data-phone-columns-num=\"1\" data-auto-height=\"false\" data-col-gap=\"15\" data-stage-padding=\"0\" data-speed=\"600\" data-autoplay=\"false\" data-autoplay_speed=\"6000\" data-arrows=\"true\" data-bullet=\"false\" data-next-icon=\"fas fa-chevron-right\" data-prev-icon=\"fas fa-chevron-left\"><article class=\"post post-906 product type-product status-publish has-post-thumbnail product_brand-mvg-mathe-schmierstofftechnik-gmbh product_cat-kraftstoffsystem description-off first instock taxable shipping-taxable purchasable product-type-variable\" ><figure class=\"woocom-project\">\n\t<div class=\"woo-buttons-on-img\">\n\n\t\t<a href=\"https:\/\/mathy-austria.com\/hu\/termek\/mathy-d\/\" class=\"alignnone layzr-bg\"><img fetchpriority=\"high\" decoding=\"async\" width=\"300\" height=\"300\" src=\"data:image\/svg+xml;charset=utf-8,%3Csvg xmlns%3D&#039;http%3A%2F%2Fwww.w3.org%2F2000%2Fsvg&#039; viewBox%3D&#039;0 0 300 300&#039;%2F%3E\" class=\"attachment-woocommerce_thumbnail size-woocommerce_thumbnail owl-lazy-load preload-me\" alt=\"MATHY-D\" data-src=\"https:\/\/mathy-austria.com\/wp-content\/uploads\/2019\/08\/products-mathy-d-diesel-systemreiniger_250ml-300x300.jpg\" data-srcset=\"https:\/\/mathy-austria.com\/wp-content\/uploads\/2019\/08\/products-mathy-d-diesel-systemreiniger_250ml-300x300.jpg 300w, https:\/\/mathy-austria.com\/wp-content\/uploads\/2019\/08\/products-mathy-d-diesel-systemreiniger_250ml-200x200.jpg 200w, https:\/\/mathy-austria.com\/wp-content\/uploads\/2019\/08\/products-mathy-d-diesel-systemreiniger_250ml.jpg 150w, https:\/\/mathy-austria.com\/wp-content\/uploads\/2019\/08\/products-mathy-d-diesel-systemreiniger_250ml.jpg 475w\" \/><img decoding=\"async\" width=\"300\" height=\"300\" src=\"data:image\/svg+xml;charset=utf-8,%3Csvg xmlns%3D&#039;http%3A%2F%2Fwww.w3.org%2F2000%2Fsvg&#039; viewBox%3D&#039;0 0 300 300&#039;%2F%3E\" class=\"show-on-hover back-image owl-lazy-load preload-me\" alt=\"\" data-src=\"https:\/\/mathy-austria.com\/wp-content\/uploads\/2014\/04\/mathy-d_diesel_systemreiniger_3x250ml-Kopie-300x300.jpg\" data-srcset=\"https:\/\/mathy-austria.com\/wp-content\/uploads\/2014\/04\/mathy-d_diesel_systemreiniger_3x250ml-Kopie-300x300.jpg 300w, https:\/\/mathy-austria.com\/wp-content\/uploads\/2014\/04\/mathy-d_diesel_systemreiniger_3x250ml-Kopie-1024x1024.jpg 1024w, https:\/\/mathy-austria.com\/wp-content\/uploads\/2014\/04\/mathy-d_diesel_systemreiniger_3x250ml-Kopie-150x150.jpg 150w, https:\/\/mathy-austria.com\/wp-content\/uploads\/2014\/04\/mathy-d_diesel_systemreiniger_3x250ml-Kopie-768x768.jpg 768w, https:\/\/mathy-austria.com\/wp-content\/uploads\/2014\/04\/mathy-d_diesel_systemreiniger_3x250ml-Kopie-1536x1536.jpg 1536w, https:\/\/mathy-austria.com\/wp-content\/uploads\/2014\/04\/mathy-d_diesel_systemreiniger_3x250ml-Kopie-600x600.jpg 600w, https:\/\/mathy-austria.com\/wp-content\/uploads\/2014\/04\/mathy-d_diesel_systemreiniger_3x250ml-Kopie-200x200.jpg 200w, https:\/\/mathy-austria.com\/wp-content\/uploads\/2014\/04\/mathy-d_diesel_systemreiniger_3x250ml-Kopie.jpg 1772w\" \/><\/a>\n\t<\/div>\n\t<figcaption class=\"woocom-list-content\">\n\n\t\t<div class=\"woo-buttons\"><a href=\"https:\/\/mathy-austria.com\/hu\/termek\/mathy-d\/\" aria-describedby=\"woocommerce_loop_add_to_cart_link_describedby_906\" data-quantity=\"1\" class=\"product_type_variable add_to_cart_button\" data-product_id=\"906\" data-product_sku=\"1290-999\" aria-label=\"V\u00e1lasszunk \u201cMATHY-D\u201d lehet\u0151s\u00e9gek k\u00f6z\u00fcl\" rel=\"nofollow\" data-no-translation=\"\" data-trp-gettext=\"\" data-no-translation-aria-label=\"\">Opci\u00f3k v\u00e1laszt\u00e1sa<\/a>\t<span id=\"woocommerce_loop_add_to_cart_link_describedby_906\" class=\"screen-reader-text\">\n\t\tEnnek a term\u00e9knek t\u00f6bb v\u00e1ltozata van. A v\u00e1ltozatok a term\u00e9koldalon v\u00e1laszthat\u00f3k ki\t<\/span>\n<\/div>\n\t<\/figcaption>\n<\/figure>\n<\/article><article class=\"post post-904 product type-product status-publish has-post-thumbnail product_brand-mvg-mathe-schmierstofftechnik-gmbh product_cat-kraftstoffsystem description-off  instock taxable shipping-taxable purchasable product-type-variable\" ><figure class=\"woocom-project\">\n\t<div class=\"woo-buttons-on-img\">\n\n\t\t<a href=\"https:\/\/mathy-austria.com\/hu\/termek\/mathy-be\/\" class=\"alignnone layzr-bg\"><img decoding=\"async\" width=\"300\" height=\"300\" src=\"data:image\/svg+xml;charset=utf-8,%3Csvg xmlns%3D&#039;http%3A%2F%2Fwww.w3.org%2F2000%2Fsvg&#039; viewBox%3D&#039;0 0 300 300&#039;%2F%3E\" class=\"attachment-woocommerce_thumbnail size-woocommerce_thumbnail owl-lazy-load preload-me\" alt=\"MATHY-BE\" data-src=\"https:\/\/mathy-austria.com\/wp-content\/uploads\/2019\/08\/products-mathy-be_benzin-systemreiniger_250ml-300x300.jpg\" data-srcset=\"https:\/\/mathy-austria.com\/wp-content\/uploads\/2019\/08\/products-mathy-be_benzin-systemreiniger_250ml-300x300.jpg 300w, https:\/\/mathy-austria.com\/wp-content\/uploads\/2019\/08\/products-mathy-be_benzin-systemreiniger_250ml-200x200.jpg 200w, https:\/\/mathy-austria.com\/wp-content\/uploads\/2019\/08\/products-mathy-be_benzin-systemreiniger_250ml.jpg 150w, https:\/\/mathy-austria.com\/wp-content\/uploads\/2019\/08\/products-mathy-be_benzin-systemreiniger_250ml.jpg 475w\" \/><img loading=\"lazy\" decoding=\"async\" width=\"300\" height=\"300\" src=\"data:image\/svg+xml;charset=utf-8,%3Csvg xmlns%3D&#039;http%3A%2F%2Fwww.w3.org%2F2000%2Fsvg&#039; viewBox%3D&#039;0 0 300 300&#039;%2F%3E\" class=\"show-on-hover back-image owl-lazy-load preload-me\" alt=\"\" data-src=\"https:\/\/mathy-austria.com\/wp-content\/uploads\/2014\/04\/mathy-be-benzin-Systemreiniger_3x2500ml-300x300.jpg\" data-srcset=\"https:\/\/mathy-austria.com\/wp-content\/uploads\/2014\/04\/mathy-be-benzin-Systemreiniger_3x2500ml-300x300.jpg 300w, https:\/\/mathy-austria.com\/wp-content\/uploads\/2014\/04\/mathy-be-benzin-Systemreiniger_3x2500ml-1024x1024.jpg 1024w, https:\/\/mathy-austria.com\/wp-content\/uploads\/2014\/04\/mathy-be-benzin-Systemreiniger_3x2500ml-150x150.jpg 150w, https:\/\/mathy-austria.com\/wp-content\/uploads\/2014\/04\/mathy-be-benzin-Systemreiniger_3x2500ml-768x768.jpg 768w, https:\/\/mathy-austria.com\/wp-content\/uploads\/2014\/04\/mathy-be-benzin-Systemreiniger_3x2500ml-1536x1536.jpg 1536w, https:\/\/mathy-austria.com\/wp-content\/uploads\/2014\/04\/mathy-be-benzin-Systemreiniger_3x2500ml-600x600.jpg 600w, https:\/\/mathy-austria.com\/wp-content\/uploads\/2014\/04\/mathy-be-benzin-Systemreiniger_3x2500ml-200x200.jpg 200w, https:\/\/mathy-austria.com\/wp-content\/uploads\/2014\/04\/mathy-be-benzin-Systemreiniger_3x2500ml.jpg 1772w\" \/><\/a>\n\t<\/div>\n\t<figcaption class=\"woocom-list-content\">\n\n\t\t<div class=\"woo-buttons\"><a href=\"https:\/\/mathy-austria.com\/hu\/termek\/mathy-be\/\" aria-describedby=\"woocommerce_loop_add_to_cart_link_describedby_904\" data-quantity=\"1\" class=\"product_type_variable add_to_cart_button\" data-product_id=\"904\" data-product_sku=\"1270-999\" aria-label=\"V\u00e1lasszunk \u201cMATHY-BE\u201d lehet\u0151s\u00e9gek k\u00f6z\u00fcl\" rel=\"nofollow\" data-no-translation=\"\" data-trp-gettext=\"\" data-no-translation-aria-label=\"\">Opci\u00f3k v\u00e1laszt\u00e1sa<\/a>\t<span id=\"woocommerce_loop_add_to_cart_link_describedby_904\" class=\"screen-reader-text\">\n\t\tEnnek a term\u00e9knek t\u00f6bb v\u00e1ltozata van. A v\u00e1ltozatok a term\u00e9koldalon v\u00e1laszthat\u00f3k ki\t<\/span>\n<\/div>\n\t<\/figcaption>\n<\/figure>\n<\/article><\/div>\t\t\t\t<\/div>\n\t\t\t\t<\/div>\n\t\t\t\t\t<\/div>\n\t\t<\/div>\n\t\t\t\t\t<\/div>\n\t\t<\/section>\n\t\t\t\t<\/div>","protected":false},"excerpt":{"rendered":"<p>Nagy hat\u00e9konys\u00e1g\u00fa adal\u00e9kanyagok a nagyobb TELJES\u00cdTM\u00c9NY\u00c9RT. K\u00f6nny\u0171 felvitel a tart\u00e1lyon kereszt\u00fcl. Csak tiszta \u00fczemanyagrendszer biztos\u00edtja az optim\u00e1lis \u00e9g\u00e9st teljes terhel\u00e9s mellett. A MATHY \u00fczemanyag-adal\u00e9kok megtiszt\u00edtj\u00e1k az \u00fczemanyaggal \u00e9rintkez\u0151 \u00f6sszes alkatr\u00e9szt, \u00e9s folyamatos haszn\u00e1lat mellett is tiszt\u00e1n tartj\u00e1k azokat. A szelepek \u00e9s szelep\u00fcl\u00e9sek k\u00edm\u00e9letesen megszabadulnak a sz\u00e9nlerak\u00f3d\u00e1sokt\u00f3l, majd teljesen visszaz\u00e1r\u00f3dnak. A befecskendez\u0151 f\u00fav\u00f3k\u00e1kon l\u00e9v\u0151 lerak\u00f3d\u00e1sok lebomlanak, \u00e9s a sz\u00f3r\u00e1sk\u00e9p javul. El\u0151ny\u00f6k egy pillant\u00e1sra: A... tiszt\u00edt\u00e1sa<\/p>","protected":false},"author":1,"featured_media":0,"parent":2127,"menu_order":0,"comment_status":"closed","ping_status":"closed","template":"","meta":{"footnotes":""},"class_list":["post-2448","page","type-page","status-publish","hentry"],"_links":{"self":[{"href":"https:\/\/mathy-austria.com\/hu\/wp-json\/wp\/v2\/pages\/2448","targetHints":{"allow":["GET"]}}],"collection":[{"href":"https:\/\/mathy-austria.com\/hu\/wp-json\/wp\/v2\/pages"}],"about":[{"href":"https:\/\/mathy-austria.com\/hu\/wp-json\/wp\/v2\/types\/page"}],"author":[{"embeddable":true,"href":"https:\/\/mathy-austria.com\/hu\/wp-json\/wp\/v2\/users\/1"}],"replies":[{"embeddable":true,"href":"https:\/\/mathy-austria.com\/hu\/wp-json\/wp\/v2\/comments?post=2448"}],"version-history":[{"count":0,"href":"https:\/\/mathy-austria.com\/hu\/wp-json\/wp\/v2\/pages\/2448\/revisions"}],"up":[{"embeddable":true,"href":"https:\/\/mathy-austria.com\/hu\/wp-json\/wp\/v2\/pages\/2127"}],"wp:attachment":[{"href":"https:\/\/mathy-austria.com\/hu\/wp-json\/wp\/v2\/media?parent=2448"}],"curies":[{"name":"wp","href":"https:\/\/api.w.org\/{rel}","templated":true}]}}