{"id":2402,"date":"2020-08-20T15:11:31","date_gmt":"2020-08-20T13:11:31","guid":{"rendered":"https:\/\/mathy-austria.com\/?page_id=2402"},"modified":"2020-09-22T19:56:34","modified_gmt":"2020-09-22T17:56:34","slug":"kraftstoff-additive","status":"publish","type":"page","link":"https:\/\/mathy-austria.com\/hu\/anwendung\/motorrad\/kraftstoff-additive\/","title":{"rendered":"\u00dczemanyag-adal\u00e9kanyagok"},"content":{"rendered":"<div data-elementor-type=\"wp-page\" data-elementor-id=\"2402\" class=\"elementor elementor-2402\" data-elementor-post-type=\"page\">\n\t\t\t\t\t\t<section class=\"elementor-section elementor-top-section elementor-element elementor-element-17d99ff elementor-section-boxed elementor-section-height-default elementor-section-height-default\" data-id=\"17d99ff\" data-element_type=\"section\" data-e-type=\"section\">\n\t\t\t\t\t\t<div class=\"elementor-container elementor-column-gap-default\">\n\t\t\t\t\t<div class=\"elementor-column elementor-col-100 elementor-top-column elementor-element elementor-element-722c005\" data-id=\"722c005\" data-element_type=\"column\" data-e-type=\"column\">\n\t\t\t<div class=\"elementor-widget-wrap elementor-element-populated\">\n\t\t\t\t\t\t<div class=\"elementor-element elementor-element-253b668 elementor-widget elementor-widget-text-editor\" data-id=\"253b668\" data-element_type=\"widget\" data-e-type=\"widget\" data-widget_type=\"text-editor.default\">\n\t\t\t\t<div class=\"elementor-widget-container\">\n\t\t\t\t\t\t\t\t\t<h1>Rendk\u00edv\u00fcl hat\u00e9kony \u00e9s k\u00f6nnyen haszn\u00e1lhat\u00f3<\/h1><p><strong>Csak egy m\u0171k\u00f6d\u0151 \u00fczemanyagrendszer juttatja el az er\u0151t a ker\u00e9khez.<\/strong><\/p><p>A MATHY \u00fczemanyag-adal\u00e9kanyagok a motorker\u00e9kp\u00e1rosok k\u00f6r\u00e9ben is \u00e9vek \u00f3ta j\u00f3l ismertek. A MATHY adal\u00e9kanyagok rendszeres hozz\u00e1ad\u00e1sa az \u00fczemanyagtart\u00e1lyhoz k\u00edm\u00e9letesen helyre\u00e1ll\u00edtja az \u00fczemanyagrendszer teljes teljes\u00edtm\u00e9ny\u00e9t \u00e9s seg\u00edt az \u00e9rt\u00e9kmeg\u0151rz\u00e9sben. A tiszt\u00edt\u00f3 komponensek fenntarthat\u00f3an jav\u00edtj\u00e1k az \u00e9g\u00e9si folyamatot \u00e9s optimaliz\u00e1lj\u00e1k az \u00fczemanyag-fogyaszt\u00e1st.<\/p>\t\t\t\t\t\t\t\t<\/div>\n\t\t\t\t<\/div>\n\t\t\t\t<div class=\"elementor-element elementor-element-448852b elementor-widget elementor-widget-text-editor\" data-id=\"448852b\" data-element_type=\"widget\" data-e-type=\"widget\" data-widget_type=\"text-editor.default\">\n\t\t\t\t<div class=\"elementor-widget-container\">\n\t\t\t\t\t\t\t\t\t<h2>Az el\u0151ny\u00f6k \u00e1ttekint\u00e9se<\/h2><ul><li>Tiszt\u00edtja a teljes \u00fczemanyagrendszert<\/li><li>Optimaliz\u00e1lja az \u00fczemanyag-fogyaszt\u00e1st<\/li><li>Jav\u00edtja az \u00e9g\u00e9si folyamatot<\/li><li>Cs\u00f6kkenti az NOx-kibocs\u00e1t\u00e1st<\/li><li>Jav\u00edtja az ind\u00edt\u00e1si viselked\u00e9st<\/li><\/ul>\t\t\t\t\t\t\t\t<\/div>\n\t\t\t\t<\/div>\n\t\t\t\t\t<\/div>\n\t\t<\/div>\n\t\t\t\t\t<\/div>\n\t\t<\/section>\n\t\t\t\t<section class=\"elementor-section elementor-top-section elementor-element elementor-element-94528d8 elementor-section-boxed elementor-section-height-default elementor-section-height-default\" data-id=\"94528d8\" data-element_type=\"section\" data-e-type=\"section\">\n\t\t\t\t\t\t<div class=\"elementor-container elementor-column-gap-default\">\n\t\t\t\t\t<div class=\"elementor-column elementor-col-100 elementor-top-column elementor-element elementor-element-2d5524d4\" data-id=\"2d5524d4\" data-element_type=\"column\" data-e-type=\"column\">\n\t\t\t<div class=\"elementor-widget-wrap elementor-element-populated\">\n\t\t\t\t\t\t<div class=\"elementor-element elementor-element-14790e9e elementor-widget elementor-widget-heading\" data-id=\"14790e9e\" data-element_type=\"widget\" data-e-type=\"widget\" data-widget_type=\"heading.default\">\n\t\t\t\t<div class=\"elementor-widget-container\">\n\t\t\t\t\t<h2 class=\"elementor-heading-title elementor-size-default\">Gyakran felmer\u00fcl\u0151 k\u00e9rd\u00e9sek vagy probl\u00e9m\u00e1k<\/h2>\t\t\t\t<\/div>\n\t\t\t\t<\/div>\n\t\t\t\t<div class=\"elementor-element elementor-element-4f9f1ee5 elementor-widget elementor-widget-accordion\" data-id=\"4f9f1ee5\" data-element_type=\"widget\" data-e-type=\"widget\" data-widget_type=\"accordion.default\">\n\t\t\t\t<div class=\"elementor-widget-container\">\n\t\t\t\t\t\t\t<div class=\"elementor-accordion\">\n\t\t\t\t\t\t\t<div class=\"elementor-accordion-item\">\n\t\t\t\t\t<div id=\"elementor-tab-title-1331\" class=\"elementor-tab-title\" data-tab=\"1\" role=\"button\" aria-controls=\"elementor-tab-content-1331\" aria-expanded=\"false\">\n\t\t\t\t\t\t\t\t\t\t\t\t\t<span class=\"elementor-accordion-icon elementor-accordion-icon-left\" aria-hidden=\"true\">\n\t\t\t\t\t\t\t\t\t\t\t\t\t\t\t<span class=\"elementor-accordion-icon-closed\"><i class=\"fas fa-plus\"><\/i><\/span>\n\t\t\t\t\t\t\t\t<span class=\"elementor-accordion-icon-opened\"><i class=\"fas fa-minus\"><\/i><\/span>\n\t\t\t\t\t\t\t\t\t\t\t\t\t\t<\/span>\n\t\t\t\t\t\t\t\t\t\t\t\t<a class=\"elementor-accordion-title\" tabindex=\"0\">Hogyan haszn\u00e1lj\u00e1k a MATHY \u00fczemanyag-adal\u00e9kokat?<\/a>\n\t\t\t\t\t<\/div>\n\t\t\t\t\t<div id=\"elementor-tab-content-1331\" class=\"elementor-tab-content elementor-clearfix\" data-tab=\"1\" role=\"region\" aria-labelledby=\"elementor-tab-title-1331\"><section class=\"m-accordion-item js-accordion-item m-accordion--open\"><div class=\"m-accordion-content js-accordion-content\"><section class=\"m-accordion-item js-accordion-item m-accordion--open\"><div class=\"m-accordion-content js-accordion-content\"><p>A MATHY \u00fczemanyag-adal\u00e9kanyagok alkalmaz\u00e1sa nagyon egyszer\u0171. K\u00f6zvetlen\u00fcl a tankol\u00e1s el\u0151tt adja hozz\u00e1 az \u00fczemanyag-adal\u00e9kot a majdnem \u00fcres tankhoz, majd t\u00f6ltse fel.<\/p><\/div><\/section><section class=\"m-accordion-item js-accordion-item\"><\/section><\/div><\/section><section class=\"m-accordion-item js-accordion-item\"><\/section><\/div>\n\t\t\t\t<\/div>\n\t\t\t\t\t\t\t<div class=\"elementor-accordion-item\">\n\t\t\t\t\t<div id=\"elementor-tab-title-1332\" class=\"elementor-tab-title\" data-tab=\"2\" role=\"button\" aria-controls=\"elementor-tab-content-1332\" aria-expanded=\"false\">\n\t\t\t\t\t\t\t\t\t\t\t\t\t<span class=\"elementor-accordion-icon elementor-accordion-icon-left\" aria-hidden=\"true\">\n\t\t\t\t\t\t\t\t\t\t\t\t\t\t\t<span class=\"elementor-accordion-icon-closed\"><i class=\"fas fa-plus\"><\/i><\/span>\n\t\t\t\t\t\t\t\t<span class=\"elementor-accordion-icon-opened\"><i class=\"fas fa-minus\"><\/i><\/span>\n\t\t\t\t\t\t\t\t\t\t\t\t\t\t<\/span>\n\t\t\t\t\t\t\t\t\t\t\t\t<a class=\"elementor-accordion-title\" tabindex=\"0\">Milyen gyakran kell haszn\u00e1lni a MATHY \u00fczemanyag-adal\u00e9kokat?<\/a>\n\t\t\t\t\t<\/div>\n\t\t\t\t\t<div id=\"elementor-tab-content-1332\" class=\"elementor-tab-content elementor-clearfix\" data-tab=\"2\" role=\"region\" aria-labelledby=\"elementor-tab-title-1332\"><section class=\"m-accordion-item js-accordion-item m-accordion--open\"><div class=\"m-accordion-content js-accordion-content\"><p>Javasoljuk a MATHY-F \u00fczemanyag-adal\u00e9k \u00e1lland\u00f3 hozz\u00e1ad\u00e1s\u00e1t. K\u00edm\u00e9letesen tiszt\u00edt, \u00e9s hossz\u00fa t\u00e1von tiszt\u00e1n tartja az \u00fczemanyagrendszert \u00e9s az \u00e9g\u00e9stermet.<\/p><\/div><\/section><section class=\"m-accordion-item js-accordion-item\"><\/section><\/div>\n\t\t\t\t<\/div>\n\t\t\t\t\t\t\t<div class=\"elementor-accordion-item\">\n\t\t\t\t\t<div id=\"elementor-tab-title-1333\" class=\"elementor-tab-title\" data-tab=\"3\" role=\"button\" aria-controls=\"elementor-tab-content-1333\" aria-expanded=\"false\">\n\t\t\t\t\t\t\t\t\t\t\t\t\t<span class=\"elementor-accordion-icon elementor-accordion-icon-left\" aria-hidden=\"true\">\n\t\t\t\t\t\t\t\t\t\t\t\t\t\t\t<span class=\"elementor-accordion-icon-closed\"><i class=\"fas fa-plus\"><\/i><\/span>\n\t\t\t\t\t\t\t\t<span class=\"elementor-accordion-icon-opened\"><i class=\"fas fa-minus\"><\/i><\/span>\n\t\t\t\t\t\t\t\t\t\t\t\t\t\t<\/span>\n\t\t\t\t\t\t\t\t\t\t\t\t<a class=\"elementor-accordion-title\" tabindex=\"0\">Befoly\u00e1solja-e a MATHY \u00fczemanyag-adal\u00e9kanyag hozz\u00e1ad\u00e1sa az \u00fczemanyag-fogyaszt\u00e1st?<\/a>\n\t\t\t\t\t<\/div>\n\t\t\t\t\t<div id=\"elementor-tab-content-1333\" class=\"elementor-tab-content elementor-clearfix\" data-tab=\"3\" role=\"region\" aria-labelledby=\"elementor-tab-title-1333\"><section class=\"m-accordion-item js-accordion-item m-accordion--open\"><div class=\"m-accordion-content js-accordion-content\"><p>Csak egy z\u00f6kken\u0151mentesen m\u0171k\u00f6d\u0151 \u00fczemanyagrendszer k\u00e9pes hat\u00e9konyan m\u0171k\u00f6dni. Ha a szennyezett rendszerb\u0151l elt\u00e1vol\u00edtj\u00e1k a kokszol\u00e1st, az \u00fczemanyag-fogyaszt\u00e1s is optimaliz\u00e1l\u00f3dik. \u00a0<\/p><\/div><\/section><section class=\"m-accordion-item js-accordion-item js-accordion-item--last\"><\/section><\/div>\n\t\t\t\t<\/div>\n\t\t\t\t\t\t\t<div class=\"elementor-accordion-item\">\n\t\t\t\t\t<div id=\"elementor-tab-title-1334\" class=\"elementor-tab-title\" data-tab=\"4\" role=\"button\" aria-controls=\"elementor-tab-content-1334\" aria-expanded=\"false\">\n\t\t\t\t\t\t\t\t\t\t\t\t\t<span class=\"elementor-accordion-icon elementor-accordion-icon-left\" aria-hidden=\"true\">\n\t\t\t\t\t\t\t\t\t\t\t\t\t\t\t<span class=\"elementor-accordion-icon-closed\"><i class=\"fas fa-plus\"><\/i><\/span>\n\t\t\t\t\t\t\t\t<span class=\"elementor-accordion-icon-opened\"><i class=\"fas fa-minus\"><\/i><\/span>\n\t\t\t\t\t\t\t\t\t\t\t\t\t\t<\/span>\n\t\t\t\t\t\t\t\t\t\t\t\t<a class=\"elementor-accordion-title\" tabindex=\"0\">Cs\u00f6kkenthet\u0151k-e a t\u00e9li sz\u00fcnet ut\u00e1n az indul\u00e1si neh\u00e9zs\u00e9gek?<\/a>\n\t\t\t\t\t<\/div>\n\t\t\t\t\t<div id=\"elementor-tab-content-1334\" class=\"elementor-tab-content elementor-clearfix\" data-tab=\"4\" role=\"region\" aria-labelledby=\"elementor-tab-title-1334\"><div class=\"m-accordion js-accordion\"><section class=\"m-accordion-item js-accordion-item js-accordion-item--last m-accordion--open\"><div class=\"m-accordion-content js-accordion-content\"><p>Amikor a motorker\u00e9kp\u00e1rokat a t\u00e9li sz\u00fcnet ut\u00e1n beind\u00edtj\u00e1k, a motor mindig egyenetlen\u00fcl j\u00e1r. Ennek egyik oka az okt\u00e1nsz\u00e1m cs\u00f6kken\u00e9se. Az \u00e1ll\u00e1sid\u0151k (t\u00e9l) miatt az \u00f6sszetev\u0151k elp\u00e1rolognak a k\u00f6rnyezeti leveg\u0151be. Ez cs\u00f6kkenti a benzin \u00fczemanyag min\u0151s\u00e9g\u00e9t. Ha a benzin\u00fczemanyag m\u00e1r nem rendelkezik kell\u0151en magas okt\u00e1nsz\u00e1mmal, az \u00e9g\u00e9si folyamat megszakad, \u00e9s a motor egyenetlen\u00fcl j\u00e1r.\u00a0\u00a0<\/p><\/div><\/section><\/div><\/div>\n\t\t\t\t<\/div>\n\t\t\t\t\t\t\t\t<\/div>\n\t\t\t\t\t\t<\/div>\n\t\t\t\t<\/div>\n\t\t\t\t\t<\/div>\n\t\t<\/div>\n\t\t\t\t\t<\/div>\n\t\t<\/section>\n\t\t\t\t<section class=\"elementor-section elementor-top-section elementor-element elementor-element-b971897 elementor-section-boxed elementor-section-height-default elementor-section-height-default\" data-id=\"b971897\" data-element_type=\"section\" data-e-type=\"section\">\n\t\t\t\t\t\t<div class=\"elementor-container elementor-column-gap-default\">\n\t\t\t\t\t<div class=\"elementor-column elementor-col-100 elementor-top-column elementor-element elementor-element-3a3f5af\" data-id=\"3a3f5af\" data-element_type=\"column\" data-e-type=\"column\">\n\t\t\t<div class=\"elementor-widget-wrap elementor-element-populated\">\n\t\t\t\t\t\t<div class=\"elementor-element elementor-element-63fa635 elementor-widget elementor-widget-text-editor\" data-id=\"63fa635\" data-element_type=\"widget\" data-e-type=\"widget\" data-widget_type=\"text-editor.default\">\n\t\t\t\t<div class=\"elementor-widget-container\">\n\t\t\t\t\t\t\t\t\t<div id=\"c1583\" class=\"frame frame-default frame-type-textmedia frame-layout-0\"><div class=\"ce-textpic ce-right ce-intext\"><div class=\"ce-bodytext\"><strong>Probl\u00e9mamegold\u00f3ink a tiszta \u00fczemanyagrendszerhez\u00a0<\/strong><\/div><\/div><\/div>\t\t\t\t\t\t\t\t<\/div>\n\t\t\t\t<\/div>\n\t\t\t\t<div class=\"elementor-element elementor-element-7ac161f elementor-widget elementor-widget-the7-elements-woo-carousel\" data-id=\"7ac161f\" data-element_type=\"widget\" data-e-type=\"widget\" data-widget_type=\"the7-elements-woo-carousel.default\">\n\t\t\t\t<div class=\"elementor-widget-container\">\n\t\t\t\t\t<div class=\"owl-carousel products-carousel-shortcode dt-owl-carousel-call the7-elements-woo-carousel-7ac161f cart-btn-below-img bullets-small-dot-stroke reposition-arrows arrows-bg-on dt-arrow-border-on dt-arrow-hover-border-on disable-arrows-hover-bg arrows-hover-bg-on wc-img-hover hide-description\" data-scroll-mode=\"1\" data-wide-col-num=\"4\" data-col-num=\"3\" data-laptop-col=\"3\" data-h-tablet-columns-num=\"2\" data-v-tablet-columns-num=\"2\" data-phone-columns-num=\"1\" data-auto-height=\"false\" data-col-gap=\"15\" data-stage-padding=\"0\" data-speed=\"600\" data-autoplay=\"false\" data-autoplay_speed=\"6000\" data-arrows=\"true\" data-bullet=\"false\" data-next-icon=\"fas fa-chevron-right\" data-prev-icon=\"fas fa-chevron-left\"><article class=\"post post-904 product type-product status-publish has-post-thumbnail product_brand-mvg-mathe-schmierstofftechnik-gmbh product_cat-kraftstoffsystem description-off first instock taxable shipping-taxable purchasable product-type-variable\" ><figure class=\"woocom-project\">\n\t<div class=\"woo-buttons-on-img\">\n\n\t\t<a href=\"https:\/\/mathy-austria.com\/hu\/termek\/mathy-be\/\" class=\"alignnone layzr-bg\"><img fetchpriority=\"high\" decoding=\"async\" width=\"300\" height=\"300\" src=\"data:image\/svg+xml;charset=utf-8,%3Csvg xmlns%3D&#039;http%3A%2F%2Fwww.w3.org%2F2000%2Fsvg&#039; viewBox%3D&#039;0 0 300 300&#039;%2F%3E\" class=\"attachment-woocommerce_thumbnail size-woocommerce_thumbnail owl-lazy-load preload-me\" alt=\"MATHY-BE\" data-src=\"https:\/\/mathy-austria.com\/wp-content\/uploads\/2019\/08\/products-mathy-be_benzin-systemreiniger_250ml-300x300.jpg\" data-srcset=\"https:\/\/mathy-austria.com\/wp-content\/uploads\/2019\/08\/products-mathy-be_benzin-systemreiniger_250ml-300x300.jpg 300w, https:\/\/mathy-austria.com\/wp-content\/uploads\/2019\/08\/products-mathy-be_benzin-systemreiniger_250ml-200x200.jpg 200w, https:\/\/mathy-austria.com\/wp-content\/uploads\/2019\/08\/products-mathy-be_benzin-systemreiniger_250ml.jpg 150w, https:\/\/mathy-austria.com\/wp-content\/uploads\/2019\/08\/products-mathy-be_benzin-systemreiniger_250ml.jpg 475w\" \/><img decoding=\"async\" width=\"300\" height=\"300\" src=\"data:image\/svg+xml;charset=utf-8,%3Csvg xmlns%3D&#039;http%3A%2F%2Fwww.w3.org%2F2000%2Fsvg&#039; viewBox%3D&#039;0 0 300 300&#039;%2F%3E\" class=\"show-on-hover back-image owl-lazy-load preload-me\" alt=\"\" data-src=\"https:\/\/mathy-austria.com\/wp-content\/uploads\/2014\/04\/mathy-be-benzin-Systemreiniger_3x2500ml-300x300.jpg\" data-srcset=\"https:\/\/mathy-austria.com\/wp-content\/uploads\/2014\/04\/mathy-be-benzin-Systemreiniger_3x2500ml-300x300.jpg 300w, https:\/\/mathy-austria.com\/wp-content\/uploads\/2014\/04\/mathy-be-benzin-Systemreiniger_3x2500ml-1024x1024.jpg 1024w, https:\/\/mathy-austria.com\/wp-content\/uploads\/2014\/04\/mathy-be-benzin-Systemreiniger_3x2500ml-150x150.jpg 150w, https:\/\/mathy-austria.com\/wp-content\/uploads\/2014\/04\/mathy-be-benzin-Systemreiniger_3x2500ml-768x768.jpg 768w, https:\/\/mathy-austria.com\/wp-content\/uploads\/2014\/04\/mathy-be-benzin-Systemreiniger_3x2500ml-1536x1536.jpg 1536w, https:\/\/mathy-austria.com\/wp-content\/uploads\/2014\/04\/mathy-be-benzin-Systemreiniger_3x2500ml-600x600.jpg 600w, https:\/\/mathy-austria.com\/wp-content\/uploads\/2014\/04\/mathy-be-benzin-Systemreiniger_3x2500ml-200x200.jpg 200w, https:\/\/mathy-austria.com\/wp-content\/uploads\/2014\/04\/mathy-be-benzin-Systemreiniger_3x2500ml.jpg 1772w\" \/><\/a>\n\t<\/div>\n\t<figcaption class=\"woocom-list-content\">\n\n\t\t<div class=\"woo-buttons\"><a href=\"https:\/\/mathy-austria.com\/hu\/termek\/mathy-be\/\" aria-describedby=\"woocommerce_loop_add_to_cart_link_describedby_904\" data-quantity=\"1\" class=\"product_type_variable add_to_cart_button\" data-product_id=\"904\" data-product_sku=\"1270-999\" aria-label=\"V\u00e1lasszunk \u201cMATHY-BE\u201d lehet\u0151s\u00e9gek k\u00f6z\u00fcl\" rel=\"nofollow\" data-no-translation=\"\" data-trp-gettext=\"\" data-no-translation-aria-label=\"\">Opci\u00f3k v\u00e1laszt\u00e1sa<\/a>\t<span id=\"woocommerce_loop_add_to_cart_link_describedby_904\" class=\"screen-reader-text\">\n\t\tEnnek a term\u00e9knek t\u00f6bb v\u00e1ltozata van. A v\u00e1ltozatok a term\u00e9koldalon v\u00e1laszthat\u00f3k ki\t<\/span>\n<\/div>\n\t<\/figcaption>\n<\/figure>\n<\/article><\/div>\t\t\t\t<\/div>\n\t\t\t\t<\/div>\n\t\t\t\t\t<\/div>\n\t\t<\/div>\n\t\t\t\t\t<\/div>\n\t\t<\/section>\n\t\t\t\t<\/div>","protected":false},"excerpt":{"rendered":"<p>Rendk\u00edv\u00fcl hat\u00e9kony \u00e9s k\u00f6nnyen haszn\u00e1lhat\u00f3. Csak egy m\u0171k\u00f6d\u0151 \u00fczemanyagrendszer sz\u00e1ll\u00edt er\u0151t a motorker\u00e9kp\u00e1rnak. A MATHY \u00fczemanyag-adal\u00e9kanyagok m\u00e1r \u00e9vek \u00f3ta j\u00f3l ismertek a motorker\u00e9kp\u00e1r-vil\u00e1gban. A MATHY adal\u00e9kanyagok rendszeres hozz\u00e1ad\u00e1sa az \u00fczemanyagtart\u00e1lyhoz k\u00edm\u00e9letesen vissza\u00e1ll\u00edtja az \u00fczemanyagrendszer teljes teljes\u00edtm\u00e9ny\u00e9t, \u00e9s hozz\u00e1j\u00e1rul \u00e9rt\u00e9k\u00e9nek meg\u0151rz\u00e9s\u00e9hez. A tiszt\u00edt\u00f3 alkatr\u00e9szek fenntarthat\u00f3 m\u00f3don jav\u00edtj\u00e1k az \u00e9g\u00e9sfolyamatot...<\/p>","protected":false},"author":1,"featured_media":0,"parent":2125,"menu_order":0,"comment_status":"closed","ping_status":"closed","template":"","meta":{"footnotes":""},"class_list":["post-2402","page","type-page","status-publish","hentry"],"_links":{"self":[{"href":"https:\/\/mathy-austria.com\/hu\/wp-json\/wp\/v2\/pages\/2402","targetHints":{"allow":["GET"]}}],"collection":[{"href":"https:\/\/mathy-austria.com\/hu\/wp-json\/wp\/v2\/pages"}],"about":[{"href":"https:\/\/mathy-austria.com\/hu\/wp-json\/wp\/v2\/types\/page"}],"author":[{"embeddable":true,"href":"https:\/\/mathy-austria.com\/hu\/wp-json\/wp\/v2\/users\/1"}],"replies":[{"embeddable":true,"href":"https:\/\/mathy-austria.com\/hu\/wp-json\/wp\/v2\/comments?post=2402"}],"version-history":[{"count":0,"href":"https:\/\/mathy-austria.com\/hu\/wp-json\/wp\/v2\/pages\/2402\/revisions"}],"up":[{"embeddable":true,"href":"https:\/\/mathy-austria.com\/hu\/wp-json\/wp\/v2\/pages\/2125"}],"wp:attachment":[{"href":"https:\/\/mathy-austria.com\/hu\/wp-json\/wp\/v2\/media?parent=2402"}],"curies":[{"name":"wp","href":"https:\/\/api.w.org\/{rel}","templated":true}]}}