{"id":2383,"date":"2020-08-20T13:57:38","date_gmt":"2020-08-20T11:57:38","guid":{"rendered":"https:\/\/mathy-austria.com\/?page_id=2383"},"modified":"2020-10-07T15:55:19","modified_gmt":"2020-10-07T13:55:19","slug":"getriebeoel-additive","status":"publish","type":"page","link":"https:\/\/mathy-austria.com\/hu\/anwendung\/motorrad\/getriebeoel-additive\/","title":{"rendered":"Sebess\u00e9gv\u00e1lt\u00f3olaj-adal\u00e9kanyagok"},"content":{"rendered":"<div data-elementor-type=\"wp-page\" data-elementor-id=\"2383\" class=\"elementor elementor-2383\" data-elementor-post-type=\"page\">\n\t\t\t\t\t\t<section class=\"elementor-section elementor-top-section elementor-element elementor-element-17d99ff elementor-section-boxed elementor-section-height-default elementor-section-height-default\" data-id=\"17d99ff\" data-element_type=\"section\" data-e-type=\"section\">\n\t\t\t\t\t\t<div class=\"elementor-container elementor-column-gap-default\">\n\t\t\t\t\t<div class=\"elementor-column elementor-col-100 elementor-top-column elementor-element elementor-element-722c005\" data-id=\"722c005\" data-element_type=\"column\" data-e-type=\"column\">\n\t\t\t<div class=\"elementor-widget-wrap elementor-element-populated\">\n\t\t\t\t\t\t<div class=\"elementor-element elementor-element-253b668 elementor-widget elementor-widget-text-editor\" data-id=\"253b668\" data-element_type=\"widget\" data-e-type=\"widget\" data-widget_type=\"text-editor.default\">\n\t\t\t\t<div class=\"elementor-widget-container\">\n\t\t\t\t\t\t\t\t\t<h1>A MATHY-T biztos\u00edtja a pontos kapcsolhat\u00f3s\u00e1got<\/h1><p><strong>Kevesebb karbantart\u00e1s \u00e9s hosszabb \u00e9lettartam<\/strong><\/p><p>A k\u00fcl\u00f6n kenhet\u0151 olajk\u00f6rrel rendelkez\u0151 motorker\u00e9kp\u00e1rok eset\u00e9ben a MATHY-T optimaliz\u00e1lja a v\u00e1lt\u00e1si folyamatokat, cs\u00f6kkenti a zajokat (kattog\u00e1s v\u00e1lt\u00e1s k\u00f6zben) \u00e9s jobb er\u0151\u00e1tvitelt biztos\u00edt a ker\u00e9kre. A szabv\u00e1nyos v\u00e1lt\u00f3olaj nyom\u00f3szil\u00e1rds\u00e1g\u00e1nak n\u00f6vel\u00e9s\u00e9vel kiegyenl\u00edt\u0151dnek a kop\u00e1s okozta nagyobb h\u00e9zagok a fogsz\u00e9lek k\u00f6z\u00f6tt. A MATHY-T kieg\u00e9sz\u00edt\u0151 pufferk\u00e9nt m\u0171k\u00f6dik, amely megakad\u00e1lyozza a tov\u00e1bbi kop\u00e1st.<\/p>\t\t\t\t\t\t\t\t<\/div>\n\t\t\t\t<\/div>\n\t\t\t\t<div class=\"elementor-element elementor-element-448852b elementor-widget elementor-widget-text-editor\" data-id=\"448852b\" data-element_type=\"widget\" data-e-type=\"widget\" data-widget_type=\"text-editor.default\">\n\t\t\t\t<div class=\"elementor-widget-container\">\n\t\t\t\t\t\t\t\t\t<h2>Az el\u0151ny\u00f6k \u00e1ttekint\u00e9se<\/h2><ul><li>Optimaliz\u00e1lja a kapcsol\u00e1si m\u0171veleteket<\/li><li>Cs\u00f6kkenti a kop\u00e1st \u00e9s kiegyens\u00falyozza azt<\/li><li>Jav\u00edtja az er\u0151\u00e1tvitelt a ker\u00e9kre<\/li><li>minimaliz\u00e1lja a fut\u00e1si \u00e9s kapcsol\u00e1si zajokat<\/li><li>V\u00e9d a korr\u00f3zi\u00f3 ellen<\/li><\/ul>\t\t\t\t\t\t\t\t<\/div>\n\t\t\t\t<\/div>\n\t\t\t\t\t<\/div>\n\t\t<\/div>\n\t\t\t\t\t<\/div>\n\t\t<\/section>\n\t\t\t\t<section class=\"elementor-section elementor-top-section elementor-element elementor-element-94528d8 elementor-section-boxed elementor-section-height-default elementor-section-height-default\" data-id=\"94528d8\" data-element_type=\"section\" data-e-type=\"section\">\n\t\t\t\t\t\t<div class=\"elementor-container elementor-column-gap-default\">\n\t\t\t\t\t<div class=\"elementor-column elementor-col-100 elementor-top-column elementor-element elementor-element-2d5524d4\" data-id=\"2d5524d4\" data-element_type=\"column\" data-e-type=\"column\">\n\t\t\t<div class=\"elementor-widget-wrap elementor-element-populated\">\n\t\t\t\t\t\t<div class=\"elementor-element elementor-element-14790e9e elementor-widget elementor-widget-heading\" data-id=\"14790e9e\" data-element_type=\"widget\" data-e-type=\"widget\" data-widget_type=\"heading.default\">\n\t\t\t\t<div class=\"elementor-widget-container\">\n\t\t\t\t\t<h2 class=\"elementor-heading-title elementor-size-default\">Gyakran felmer\u00fcl\u0151 k\u00e9rd\u00e9sek vagy probl\u00e9m\u00e1k<\/h2>\t\t\t\t<\/div>\n\t\t\t\t<\/div>\n\t\t\t\t<div class=\"elementor-element elementor-element-4f9f1ee5 elementor-widget elementor-widget-accordion\" data-id=\"4f9f1ee5\" data-element_type=\"widget\" data-e-type=\"widget\" data-widget_type=\"accordion.default\">\n\t\t\t\t<div class=\"elementor-widget-container\">\n\t\t\t\t\t\t\t<div class=\"elementor-accordion\">\n\t\t\t\t\t\t\t<div class=\"elementor-accordion-item\">\n\t\t\t\t\t<div id=\"elementor-tab-title-1331\" class=\"elementor-tab-title\" data-tab=\"1\" role=\"button\" aria-controls=\"elementor-tab-content-1331\" aria-expanded=\"false\">\n\t\t\t\t\t\t\t\t\t\t\t\t\t<span class=\"elementor-accordion-icon elementor-accordion-icon-left\" aria-hidden=\"true\">\n\t\t\t\t\t\t\t\t\t\t\t\t\t\t\t<span class=\"elementor-accordion-icon-closed\"><i class=\"fas fa-plus\"><\/i><\/span>\n\t\t\t\t\t\t\t\t<span class=\"elementor-accordion-icon-opened\"><i class=\"fas fa-minus\"><\/i><\/span>\n\t\t\t\t\t\t\t\t\t\t\t\t\t\t<\/span>\n\t\t\t\t\t\t\t\t\t\t\t\t<a class=\"elementor-accordion-title\" tabindex=\"0\">Hogyan haszn\u00e1lj\u00e1k a MATHY sebess\u00e9gv\u00e1lt\u00f3olaj-adal\u00e9kokat?<\/a>\n\t\t\t\t\t<\/div>\n\t\t\t\t\t<div id=\"elementor-tab-content-1331\" class=\"elementor-tab-content elementor-clearfix\" data-tab=\"1\" role=\"region\" aria-labelledby=\"elementor-tab-title-1331\"><section class=\"m-accordion-item js-accordion-item m-accordion--open\"><div class=\"m-accordion-content js-accordion-content\"><p>A MATHY sebess\u00e9gv\u00e1lt\u00f3olaj-adal\u00e9kanyagokat az olajcsere ut\u00e1n adj\u00e1k a friss olajhoz. A kop\u00e1s cs\u00f6kkent\u00e9se \u00e9rdek\u00e9ben a sebess\u00e9gv\u00e1lt\u00f3olaj-mennyis\u00e9g legal\u00e1bb 10% r\u00e9sz\u00e9t cser\u00e9lje ki MATHY sebess\u00e9gv\u00e1lt\u00f3olaj-adal\u00e9kokra. V\u00e1lt\u00e1si probl\u00e9m\u00e1k \u00e9s fut\u00f3hangok eset\u00e9n legfeljebb 50% adal\u00e9k adhat\u00f3 hozz\u00e1.\u00a0<\/p><\/div><\/section><section class=\"m-accordion-item js-accordion-item\"><\/section><\/div>\n\t\t\t\t<\/div>\n\t\t\t\t\t\t\t<div class=\"elementor-accordion-item\">\n\t\t\t\t\t<div id=\"elementor-tab-title-1332\" class=\"elementor-tab-title\" data-tab=\"2\" role=\"button\" aria-controls=\"elementor-tab-content-1332\" aria-expanded=\"false\">\n\t\t\t\t\t\t\t\t\t\t\t\t\t<span class=\"elementor-accordion-icon elementor-accordion-icon-left\" aria-hidden=\"true\">\n\t\t\t\t\t\t\t\t\t\t\t\t\t\t\t<span class=\"elementor-accordion-icon-closed\"><i class=\"fas fa-plus\"><\/i><\/span>\n\t\t\t\t\t\t\t\t<span class=\"elementor-accordion-icon-opened\"><i class=\"fas fa-minus\"><\/i><\/span>\n\t\t\t\t\t\t\t\t\t\t\t\t\t\t<\/span>\n\t\t\t\t\t\t\t\t\t\t\t\t<a class=\"elementor-accordion-title\" tabindex=\"0\">Haszn\u00e1lhat\u00f3k-e a MATHY v\u00e1lt\u00f3olaj-adal\u00e9kanyagok minden olajban?<\/a>\n\t\t\t\t\t<\/div>\n\t\t\t\t\t<div id=\"elementor-tab-content-1332\" class=\"elementor-tab-content elementor-clearfix\" data-tab=\"2\" role=\"region\" aria-labelledby=\"elementor-tab-title-1332\"><section class=\"m-accordion-item js-accordion-item m-accordion--open\"><div class=\"m-accordion-content js-accordion-content\"><p>A MATHY sebess\u00e9gv\u00e1lt\u00f3olaj-adal\u00e9kanyagok sz\u00e9nhidrog\u00e9n-alap\u00faak, \u00e9s a folyamatos tov\u00e1bbfejleszt\u00e9snek k\u00f6sz\u00f6nhet\u0151en valamennyi kereskedelmi forgalomban kaphat\u00f3 sebess\u00e9gv\u00e1lt\u00f3-, hipoid- \u00e9s duplakuplungos olajban haszn\u00e1lhat\u00f3k. \u00a0<\/p><\/div><\/section><section class=\"m-accordion-item js-accordion-item\"><\/section><\/div>\n\t\t\t\t<\/div>\n\t\t\t\t\t\t\t<div class=\"elementor-accordion-item\">\n\t\t\t\t\t<div id=\"elementor-tab-title-1333\" class=\"elementor-tab-title\" data-tab=\"3\" role=\"button\" aria-controls=\"elementor-tab-content-1333\" aria-expanded=\"false\">\n\t\t\t\t\t\t\t\t\t\t\t\t\t<span class=\"elementor-accordion-icon elementor-accordion-icon-left\" aria-hidden=\"true\">\n\t\t\t\t\t\t\t\t\t\t\t\t\t\t\t<span class=\"elementor-accordion-icon-closed\"><i class=\"fas fa-plus\"><\/i><\/span>\n\t\t\t\t\t\t\t\t<span class=\"elementor-accordion-icon-opened\"><i class=\"fas fa-minus\"><\/i><\/span>\n\t\t\t\t\t\t\t\t\t\t\t\t\t\t<\/span>\n\t\t\t\t\t\t\t\t\t\t\t\t<a class=\"elementor-accordion-title\" tabindex=\"0\">A MATHY sebess\u00e9gv\u00e1lt\u00f3olaj-adal\u00e9kanyagok tiszt\u00edthatj\u00e1k a k\u00e9zi \u00e9s automata sebess\u00e9gv\u00e1lt\u00f3kat?<\/a>\n\t\t\t\t\t<\/div>\n\t\t\t\t\t<div id=\"elementor-tab-content-1333\" class=\"elementor-tab-content elementor-clearfix\" data-tab=\"3\" role=\"region\" aria-labelledby=\"elementor-tab-title-1333\"><section class=\"m-accordion-item js-accordion-item m-accordion--open\"><div class=\"m-accordion-content js-accordion-content\"><p>A MATHY sebess\u00e9gv\u00e1lt\u00f3olaj-adal\u00e9kanyagok nagy tiszt\u00edt\u00f3 hat\u00e1ssal rendelkeznek. A MATHY adal\u00e9kok 100.000 km feletti fut\u00e1steljes\u00edtm\u00e9ny eset\u00e9n is haszn\u00e1lhat\u00f3k tiszt\u00edt\u00f3szerk\u00e9nt. Ehhez a 10%-t le kell ereszteni a r\u00e9gi sebess\u00e9gv\u00e1lt\u00f3olajb\u00f3l, \u00e9s MATHY sebess\u00e9gv\u00e1lt\u00f3olaj-adal\u00e9kokkal kell helyettes\u00edteni. Ezt k\u00f6vet\u0151en a j\u00e1rm\u0171vet legal\u00e1bb 1000 kilom\u00e9teren kereszt\u00fcl vezetni kell. Ez az \u00fagynevezett tiszt\u00edt\u00e1si f\u00e1zis feloldja a szennyez\u0151d\u00e9seket \u00e9s a v\u00e1lt\u00f3m\u0171ben l\u00e9v\u0151 elt\u00f6m\u0151d\u00e9st. Az ezt k\u00f6vet\u0151 olajcsere ut\u00e1n a sebess\u00e9gv\u00e1lt\u00f3 tiszta, \u00e9s \u00fajra felt\u00f6lthet\u0151 friss olajjal \u00e9s MATHY sebess\u00e9gv\u00e1lt\u00f3olaj-adal\u00e9kokkal. \u00a0\u00a0<\/p><\/div><\/section><section class=\"m-accordion-item js-accordion-item\"><\/section><\/div>\n\t\t\t\t<\/div>\n\t\t\t\t\t\t\t<div class=\"elementor-accordion-item\">\n\t\t\t\t\t<div id=\"elementor-tab-title-1334\" class=\"elementor-tab-title\" data-tab=\"4\" role=\"button\" aria-controls=\"elementor-tab-content-1334\" aria-expanded=\"false\">\n\t\t\t\t\t\t\t\t\t\t\t\t\t<span class=\"elementor-accordion-icon elementor-accordion-icon-left\" aria-hidden=\"true\">\n\t\t\t\t\t\t\t\t\t\t\t\t\t\t\t<span class=\"elementor-accordion-icon-closed\"><i class=\"fas fa-plus\"><\/i><\/span>\n\t\t\t\t\t\t\t\t<span class=\"elementor-accordion-icon-opened\"><i class=\"fas fa-minus\"><\/i><\/span>\n\t\t\t\t\t\t\t\t\t\t\t\t\t\t<\/span>\n\t\t\t\t\t\t\t\t\t\t\t\t<a class=\"elementor-accordion-title\" tabindex=\"0\">Mi seg\u00edt az \u00fcv\u00f6lt\u0151 h\u00e1ts\u00f3 tengelyen?<\/a>\n\t\t\t\t\t<\/div>\n\t\t\t\t\t<div id=\"elementor-tab-content-1334\" class=\"elementor-tab-content elementor-clearfix\" data-tab=\"4\" role=\"region\" aria-labelledby=\"elementor-tab-title-1334\"><section class=\"m-accordion-item js-accordion-item m-accordion--open\"><div class=\"m-accordion-content js-accordion-content\"><p>Az 50% MATHY-T sebess\u00e9gv\u00e1lt\u00f3olaj-adal\u00e9k hozz\u00e1ad\u00e1s\u00e1val a h\u00e1ts\u00f3 tengelyolajhoz a kop\u00e1s okozta h\u00e1ts\u00f3 tengely \u00fcv\u00f6lt\u00e9s tart\u00f3san cs\u00f6kkenthet\u0151. Ez\u00e1ltal megel\u0151zhet\u0151k a k\u00f6lts\u00e9ges jav\u00edt\u00e1sok.<\/p><\/div><\/section><section class=\"m-accordion-item js-accordion-item js-accordion-item--last\"><\/section><\/div>\n\t\t\t\t<\/div>\n\t\t\t\t\t\t\t<div class=\"elementor-accordion-item\">\n\t\t\t\t\t<div id=\"elementor-tab-title-1335\" class=\"elementor-tab-title\" data-tab=\"5\" role=\"button\" aria-controls=\"elementor-tab-content-1335\" aria-expanded=\"false\">\n\t\t\t\t\t\t\t\t\t\t\t\t\t<span class=\"elementor-accordion-icon elementor-accordion-icon-left\" aria-hidden=\"true\">\n\t\t\t\t\t\t\t\t\t\t\t\t\t\t\t<span class=\"elementor-accordion-icon-closed\"><i class=\"fas fa-plus\"><\/i><\/span>\n\t\t\t\t\t\t\t\t<span class=\"elementor-accordion-icon-opened\"><i class=\"fas fa-minus\"><\/i><\/span>\n\t\t\t\t\t\t\t\t\t\t\t\t\t\t<\/span>\n\t\t\t\t\t\t\t\t\t\t\t\t<a class=\"elementor-accordion-title\" tabindex=\"0\">Milyen sebess\u00e9gv\u00e1lt\u00f3-t\u00edpusokban haszn\u00e1lhat\u00f3k a MATHY sebess\u00e9gv\u00e1lt\u00f3olaj-adal\u00e9kok?<\/a>\n\t\t\t\t\t<\/div>\n\t\t\t\t\t<div id=\"elementor-tab-content-1335\" class=\"elementor-tab-content elementor-clearfix\" data-tab=\"5\" role=\"region\" aria-labelledby=\"elementor-tab-title-1335\"><div class=\"m-accordion js-accordion\"><section class=\"m-accordion-item js-accordion-item js-accordion-item--last m-accordion--open\"><div class=\"m-accordion-content js-accordion-content\"><p><strong>A sebess\u00e9gv\u00e1lt\u00f3k \u00e9s differenci\u00e1lm\u0171vek probl\u00e9mamegold\u00f3i<\/strong><\/p><p>A sebess\u00e9gv\u00e1lt\u00f3olaj-adal\u00e9kanyagaink haszn\u00e1lat\u00e1val cs\u00f6kkenthet\u0151k a m\u0171szaki probl\u00e9m\u00e1k, minimaliz\u00e1lhat\u00f3 a fut\u00e1si zaj \u00e9s megel\u0151zhet\u0151k a k\u00f6lts\u00e9ges jav\u00edt\u00e1sok. A T\u00dcV \u00e1ltal 1994 \u00f3ta tesztelt \u00e9s tan\u00fas\u00edtott hat\u00e9konys\u00e1g.<\/p><\/div><\/section><\/div><\/div>\n\t\t\t\t<\/div>\n\t\t\t\t\t\t\t\t<\/div>\n\t\t\t\t\t\t<\/div>\n\t\t\t\t<\/div>\n\t\t\t\t\t<\/div>\n\t\t<\/div>\n\t\t\t\t\t<\/div>\n\t\t<\/section>\n\t\t\t\t<section class=\"elementor-section elementor-top-section elementor-element elementor-element-b971897 elementor-section-boxed elementor-section-height-default elementor-section-height-default\" data-id=\"b971897\" data-element_type=\"section\" data-e-type=\"section\">\n\t\t\t\t\t\t<div class=\"elementor-container elementor-column-gap-default\">\n\t\t\t\t\t<div class=\"elementor-column elementor-col-100 elementor-top-column elementor-element elementor-element-3a3f5af\" data-id=\"3a3f5af\" data-element_type=\"column\" data-e-type=\"column\">\n\t\t\t<div class=\"elementor-widget-wrap elementor-element-populated\">\n\t\t\t\t\t\t<div class=\"elementor-element elementor-element-63fa635 elementor-widget elementor-widget-text-editor\" data-id=\"63fa635\" data-element_type=\"widget\" data-e-type=\"widget\" data-widget_type=\"text-editor.default\">\n\t\t\t\t<div class=\"elementor-widget-container\">\n\t\t\t\t\t\t\t\t\t<p><strong>A sebess\u00e9gv\u00e1lt\u00f3k \u00e9s differenci\u00e1lm\u0171vek probl\u00e9mamegold\u00f3i<\/strong><\/p><p>A sebess\u00e9gv\u00e1lt\u00f3olaj-adal\u00e9kanyagaink haszn\u00e1lat\u00e1val cs\u00f6kkenthet\u0151k a m\u0171szaki probl\u00e9m\u00e1k, minimaliz\u00e1lhat\u00f3 a fut\u00e1si zaj \u00e9s megel\u0151zhet\u0151k a k\u00f6lts\u00e9ges jav\u00edt\u00e1sok. A T\u00dcV \u00e1ltal 1994 \u00f3ta tesztelt \u00e9s tan\u00fas\u00edtott hat\u00e9konys\u00e1g.<\/p>\t\t\t\t\t\t\t\t<\/div>\n\t\t\t\t<\/div>\n\t\t\t\t<div class=\"elementor-element elementor-element-7ac161f elementor-widget elementor-widget-the7-elements-woo-carousel\" data-id=\"7ac161f\" data-element_type=\"widget\" data-e-type=\"widget\" data-widget_type=\"the7-elements-woo-carousel.default\">\n\t\t\t\t<div class=\"elementor-widget-container\">\n\t\t\t\t\t<div class=\"owl-carousel products-carousel-shortcode dt-owl-carousel-call the7-elements-woo-carousel-7ac161f cart-btn-below-img bullets-small-dot-stroke reposition-arrows arrows-bg-on dt-arrow-border-on dt-arrow-hover-border-on disable-arrows-hover-bg arrows-hover-bg-on wc-img-hover hide-description\" data-scroll-mode=\"1\" data-wide-col-num=\"4\" data-col-num=\"3\" data-laptop-col=\"3\" data-h-tablet-columns-num=\"2\" data-v-tablet-columns-num=\"2\" data-phone-columns-num=\"1\" data-auto-height=\"false\" data-col-gap=\"15\" data-stage-padding=\"0\" data-speed=\"600\" data-autoplay=\"false\" data-autoplay_speed=\"6000\" data-arrows=\"true\" data-bullet=\"false\" data-next-icon=\"fas fa-chevron-right\" data-prev-icon=\"fas fa-chevron-left\"><article class=\"post post-1150 product type-product status-publish has-post-thumbnail product_brand-mvg-mathe-schmierstofftechnik-gmbh product_cat-getriebe description-off first instock taxable shipping-taxable purchasable product-type-variable\" ><figure class=\"woocom-project\">\n\t<div class=\"woo-buttons-on-img\">\n\n\t\t<a href=\"https:\/\/mathy-austria.com\/hu\/termek\/mathy-tdl-sae-75w-90\/\" class=\"alignnone layzr-bg\"><img fetchpriority=\"high\" decoding=\"async\" width=\"300\" height=\"300\" src=\"data:image\/svg+xml;charset=utf-8,%3Csvg xmlns%3D&#039;http%3A%2F%2Fwww.w3.org%2F2000%2Fsvg&#039; viewBox%3D&#039;0 0 300 300&#039;%2F%3E\" class=\"attachment-woocommerce_thumbnail size-woocommerce_thumbnail owl-lazy-load preload-me\" alt=\"MATHY-TDL SAE 75W-90\" data-src=\"https:\/\/mathy-austria.com\/wp-content\/uploads\/2016\/06\/mathy_tdl_75w-90_getriebeoel_1000ml-300x300.jpg\" data-srcset=\"https:\/\/mathy-austria.com\/wp-content\/uploads\/2016\/06\/mathy_tdl_75w-90_getriebeoel_1000ml-300x300.jpg 300w, https:\/\/mathy-austria.com\/wp-content\/uploads\/2016\/06\/mathy_tdl_75w-90_getriebeoel_1000ml-1024x1024.jpg 1024w, https:\/\/mathy-austria.com\/wp-content\/uploads\/2016\/06\/mathy_tdl_75w-90_getriebeoel_1000ml-150x150.jpg 150w, https:\/\/mathy-austria.com\/wp-content\/uploads\/2016\/06\/mathy_tdl_75w-90_getriebeoel_1000ml-768x768.jpg 768w, https:\/\/mathy-austria.com\/wp-content\/uploads\/2016\/06\/mathy_tdl_75w-90_getriebeoel_1000ml-1536x1536.jpg 1536w, https:\/\/mathy-austria.com\/wp-content\/uploads\/2016\/06\/mathy_tdl_75w-90_getriebeoel_1000ml-600x600.jpg 600w, https:\/\/mathy-austria.com\/wp-content\/uploads\/2016\/06\/mathy_tdl_75w-90_getriebeoel_1000ml-200x200.jpg 200w, https:\/\/mathy-austria.com\/wp-content\/uploads\/2016\/06\/mathy_tdl_75w-90_getriebeoel_1000ml.jpg 1600w\" \/><\/a>\n\t<\/div>\n\t<figcaption class=\"woocom-list-content\">\n\n\t\t<div class=\"woo-buttons\"><a href=\"https:\/\/mathy-austria.com\/hu\/termek\/mathy-tdl-sae-75w-90\/\" aria-describedby=\"woocommerce_loop_add_to_cart_link_describedby_1150\" data-quantity=\"1\" class=\"product_type_variable add_to_cart_button\" data-product_id=\"1150\" data-product_sku=\"1122-999\" aria-label=\"V\u00e1lasszunk \u201cMATHY-TDL SAE 75W-90\u201d lehet\u0151s\u00e9gek k\u00f6z\u00fcl\" rel=\"nofollow\" data-no-translation=\"\" data-trp-gettext=\"\" data-no-translation-aria-label=\"\">Opci\u00f3k v\u00e1laszt\u00e1sa<\/a>\t<span id=\"woocommerce_loop_add_to_cart_link_describedby_1150\" class=\"screen-reader-text\">\n\t\tEnnek a term\u00e9knek t\u00f6bb v\u00e1ltozata van. A v\u00e1ltozatok a term\u00e9koldalon v\u00e1laszthat\u00f3k ki\t<\/span>\n<\/div>\n\t<\/figcaption>\n<\/figure>\n<\/article><article class=\"post post-930 product type-product status-publish has-post-thumbnail product_brand-mvg-mathe-schmierstofftechnik-gmbh product_cat-getriebe description-off  instock taxable shipping-taxable purchasable product-type-variable\" ><figure class=\"woocom-project\">\n\t<div class=\"woo-buttons-on-img\">\n\n\t\t<a href=\"https:\/\/mathy-austria.com\/hu\/termek\/mathy-t-getriebeol-additiv-fur-getriebeole-differenziale-und-hypoid-le\/\" class=\"alignnone layzr-bg\"><img decoding=\"async\" width=\"300\" height=\"300\" src=\"data:image\/svg+xml;charset=utf-8,%3Csvg xmlns%3D&#039;http%3A%2F%2Fwww.w3.org%2F2000%2Fsvg&#039; viewBox%3D&#039;0 0 300 300&#039;%2F%3E\" class=\"attachment-woocommerce_thumbnail size-woocommerce_thumbnail owl-lazy-load preload-me\" alt=\"MATHY-T\" data-src=\"https:\/\/mathy-austria.com\/wp-content\/uploads\/2014\/04\/mathy-t_schaltgetriebeoel-additiv_1l-300x300.jpg\" data-srcset=\"https:\/\/mathy-austria.com\/wp-content\/uploads\/2014\/04\/mathy-t_schaltgetriebeoel-additiv_1l-300x300.jpg 300w, https:\/\/mathy-austria.com\/wp-content\/uploads\/2014\/04\/mathy-t_schaltgetriebeoel-additiv_1l-150x150.jpg 150w, https:\/\/mathy-austria.com\/wp-content\/uploads\/2014\/04\/mathy-t_schaltgetriebeoel-additiv_1l-768x768.jpg 768w, https:\/\/mathy-austria.com\/wp-content\/uploads\/2014\/04\/mathy-t_schaltgetriebeoel-additiv_1l-600x600.jpg 600w, https:\/\/mathy-austria.com\/wp-content\/uploads\/2014\/04\/mathy-t_schaltgetriebeoel-additiv_1l-200x200.jpg 200w, https:\/\/mathy-austria.com\/wp-content\/uploads\/2014\/04\/mathy-t_schaltgetriebeoel-additiv_1l.jpg 800w\" \/><img decoding=\"async\" width=\"300\" height=\"300\" src=\"data:image\/svg+xml;charset=utf-8,%3Csvg xmlns%3D&#039;http%3A%2F%2Fwww.w3.org%2F2000%2Fsvg&#039; viewBox%3D&#039;0 0 300 300&#039;%2F%3E\" class=\"show-on-hover back-image owl-lazy-load preload-me\" alt=\"\" data-src=\"https:\/\/mathy-austria.com\/wp-content\/uploads\/2014\/04\/mathy-t_schaltgetriebeoel-additiv_500ml-300x300.jpg\" data-srcset=\"https:\/\/mathy-austria.com\/wp-content\/uploads\/2014\/04\/mathy-t_schaltgetriebeoel-additiv_500ml-300x300.jpg 300w, https:\/\/mathy-austria.com\/wp-content\/uploads\/2014\/04\/mathy-t_schaltgetriebeoel-additiv_500ml-150x150.jpg 150w, https:\/\/mathy-austria.com\/wp-content\/uploads\/2014\/04\/mathy-t_schaltgetriebeoel-additiv_500ml-768x768.jpg 768w, https:\/\/mathy-austria.com\/wp-content\/uploads\/2014\/04\/mathy-t_schaltgetriebeoel-additiv_500ml-600x600.jpg 600w, https:\/\/mathy-austria.com\/wp-content\/uploads\/2014\/04\/mathy-t_schaltgetriebeoel-additiv_500ml-200x200.jpg 200w, https:\/\/mathy-austria.com\/wp-content\/uploads\/2014\/04\/mathy-t_schaltgetriebeoel-additiv_500ml.jpg 800w\" \/><\/a>\n\t<\/div>\n\t<figcaption class=\"woocom-list-content\">\n\n\t\t<div class=\"woo-buttons\"><a href=\"https:\/\/mathy-austria.com\/hu\/termek\/mathy-t-getriebeol-additiv-fur-getriebeole-differenziale-und-hypoid-le\/\" aria-describedby=\"woocommerce_loop_add_to_cart_link_describedby_930\" data-quantity=\"1\" class=\"product_type_variable add_to_cart_button\" data-product_id=\"930\" data-product_sku=\"1120-999\" aria-label=\"V\u00e1lasszunk \u201cMATHY-T\u201d lehet\u0151s\u00e9gek k\u00f6z\u00fcl\" rel=\"nofollow\" data-no-translation=\"\" data-trp-gettext=\"\" data-no-translation-aria-label=\"\">Opci\u00f3k v\u00e1laszt\u00e1sa<\/a>\t<span id=\"woocommerce_loop_add_to_cart_link_describedby_930\" class=\"screen-reader-text\">\n\t\tEnnek a term\u00e9knek t\u00f6bb v\u00e1ltozata van. A v\u00e1ltozatok a term\u00e9koldalon v\u00e1laszthat\u00f3k ki\t<\/span>\n<\/div>\n\t<\/figcaption>\n<\/figure>\n<\/article><\/div>\t\t\t\t<\/div>\n\t\t\t\t<\/div>\n\t\t\t\t\t<\/div>\n\t\t<\/div>\n\t\t\t\t\t<\/div>\n\t\t<\/section>\n\t\t\t\t<\/div>","protected":false},"excerpt":{"rendered":"<p>A MATHY-T prec\u00edz v\u00e1lt\u00e1st biztos\u00edt. Kevesebb karbantart\u00e1st ig\u00e9nyel \u00e9s hosszabb \u00e9lettartamot biztos\u00edt. A k\u00fcl\u00f6n ken\u00e9s\u0171 olajk\u00f6r\u00f6kkel rendelkez\u0151 motorker\u00e9kp\u00e1rokon a MATHY-T optimaliz\u00e1lja a sebess\u00e9gv\u00e1lt\u00e1st, cs\u00f6kkenti a zajt (v\u00e1lt\u00e1skor jelentkez\u0151 kopog\u00e1s), \u00e9s jobb er\u0151\u00e1tvitelt biztos\u00edt a ker\u00e9khez. A standard v\u00e1lt\u00f3olaj nyom\u00f3szil\u00e1rds\u00e1g\u00e1nak n\u00f6vel\u00e9s\u00e9vel kompenz\u00e1lja a fogaskerekek oldalai k\u00f6z\u00f6tt a kop\u00e1s okozta nagyobb r\u00e9st. A MATHY-T \u00fagy m\u0171k\u00f6dik, mint egy\u2026<\/p>","protected":false},"author":1,"featured_media":0,"parent":2125,"menu_order":0,"comment_status":"closed","ping_status":"closed","template":"","meta":{"footnotes":""},"class_list":["post-2383","page","type-page","status-publish","hentry"],"_links":{"self":[{"href":"https:\/\/mathy-austria.com\/hu\/wp-json\/wp\/v2\/pages\/2383","targetHints":{"allow":["GET"]}}],"collection":[{"href":"https:\/\/mathy-austria.com\/hu\/wp-json\/wp\/v2\/pages"}],"about":[{"href":"https:\/\/mathy-austria.com\/hu\/wp-json\/wp\/v2\/types\/page"}],"author":[{"embeddable":true,"href":"https:\/\/mathy-austria.com\/hu\/wp-json\/wp\/v2\/users\/1"}],"replies":[{"embeddable":true,"href":"https:\/\/mathy-austria.com\/hu\/wp-json\/wp\/v2\/comments?post=2383"}],"version-history":[{"count":0,"href":"https:\/\/mathy-austria.com\/hu\/wp-json\/wp\/v2\/pages\/2383\/revisions"}],"up":[{"embeddable":true,"href":"https:\/\/mathy-austria.com\/hu\/wp-json\/wp\/v2\/pages\/2125"}],"wp:attachment":[{"href":"https:\/\/mathy-austria.com\/hu\/wp-json\/wp\/v2\/media?parent=2383"}],"curies":[{"name":"wp","href":"https:\/\/api.w.org\/{rel}","templated":true}]}}