{"id":2137,"date":"2020-07-17T09:52:07","date_gmt":"2020-07-17T07:52:07","guid":{"rendered":"https:\/\/mathy-austria.com\/?page_id=2137"},"modified":"2020-10-23T08:05:12","modified_gmt":"2020-10-23T06:05:12","slug":"boote","status":"publish","type":"page","link":"https:\/\/mathy-austria.com\/hu\/anwendung\/boote\/","title":{"rendered":"Cs\u00f3nakok"},"content":{"rendered":"<div data-elementor-type=\"wp-page\" data-elementor-id=\"2137\" class=\"elementor elementor-2137\" data-elementor-post-type=\"page\">\n\t\t\t\t\t\t<section class=\"elementor-section elementor-top-section elementor-element elementor-element-6164498 elementor-section-boxed elementor-section-height-default elementor-section-height-default\" data-id=\"6164498\" data-element_type=\"section\" data-e-type=\"section\">\n\t\t\t\t\t\t<div class=\"elementor-container elementor-column-gap-default\">\n\t\t\t\t\t<div class=\"elementor-column elementor-col-100 elementor-top-column elementor-element elementor-element-51ac624\" data-id=\"51ac624\" data-element_type=\"column\" data-e-type=\"column\">\n\t\t\t<div class=\"elementor-widget-wrap elementor-element-populated\">\n\t\t\t\t\t\t<div class=\"elementor-element elementor-element-7be1869 elementor-widget elementor-widget-text-editor\" data-id=\"7be1869\" data-element_type=\"widget\" data-e-type=\"widget\" data-widget_type=\"text-editor.default\">\n\t\t\t\t<div class=\"elementor-widget-container\">\n\t\t\t\t\t\t\t\t\t<h1 class=\"\">Kevesebb f\u00fcst hidegind\u00edt\u00e1skor<\/h1><div class=\"row\"><div class=\"col-xs-12 col-md-8\"><div id=\"c927\" class=\"frame frame-default frame-type-textmedia frame-layout-0\"><div class=\"ce-textpic ce-right ce-intext\"><div class=\"ce-bodytext\"><p class=\"lead\"><strong>Optim\u00e1lis \u00e1pol\u00e1s a hossz\u00fa \u00fcresj\u00e1rati id\u0151h\u00f6z. A MATHY v\u00e9d a korr\u00f3zi\u00f3 ellen.<\/strong><\/p><p>Val\u00f3sz\u00edn\u0171leg minden haj\u00f3s ismeri azokat az apr\u00f3 betegs\u00e9geket, amelyek a haj\u00f3motorokat \u00e9s a haj\u00f3tulajdonosokat s\u00fajtj\u00e1k. Makacs ind\u00edt\u00e1s, k\u00fcl\u00f6n\u00f6sen hossz\u00fa ideig tart\u00f3 haszn\u00e1laton k\u00edv\u00fcli id\u0151szakok ut\u00e1n, durva j\u00e1r\u00e1s, t\u00falzott zaj, t\u00falzott \u00fczemanyag-fogyaszt\u00e1s, korr\u00f3zi\u00f3, olajvesztes\u00e9g \u00e9s m\u00e9g sok m\u00e1s. Term\u00e9szetesen nincs olyan orvoss\u00e1g, amely seg\u00edthetne egy motornak vagy \u00fczemanyagrendszernek, hogy t\u00f6k\u00e9letes \u00f6r\u00f6k \u00e9letet \u00e9ljen, de vannak olyan olaj- \u00e9s \u00fczemanyagadal\u00e9kok, amelyek enyh\u00edthetnek vagy ak\u00e1r meg is sz\u00fcntethetnek n\u00e9h\u00e1ny m\u0171szaki hi\u00e1nyoss\u00e1got.<\/p><p>A MATHY cs\u00f6kkenti a kop\u00e1st, minimaliz\u00e1lja a kop\u00e1st, feloldja a lerak\u00f3d\u00e1sokat, n\u00f6veli a korr\u00f3zi\u00f3v\u00e9delmet \u00e9s j\u00f3 v\u00e9szfut\u00e1si tulajdons\u00e1gokkal rendelkezik. A MATHY jav\u00edtja az \u00fczemanyagok \u00e9g\u00e9si folyamat\u00e1t. A szennyez\u0151d\u00e9sek felold\u00f3dnak, a f\u00fav\u00f3k\u00e1k megtisztulnak, a szennyez\u0151anyag-kibocs\u00e1t\u00e1s cs\u00f6kken \u00e9s az \u00fczemanyag stabiliz\u00e1l\u00f3dik.<\/p><\/div><\/div><\/div><\/div><\/div>\t\t\t\t\t\t\t\t<\/div>\n\t\t\t\t<\/div>\n\t\t\t\t<div class=\"elementor-element elementor-element-c76ddaf elementor-widget elementor-widget-text-editor\" data-id=\"c76ddaf\" data-element_type=\"widget\" data-e-type=\"widget\" data-widget_type=\"text-editor.default\">\n\t\t\t\t<div class=\"elementor-widget-container\">\n\t\t\t\t\t\t\t\t\t<div class=\"page-header\"><h2 class=\"vorteile\">Ezek az \u00d6n el\u0151nyei<\/h2><ul class=\"csc-bulletlist csc-bulletlist-0\"><li>Kevesebb f\u00fcst hidegind\u00edt\u00e1skor<\/li><li>Az \u00fczemanyag-fogyaszt\u00e1s optimaliz\u00e1l\u00e1sa<\/li><li>Magas korr\u00f3zi\u00f3v\u00e9delem a motorban<\/li><li>Olajiszap elt\u00e1vol\u00edt\u00e1sa<\/li><li>Az elhaszn\u00e1l\u00f3d\u00e1s cs\u00f6kkent\u00e9se<\/li><\/ul><\/div>\t\t\t\t\t\t\t\t<\/div>\n\t\t\t\t<\/div>\n\t\t\t\t\t<\/div>\n\t\t<\/div>\n\t\t\t\t\t<\/div>\n\t\t<\/section>\n\t\t\t\t<section class=\"elementor-section elementor-top-section elementor-element elementor-element-7558c73b elementor-section-boxed elementor-section-height-default elementor-section-height-default\" data-id=\"7558c73b\" data-element_type=\"section\" data-e-type=\"section\">\n\t\t\t\t\t\t<div class=\"elementor-container elementor-column-gap-default\">\n\t\t\t\t\t<div class=\"elementor-column elementor-col-100 elementor-top-column elementor-element elementor-element-728f3197\" data-id=\"728f3197\" data-element_type=\"column\" data-e-type=\"column\">\n\t\t\t<div class=\"elementor-widget-wrap elementor-element-populated\">\n\t\t\t\t\t\t<div class=\"elementor-element elementor-element-a849055 elementor-widget elementor-widget-heading\" data-id=\"a849055\" data-element_type=\"widget\" data-e-type=\"widget\" data-widget_type=\"heading.default\">\n\t\t\t\t<div class=\"elementor-widget-container\">\n\t\t\t\t\t<h2 class=\"elementor-heading-title elementor-size-default\">A leggyakrabban feltett k\u00e9rd\u00e9sek a haj\u00f3kon \u00e9s haj\u00f3kon val\u00f3 haszn\u00e1latr\u00f3l<\/h2>\t\t\t\t<\/div>\n\t\t\t\t<\/div>\n\t\t\t\t<div class=\"elementor-element elementor-element-9eaa7fe elementor-widget elementor-widget-accordion\" data-id=\"9eaa7fe\" data-element_type=\"widget\" data-e-type=\"widget\" data-widget_type=\"accordion.default\">\n\t\t\t\t<div class=\"elementor-widget-container\">\n\t\t\t\t\t\t\t<div class=\"elementor-accordion\">\n\t\t\t\t\t\t\t<div class=\"elementor-accordion-item\">\n\t\t\t\t\t<div id=\"elementor-tab-title-1661\" class=\"elementor-tab-title\" data-tab=\"1\" role=\"button\" aria-controls=\"elementor-tab-content-1661\" aria-expanded=\"false\">\n\t\t\t\t\t\t\t\t\t\t\t\t\t<span class=\"elementor-accordion-icon elementor-accordion-icon-left\" aria-hidden=\"true\">\n\t\t\t\t\t\t\t\t\t\t\t\t\t\t\t<span class=\"elementor-accordion-icon-closed\"><i class=\"fas fa-plus\"><\/i><\/span>\n\t\t\t\t\t\t\t\t<span class=\"elementor-accordion-icon-opened\"><i class=\"fas fa-minus\"><\/i><\/span>\n\t\t\t\t\t\t\t\t\t\t\t\t\t\t<\/span>\n\t\t\t\t\t\t\t\t\t\t\t\t<a class=\"elementor-accordion-title\" tabindex=\"0\">Mit csin\u00e1lnak a MATHY adal\u00e9kok a haj\u00f3 motorj\u00e1ban?<\/a>\n\t\t\t\t\t<\/div>\n\t\t\t\t\t<div id=\"elementor-tab-content-1661\" class=\"elementor-tab-content elementor-clearfix\" data-tab=\"1\" role=\"region\" aria-labelledby=\"elementor-tab-title-1661\"><section class=\"m-accordion-item js-accordion-item m-accordion--open\"><div class=\"m-accordion-content js-accordion-content\"><p>A MATHY adal\u00e9kok tiszt\u00edtj\u00e1k az olajk\u00f6rforg\u00e1st \u00e9s az \u00fczemanyagrendszert. Optimaliz\u00e1lj\u00e1k az olaj \u00e9s az \u00fczemanyag \u00e1raml\u00e1s\u00e1t, \u00e9s tiszt\u00e1n tartj\u00e1k a k\u00f6r\u00f6ket. Emellett cs\u00f6kkentik a haj\u00f3motorok kop\u00e1s\u00e1t \u00e9s meghosszabb\u00edtj\u00e1k \u00e9lettartamukat. Rendszeres haszn\u00e1latuk eset\u00e9n minim\u00e1lisra cs\u00f6kkennek az \u00e1ll\u00e1sid\u0151k, javul a hidegind\u00edt\u00e1s a t\u00e9li h\u00f3napok hossz\u00fa \u00fcresj\u00e1ratai ut\u00e1n, \u00e9s cs\u00f6kken a gyakran el\u0151fordul\u00f3 f\u00fcstk\u00e9pz\u0151d\u00e9s.\u00a0<\/p><\/div><\/section><section class=\"m-accordion-item js-accordion-item\"><\/section><\/div>\n\t\t\t\t<\/div>\n\t\t\t\t\t\t\t<div class=\"elementor-accordion-item\">\n\t\t\t\t\t<div id=\"elementor-tab-title-1662\" class=\"elementor-tab-title\" data-tab=\"2\" role=\"button\" aria-controls=\"elementor-tab-content-1662\" aria-expanded=\"false\">\n\t\t\t\t\t\t\t\t\t\t\t\t\t<span class=\"elementor-accordion-icon elementor-accordion-icon-left\" aria-hidden=\"true\">\n\t\t\t\t\t\t\t\t\t\t\t\t\t\t\t<span class=\"elementor-accordion-icon-closed\"><i class=\"fas fa-plus\"><\/i><\/span>\n\t\t\t\t\t\t\t\t<span class=\"elementor-accordion-icon-opened\"><i class=\"fas fa-minus\"><\/i><\/span>\n\t\t\t\t\t\t\t\t\t\t\t\t\t\t<\/span>\n\t\t\t\t\t\t\t\t\t\t\t\t<a class=\"elementor-accordion-title\" tabindex=\"0\">Hogyan haszn\u00e1lhatom a MATHY adal\u00e9kokat a haj\u00f3motorokban?<\/a>\n\t\t\t\t\t<\/div>\n\t\t\t\t\t<div id=\"elementor-tab-content-1662\" class=\"elementor-tab-content elementor-clearfix\" data-tab=\"2\" role=\"region\" aria-labelledby=\"elementor-tab-title-1662\"><section class=\"m-accordion-item js-accordion-item m-accordion--open\"><div class=\"m-accordion-content js-accordion-content\"><p>MATHY-Additive werden Motoren\u00f6len und Kraftstoffen zugegeben. Zu jedem Produkt liefern wir eine ausf\u00fchrliche Anwendungsbeschreibung. Bei weiteren Fragen zur Anwendung steht Ihnen unsere Hotline 0 51 91 \u2013 160 04 gerne zur Verf\u00fcgung.\u00a0<\/p><\/div><\/section><section class=\"m-accordion-item js-accordion-item js-accordion-item--last\"><\/section><\/div>\n\t\t\t\t<\/div>\n\t\t\t\t\t\t\t<div class=\"elementor-accordion-item\">\n\t\t\t\t\t<div id=\"elementor-tab-title-1663\" class=\"elementor-tab-title\" data-tab=\"3\" role=\"button\" aria-controls=\"elementor-tab-content-1663\" aria-expanded=\"false\">\n\t\t\t\t\t\t\t\t\t\t\t\t\t<span class=\"elementor-accordion-icon elementor-accordion-icon-left\" aria-hidden=\"true\">\n\t\t\t\t\t\t\t\t\t\t\t\t\t\t\t<span class=\"elementor-accordion-icon-closed\"><i class=\"fas fa-plus\"><\/i><\/span>\n\t\t\t\t\t\t\t\t<span class=\"elementor-accordion-icon-opened\"><i class=\"fas fa-minus\"><\/i><\/span>\n\t\t\t\t\t\t\t\t\t\t\t\t\t\t<\/span>\n\t\t\t\t\t\t\t\t\t\t\t\t<a class=\"elementor-accordion-title\" tabindex=\"0\">A cs\u00f3nakmotorom f\u00fcst\u00f6l minden alkalommal, amikor hidegen elind\u00edtom, a MATHY megoldja a probl\u00e9m\u00e1t?<\/a>\n\t\t\t\t\t<\/div>\n\t\t\t\t\t<div id=\"elementor-tab-content-1663\" class=\"elementor-tab-content elementor-clearfix\" data-tab=\"3\" role=\"region\" aria-labelledby=\"elementor-tab-title-1663\"><div class=\"m-accordion js-accordion\"><section class=\"m-accordion-item js-accordion-item js-accordion-item--last m-accordion--open\"><div class=\"m-accordion-content js-accordion-content\"><p>A tiszt\u00e1talan \u00e9g\u00e9s \u00e9s a r\u00e9gi t\u00fczel\u0151anyagok miatt a haj\u00f3motorok hidegind\u00edt\u00e1si f\u00e1zis\u00e1ban gyakran jelent\u0151s f\u00fcst keletkezik. A MATHY adal\u00e9kanyagok rendszeres haszn\u00e1lata megoldhatja ezeket a probl\u00e9m\u00e1kat. A MATHY-M motorolaj-adal\u00e9k tiszt\u00edtja az olajk\u00f6rt \u00e9s megakad\u00e1lyozza az \u00fajabb kokszosod\u00e1s kialakul\u00e1s\u00e1t. \u00dczemanyag-adal\u00e9kanyagaink tiszt\u00edtj\u00e1k a befecskendez\u0151 f\u00fav\u00f3k\u00e1kat, a szelepeket \u00e9s az \u00e9g\u00e9st\u00e9reket. Csak a tiszta \u00fczemanyagrendszer biztos\u00edtja az optim\u00e1lis \u00e9g\u00e9st \u00e9s a cs\u00f6kkentett f\u00fcstk\u00e9pz\u0151d\u00e9st.\u00a0\u00a0\u00a0<\/p><\/div><\/section><\/div><\/div>\n\t\t\t\t<\/div>\n\t\t\t\t\t\t\t\t<\/div>\n\t\t\t\t\t\t<\/div>\n\t\t\t\t<\/div>\n\t\t\t\t\t<\/div>\n\t\t<\/div>\n\t\t\t\t\t<\/div>\n\t\t<\/section>\n\t\t\t\t<\/div>","protected":false},"excerpt":{"rendered":"<p>Kevesebb f\u00fcst hidegind\u00edt\u00e1skor. Optim\u00e1lis v\u00e9delem hossz\u00fa pihen\u0151k alatt. A MATHY v\u00e9d a korr\u00f3zi\u00f3 ellen. Szinte minden kapit\u00e1ny ismeri azokat a kisebb probl\u00e9m\u00e1kat, amelyek a haj\u00f3motorokat \u00e9s a haj\u00f3tulajdonosokat s\u00fajthatj\u00e1k. Makacs ind\u00edt\u00e1s, k\u00fcl\u00f6n\u00f6sen hosszabb \u00e1ll\u00e1sid\u0151 ut\u00e1n, egyenetlen j\u00e1r\u00e1s, t\u00falzott zaj, t\u00falzott \u00fczemanyag-fogyaszt\u00e1s, korr\u00f3zi\u00f3, olajvesztes\u00e9g \u00e9s m\u00e9g sok m\u00e1s. Term\u00e9szetesen nincs olyan gy\u00f3gym\u00f3d, amely teljesen meggy\u00f3gy\u00edthatn\u00e1 a motort vagy ak\u00e1r az \u00fczemanyagrendszert...<\/p>","protected":false},"author":1,"featured_media":0,"parent":1623,"menu_order":0,"comment_status":"closed","ping_status":"closed","template":"","meta":{"footnotes":""},"class_list":["post-2137","page","type-page","status-publish","hentry"],"_links":{"self":[{"href":"https:\/\/mathy-austria.com\/hu\/wp-json\/wp\/v2\/pages\/2137","targetHints":{"allow":["GET"]}}],"collection":[{"href":"https:\/\/mathy-austria.com\/hu\/wp-json\/wp\/v2\/pages"}],"about":[{"href":"https:\/\/mathy-austria.com\/hu\/wp-json\/wp\/v2\/types\/page"}],"author":[{"embeddable":true,"href":"https:\/\/mathy-austria.com\/hu\/wp-json\/wp\/v2\/users\/1"}],"replies":[{"embeddable":true,"href":"https:\/\/mathy-austria.com\/hu\/wp-json\/wp\/v2\/comments?post=2137"}],"version-history":[{"count":0,"href":"https:\/\/mathy-austria.com\/hu\/wp-json\/wp\/v2\/pages\/2137\/revisions"}],"up":[{"embeddable":true,"href":"https:\/\/mathy-austria.com\/hu\/wp-json\/wp\/v2\/pages\/1623"}],"wp:attachment":[{"href":"https:\/\/mathy-austria.com\/hu\/wp-json\/wp\/v2\/media?parent=2137"}],"curies":[{"name":"wp","href":"https:\/\/api.w.org\/{rel}","templated":true}]}}