{"id":2136,"date":"2020-07-17T09:52:06","date_gmt":"2020-07-17T07:52:06","guid":{"rendered":"https:\/\/mathy-austria.com\/?page_id=2136"},"modified":"2020-10-23T08:50:35","modified_gmt":"2020-10-23T06:50:35","slug":"heizung","status":"publish","type":"page","link":"https:\/\/mathy-austria.com\/hu\/anwendung\/heizung\/","title":{"rendered":"F\u0171t\u00e9s"},"content":{"rendered":"<div data-elementor-type=\"wp-page\" data-elementor-id=\"2136\" class=\"elementor elementor-2136\" data-elementor-post-type=\"page\">\n\t\t\t\t\t\t<section class=\"elementor-section elementor-top-section elementor-element elementor-element-6164498 elementor-section-boxed elementor-section-height-default elementor-section-height-default\" data-id=\"6164498\" data-element_type=\"section\" data-e-type=\"section\">\n\t\t\t\t\t\t<div class=\"elementor-container elementor-column-gap-default\">\n\t\t\t\t\t<div class=\"elementor-column elementor-col-100 elementor-top-column elementor-element elementor-element-51ac624\" data-id=\"51ac624\" data-element_type=\"column\" data-e-type=\"column\">\n\t\t\t<div class=\"elementor-widget-wrap elementor-element-populated\">\n\t\t\t\t\t\t<div class=\"elementor-element elementor-element-7be1869 elementor-widget elementor-widget-text-editor\" data-id=\"7be1869\" data-element_type=\"widget\" data-e-type=\"widget\" data-widget_type=\"text-editor.default\">\n\t\t\t\t<div class=\"elementor-widget-container\">\n\t\t\t\t\t\t\t\t\t<h1 class=\"\">Weniger Ru\u00df und weniger Verbauch<\/h1><div id=\"c1252\" class=\"frame frame-default frame-type-textmedia frame-layout-0\"><div class=\"ce-textpic ce-right ce-intext\"><div class=\"ce-bodytext\"><p class=\"lead\"><strong>F\u00fcr eine saubere Verbrennung des Heiz\u00f6ls<\/strong><\/p><p>MATHY SPEZIAL-H ist ein hochwirksamer Heiz\u00f6lzusatz, mit dessen modernen Wirkstoffkomponenten in einem breiten Einsatzbereich nachhaltig Energie gespart werden kann. Es erf\u00fcllt alle Anforderungen modernster Brennertechnologien und ist entsprechend geeignet f\u00fcr alle Heiz\u00f6lqualit\u00e4ten (Standard und schwefelarm). Durch MATHY SPEZIAL-H wird aus jedem Standardheiz\u00f6l ein Premiumheiz\u00f6l, welches die Heizungsanlage weniger belastet und nachhaltig sch\u00fctzt. Die Verbesserung der thermischen Stabilit\u00e4t optimiert die Verbrennung und verbessert die Abgaswerte.<\/p><\/div><\/div><\/div>\t\t\t\t\t\t\t\t<\/div>\n\t\t\t\t<\/div>\n\t\t\t\t<div class=\"elementor-element elementor-element-b84a980 elementor-widget elementor-widget-text-editor\" data-id=\"b84a980\" data-element_type=\"widget\" data-e-type=\"widget\" data-widget_type=\"text-editor.default\">\n\t\t\t\t<div class=\"elementor-widget-container\">\n\t\t\t\t\t\t\t\t\t<div class=\"page-header\"><h2 class=\"vorteile\">Ezek az \u00d6n el\u0151nyei<\/h2><ul class=\"csc-bulletlist csc-bulletlist-0\"><li>Reduzierung von Ru\u00dfbildung<\/li><li>Erh\u00f6ht die Alterungsstabilit\u00e4t des Heiz\u00f6ls<\/li><li>Reduziert die Geruchsbildung im Heiz\u00f6l<\/li><li>Jav\u00edtja az \u00e9g\u00e9si folyamatot<\/li><li>Optimiert den Heiz\u00f6lverbrauch<\/li><\/ul><\/div>\t\t\t\t\t\t\t\t<\/div>\n\t\t\t\t<\/div>\n\t\t\t\t\t<\/div>\n\t\t<\/div>\n\t\t\t\t\t<\/div>\n\t\t<\/section>\n\t\t\t\t<section class=\"elementor-section elementor-top-section elementor-element elementor-element-1a421006 elementor-section-boxed elementor-section-height-default elementor-section-height-default\" data-id=\"1a421006\" data-element_type=\"section\" data-e-type=\"section\">\n\t\t\t\t\t\t<div class=\"elementor-container elementor-column-gap-default\">\n\t\t\t\t\t<div class=\"elementor-column elementor-col-100 elementor-top-column elementor-element elementor-element-409b98ca\" data-id=\"409b98ca\" data-element_type=\"column\" data-e-type=\"column\">\n\t\t\t<div class=\"elementor-widget-wrap elementor-element-populated\">\n\t\t\t\t\t\t<div class=\"elementor-element elementor-element-688c4404 elementor-widget elementor-widget-heading\" data-id=\"688c4404\" data-element_type=\"widget\" data-e-type=\"widget\" data-widget_type=\"heading.default\">\n\t\t\t\t<div class=\"elementor-widget-container\">\n\t\t\t\t\t<h2 class=\"elementor-heading-title elementor-size-default\">Die h\u00e4ufigsten Fragen rund um die Anwendung im Heiz\u00f6lbereich<\/h2>\t\t\t\t<\/div>\n\t\t\t\t<\/div>\n\t\t\t\t<div class=\"elementor-element elementor-element-42c791d5 elementor-widget elementor-widget-accordion\" data-id=\"42c791d5\" data-element_type=\"widget\" data-e-type=\"widget\" data-widget_type=\"accordion.default\">\n\t\t\t\t<div class=\"elementor-widget-container\">\n\t\t\t\t\t\t\t<div class=\"elementor-accordion\">\n\t\t\t\t\t\t\t<div class=\"elementor-accordion-item\">\n\t\t\t\t\t<div id=\"elementor-tab-title-1121\" class=\"elementor-tab-title\" data-tab=\"1\" role=\"button\" aria-controls=\"elementor-tab-content-1121\" aria-expanded=\"false\">\n\t\t\t\t\t\t\t\t\t\t\t\t\t<span class=\"elementor-accordion-icon elementor-accordion-icon-left\" aria-hidden=\"true\">\n\t\t\t\t\t\t\t\t\t\t\t\t\t\t\t<span class=\"elementor-accordion-icon-closed\"><i class=\"fas fa-plus\"><\/i><\/span>\n\t\t\t\t\t\t\t\t<span class=\"elementor-accordion-icon-opened\"><i class=\"fas fa-minus\"><\/i><\/span>\n\t\t\t\t\t\t\t\t\t\t\t\t\t\t<\/span>\n\t\t\t\t\t\t\t\t\t\t\t\t<a class=\"elementor-accordion-title\" tabindex=\"0\">Mein Heiz\u00f6lbrenner ru\u00dft. Warum ist das so?<\/a>\n\t\t\t\t\t<\/div>\n\t\t\t\t\t<div id=\"elementor-tab-content-1121\" class=\"elementor-tab-content elementor-clearfix\" data-tab=\"1\" role=\"region\" aria-labelledby=\"elementor-tab-title-1121\">Wenn ein Brenner ru\u00dft, liegt eine Funktionsst\u00f6rung vor. MATHY SPEZIAL-H wirkt den Ursachen der Ru\u00dfentstehung entgegen und l\u00f6st bestehende Verru\u00dfungen auf, da es sowohl den Brennraum wie auch die Verbrennungsmechanik reinigt. Ru\u00dfablagerungen an der Kesselwand erh\u00f6hen den Heiz\u00f6lverbrauch \u2013 1 mm Ru\u00dfablagerung erh\u00f6ht den Heiz\u00f6lverbrauch um durchschnittlich 4 %. Durch MATHY SPEZIAL-H wird die Ru\u00dfbildung auf ein Minimum reduziert, wodurch sich weniger Ru\u00df ablagern kann. Die erzeugte W\u00e4rme kann ungehindert an das Heizungswasser abgegeben werden, was den Heiz\u00f6lverbrauch nachhaltig senkt. Das MATHY SPEZIAL-H Additivpaket verbrennt aschefrei und erf\u00fcllt somit die Anforderungen modernster Brenner- und Kesseltechnologien. MATHY SPEZIAL-H wurde speziell f\u00fcr die modernen, schwefelarmen Heiz\u00f6l EL Qualit\u00e4ten entwickelt. Der T\u00dcV NORD hat das Produkt \u00fcberpr\u00fcft und MATHY SPEZIAL-H wurde mit dem Pr\u00fcfzeichen \u201eSchutz des Heiz\u00f6lsystems nachgewiesen \u2013 Testobjekt: Additiv f\u00fcr Heiz\u00f6l EL\u201c versehen.\n\n<\/div>\n\t\t\t\t<\/div>\n\t\t\t\t\t\t\t<div class=\"elementor-accordion-item\">\n\t\t\t\t\t<div id=\"elementor-tab-title-1122\" class=\"elementor-tab-title\" data-tab=\"2\" role=\"button\" aria-controls=\"elementor-tab-content-1122\" aria-expanded=\"false\">\n\t\t\t\t\t\t\t\t\t\t\t\t\t<span class=\"elementor-accordion-icon elementor-accordion-icon-left\" aria-hidden=\"true\">\n\t\t\t\t\t\t\t\t\t\t\t\t\t\t\t<span class=\"elementor-accordion-icon-closed\"><i class=\"fas fa-plus\"><\/i><\/span>\n\t\t\t\t\t\t\t\t<span class=\"elementor-accordion-icon-opened\"><i class=\"fas fa-minus\"><\/i><\/span>\n\t\t\t\t\t\t\t\t\t\t\t\t\t\t<\/span>\n\t\t\t\t\t\t\t\t\t\t\t\t<a class=\"elementor-accordion-title\" tabindex=\"0\">Kann ich den Heiz\u00f6lverbauch reduzieren?<\/a>\n\t\t\t\t\t<\/div>\n\t\t\t\t\t<div id=\"elementor-tab-content-1122\" class=\"elementor-tab-content elementor-clearfix\" data-tab=\"2\" role=\"region\" aria-labelledby=\"elementor-tab-title-1122\"><p>Der Einsatz von MATHY SPEZIAL-H spart mehr als es kostet. Exemplarische Rechnung: Stand 01\/2017 2.000 Liter Heiz\u00f6l schwefelarm = 1.350,00 EUR bei nur 5 % Einsparung = 67,50 EUR abz\u00fcglich 1 Liter MATHY SPEZIAL-H = \u2013 22,95 EUR. Netto-Einsparung = 44,55 EUR. Die Netto-Einsparung ist also erheblich h\u00f6her als der Einstandspreis f\u00fcr MATHY SPEZIAL-H.<br \/>MATHY SPEZIAL-H ist g\u00fcnstiger als die Zumischung vom Tankwagen. Exemplarische Rechnung: Stand 01\/2017 2.000 Liter Heiz\u00f6l schwefelarm = 1.350,00 EUR. Zugabe vom Tankwagen direkt ca. 0,02 \u20ac \/ Liter = 40,00 EUR. Gesamtpreis = 1.390,00 EUR. 2.000 Liter Heiz\u00f6l schwefelarm = 1.350,00 EUR. Zugabe 1 Liter MATHY SPEZIAL-H = 22,95 EUR Gesamtpreis = 1.372,95 EUR. Direkte Einkaufsersparnis je 2.000 Liter Heiz\u00f6l von 17,05 \u20ac mit MATHY SPEZIAL-H.<\/p><\/div>\n\t\t\t\t<\/div>\n\t\t\t\t\t\t\t<div class=\"elementor-accordion-item\">\n\t\t\t\t\t<div id=\"elementor-tab-title-1123\" class=\"elementor-tab-title\" data-tab=\"3\" role=\"button\" aria-controls=\"elementor-tab-content-1123\" aria-expanded=\"false\">\n\t\t\t\t\t\t\t\t\t\t\t\t\t<span class=\"elementor-accordion-icon elementor-accordion-icon-left\" aria-hidden=\"true\">\n\t\t\t\t\t\t\t\t\t\t\t\t\t\t\t<span class=\"elementor-accordion-icon-closed\"><i class=\"fas fa-plus\"><\/i><\/span>\n\t\t\t\t\t\t\t\t<span class=\"elementor-accordion-icon-opened\"><i class=\"fas fa-minus\"><\/i><\/span>\n\t\t\t\t\t\t\t\t\t\t\t\t\t\t<\/span>\n\t\t\t\t\t\t\t\t\t\t\t\t<a class=\"elementor-accordion-title\" tabindex=\"0\">In welchen Brennern ist MATHY SPEZIAL-H einsetzbar?<\/a>\n\t\t\t\t\t<\/div>\n\t\t\t\t\t<div id=\"elementor-tab-content-1123\" class=\"elementor-tab-content elementor-clearfix\" data-tab=\"3\" role=\"region\" aria-labelledby=\"elementor-tab-title-1123\"><section class=\"m-accordion-item js-accordion-item m-accordion--open\"><div class=\"m-accordion-content js-accordion-content\"><p>Einsetzbar in Heizungsanlagen aller Art, einschlie\u00dflich Gelb-, Blau- und Schalenbrennern (\u00d6l\u00f6fen) sowie Vorverdampfern. Empfohlen f\u00fcr schwefelarmes Heiz\u00f6l EL, auch mit geringem Bio-Anteil, und Standard-Heiz\u00f6l. MATHY SPEZIAL-H ist vollst\u00e4ndig \u00f6ll\u00f6slich, in jedem Heiz\u00f6l EL wirksam, in allen Heizungsanlagen einsetzbar und werkstoffvertr\u00e4glich.<\/p><\/div><\/section><section class=\"m-accordion-item js-accordion-item js-accordion-item--last\"><\/section><\/div>\n\t\t\t\t<\/div>\n\t\t\t\t\t\t\t<div class=\"elementor-accordion-item\">\n\t\t\t\t\t<div id=\"elementor-tab-title-1124\" class=\"elementor-tab-title\" data-tab=\"4\" role=\"button\" aria-controls=\"elementor-tab-content-1124\" aria-expanded=\"false\">\n\t\t\t\t\t\t\t\t\t\t\t\t\t<span class=\"elementor-accordion-icon elementor-accordion-icon-left\" aria-hidden=\"true\">\n\t\t\t\t\t\t\t\t\t\t\t\t\t\t\t<span class=\"elementor-accordion-icon-closed\"><i class=\"fas fa-plus\"><\/i><\/span>\n\t\t\t\t\t\t\t\t<span class=\"elementor-accordion-icon-opened\"><i class=\"fas fa-minus\"><\/i><\/span>\n\t\t\t\t\t\t\t\t\t\t\t\t\t\t<\/span>\n\t\t\t\t\t\t\t\t\t\t\t\t<a class=\"elementor-accordion-title\" tabindex=\"0\">Wie wird MATHY SPEZIAL-H dosiert?<\/a>\n\t\t\t\t\t<\/div>\n\t\t\t\t\t<div id=\"elementor-tab-content-1124\" class=\"elementor-tab-content elementor-clearfix\" data-tab=\"4\" role=\"region\" aria-labelledby=\"elementor-tab-title-1124\"><div class=\"m-accordion js-accordion\"><section class=\"m-accordion-item js-accordion-item js-accordion-item--last m-accordion--open\"><div class=\"m-accordion-content js-accordion-content\"><p>Der Inhalt einer Flasche MATHY SPEZIAL-H reicht f\u00fcr 2.000 Liter Heiz\u00f6l. (Mischungsverh\u00e4ltnis 1 : 2.000 = 1 Liter Additiv auf 2.000 Liter Heiz\u00f6l) Zugabe ideal bei Bef\u00fcllung des Heiz\u00f6ltanks, aber auch bei laufendem Betrieb m\u00f6glich.<\/p><\/div><\/section><\/div><\/div>\n\t\t\t\t<\/div>\n\t\t\t\t\t\t\t\t<\/div>\n\t\t\t\t\t\t<\/div>\n\t\t\t\t<\/div>\n\t\t\t\t\t<\/div>\n\t\t<\/div>\n\t\t\t\t\t<\/div>\n\t\t<\/section>\n\t\t\t\t<section class=\"elementor-section elementor-top-section elementor-element elementor-element-7240b3cf elementor-section-boxed elementor-section-height-default elementor-section-height-default\" data-id=\"7240b3cf\" data-element_type=\"section\" data-e-type=\"section\">\n\t\t\t\t\t\t<div class=\"elementor-container elementor-column-gap-default\">\n\t\t\t\t\t<div class=\"elementor-column elementor-col-100 elementor-top-column elementor-element elementor-element-195a04a0\" data-id=\"195a04a0\" data-element_type=\"column\" data-e-type=\"column\">\n\t\t\t<div class=\"elementor-widget-wrap elementor-element-populated\">\n\t\t\t\t\t\t<div class=\"elementor-element elementor-element-320a960f elementor-widget elementor-widget-text-editor\" data-id=\"320a960f\" data-element_type=\"widget\" data-e-type=\"widget\" data-widget_type=\"text-editor.default\">\n\t\t\t\t<div class=\"elementor-widget-container\">\n\t\t\t\t\t\t\t\t\t<div id=\"c1270\" class=\"frame frame-default frame-type-textmedia frame-layout-0\"><div class=\"ce-textpic ce-right ce-intext\"><div class=\"ce-bodytext\"><h3>Unsere Probleml\u00f6ser im Heiz\u00f6lbereich<\/h3><\/div><\/div><\/div>\t\t\t\t\t\t\t\t<\/div>\n\t\t\t\t<\/div>\n\t\t\t\t<div class=\"elementor-element elementor-element-fff84cf elementor-widget elementor-widget-the7-elements-woo-carousel\" data-id=\"fff84cf\" data-element_type=\"widget\" data-e-type=\"widget\" data-widget_type=\"the7-elements-woo-carousel.default\">\n\t\t\t\t<div class=\"elementor-widget-container\">\n\t\t\t\t\t<div class=\"owl-carousel products-carousel-shortcode dt-owl-carousel-call the7-elements-woo-carousel-fff84cf cart-btn-below-img bullets-small-dot-stroke reposition-arrows arrows-bg-on dt-arrow-border-on dt-arrow-hover-border-on disable-arrows-hover-bg arrows-hover-bg-on wc-img-hover hide-description\" data-scroll-mode=\"1\" data-wide-col-num=\"4\" data-col-num=\"3\" data-laptop-col=\"3\" data-h-tablet-columns-num=\"2\" data-v-tablet-columns-num=\"2\" data-phone-columns-num=\"1\" data-auto-height=\"false\" data-col-gap=\"15\" data-stage-padding=\"0\" data-speed=\"600\" data-autoplay=\"false\" data-autoplay_speed=\"6000\" data-arrows=\"true\" data-bullet=\"false\" data-next-icon=\"fas fa-chevron-right\" data-prev-icon=\"fas fa-chevron-left\"><article class=\"post post-969 product type-product status-publish has-post-thumbnail product_brand-mvg-mathe-schmierstofftechnik-gmbh product_cat-heizung description-off first onbackorder taxable shipping-taxable purchasable product-type-variable\" ><figure class=\"woocom-project\">\n\t<div class=\"woo-buttons-on-img\">\n\n\t\t<a href=\"https:\/\/mathy-austria.com\/hu\/termek\/mathy-spezial-h-winter-1x-1-0l\/\" class=\"alignnone layzr-bg\"><img fetchpriority=\"high\" decoding=\"async\" width=\"300\" height=\"300\" src=\"data:image\/svg+xml;charset=utf-8,%3Csvg xmlns%3D&#039;http%3A%2F%2Fwww.w3.org%2F2000%2Fsvg&#039; viewBox%3D&#039;0 0 300 300&#039;%2F%3E\" class=\"attachment-woocommerce_thumbnail size-woocommerce_thumbnail owl-lazy-load preload-me\" alt=\"MATHY SPEZIAL-H WINTER\" data-src=\"https:\/\/mathy-austria.com\/wp-content\/uploads\/2014\/04\/1-mathy-spezial-h-winter_heizoel-additiv_1l_wb_1972_1920x1920-300x300.jpg\" data-srcset=\"https:\/\/mathy-austria.com\/wp-content\/uploads\/2014\/04\/1-mathy-spezial-h-winter_heizoel-additiv_1l_wb_1972_1920x1920-300x300.jpg 300w, https:\/\/mathy-austria.com\/wp-content\/uploads\/2014\/04\/1-mathy-spezial-h-winter_heizoel-additiv_1l_wb_1972_1920x1920-150x150.jpg 150w, https:\/\/mathy-austria.com\/wp-content\/uploads\/2014\/04\/1-mathy-spezial-h-winter_heizoel-additiv_1l_wb_1972_1920x1920-768x768.jpg 768w, https:\/\/mathy-austria.com\/wp-content\/uploads\/2014\/04\/1-mathy-spezial-h-winter_heizoel-additiv_1l_wb_1972_1920x1920-600x600.jpg 600w, https:\/\/mathy-austria.com\/wp-content\/uploads\/2014\/04\/1-mathy-spezial-h-winter_heizoel-additiv_1l_wb_1972_1920x1920-200x200.jpg 200w, https:\/\/mathy-austria.com\/wp-content\/uploads\/2014\/04\/1-mathy-spezial-h-winter_heizoel-additiv_1l_wb_1972_1920x1920.jpg 800w\" \/><img decoding=\"async\" width=\"300\" height=\"300\" src=\"data:image\/svg+xml;charset=utf-8,%3Csvg xmlns%3D&#039;http%3A%2F%2Fwww.w3.org%2F2000%2Fsvg&#039; viewBox%3D&#039;0 0 300 300&#039;%2F%3E\" class=\"show-on-hover back-image owl-lazy-load preload-me\" alt=\"\" data-src=\"https:\/\/mathy-austria.com\/wp-content\/uploads\/2014\/04\/1-mathy-spezial-h-winter_heizoel-additiv_1l_wb_1972_1920x1920-300x300.jpg\" data-srcset=\"https:\/\/mathy-austria.com\/wp-content\/uploads\/2014\/04\/1-mathy-spezial-h-winter_heizoel-additiv_1l_wb_1972_1920x1920-300x300.jpg 300w, https:\/\/mathy-austria.com\/wp-content\/uploads\/2014\/04\/1-mathy-spezial-h-winter_heizoel-additiv_1l_wb_1972_1920x1920-150x150.jpg 150w, https:\/\/mathy-austria.com\/wp-content\/uploads\/2014\/04\/1-mathy-spezial-h-winter_heizoel-additiv_1l_wb_1972_1920x1920-768x768.jpg 768w, https:\/\/mathy-austria.com\/wp-content\/uploads\/2014\/04\/1-mathy-spezial-h-winter_heizoel-additiv_1l_wb_1972_1920x1920-600x600.jpg 600w, https:\/\/mathy-austria.com\/wp-content\/uploads\/2014\/04\/1-mathy-spezial-h-winter_heizoel-additiv_1l_wb_1972_1920x1920-200x200.jpg 200w, https:\/\/mathy-austria.com\/wp-content\/uploads\/2014\/04\/1-mathy-spezial-h-winter_heizoel-additiv_1l_wb_1972_1920x1920.jpg 800w\" \/><\/a>\n\t<\/div>\n\t<figcaption class=\"woocom-list-content\">\n\n\t\t<div class=\"woo-buttons\"><a href=\"https:\/\/mathy-austria.com\/hu\/termek\/mathy-spezial-h-winter-1x-1-0l\/\" aria-describedby=\"woocommerce_loop_add_to_cart_link_describedby_969\" data-quantity=\"1\" class=\"product_type_variable add_to_cart_button\" data-product_id=\"969\" data-product_sku=\"1265-999\" aria-label=\"V\u00e1lasszunk \u201cMATHY SPEZIAL-H WINTER\u201d lehet\u0151s\u00e9gek k\u00f6z\u00fcl\" rel=\"nofollow\" data-no-translation=\"\" data-trp-gettext=\"\" data-no-translation-aria-label=\"\">Opci\u00f3k v\u00e1laszt\u00e1sa<\/a>\t<span id=\"woocommerce_loop_add_to_cart_link_describedby_969\" class=\"screen-reader-text\">\n\t\tEnnek a term\u00e9knek t\u00f6bb v\u00e1ltozata van. A v\u00e1ltozatok a term\u00e9koldalon v\u00e1laszthat\u00f3k ki\t<\/span>\n<\/div>\n\t<\/figcaption>\n<\/figure>\n<\/article><article class=\"post post-963 product type-product status-publish has-post-thumbnail product_brand-mvg-mathe-schmierstofftechnik-gmbh product_cat-heizung product_cat-spitzenreiter description-off  instock taxable shipping-taxable purchasable product-type-variable\" ><figure class=\"woocom-project\">\n\t<div class=\"woo-buttons-on-img\">\n\n\t\t<a href=\"https:\/\/mathy-austria.com\/hu\/termek\/mathy-spezial-h-heizol-additiv-1x-1-0l\/\" class=\"alignnone layzr-bg\"><img decoding=\"async\" width=\"300\" height=\"300\" src=\"data:image\/svg+xml;charset=utf-8,%3Csvg xmlns%3D&#039;http%3A%2F%2Fwww.w3.org%2F2000%2Fsvg&#039; viewBox%3D&#039;0 0 300 300&#039;%2F%3E\" class=\"attachment-woocommerce_thumbnail size-woocommerce_thumbnail owl-lazy-load preload-me\" alt=\"MATHY SPEZIAL-H Heiz\u00f6l-Additiv\" data-src=\"https:\/\/mathy-austria.com\/wp-content\/uploads\/2014\/04\/1-MATHY_Spezial-H_1l-300x300.jpg\" data-srcset=\"https:\/\/mathy-austria.com\/wp-content\/uploads\/2014\/04\/1-MATHY_Spezial-H_1l-300x300.jpg 300w, https:\/\/mathy-austria.com\/wp-content\/uploads\/2014\/04\/1-MATHY_Spezial-H_1l-1024x1024.jpg 1024w, https:\/\/mathy-austria.com\/wp-content\/uploads\/2014\/04\/1-MATHY_Spezial-H_1l-150x150.jpg 150w, https:\/\/mathy-austria.com\/wp-content\/uploads\/2014\/04\/1-MATHY_Spezial-H_1l-768x768.jpg 768w, https:\/\/mathy-austria.com\/wp-content\/uploads\/2014\/04\/1-MATHY_Spezial-H_1l-1536x1536.jpg 1536w, https:\/\/mathy-austria.com\/wp-content\/uploads\/2014\/04\/1-MATHY_Spezial-H_1l-600x600.jpg 600w, https:\/\/mathy-austria.com\/wp-content\/uploads\/2014\/04\/1-MATHY_Spezial-H_1l-200x200.jpg 200w, https:\/\/mathy-austria.com\/wp-content\/uploads\/2014\/04\/1-MATHY_Spezial-H_1l.jpg 1600w\" \/><img loading=\"lazy\" decoding=\"async\" width=\"300\" height=\"300\" src=\"data:image\/svg+xml;charset=utf-8,%3Csvg xmlns%3D&#039;http%3A%2F%2Fwww.w3.org%2F2000%2Fsvg&#039; viewBox%3D&#039;0 0 300 300&#039;%2F%3E\" class=\"show-on-hover back-image owl-lazy-load preload-me\" alt=\"\" data-src=\"https:\/\/mathy-austria.com\/wp-content\/uploads\/2014\/04\/2-MATHY_Spezial-H_5x1l-300x300.jpg\" data-srcset=\"https:\/\/mathy-austria.com\/wp-content\/uploads\/2014\/04\/2-MATHY_Spezial-H_5x1l-300x300.jpg 300w, https:\/\/mathy-austria.com\/wp-content\/uploads\/2014\/04\/2-MATHY_Spezial-H_5x1l-1024x1024.jpg 1024w, https:\/\/mathy-austria.com\/wp-content\/uploads\/2014\/04\/2-MATHY_Spezial-H_5x1l-150x150.jpg 150w, https:\/\/mathy-austria.com\/wp-content\/uploads\/2014\/04\/2-MATHY_Spezial-H_5x1l-768x768.jpg 768w, https:\/\/mathy-austria.com\/wp-content\/uploads\/2014\/04\/2-MATHY_Spezial-H_5x1l-1536x1536.jpg 1536w, https:\/\/mathy-austria.com\/wp-content\/uploads\/2014\/04\/2-MATHY_Spezial-H_5x1l-600x600.jpg 600w, https:\/\/mathy-austria.com\/wp-content\/uploads\/2014\/04\/2-MATHY_Spezial-H_5x1l-200x200.jpg 200w, https:\/\/mathy-austria.com\/wp-content\/uploads\/2014\/04\/2-MATHY_Spezial-H_5x1l.jpg 1600w\" \/><\/a>\n\t<\/div>\n\t<figcaption class=\"woocom-list-content\">\n\n\t\t<div class=\"woo-buttons\"><a href=\"https:\/\/mathy-austria.com\/hu\/termek\/mathy-spezial-h-heizol-additiv-1x-1-0l\/\" aria-describedby=\"woocommerce_loop_add_to_cart_link_describedby_963\" data-quantity=\"1\" class=\"product_type_variable add_to_cart_button\" data-product_id=\"963\" data-product_sku=\"1260-999\" aria-label=\"V\u00e1lasszunk \u201cMATHY SPEZIAL-H Heiz\u00f6l-Additiv\u201d lehet\u0151s\u00e9gek k\u00f6z\u00fcl\" rel=\"nofollow\" data-no-translation=\"\" data-trp-gettext=\"\" data-no-translation-aria-label=\"\">Opci\u00f3k v\u00e1laszt\u00e1sa<\/a>\t<span id=\"woocommerce_loop_add_to_cart_link_describedby_963\" class=\"screen-reader-text\">\n\t\tEnnek a term\u00e9knek t\u00f6bb v\u00e1ltozata van. A v\u00e1ltozatok a term\u00e9koldalon v\u00e1laszthat\u00f3k ki\t<\/span>\n<\/div>\n\t<\/figcaption>\n<\/figure>\n<\/article><\/div>\t\t\t\t<\/div>\n\t\t\t\t<\/div>\n\t\t\t\t\t<\/div>\n\t\t<\/div>\n\t\t\t\t\t<\/div>\n\t\t<\/section>\n\t\t\t\t<\/div>","protected":false},"excerpt":{"rendered":"<p>Kevesebb korom \u00e9s kisebb fogyaszt\u00e1s A f\u0171t\u0151olaj tiszta \u00e9g\u00e9s\u00e9\u00e9rt A MATHY SPEZIAL-H egy rendk\u00edv\u00fcl hat\u00e9kony f\u0171t\u0151olaj-adal\u00e9kanyag, amelynek modern hat\u00f3anyagai sz\u00e9les k\u00f6rben alkalmazhat\u00f3k fenntarthat\u00f3 energiamegtakar\u00edt\u00e1sra. Megfelel a modern \u00e9g\u00e9stechnol\u00f3gi\u00e1k minden k\u00f6vetelm\u00e9ny\u00e9nek, ez\u00e9rt minden f\u0171t\u0151olaj-min\u0151s\u00e9ghez (standard \u00e9s alacsony k\u00e9ntartalm\u00fa) alkalmas. A MATHY SPEZIAL-H b\u00e1rmilyen hagyom\u00e1nyos f\u0171t\u0151olajat pr\u00e9mium f\u0171t\u0151olajj\u00e1 alak\u00edt,\u2026<\/p>","protected":false},"author":1,"featured_media":0,"parent":1623,"menu_order":0,"comment_status":"closed","ping_status":"closed","template":"","meta":{"footnotes":""},"class_list":["post-2136","page","type-page","status-publish","hentry"],"_links":{"self":[{"href":"https:\/\/mathy-austria.com\/hu\/wp-json\/wp\/v2\/pages\/2136","targetHints":{"allow":["GET"]}}],"collection":[{"href":"https:\/\/mathy-austria.com\/hu\/wp-json\/wp\/v2\/pages"}],"about":[{"href":"https:\/\/mathy-austria.com\/hu\/wp-json\/wp\/v2\/types\/page"}],"author":[{"embeddable":true,"href":"https:\/\/mathy-austria.com\/hu\/wp-json\/wp\/v2\/users\/1"}],"replies":[{"embeddable":true,"href":"https:\/\/mathy-austria.com\/hu\/wp-json\/wp\/v2\/comments?post=2136"}],"version-history":[{"count":0,"href":"https:\/\/mathy-austria.com\/hu\/wp-json\/wp\/v2\/pages\/2136\/revisions"}],"up":[{"embeddable":true,"href":"https:\/\/mathy-austria.com\/hu\/wp-json\/wp\/v2\/pages\/1623"}],"wp:attachment":[{"href":"https:\/\/mathy-austria.com\/hu\/wp-json\/wp\/v2\/media?parent=2136"}],"curies":[{"name":"wp","href":"https:\/\/api.w.org\/{rel}","templated":true}]}}