{"id":2129,"date":"2020-07-17T09:51:06","date_gmt":"2020-07-17T07:51:06","guid":{"rendered":"https:\/\/mathy-austria.com\/?page_id=2129"},"modified":"2020-10-22T11:29:57","modified_gmt":"2020-10-22T09:29:57","slug":"offroad","status":"publish","type":"page","link":"https:\/\/mathy-austria.com\/hu\/anwendung\/offroad\/","title":{"rendered":"Offroad"},"content":{"rendered":"<div data-elementor-type=\"wp-page\" data-elementor-id=\"2129\" class=\"elementor elementor-2129\" data-elementor-post-type=\"page\">\n\t\t\t\t\t\t<section class=\"elementor-section elementor-top-section elementor-element elementor-element-6164498 elementor-section-boxed elementor-section-height-default elementor-section-height-default\" data-id=\"6164498\" data-element_type=\"section\" data-e-type=\"section\">\n\t\t\t\t\t\t<div class=\"elementor-container elementor-column-gap-default\">\n\t\t\t\t\t<div class=\"elementor-column elementor-col-100 elementor-top-column elementor-element elementor-element-51ac624\" data-id=\"51ac624\" data-element_type=\"column\" data-e-type=\"column\">\n\t\t\t<div class=\"elementor-widget-wrap elementor-element-populated\">\n\t\t\t\t\t\t<div class=\"elementor-element elementor-element-7be1869 elementor-widget elementor-widget-text-editor\" data-id=\"7be1869\" data-element_type=\"widget\" data-e-type=\"widget\" data-widget_type=\"text-editor.default\">\n\t\t\t\t<div class=\"elementor-widget-container\">\n\t\t\t\t\t\t\t\t\t<h1>A hajt\u00e1sl\u00e1nc specialist\u00e1k<\/h1><p><strong>Optim\u00e1lis ken\u00e9sell\u00e1t\u00e1s a hat\u00e1r\u00e9rt\u00e9k-tartom\u00e1nyokban<\/strong><\/p><p>A MATHY term\u00e9kcsal\u00e1d t\u00f6k\u00e9letes v\u00e9delmet ny\u00fajt minden egys\u00e9g \u00e9s a teljes \u00fczemanyagrendszer sz\u00e1m\u00e1ra, hogy terepj\u00e1r\u00f3ja hossz\u00fa ideig \u00e9lvezhet\u0151 maradjon. A MATHY adal\u00e9kok cs\u00f6kkentik a s\u00farl\u00f3d\u00e1st \u00e9s a kop\u00e1st a motorok, sebess\u00e9gv\u00e1lt\u00f3k, tengelyhajt\u00e1sok \u00e9s differenci\u00e1lm\u0171vek minden mozg\u00f3 alkatr\u00e9sz\u00e9n.<\/p><p style=\"color: #333333; quot;quot;,helvetica,arial,sans-serif;font-size: 16px; font-style: normal; font-variant: normal; font-weight: 400; letter-spacing: normal; text-align: left; text-decoration: none; text-indent: 0px; text-transform: none; margin: 0px 0px 1.4rem 0px;\">K\u00fcl\u00f6n\u00f6sen extr\u00e9m helyzetekben fontos, hogy enyh\u00edtse a terepj\u00e1r\u00f3 er\u0151sen ig\u00e9nybevett \u00e9s kritikus ter\u00fcleteinek nyom\u00e1s\u00e1t. A MATHY haszn\u00e1lat\u00e1val a motorban \u00e9s a sebess\u00e9gv\u00e1lt\u00f3ban az olajfilm nyom\u00e1s\u00e1ll\u00f3s\u00e1ga sokszoros\u00e1ra n\u0151, \u00e9s cs\u00f6kken terepj\u00e1r\u00f3j\u00e1nak hiba\u00e9rz\u00e9kenys\u00e9ge. Jelent\u0151sen javul az er\u0151\u00e1tvitel a motort\u00f3l a meghajt\u00f3 kerekek fel\u00e9, \u00e9s stabiliz\u00e1l\u00f3dik a zavartalan fut\u00e1s.<\/p>\t\t\t\t\t\t\t\t<\/div>\n\t\t\t\t<\/div>\n\t\t\t\t\t<\/div>\n\t\t<\/div>\n\t\t\t\t\t<\/div>\n\t\t<\/section>\n\t\t\t\t<section class=\"elementor-section elementor-top-section elementor-element elementor-element-6dc33fe0 elementor-section-boxed elementor-section-height-default elementor-section-height-default\" data-id=\"6dc33fe0\" data-element_type=\"section\" data-e-type=\"section\">\n\t\t\t\t\t\t<div class=\"elementor-container elementor-column-gap-default\">\n\t\t\t\t\t<div class=\"elementor-column elementor-col-100 elementor-top-column elementor-element elementor-element-4daef841\" data-id=\"4daef841\" data-element_type=\"column\" data-e-type=\"column\">\n\t\t\t<div class=\"elementor-widget-wrap elementor-element-populated\">\n\t\t\t\t\t\t<div class=\"elementor-element elementor-element-8e188f6 elementor-widget elementor-widget-heading\" data-id=\"8e188f6\" data-element_type=\"widget\" data-e-type=\"widget\" data-widget_type=\"heading.default\">\n\t\t\t\t<div class=\"elementor-widget-container\">\n\t\t\t\t\t<h2 class=\"elementor-heading-title elementor-size-default\">A leggyakrabban feltett k\u00e9rd\u00e9sek az OFFROADER alkalmaz\u00e1ssal kapcsolatban<\/h2>\t\t\t\t<\/div>\n\t\t\t\t<\/div>\n\t\t\t\t<div class=\"elementor-element elementor-element-6846e9ec elementor-widget elementor-widget-accordion\" data-id=\"6846e9ec\" data-element_type=\"widget\" data-e-type=\"widget\" data-widget_type=\"accordion.default\">\n\t\t\t\t<div class=\"elementor-widget-container\">\n\t\t\t\t\t\t\t<div class=\"elementor-accordion\">\n\t\t\t\t\t\t\t<div class=\"elementor-accordion-item\">\n\t\t\t\t\t<div id=\"elementor-tab-title-1741\" class=\"elementor-tab-title\" data-tab=\"1\" role=\"button\" aria-controls=\"elementor-tab-content-1741\" aria-expanded=\"false\">\n\t\t\t\t\t\t\t\t\t\t\t\t\t<span class=\"elementor-accordion-icon elementor-accordion-icon-left\" aria-hidden=\"true\">\n\t\t\t\t\t\t\t\t\t\t\t\t\t\t\t<span class=\"elementor-accordion-icon-closed\"><i class=\"fas fa-plus\"><\/i><\/span>\n\t\t\t\t\t\t\t\t<span class=\"elementor-accordion-icon-opened\"><i class=\"fas fa-minus\"><\/i><\/span>\n\t\t\t\t\t\t\t\t\t\t\t\t\t\t<\/span>\n\t\t\t\t\t\t\t\t\t\t\t\t<a class=\"elementor-accordion-title\" tabindex=\"0\">Hogyan m\u0171k\u00f6dnek a MATHY adal\u00e9kok egy terepj\u00e1r\u00f3ban?<\/a>\n\t\t\t\t\t<\/div>\n\t\t\t\t\t<div id=\"elementor-tab-content-1741\" class=\"elementor-tab-content elementor-clearfix\" data-tab=\"1\" role=\"region\" aria-labelledby=\"elementor-tab-title-1741\"><section class=\"m-accordion-item js-accordion-item m-accordion--open\"><div class=\"m-accordion-content js-accordion-content\"><p>A MATHY adal\u00e9kok optimaliz\u00e1lj\u00e1k a motor-, sebess\u00e9gv\u00e1lt\u00f3- \u00e9s differenci\u00e1lm\u0171olajok ken\u00e9si tulajdons\u00e1gait. Az olajjal bevont alkatr\u00e9szek hosszabb ideig v\u00e9dettek maradnak \u00e9s kev\u00e9sb\u00e9 kopnak. Ez cs\u00f6kkenti az egys\u00e9gek kop\u00e1s\u00e1t \u00e9s meghosszabb\u00edtja \u00e9lettartamukat.\u00a0<\/p><\/div><\/section><section class=\"m-accordion-item js-accordion-item\"><\/section><\/div>\n\t\t\t\t<\/div>\n\t\t\t\t\t\t\t<div class=\"elementor-accordion-item\">\n\t\t\t\t\t<div id=\"elementor-tab-title-1742\" class=\"elementor-tab-title\" data-tab=\"2\" role=\"button\" aria-controls=\"elementor-tab-content-1742\" aria-expanded=\"false\">\n\t\t\t\t\t\t\t\t\t\t\t\t\t<span class=\"elementor-accordion-icon elementor-accordion-icon-left\" aria-hidden=\"true\">\n\t\t\t\t\t\t\t\t\t\t\t\t\t\t\t<span class=\"elementor-accordion-icon-closed\"><i class=\"fas fa-plus\"><\/i><\/span>\n\t\t\t\t\t\t\t\t<span class=\"elementor-accordion-icon-opened\"><i class=\"fas fa-minus\"><\/i><\/span>\n\t\t\t\t\t\t\t\t\t\t\t\t\t\t<\/span>\n\t\t\t\t\t\t\t\t\t\t\t\t<a class=\"elementor-accordion-title\" tabindex=\"0\">Mennyire id\u0151ig\u00e9nyes a MATHY adal\u00e9kanyagok haszn\u00e1lata?<\/a>\n\t\t\t\t\t<\/div>\n\t\t\t\t\t<div id=\"elementor-tab-content-1742\" class=\"elementor-tab-content elementor-clearfix\" data-tab=\"2\" role=\"region\" aria-labelledby=\"elementor-tab-title-1742\"><section class=\"m-accordion-item js-accordion-item m-accordion--open\"><div class=\"m-accordion-content js-accordion-content\"><p>Az alkalmaz\u00e1s nagyon egyszer\u0171. A MATHY \u00fczemanyag-adal\u00e9kokat k\u00f6zvetlen\u00fcl a tankol\u00e1s el\u0151tt kell a tart\u00e1lyba adagolni. A motor- \u00e9s sebess\u00e9gv\u00e1lt\u00f3olaj-adal\u00e9kanyagokat \u00d6n vagy a j\u00e1rm\u0171szervizek gond n\u00e9lk\u00fcl hozz\u00e1adhatj\u00e1k az egys\u00e9gekhez. Ezenk\u00edv\u00fcl minden term\u00e9khez r\u00e9szletes haszn\u00e1lati utas\u00edt\u00e1s tartozik. \u00a0<\/p><\/div><\/section><section class=\"m-accordion-item js-accordion-item\"><\/section><\/div>\n\t\t\t\t<\/div>\n\t\t\t\t\t\t\t<div class=\"elementor-accordion-item\">\n\t\t\t\t\t<div id=\"elementor-tab-title-1743\" class=\"elementor-tab-title\" data-tab=\"3\" role=\"button\" aria-controls=\"elementor-tab-content-1743\" aria-expanded=\"false\">\n\t\t\t\t\t\t\t\t\t\t\t\t\t<span class=\"elementor-accordion-icon elementor-accordion-icon-left\" aria-hidden=\"true\">\n\t\t\t\t\t\t\t\t\t\t\t\t\t\t\t<span class=\"elementor-accordion-icon-closed\"><i class=\"fas fa-plus\"><\/i><\/span>\n\t\t\t\t\t\t\t\t<span class=\"elementor-accordion-icon-opened\"><i class=\"fas fa-minus\"><\/i><\/span>\n\t\t\t\t\t\t\t\t\t\t\t\t\t\t<\/span>\n\t\t\t\t\t\t\t\t\t\t\t\t<a class=\"elementor-accordion-title\" tabindex=\"0\">A MATHY adal\u00e9kanyagok megoldhatj\u00e1k a terepj\u00e1r\u00f3k m\u0171szaki probl\u00e9m\u00e1it?<\/a>\n\t\t\t\t\t<\/div>\n\t\t\t\t\t<div id=\"elementor-tab-content-1743\" class=\"elementor-tab-content elementor-clearfix\" data-tab=\"3\" role=\"region\" aria-labelledby=\"elementor-tab-title-1743\"><section class=\"m-accordion-item js-accordion-item m-accordion--open\"><div class=\"m-accordion-content js-accordion-content\"><p>A MATHY adal\u00e9kok k\u00e9pesek kompenz\u00e1lni \u00e9s minimaliz\u00e1lni a hidraulikus csapszegek cs\u00f6rg\u00e9s\u00e9t, a durva motorzajt, a rossz indul\u00e1si viselked\u00e9st, a ragacsos sebess\u00e9gv\u00e1lt\u00e1sokat \u00e9s a teljes\u00edtm\u00e9nycs\u00f6kken\u00e9st. A kop\u00e1ssal kapcsolatos probl\u00e9m\u00e1k hossz\u00fa t\u00e1von cs\u00f6kkennek.<\/p><\/div><\/section><section class=\"m-accordion-item js-accordion-item js-accordion-item--last\"><\/section><\/div>\n\t\t\t\t<\/div>\n\t\t\t\t\t\t\t<div class=\"elementor-accordion-item\">\n\t\t\t\t\t<div id=\"elementor-tab-title-1744\" class=\"elementor-tab-title\" data-tab=\"4\" role=\"button\" aria-controls=\"elementor-tab-content-1744\" aria-expanded=\"false\">\n\t\t\t\t\t\t\t\t\t\t\t\t\t<span class=\"elementor-accordion-icon elementor-accordion-icon-left\" aria-hidden=\"true\">\n\t\t\t\t\t\t\t\t\t\t\t\t\t\t\t<span class=\"elementor-accordion-icon-closed\"><i class=\"fas fa-plus\"><\/i><\/span>\n\t\t\t\t\t\t\t\t<span class=\"elementor-accordion-icon-opened\"><i class=\"fas fa-minus\"><\/i><\/span>\n\t\t\t\t\t\t\t\t\t\t\t\t\t\t<\/span>\n\t\t\t\t\t\t\t\t\t\t\t\t<a class=\"elementor-accordion-title\" tabindex=\"0\">Milyen ter\u00fcleteken haszn\u00e1lj\u00e1k a MATHY adal\u00e9kanyagokat?<\/a>\n\t\t\t\t\t<\/div>\n\t\t\t\t\t<div id=\"elementor-tab-content-1744\" class=\"elementor-tab-content elementor-clearfix\" data-tab=\"4\" role=\"region\" aria-labelledby=\"elementor-tab-title-1744\"><div class=\"m-accordion js-accordion\"><section class=\"m-accordion-item js-accordion-item js-accordion-item--last m-accordion--open\"><div class=\"m-accordion-content js-accordion-content\"><p>Motorokban, k\u00e9zi sebess\u00e9gv\u00e1lt\u00f3kban, automata sebess\u00e9gv\u00e1lt\u00f3kban, differenci\u00e1lm\u0171vekben, szervokorm\u00e1nyrendszerekben, hidraulik\u00e1ban, befecskendez\u0151 szivatty\u00fakban, turb\u00f3felt\u00f6lt\u0151kben, differenci\u00e1lm\u0171vekben\/h\u00e1ts\u00f3 tengelyekben, kompresszorokban stb.<\/p><\/div><\/section><\/div><\/div>\n\t\t\t\t<\/div>\n\t\t\t\t\t\t\t\t<\/div>\n\t\t\t\t\t\t<\/div>\n\t\t\t\t<\/div>\n\t\t\t\t\t<\/div>\n\t\t<\/div>\n\t\t\t\t\t<\/div>\n\t\t<\/section>\n\t\t\t\t<\/div>","protected":false},"excerpt":{"rendered":"<p>A hajt\u00e1sl\u00e1nc-specialist\u00e1k Optim\u00e1lis ken\u00e9s a hat\u00e1rokon Annak \u00e9rdek\u00e9ben, hogy terepj\u00e1r\u00f3ja vezet\u00e9si \u00e9lm\u00e9nye hossz\u00fa ideig tartson, a MATHY term\u00e9kcsal\u00e1d t\u00f6k\u00e9letes v\u00e9delmet ny\u00fajt minden alkatr\u00e9sznek \u00e9s a teljes \u00fczemanyagrendszernek. A MATHY adal\u00e9kanyagok cs\u00f6kkentik a s\u00farl\u00f3d\u00e1st \u00e9s a kop\u00e1st a motorok, sebess\u00e9gv\u00e1lt\u00f3k, tengelyhajt\u00e1sok \u00e9s differenci\u00e1lm\u0171vek \u00f6sszes mozg\u00f3 alkatr\u00e9sz\u00e9n. K\u00fcl\u00f6n\u00f6sen extr\u00e9m helyzetekben elengedhetetlen a tehermentes\u00edt\u00e9s...<\/p>","protected":false},"author":1,"featured_media":0,"parent":1623,"menu_order":0,"comment_status":"closed","ping_status":"closed","template":"","meta":{"footnotes":""},"class_list":["post-2129","page","type-page","status-publish","hentry"],"_links":{"self":[{"href":"https:\/\/mathy-austria.com\/hu\/wp-json\/wp\/v2\/pages\/2129","targetHints":{"allow":["GET"]}}],"collection":[{"href":"https:\/\/mathy-austria.com\/hu\/wp-json\/wp\/v2\/pages"}],"about":[{"href":"https:\/\/mathy-austria.com\/hu\/wp-json\/wp\/v2\/types\/page"}],"author":[{"embeddable":true,"href":"https:\/\/mathy-austria.com\/hu\/wp-json\/wp\/v2\/users\/1"}],"replies":[{"embeddable":true,"href":"https:\/\/mathy-austria.com\/hu\/wp-json\/wp\/v2\/comments?post=2129"}],"version-history":[{"count":0,"href":"https:\/\/mathy-austria.com\/hu\/wp-json\/wp\/v2\/pages\/2129\/revisions"}],"up":[{"embeddable":true,"href":"https:\/\/mathy-austria.com\/hu\/wp-json\/wp\/v2\/pages\/1623"}],"wp:attachment":[{"href":"https:\/\/mathy-austria.com\/hu\/wp-json\/wp\/v2\/media?parent=2129"}],"curies":[{"name":"wp","href":"https:\/\/api.w.org\/{rel}","templated":true}]}}