{"id":2126,"date":"2020-07-17T09:51:02","date_gmt":"2020-07-17T07:51:02","guid":{"rendered":"https:\/\/mathy-austria.com\/?page_id=2126"},"modified":"2020-10-22T09:21:37","modified_gmt":"2020-10-22T07:21:37","slug":"motorsport","status":"publish","type":"page","link":"https:\/\/mathy-austria.com\/hu\/anwendung\/motorsport\/","title":{"rendered":"Motorsport"},"content":{"rendered":"<div data-elementor-type=\"wp-page\" data-elementor-id=\"2126\" class=\"elementor elementor-2126\" data-elementor-post-type=\"page\">\n\t\t\t\t\t\t<section class=\"elementor-section elementor-top-section elementor-element elementor-element-6164498 elementor-section-boxed elementor-section-height-default elementor-section-height-default\" data-id=\"6164498\" data-element_type=\"section\" data-e-type=\"section\">\n\t\t\t\t\t\t<div class=\"elementor-container elementor-column-gap-default\">\n\t\t\t\t\t<div class=\"elementor-column elementor-col-100 elementor-top-column elementor-element elementor-element-51ac624\" data-id=\"51ac624\" data-element_type=\"column\" data-e-type=\"column\">\n\t\t\t<div class=\"elementor-widget-wrap elementor-element-populated\">\n\t\t\t\t\t\t<div class=\"elementor-element elementor-element-7be1869 elementor-widget elementor-widget-text-editor\" data-id=\"7be1869\" data-element_type=\"widget\" data-e-type=\"widget\" data-widget_type=\"text-editor.default\">\n\t\t\t\t<div class=\"elementor-widget-container\">\n\t\t\t\t\t\t\t\t\t<h1>Versenyz\u00e9sben kifejlesztett min\u0151s\u00e9g<\/h1><p class=\"lead\"><strong>Optim\u00e1lis ken\u00e9si hat\u00e1s m\u00e9g nagy sebess\u00e9gn\u00e9l is<\/strong><\/p><p>A MATHY adal\u00e9kanyagokat m\u00e1r \u00e9vek \u00f3ta haszn\u00e1lj\u00e1k a versenyz\u00e9sben. Ak\u00e1r F.W. Egli vil\u00e1grekordfutam\u00e1ban Uth\u00e1ban (USA), ak\u00e1r a klasszikus versenysorozatokban, mint a Formula VAU, vagy a modern GT-sorozatokban.<\/p><p>A MATHY adal\u00e9kanyagok haszn\u00e1lata a versenyaut\u00f3k er\u0151forr\u00e1saiban mobiliz\u00e1lja az er\u0151tartal\u00e9kokat \u00e9s n\u00f6veli a megb\u00edzhat\u00f3s\u00e1got. A bels\u0151 s\u00farl\u00f3d\u00e1s cs\u00f6kkent\u00e9s\u00e9vel az olaj h\u0151m\u00e9rs\u00e9klete cs\u00f6kken, \u00e9s az olaj stabilabban tapad a f\u00e9mfel\u00fclethez.<\/p><p>A versenyz\u00e9sben a T\u00dcV \u00e1ltal bevizsg\u00e1lt \u00e9s tan\u00fas\u00edtott MATHY adal\u00e9kanyagok motorokban, sebess\u00e9gv\u00e1lt\u00f3kban, h\u00e1ts\u00f3 tengelyekben \u00e9s \u00fczemanyagrendszerekben haszn\u00e1lhat\u00f3k.<\/p>\t\t\t\t\t\t\t\t<\/div>\n\t\t\t\t<\/div>\n\t\t\t\t<div class=\"elementor-element elementor-element-39d2359 elementor-widget elementor-widget-text-editor\" data-id=\"39d2359\" data-element_type=\"widget\" data-e-type=\"widget\" data-widget_type=\"text-editor.default\">\n\t\t\t\t<div class=\"elementor-widget-container\">\n\t\t\t\t\t\t\t\t\t<div class=\"page-header\"><h2 class=\"vorteile\">Ezek az \u00d6n el\u0151nyei<\/h2><ul class=\"csc-bulletlist csc-bulletlist-0\"><li>Cs\u00f6kkenti az olaj h\u0151m\u00e9rs\u00e9klet\u00e9t<\/li><li>N\u00f6veli a teljes\u00edtm\u00e9nyt<\/li><li>N\u00f6veli a megb\u00edzhat\u00f3s\u00e1got<\/li><li>Mozg\u00f3s\u00edtja az energiatartal\u00e9kokat<\/li><li>Jav\u00edtja a v\u00e9szhelyzeti fut\u00e1si tulajdons\u00e1gokat<\/li><\/ul><\/div>\t\t\t\t\t\t\t\t<\/div>\n\t\t\t\t<\/div>\n\t\t\t\t\t<\/div>\n\t\t<\/div>\n\t\t\t\t\t<\/div>\n\t\t<\/section>\n\t\t\t\t<section class=\"elementor-section elementor-top-section elementor-element elementor-element-6c0646ba elementor-section-boxed elementor-section-height-default elementor-section-height-default\" data-id=\"6c0646ba\" data-element_type=\"section\" data-e-type=\"section\">\n\t\t\t\t\t\t<div class=\"elementor-container elementor-column-gap-default\">\n\t\t\t\t\t<div class=\"elementor-column elementor-col-100 elementor-top-column elementor-element elementor-element-3399d0e9\" data-id=\"3399d0e9\" data-element_type=\"column\" data-e-type=\"column\">\n\t\t\t<div class=\"elementor-widget-wrap elementor-element-populated\">\n\t\t\t\t\t\t<div class=\"elementor-element elementor-element-6a52285b elementor-widget elementor-widget-heading\" data-id=\"6a52285b\" data-element_type=\"widget\" data-e-type=\"widget\" data-widget_type=\"heading.default\">\n\t\t\t\t<div class=\"elementor-widget-container\">\n\t\t\t\t\t<h2 class=\"elementor-heading-title elementor-size-default\">A p\u00e1ly\u00e1zattal kapcsolatos leggyakrabban feltett k\u00e9rd\u00e9sek<\/h2>\t\t\t\t<\/div>\n\t\t\t\t<\/div>\n\t\t\t\t<div class=\"elementor-element elementor-element-8da0ff4 elementor-widget elementor-widget-accordion\" data-id=\"8da0ff4\" data-element_type=\"widget\" data-e-type=\"widget\" data-widget_type=\"accordion.default\">\n\t\t\t\t<div class=\"elementor-widget-container\">\n\t\t\t\t\t\t\t<div class=\"elementor-accordion\">\n\t\t\t\t\t\t\t<div class=\"elementor-accordion-item\">\n\t\t\t\t\t<div id=\"elementor-tab-title-1481\" class=\"elementor-tab-title\" data-tab=\"1\" role=\"button\" aria-controls=\"elementor-tab-content-1481\" aria-expanded=\"false\">\n\t\t\t\t\t\t\t\t\t\t\t\t\t<span class=\"elementor-accordion-icon elementor-accordion-icon-left\" aria-hidden=\"true\">\n\t\t\t\t\t\t\t\t\t\t\t\t\t\t\t<span class=\"elementor-accordion-icon-closed\"><i class=\"fas fa-plus\"><\/i><\/span>\n\t\t\t\t\t\t\t\t<span class=\"elementor-accordion-icon-opened\"><i class=\"fas fa-minus\"><\/i><\/span>\n\t\t\t\t\t\t\t\t\t\t\t\t\t\t<\/span>\n\t\t\t\t\t\t\t\t\t\t\t\t<a class=\"elementor-accordion-title\" tabindex=\"0\">Haszn\u00e1lhat\u00f3k-e a MATHY adal\u00e9kanyagok a motorsportban?<\/a>\n\t\t\t\t\t<\/div>\n\t\t\t\t\t<div id=\"elementor-tab-content-1481\" class=\"elementor-tab-content elementor-clearfix\" data-tab=\"1\" role=\"region\" aria-labelledby=\"elementor-tab-title-1481\"><p>A MATHY egy olyan adal\u00e9kkoncentr\u00e1tum, amely kieg\u00e9sz\u00edti a minden m\u0171szaki olajban (\u00e9s \u00fczemanyagban) m\u00e1r megl\u00e9v\u0151 adal\u00e9kanyagokat. A MATHY \u00edgy jav\u00edtja a kereskedelemben kaphat\u00f3 olajok \u00e9s \u00fczemanyagok ken\u0151- \u00e9s tiszt\u00edt\u00f3hat\u00e1s\u00e1t a bels\u0151 \u00e9g\u00e9s\u0171 motorokban, sebess\u00e9gv\u00e1lt\u00f3kban \u00e9s differenci\u00e1lm\u0171vekben. A MATHY cs\u00f6kkenti a s\u00farl\u00f3d\u00e1st, elt\u00e1vol\u00edtja a lerak\u00f3d\u00e1sokat \u00e9s cs\u00f6kkenti az egys\u00e9gek \u00fczemi h\u0151m\u00e9rs\u00e9klet\u00e9t.<\/p><\/div>\n\t\t\t\t<\/div>\n\t\t\t\t\t\t\t<div class=\"elementor-accordion-item\">\n\t\t\t\t\t<div id=\"elementor-tab-title-1482\" class=\"elementor-tab-title\" data-tab=\"2\" role=\"button\" aria-controls=\"elementor-tab-content-1482\" aria-expanded=\"false\">\n\t\t\t\t\t\t\t\t\t\t\t\t\t<span class=\"elementor-accordion-icon elementor-accordion-icon-left\" aria-hidden=\"true\">\n\t\t\t\t\t\t\t\t\t\t\t\t\t\t\t<span class=\"elementor-accordion-icon-closed\"><i class=\"fas fa-plus\"><\/i><\/span>\n\t\t\t\t\t\t\t\t<span class=\"elementor-accordion-icon-opened\"><i class=\"fas fa-minus\"><\/i><\/span>\n\t\t\t\t\t\t\t\t\t\t\t\t\t\t<\/span>\n\t\t\t\t\t\t\t\t\t\t\t\t<a class=\"elementor-accordion-title\" tabindex=\"0\">Keverhet\u0151k-e a MATHY adal\u00e9kok versenyolajokkal?<\/a>\n\t\t\t\t\t<\/div>\n\t\t\t\t\t<div id=\"elementor-tab-content-1482\" class=\"elementor-tab-content elementor-clearfix\" data-tab=\"2\" role=\"region\" aria-labelledby=\"elementor-tab-title-1482\"><p>A MATHY adal\u00e9kok a versenymotorolajokhoz hasonl\u00f3an sz\u00e9nhidrog\u00e9n alap\u00faak. Er\u0151s \u00e9s stabil k\u00f6t\u00e9st k\u00e9peznek. Ez az optimaliz\u00e1l\u00e1s a ken\u0151filmet szakad\u00e1s\u00e1ll\u00f3bb\u00e1 teszi.\u00a0<\/p><\/div>\n\t\t\t\t<\/div>\n\t\t\t\t\t\t\t<div class=\"elementor-accordion-item\">\n\t\t\t\t\t<div id=\"elementor-tab-title-1483\" class=\"elementor-tab-title\" data-tab=\"3\" role=\"button\" aria-controls=\"elementor-tab-content-1483\" aria-expanded=\"false\">\n\t\t\t\t\t\t\t\t\t\t\t\t\t<span class=\"elementor-accordion-icon elementor-accordion-icon-left\" aria-hidden=\"true\">\n\t\t\t\t\t\t\t\t\t\t\t\t\t\t\t<span class=\"elementor-accordion-icon-closed\"><i class=\"fas fa-plus\"><\/i><\/span>\n\t\t\t\t\t\t\t\t<span class=\"elementor-accordion-icon-opened\"><i class=\"fas fa-minus\"><\/i><\/span>\n\t\t\t\t\t\t\t\t\t\t\t\t\t\t<\/span>\n\t\t\t\t\t\t\t\t\t\t\t\t<a class=\"elementor-accordion-title\" tabindex=\"0\">Lehets\u00e9ges a teljes\u00edtm\u00e9ny n\u00f6vel\u00e9se MATHY adal\u00e9kokkal?<\/a>\n\t\t\t\t\t<\/div>\n\t\t\t\t\t<div id=\"elementor-tab-content-1483\" class=\"elementor-tab-content elementor-clearfix\" data-tab=\"3\" role=\"region\" aria-labelledby=\"elementor-tab-title-1483\"><section class=\"m-accordion-item js-accordion-item m-accordion--open\"><div class=\"m-accordion-content js-accordion-content\"><p>A MATHY adal\u00e9kanyagok hozz\u00e1ad\u00e1sa a versenymotorolajokhoz, \u00fczemanyagokhoz \u00e9s hajt\u00f3m\u0171olajokhoz pozit\u00edv hat\u00e1ssal van a ken\u00e9si \u00e9s \u00e9g\u00e9si folyamatokra. Ez az optimaliz\u00e1l\u00e1s nagyobb teljes\u00edtm\u00e9nyt juttat a ker\u00e9kre, \u00e9s \u00edgy n\u00f6veli a versenyaut\u00f3k teljes\u00edtm\u00e9ny\u00e9t.<\/p><\/div><\/section><section class=\"m-accordion-item js-accordion-item js-accordion-item--last\"><\/section><\/div>\n\t\t\t\t<\/div>\n\t\t\t\t\t\t\t<div class=\"elementor-accordion-item\">\n\t\t\t\t\t<div id=\"elementor-tab-title-1484\" class=\"elementor-tab-title\" data-tab=\"4\" role=\"button\" aria-controls=\"elementor-tab-content-1484\" aria-expanded=\"false\">\n\t\t\t\t\t\t\t\t\t\t\t\t\t<span class=\"elementor-accordion-icon elementor-accordion-icon-left\" aria-hidden=\"true\">\n\t\t\t\t\t\t\t\t\t\t\t\t\t\t\t<span class=\"elementor-accordion-icon-closed\"><i class=\"fas fa-plus\"><\/i><\/span>\n\t\t\t\t\t\t\t\t<span class=\"elementor-accordion-icon-opened\"><i class=\"fas fa-minus\"><\/i><\/span>\n\t\t\t\t\t\t\t\t\t\t\t\t\t\t<\/span>\n\t\t\t\t\t\t\t\t\t\t\t\t<a class=\"elementor-accordion-title\" tabindex=\"0\">Befoly\u00e1solj\u00e1k-e a MATHY adal\u00e9kok a versenymotorok h\u0151technikai probl\u00e9m\u00e1it?<\/a>\n\t\t\t\t\t<\/div>\n\t\t\t\t\t<div id=\"elementor-tab-content-1484\" class=\"elementor-tab-content elementor-clearfix\" data-tab=\"4\" role=\"region\" aria-labelledby=\"elementor-tab-title-1484\"><div class=\"m-accordion js-accordion\"><section class=\"m-accordion-item js-accordion-item js-accordion-item--last m-accordion--open\"><div class=\"m-accordion-content js-accordion-content\"><p>A versenyz\u00e9s sor\u00e1n gyakran jelentkeznek termikus probl\u00e9m\u00e1k, k\u00fcl\u00f6n\u00f6sen a nagy teljes\u00edtm\u00e9ny\u0171 motorokn\u00e1l. Ezek az \u00fagynevezett t\u00falmeleged\u00e9si probl\u00e9m\u00e1k negat\u00edv hat\u00e1ssal vannak a versenymotorolaj ken\u00e9si viselked\u00e9s\u00e9re. Min\u00e9l melegebb ugyanis a motorolaj, ann\u00e1l rosszabb a ken\u00e9si teljes\u00edtm\u00e9nye. A MATHY-M hozz\u00e1ad\u00e1s\u00e1val a versenymotorolajhoz cs\u00f6kken a bels\u0151 s\u00farl\u00f3d\u00e1s, stabiliz\u00e1l\u00f3dik a ken\u0151film \u00e9s javul a f\u00e9mfel\u00fclethez val\u00f3 tapad\u00e1s. Az eredm\u00e9ny egy ak\u00e1r 10%-vel h\u0171v\u00f6sebb olajh\u0151m\u00e9rs\u00e9klet versenyk\u00f6r\u00fclm\u00e9nyek k\u00f6z\u00f6tt.<\/p><\/div><\/section><\/div><\/div>\n\t\t\t\t<\/div>\n\t\t\t\t\t\t\t\t<\/div>\n\t\t\t\t\t\t<\/div>\n\t\t\t\t<\/div>\n\t\t\t\t\t<\/div>\n\t\t<\/div>\n\t\t\t\t\t<\/div>\n\t\t<\/section>\n\t\t\t\t<\/div>","protected":false},"excerpt":{"rendered":"<p>Versenyz\u00e9sben kifejlesztett min\u0151s\u00e9g. Optim\u00e1lis ken\u00e9s m\u00e9g magas motorfordulatsz\u00e1mon is. A MATHY adal\u00e9kanyagokat \u00e9vek \u00f3ta haszn\u00e1lj\u00e1k a versenyz\u00e9sben. Legyen sz\u00f3 ak\u00e1r FW Egli Utah-i (USA) vil\u00e1grekordj\u00e1r\u00f3l, ak\u00e1r klasszikus versenysorozatokr\u00f3l, mint p\u00e9ld\u00e1ul a Formula VAU, vagy modern GT sorozatokr\u00f3l. A MATHY adal\u00e9kanyagok versenyaut\u00f3-motorokban t\u00f6rt\u00e9n\u0151 haszn\u00e1lat\u00e1val mobiliz\u00e1lhat\u00f3k a teljes\u00edtm\u00e9nytartal\u00e9kok, \u00e9s a...<\/p>","protected":false},"author":1,"featured_media":0,"parent":1623,"menu_order":0,"comment_status":"closed","ping_status":"closed","template":"","meta":{"footnotes":""},"class_list":["post-2126","page","type-page","status-publish","hentry"],"_links":{"self":[{"href":"https:\/\/mathy-austria.com\/hu\/wp-json\/wp\/v2\/pages\/2126","targetHints":{"allow":["GET"]}}],"collection":[{"href":"https:\/\/mathy-austria.com\/hu\/wp-json\/wp\/v2\/pages"}],"about":[{"href":"https:\/\/mathy-austria.com\/hu\/wp-json\/wp\/v2\/types\/page"}],"author":[{"embeddable":true,"href":"https:\/\/mathy-austria.com\/hu\/wp-json\/wp\/v2\/users\/1"}],"replies":[{"embeddable":true,"href":"https:\/\/mathy-austria.com\/hu\/wp-json\/wp\/v2\/comments?post=2126"}],"version-history":[{"count":0,"href":"https:\/\/mathy-austria.com\/hu\/wp-json\/wp\/v2\/pages\/2126\/revisions"}],"up":[{"embeddable":true,"href":"https:\/\/mathy-austria.com\/hu\/wp-json\/wp\/v2\/pages\/1623"}],"wp:attachment":[{"href":"https:\/\/mathy-austria.com\/hu\/wp-json\/wp\/v2\/media?parent=2126"}],"curies":[{"name":"wp","href":"https:\/\/api.w.org\/{rel}","templated":true}]}}