{"id":2125,"date":"2020-07-17T09:51:00","date_gmt":"2020-07-17T07:51:00","guid":{"rendered":"https:\/\/mathy-austria.com\/?page_id=2125"},"modified":"2020-10-22T09:18:31","modified_gmt":"2020-10-22T07:18:31","slug":"motorrad","status":"publish","type":"page","link":"https:\/\/mathy-austria.com\/hu\/anwendung\/motorrad\/","title":{"rendered":"Motorker\u00e9kp\u00e1r"},"content":{"rendered":"<div data-elementor-type=\"wp-page\" data-elementor-id=\"2125\" class=\"elementor elementor-2125\" data-elementor-post-type=\"page\">\n\t\t\t\t\t\t<section class=\"elementor-section elementor-top-section elementor-element elementor-element-b58a180 elementor-section-boxed elementor-section-height-default elementor-section-height-default\" data-id=\"b58a180\" data-element_type=\"section\" data-e-type=\"section\">\n\t\t\t\t\t\t<div class=\"elementor-container elementor-column-gap-default\">\n\t\t\t\t\t<div class=\"elementor-column elementor-col-100 elementor-top-column elementor-element elementor-element-b64485e\" data-id=\"b64485e\" data-element_type=\"column\" data-e-type=\"column\">\n\t\t\t<div class=\"elementor-widget-wrap elementor-element-populated\">\n\t\t\t\t\t\t<div class=\"elementor-element elementor-element-7be1869 elementor-widget elementor-widget-text-editor\" data-id=\"7be1869\" data-element_type=\"widget\" data-e-type=\"widget\" data-widget_type=\"text-editor.default\">\n\t\t\t\t<div class=\"elementor-widget-container\">\n\t\t\t\t\t\t\t\t\t<h1>Optim\u00e1lis ken\u00e9ssel a szezon sor\u00e1n<\/h1><p class=\"lead\"><strong>A MATHY adal\u00e9kok hossz\u00fa t\u00e1v\u00fa v\u00e9delmet ny\u00fajtanak a motor, a sebess\u00e9gv\u00e1lt\u00f3 \u00e9s a befecskendez\u0151 rendszer sz\u00e1m\u00e1ra, m\u00e9g a hossz\u00fa \u00e1ll\u00e1sid\u0151k alatt is.<\/strong><\/p><p>Az \u00faj szezon z\u00f6kken\u0151mentes ind\u00edt\u00e1sa \u00e9rdek\u00e9ben a motorker\u00e9kp\u00e1r-tulajdonosoknak \u0151sszel el kell v\u00e9gezni\u00fck a megfelel\u0151 be\u00e1ll\u00edt\u00e1sokat. Gyakran egyszer\u0171 oka van annak, hogy a motor a t\u00e9lies\u00edt\u00e9si f\u00e1zis ut\u00e1n nem m\u0171k\u00f6dik z\u00f6kken\u0151mentesen. A m\u00e9g a tankban l\u00e9v\u0151 \u00fczemanyag okt\u00e1nsz\u00e1ma a t\u00e9li h\u00f3napok alatt cs\u00f6kkent. Ennek a probl\u00e9m\u00e1nak az ellens\u00falyoz\u00e1s\u00e1ra javasoljuk a MATHY \u00fczemanyag-adal\u00e9kanyagok haszn\u00e1lat\u00e1t a t\u00e9li \u00e1lom el\u0151tt. Ezek a teljes \u00fczemanyagrendszert is megtiszt\u00edtj\u00e1k \u00e9s tiszt\u00e1n tartj\u00e1k a tart\u00f3s haszn\u00e1lat sor\u00e1n.<\/p><p><strong>A MATHY\u00ae sz\u00e1mos el\u0151ny\u00e9t \u00d6n is kihaszn\u00e1lhatja.\u00a0<\/strong><br \/><strong>Rendelje meg most a szem\u00e9lyes tuningcsomagot a motorj\u00e1hoz, \u00e9s motorozzon biztons\u00e1gosan az \u00faj szezonban.<\/strong><\/p>\t\t\t\t\t\t\t\t<\/div>\n\t\t\t\t<\/div>\n\t\t\t\t<div class=\"elementor-element elementor-element-ac480dd elementor-widget elementor-widget-text-editor\" data-id=\"ac480dd\" data-element_type=\"widget\" data-e-type=\"widget\" data-widget_type=\"text-editor.default\">\n\t\t\t\t<div class=\"elementor-widget-container\">\n\t\t\t\t\t\t\t\t\t<div class=\"page-header\"><h2 class=\"vorteile\">Ezek az \u00d6n el\u0151nyei<\/h2><ul><li>Az \u00fczemanyag stabiliz\u00e1l\u00e1sa<\/li><li>V\u00e9d a korr\u00f3zi\u00f3 ellen<\/li><li>Optimaliz\u00e1lja az \u00fczemanyag-fogyaszt\u00e1st<\/li><li>N\u00f6veli a teljes\u00edtm\u00e9nyt<\/li><li>Jobb kiindul\u00e1si magatart\u00e1s<\/li><li>Cs\u00f6kkenti a kop\u00e1st<\/li><\/ul><\/div>\t\t\t\t\t\t\t\t<\/div>\n\t\t\t\t<\/div>\n\t\t\t\t\t<\/div>\n\t\t<\/div>\n\t\t\t\t\t<\/div>\n\t\t<\/section>\n\t\t\t\t<section class=\"elementor-section elementor-top-section elementor-element elementor-element-2e1e14d elementor-section-boxed elementor-section-height-default elementor-section-height-default\" data-id=\"2e1e14d\" data-element_type=\"section\" data-e-type=\"section\">\n\t\t\t\t\t\t<div class=\"elementor-container elementor-column-gap-default\">\n\t\t\t\t\t<div class=\"elementor-column elementor-col-100 elementor-top-column elementor-element elementor-element-8907d0a\" data-id=\"8907d0a\" data-element_type=\"column\" data-e-type=\"column\">\n\t\t\t<div class=\"elementor-widget-wrap elementor-element-populated\">\n\t\t\t\t\t\t<div class=\"elementor-element elementor-element-50d355e elementor-widget elementor-widget-text-editor\" data-id=\"50d355e\" data-element_type=\"widget\" data-e-type=\"widget\" data-widget_type=\"text-editor.default\">\n\t\t\t\t<div class=\"elementor-widget-container\">\n\t\t\t\t\t\t\t\t\t<h2>Optim\u00e1lis ken\u00e9ssel a szezon sor\u00e1n<\/h2><p><strong>A MATHY adal\u00e9kok hossz\u00fa t\u00e1v\u00fa v\u00e9delmet ny\u00fajtanak a motor, a sebess\u00e9gv\u00e1lt\u00f3 \u00e9s a befecskendez\u0151 rendszer sz\u00e1m\u00e1ra, m\u00e9g a hossz\u00fa \u00e1ll\u00e1sid\u0151k alatt is.<\/strong><\/p><p>Az \u00faj szezon z\u00f6kken\u0151mentes ind\u00edt\u00e1sa \u00e9rdek\u00e9ben a motorker\u00e9kp\u00e1r-tulajdonosoknak \u0151sszel el kell v\u00e9gezni\u00fck a megfelel\u0151 be\u00e1ll\u00edt\u00e1sokat. A motor egyenetlen j\u00e1r\u00e1sa a <strong>Hibern\u00e1ci\u00f3s f\u00e1zis<\/strong> gyakran egyszer\u0171 oka van. A m\u00e9g a tart\u00e1lyban l\u00e9v\u0151 \u00fczemanyag okt\u00e1nsz\u00e1m\u00e1t az hat\u00e1rozza meg. <strong>T\u00e9li h\u00f3napok<\/strong> leesett. Ennek a probl\u00e9m\u00e1nak az ellens\u00falyoz\u00e1s\u00e1ra javasoljuk a k\u00f6vetkez\u0151k haszn\u00e1lat\u00e1t <strong>\u00dczemanyag-adal\u00e9kanyagok a MATHY-t\u00f3l<\/strong>. Ezenk\u00edv\u00fcl megtiszt\u00edtj\u00e1k a teljes \u00fczemanyagrendszert, \u00e9s \u00e1lland\u00f3 haszn\u00e1lat sor\u00e1n tiszt\u00e1n tartj\u00e1k.<\/p>\t\t\t\t\t\t\t\t<\/div>\n\t\t\t\t<\/div>\n\t\t\t\t\t<\/div>\n\t\t<\/div>\n\t\t\t\t\t<\/div>\n\t\t<\/section>\n\t\t\t\t<section class=\"elementor-section elementor-top-section elementor-element elementor-element-3b4ef360 elementor-section-boxed elementor-section-height-default elementor-section-height-default\" data-id=\"3b4ef360\" data-element_type=\"section\" data-e-type=\"section\">\n\t\t\t\t\t\t<div class=\"elementor-container elementor-column-gap-default\">\n\t\t\t\t\t<div class=\"elementor-column elementor-col-100 elementor-top-column elementor-element elementor-element-5d57734a\" data-id=\"5d57734a\" data-element_type=\"column\" data-e-type=\"column\">\n\t\t\t<div class=\"elementor-widget-wrap elementor-element-populated\">\n\t\t\t\t\t\t<div class=\"elementor-element elementor-element-34ff6e61 elementor-widget elementor-widget-heading\" data-id=\"34ff6e61\" data-element_type=\"widget\" data-e-type=\"widget\" data-widget_type=\"heading.default\">\n\t\t\t\t<div class=\"elementor-widget-container\">\n\t\t\t\t\t<h2 class=\"elementor-heading-title elementor-size-default\">A motorker\u00e9kp\u00e1r-p\u00e1ly\u00e1zatokkal kapcsolatos leggyakrabban feltett k\u00e9rd\u00e9sek<\/h2>\t\t\t\t<\/div>\n\t\t\t\t<\/div>\n\t\t\t\t<div class=\"elementor-element elementor-element-34c063e4 elementor-widget elementor-widget-accordion\" data-id=\"34c063e4\" data-element_type=\"widget\" data-e-type=\"widget\" data-widget_type=\"accordion.default\">\n\t\t\t\t<div class=\"elementor-widget-container\">\n\t\t\t\t\t\t\t<div class=\"elementor-accordion\">\n\t\t\t\t\t\t\t<div class=\"elementor-accordion-item\">\n\t\t\t\t\t<div id=\"elementor-tab-title-8851\" class=\"elementor-tab-title\" data-tab=\"1\" role=\"button\" aria-controls=\"elementor-tab-content-8851\" aria-expanded=\"false\">\n\t\t\t\t\t\t\t\t\t\t\t\t\t<span class=\"elementor-accordion-icon elementor-accordion-icon-left\" aria-hidden=\"true\">\n\t\t\t\t\t\t\t\t\t\t\t\t\t\t\t<span class=\"elementor-accordion-icon-closed\"><i class=\"fas fa-plus\"><\/i><\/span>\n\t\t\t\t\t\t\t\t<span class=\"elementor-accordion-icon-opened\"><i class=\"fas fa-minus\"><\/i><\/span>\n\t\t\t\t\t\t\t\t\t\t\t\t\t\t<\/span>\n\t\t\t\t\t\t\t\t\t\t\t\t<a class=\"elementor-accordion-title\" tabindex=\"0\">Milyen hat\u00e1ssal vannak a MATHY adal\u00e9kanyagok a motorker\u00e9kp\u00e1rom nedves\/olajf\u00fcrd\u0151s kuplungj\u00e1ra?<\/a>\n\t\t\t\t\t<\/div>\n\t\t\t\t\t<div id=\"elementor-tab-content-8851\" class=\"elementor-tab-content elementor-clearfix\" data-tab=\"1\" role=\"region\" aria-labelledby=\"elementor-tab-title-8851\"><section class=\"m-accordion-item js-accordion-item m-accordion--open\"><div class=\"m-accordion-content js-accordion-content\"><p>Az olajf\u00fcrd\u0151s tengelykapcsol\u00f3val ell\u00e1tott, f\u00e9lszintetikus \u00e9s teljesen szintetikus olajokat haszn\u00e1l\u00f3 modern motorker\u00e9kp\u00e1rok z\u00f6kken\u0151mentesen m\u0171k\u00f6dnek a MATHY-val. A MATHY-M nem befoly\u00e1solja a tengelykapcsol\u00f3t, mivel csak a f\u00e9mfel\u00fcletek k\u00f6z\u00f6tti s\u00farl\u00f3d\u00e1s cs\u00f6kken.<\/p><\/div><\/section><section class=\"m-accordion-item js-accordion-item\"><\/section><\/div>\n\t\t\t\t<\/div>\n\t\t\t\t\t\t\t<div class=\"elementor-accordion-item\">\n\t\t\t\t\t<div id=\"elementor-tab-title-8852\" class=\"elementor-tab-title\" data-tab=\"2\" role=\"button\" aria-controls=\"elementor-tab-content-8852\" aria-expanded=\"false\">\n\t\t\t\t\t\t\t\t\t\t\t\t\t<span class=\"elementor-accordion-icon elementor-accordion-icon-left\" aria-hidden=\"true\">\n\t\t\t\t\t\t\t\t\t\t\t\t\t\t\t<span class=\"elementor-accordion-icon-closed\"><i class=\"fas fa-plus\"><\/i><\/span>\n\t\t\t\t\t\t\t\t<span class=\"elementor-accordion-icon-opened\"><i class=\"fas fa-minus\"><\/i><\/span>\n\t\t\t\t\t\t\t\t\t\t\t\t\t\t<\/span>\n\t\t\t\t\t\t\t\t\t\t\t\t<a class=\"elementor-accordion-title\" tabindex=\"0\">Milyen MATHY adal\u00e9kot haszn\u00e1lhatok a k\u00e9t\u00fctem\u0171 motoromhoz?<\/a>\n\t\t\t\t\t<\/div>\n\t\t\t\t\t<div id=\"elementor-tab-content-8852\" class=\"elementor-tab-content elementor-clearfix\" data-tab=\"2\" role=\"region\" aria-labelledby=\"elementor-tab-title-8852\"><section class=\"m-accordion-item js-accordion-item m-accordion--open\"><div class=\"m-accordion-content js-accordion-content\"><p>A MATHY-TS k\u00e9t\u00fctem\u0171 adal\u00e9kanyagunkat kifejezetten k\u00e9t\u00fctem\u0171 motorokhoz fejlesztett\u00fck ki. Kiv\u00e1l\u00f3 kop\u00e1s- \u00e9s korr\u00f3zi\u00f3v\u00e9delmet ny\u00fajt. A MATHY-TS cs\u00f6kkenti a k\u00e9k f\u00fcst (olajg\u0151z) kialakul\u00e1s\u00e1t is.<\/p><\/div><\/section><section class=\"m-accordion-item js-accordion-item\"><\/section><\/div>\n\t\t\t\t<\/div>\n\t\t\t\t\t\t\t<div class=\"elementor-accordion-item\">\n\t\t\t\t\t<div id=\"elementor-tab-title-8853\" class=\"elementor-tab-title\" data-tab=\"3\" role=\"button\" aria-controls=\"elementor-tab-content-8853\" aria-expanded=\"false\">\n\t\t\t\t\t\t\t\t\t\t\t\t\t<span class=\"elementor-accordion-icon elementor-accordion-icon-left\" aria-hidden=\"true\">\n\t\t\t\t\t\t\t\t\t\t\t\t\t\t\t<span class=\"elementor-accordion-icon-closed\"><i class=\"fas fa-plus\"><\/i><\/span>\n\t\t\t\t\t\t\t\t<span class=\"elementor-accordion-icon-opened\"><i class=\"fas fa-minus\"><\/i><\/span>\n\t\t\t\t\t\t\t\t\t\t\t\t\t\t<\/span>\n\t\t\t\t\t\t\t\t\t\t\t\t<a class=\"elementor-accordion-title\" tabindex=\"0\">Haszn\u00e1lhat\u00f3k-e adal\u00e9kanyagok k\u00e9zi \u00e9s h\u00e1ts\u00f3ker\u00e9k-hajt\u00e1s\u00fa j\u00e1rm\u0171vekhez is?<\/a>\n\t\t\t\t\t<\/div>\n\t\t\t\t\t<div id=\"elementor-tab-content-8853\" class=\"elementor-tab-content elementor-clearfix\" data-tab=\"3\" role=\"region\" aria-labelledby=\"elementor-tab-title-8853\"><section class=\"m-accordion-item js-accordion-item m-accordion--open\"><div class=\"m-accordion-content js-accordion-content\"><p>A mi\u00a0<b>MATHY-T sebess\u00e9gv\u00e1lt\u00f3olaj-adal\u00e9kanyag\u00a0<\/b>cs\u00f6kkenti a kop\u00e1st, optimaliz\u00e1lja a v\u00e1lt\u00e1si folyamatokat \u00e9s minimaliz\u00e1lja a megl\u00e9v\u0151 zajt.\u00a0<\/p><\/div><\/section><section class=\"m-accordion-item js-accordion-item\"><\/section><\/div>\n\t\t\t\t<\/div>\n\t\t\t\t\t\t\t<div class=\"elementor-accordion-item\">\n\t\t\t\t\t<div id=\"elementor-tab-title-8854\" class=\"elementor-tab-title\" data-tab=\"4\" role=\"button\" aria-controls=\"elementor-tab-content-8854\" aria-expanded=\"false\">\n\t\t\t\t\t\t\t\t\t\t\t\t\t<span class=\"elementor-accordion-icon elementor-accordion-icon-left\" aria-hidden=\"true\">\n\t\t\t\t\t\t\t\t\t\t\t\t\t\t\t<span class=\"elementor-accordion-icon-closed\"><i class=\"fas fa-plus\"><\/i><\/span>\n\t\t\t\t\t\t\t\t<span class=\"elementor-accordion-icon-opened\"><i class=\"fas fa-minus\"><\/i><\/span>\n\t\t\t\t\t\t\t\t\t\t\t\t\t\t<\/span>\n\t\t\t\t\t\t\t\t\t\t\t\t<a class=\"elementor-accordion-title\" tabindex=\"0\">Haszn\u00e1lhatom-e a DropStop-ot t\u00f6m\u00edt\u00e9skieg\u00e9sz\u00edt\u0151k\u00e9nt a nedves\/olajf\u00fcrd\u0151s tengelykapcsol\u00f3val rendelkez\u0151 motorker\u00e9kp\u00e1romhoz is?<\/a>\n\t\t\t\t\t<\/div>\n\t\t\t\t\t<div id=\"elementor-tab-content-8854\" class=\"elementor-tab-content elementor-clearfix\" data-tab=\"4\" role=\"region\" aria-labelledby=\"elementor-tab-title-8854\"><section class=\"m-accordion-item js-accordion-item m-accordion--open\"><div class=\"m-accordion-content js-accordion-content\"><p>Megteheti\u00a0<b>DropStop\u00a0<\/b>haboz\u00e1s n\u00e9lk\u00fcl haszn\u00e1lhat\u00f3 motorker\u00e9kp\u00e1rokban \u00e9s quadokban is. Minden elasztomer t\u00f6m\u00edt\u00e9s \/ tengelyt\u00f6m\u00edt\u00e9s \u00fajra rugalmas \u00e9s t\u00f6m\u00f6r lesz. A DropStop minden \u00e1sv\u00e1nyi \u00e9s szintetikus olajjal keverhet\u0151.<\/p><\/div><\/section><section class=\"m-accordion-item js-accordion-item js-accordion-item--last\"><\/section><\/div>\n\t\t\t\t<\/div>\n\t\t\t\t\t\t\t<div class=\"elementor-accordion-item\">\n\t\t\t\t\t<div id=\"elementor-tab-title-8855\" class=\"elementor-tab-title\" data-tab=\"5\" role=\"button\" aria-controls=\"elementor-tab-content-8855\" aria-expanded=\"false\">\n\t\t\t\t\t\t\t\t\t\t\t\t\t<span class=\"elementor-accordion-icon elementor-accordion-icon-left\" aria-hidden=\"true\">\n\t\t\t\t\t\t\t\t\t\t\t\t\t\t\t<span class=\"elementor-accordion-icon-closed\"><i class=\"fas fa-plus\"><\/i><\/span>\n\t\t\t\t\t\t\t\t<span class=\"elementor-accordion-icon-opened\"><i class=\"fas fa-minus\"><\/i><\/span>\n\t\t\t\t\t\t\t\t\t\t\t\t\t\t<\/span>\n\t\t\t\t\t\t\t\t\t\t\t\t<a class=\"elementor-accordion-title\" tabindex=\"0\">A DropStopot motorker\u00e9kp\u00e1rokban \u00e9s quadokban is haboz\u00e1s n\u00e9lk\u00fcl haszn\u00e1lhatja. Minden elasztomer t\u00f6m\u00edt\u00e9s \/ tengelyt\u00f6m\u00edt\u00e9s \u00fajra rugalmas \u00e9s t\u00f6m\u00f6r lesz. A DropStop minden \u00e1sv\u00e1nyi \u00e9s szintetikus olajjal keverhet\u0151.<\/a>\n\t\t\t\t\t<\/div>\n\t\t\t\t\t<div id=\"elementor-tab-content-8855\" class=\"elementor-tab-content elementor-clearfix\" data-tab=\"5\" role=\"region\" aria-labelledby=\"elementor-tab-title-8855\"><div class=\"m-accordion js-accordion\"><section class=\"m-accordion-item js-accordion-item js-accordion-item--last m-accordion--open\"><div class=\"m-accordion-content js-accordion-content\"><p>Az \u00fczemanyagrendszer, a tart\u00e1ly \u00e9s az \u00e9g\u00e9st\u00e9r tiszt\u00e1n tart\u00e1sa \u00e9rdek\u00e9ben javasoljuk a MATHY \u00fczemanyag-adal\u00e9kanyagok \u00e1lland\u00f3 haszn\u00e1lat\u00e1t. Csak a tiszta \u00fczemanyagrendszer biztos\u00edtja a probl\u00e9mamentes k\u00f6zleked\u00e9st. A MATHY \u00fczemanyag-adal\u00e9kanyagok az \u00e9g\u00e9si folyamatot is optimaliz\u00e1lj\u00e1k.<\/p><\/div><\/section><\/div><\/div>\n\t\t\t\t<\/div>\n\t\t\t\t\t\t\t\t<\/div>\n\t\t\t\t\t\t<\/div>\n\t\t\t\t<\/div>\n\t\t\t\t\t<\/div>\n\t\t<\/div>\n\t\t\t\t\t<\/div>\n\t\t<\/section>\n\t\t\t\t<\/div>","protected":false},"excerpt":{"rendered":"<p>Optim\u00e1lis ken\u00e9ssel a szezon sor\u00e1n a MATHY adal\u00e9kanyagok hossz\u00fa t\u00e1v\u00fa v\u00e9delmet ny\u00fajtanak a motornak, a sebess\u00e9gv\u00e1lt\u00f3nak \u00e9s a befecskendez\u0151 rendszernek, m\u00e9g hosszabb \u00e1ll\u00e1sid\u0151k alatt is. Az \u00faj szezon probl\u00e9mamentes kezdete \u00e9rdek\u00e9ben a motorker\u00e9kp\u00e1r-tulajdonosoknak \u0151sszel el kell v\u00e9gezni\u00fck a megfelel\u0151 be\u00e1ll\u00edt\u00e1sokat. A t\u00e9li t\u00e1rol\u00e1si id\u0151szak ut\u00e1ni egyenetlen motorfut\u00e1snak gyakran egyszer\u0171 oka van. A tart\u00e1lyban l\u00e9v\u0151 \u00fczemanyag okt\u00e1nsz\u00e1ma...<\/p>","protected":false},"author":1,"featured_media":0,"parent":1623,"menu_order":0,"comment_status":"closed","ping_status":"closed","template":"","meta":{"footnotes":""},"class_list":["post-2125","page","type-page","status-publish","hentry"],"_links":{"self":[{"href":"https:\/\/mathy-austria.com\/hu\/wp-json\/wp\/v2\/pages\/2125","targetHints":{"allow":["GET"]}}],"collection":[{"href":"https:\/\/mathy-austria.com\/hu\/wp-json\/wp\/v2\/pages"}],"about":[{"href":"https:\/\/mathy-austria.com\/hu\/wp-json\/wp\/v2\/types\/page"}],"author":[{"embeddable":true,"href":"https:\/\/mathy-austria.com\/hu\/wp-json\/wp\/v2\/users\/1"}],"replies":[{"embeddable":true,"href":"https:\/\/mathy-austria.com\/hu\/wp-json\/wp\/v2\/comments?post=2125"}],"version-history":[{"count":0,"href":"https:\/\/mathy-austria.com\/hu\/wp-json\/wp\/v2\/pages\/2125\/revisions"}],"up":[{"embeddable":true,"href":"https:\/\/mathy-austria.com\/hu\/wp-json\/wp\/v2\/pages\/1623"}],"wp:attachment":[{"href":"https:\/\/mathy-austria.com\/hu\/wp-json\/wp\/v2\/media?parent=2125"}],"curies":[{"name":"wp","href":"https:\/\/api.w.org\/{rel}","templated":true}]}}