{"id":997,"date":"2014-04-10T09:36:16","date_gmt":"2014-04-10T08:36:16","guid":{"rendered":"https:\/\/mathy-austria.com\/?post_type=product&#038;p=997"},"modified":"2025-02-24T16:15:54","modified_gmt":"2025-02-24T15:15:54","slug":"math-chromjuwelen-motor-l-20w50","status":"publish","type":"product","link":"https:\/\/mathy-austria.com\/en\/product\/math-chromjuwelen-motor-l-20w50\/","title":{"rendered":"MATH\u00c9 chrome jewels engine (20W50 oil)"},"content":{"rendered":"<p><strong>MATH\u00c9 Chromjuwelen Motor Oil 20W-50 (20W50)<\/strong> is a mildly alloyed mineral multigrade oil that meets the requirements and standards of a 20W-50 oil as used in engines between 1950 and 1970.<\/p>\n<p>Due to the formulation with <strong>Math\u00e9 Classic<\/strong> provides <strong>Chrome jewels engine oil (20W-509<\/strong> for optimum wear and corrosion protection - especially for vehicles in seasonal operation. Thermal problems are reduced and engine overheating in the summer months is prevented.<\/p>\n<p><strong>Chrome jewels engine oil (20W-50)<\/strong> has been specially developed for modern classic engines. Its viscosity characteristics ensure rapid lubrication of the engine during the cold start phase, thus protecting critical surfaces from wear. A ready-formulated classic car oil for the best protection of your engine.<\/p>\n<p>It reduces sludge formation at low temperatures and prevents deposits at high temperatures. The <strong>Math\u00e9 Chromjuwelen Motor Oil 20W-50 (20W50)<\/strong> offers excellent emergency running properties and is therefore the right vintage oil for your classic car. Especially for V8 engines. Quality level API SF\/CD.<\/p>\n<h2>Your advantages at a glance<\/h2>\n<ul>\n<li>Optimal protection during the winter break or during museum exhibitions<\/li>\n<li>Reduces cold start wear to a minimum<\/li>\n<li>Prevents rust formation<\/li>\n<li>Improves emergency running properties in the event of oil or coolant loss and at extreme temperatures due to overloading<\/li>\n<li>Extends the service life of the motor<\/li>\n<li>Limitation of oil consumption due to the low evaporation tendency<\/li>\n<li>Ensures stable oil pressure even when the engine is hot<\/li>\n<li>Mildly alloyed, mineral multigrade oil<\/li>\n<li>Ready-mixed with Math\u00e9 Classic additive<\/li>\n<li>Guarantees long-lasting lubrication<\/li>\n<li>Protects against corrosion<\/li>\n<\/ul>\n<h2>Dosage<\/h2>\n<p><strong>Math\u00e9 Chromjuwelen Motor Oil 20W-50 (20W50)<\/strong> into the engine according to the manufacturer's filling instructions.<\/p>\n<h2>Application<\/h2>\n<p>Change the oil, if possible when warm, and refill with the ready-mixed oil. <strong>Math\u00e9-Chromjuwelen engine oil (20W50)<\/strong>.<\/p>\n<h2>Specifications\/approvals<\/h2>\n<ul>\n<li>API SF\/CD<\/li>\n<\/ul>\n<h2>Attention<\/h2>\n<ul>\n<li>EUH208: Contains diisodecylphenylphosphite. May cause allergic reactions.<\/li>\n<\/ul>","protected":false},"excerpt":{"rendered":"<p>Motor \u00d6l \u2013 Ma\u00dfgeschneidert f\u00fcr \u00e4ltere Motoren im Saisonbetrieb und vertr\u00e4gt lange Standzeiten. \u00dcberhitzungsschutz.<br \/>\n1,0 l<\/p>","protected":false},"featured_media":3150,"template":"","meta":[],"product_brand":[125],"product_cat":[124,131,168],"product_tag":[],"class_list":{"0":"post-997","1":"product","2":"type-product","3":"status-publish","4":"has-post-thumbnail","6":"product_brand-mvg-mathe-schmierstofftechnik-gmbh","7":"product_cat-motor","8":"product_cat-klassiker","9":"product_cat-motorenoel","10":"description-off","12":"first","13":"instock","14":"taxable","15":"shipping-taxable","16":"purchasable","17":"product-type-variable"},"_links":{"self":[{"href":"https:\/\/mathy-austria.com\/en\/wp-json\/wp\/v2\/product\/997","targetHints":{"allow":["GET"]}}],"collection":[{"href":"https:\/\/mathy-austria.com\/en\/wp-json\/wp\/v2\/product"}],"about":[{"href":"https:\/\/mathy-austria.com\/en\/wp-json\/wp\/v2\/types\/product"}],"wp:featuredmedia":[{"embeddable":true,"href":"https:\/\/mathy-austria.com\/en\/wp-json\/wp\/v2\/media\/3150"}],"wp:attachment":[{"href":"https:\/\/mathy-austria.com\/en\/wp-json\/wp\/v2\/media?parent=997"}],"wp:term":[{"taxonomy":"product_brand","embeddable":true,"href":"https:\/\/mathy-austria.com\/en\/wp-json\/wp\/v2\/product_brand?post=997"},{"taxonomy":"product_cat","embeddable":true,"href":"https:\/\/mathy-austria.com\/en\/wp-json\/wp\/v2\/product_cat?post=997"},{"taxonomy":"product_tag","embeddable":true,"href":"https:\/\/mathy-austria.com\/en\/wp-json\/wp\/v2\/product_tag?post=997"}],"curies":[{"name":"wp","href":"https:\/\/api.w.org\/{rel}","templated":true}]}}