{"id":981,"date":"2014-04-10T09:04:44","date_gmt":"2014-04-10T08:04:44","guid":{"rendered":"https:\/\/mathy-austria.com\/?post_type=product&#038;p=981"},"modified":"2025-07-29T11:05:23","modified_gmt":"2025-07-29T10:05:23","slug":"mathe-classic-kraftstoff-stabilisator","status":"publish","type":"product","link":"https:\/\/mathy-austria.com\/en\/product\/mathe-classic-kraftstoff-stabilisator\/","title":{"rendered":"MATH\u00c9 Classic &#8211; Kraftstoff-Stabilisator &#8211; *ABVERKAUF 250ml Gebinde\/noch 8 Stk. verf\u00fcgbar*"},"content":{"rendered":"<h2>MATH\u00c9 Classic Kraftstoff-Stabilisator<\/h2>\n<p><strong>MATH\u00c9 Classic<\/strong> <strong>Kraftstoff-Stabilisator<\/strong>\u00a0ist speziell f\u00fcr \u00e4ltere Benzinmotoren geeignet.\u00a0Er\u00a0bietet einen\u00a0hervorragenden <strong>Korrosionsschutz\u00a0<\/strong>(unterbindet die Kondenzwassersammlung) und <strong>schmiert<\/strong> dabei alle beweglichen Teile innerhalb des Kraftstoffsystems (Pumpe und Ventile).<\/p>\n<p>Dar\u00fcber hinaus <strong>konserviert und sch\u00fctzt<\/strong> er den Kraftstoff <strong>vor Alterung und Oxidation<\/strong>; er wirkt als Kraftstoffstabilisator und h\u00e4lt diesen z\u00fcndstabil. Besonders geeignet f\u00fcr die saisonale und langfristige Stilllegung von Old- und Youngtimern.<\/p>\n<h2>These are your advantages<\/h2>\n<ul>\n<li>Erh\u00f6ht die Klopffestigkeit<\/li>\n<li>Sch\u00fctzt vor Ventilverschlei\u00df<\/li>\n<li>Sch\u00fctzt vor Kraftstoffalterung<\/li>\n<li>Verhindert Ablagerungen<\/li>\n<li>Prevents corrosion<\/li>\n<li>Verhindert \u201eEinschlagen\u201c der Ventile<\/li>\n<li>Beugt Motorsch\u00e4den vor<\/li>\n<li>Reinigt Ventile und Verbrennungsraum<\/li>\n<li>Ensures clean combustion<\/li>\n<li>H\u00e4lt den Kraftstoff z\u00fcndstabil<\/li>\n<li>Easy to use<\/li>\n<\/ul>\n<p><strong>MATH\u00c9 Classic<\/strong> <strong>Kraftstoff-Stabilisator<\/strong>\u00a0vermischt sich problemlos mit dem Kraftstoff im Tank. Idealerweise vor dem Tanken einf\u00fcllen. F\u00fcr die vollst\u00e4ndige Wirksamkeit empfiehlt sich eine Zugabe zu jeder Tankf\u00fcllung!<\/p>\n<p>Achtung: Die Kraftstoffmenge sollte mindestens dem Reservevolumen entsprechen. Einsetzbar in allen Benzinstoffen.<\/p>\n<h2>Dosage<\/h2>\n<p>Mischungsverh\u00e4ltnis: 1 : 1000<br \/>\nDies entspricht 25 ml\u00a0<strong>MATH\u00c9 Classic<\/strong> <strong>Kraftstoff-Stabilisator<\/strong>\u00a0auf 25 Liter Kraftstoff. Die\u00a0Zugabe sollte zu jeder Tankf\u00fcllung\u00a0erfolgen.<\/p>\n<p><strong>The dosing instructions must be observed.<\/strong><\/p>","protected":false},"excerpt":{"rendered":"<p>Fuel additive<\/p>","protected":false},"featured_media":107612,"template":"","meta":[],"product_brand":[125],"product_cat":[127,131],"product_tag":[],"class_list":{"0":"post-981","1":"product","2":"type-product","3":"status-publish","4":"has-post-thumbnail","6":"product_brand-mvg-mathe-schmierstofftechnik-gmbh","7":"product_cat-kraftstoffsystem","8":"product_cat-klassiker","9":"description-off","11":"first","12":"instock","13":"taxable","14":"shipping-taxable","15":"purchasable","16":"product-type-variable"},"_links":{"self":[{"href":"https:\/\/mathy-austria.com\/en\/wp-json\/wp\/v2\/product\/981","targetHints":{"allow":["GET"]}}],"collection":[{"href":"https:\/\/mathy-austria.com\/en\/wp-json\/wp\/v2\/product"}],"about":[{"href":"https:\/\/mathy-austria.com\/en\/wp-json\/wp\/v2\/types\/product"}],"wp:featuredmedia":[{"embeddable":true,"href":"https:\/\/mathy-austria.com\/en\/wp-json\/wp\/v2\/media\/107612"}],"wp:attachment":[{"href":"https:\/\/mathy-austria.com\/en\/wp-json\/wp\/v2\/media?parent=981"}],"wp:term":[{"taxonomy":"product_brand","embeddable":true,"href":"https:\/\/mathy-austria.com\/en\/wp-json\/wp\/v2\/product_brand?post=981"},{"taxonomy":"product_cat","embeddable":true,"href":"https:\/\/mathy-austria.com\/en\/wp-json\/wp\/v2\/product_cat?post=981"},{"taxonomy":"product_tag","embeddable":true,"href":"https:\/\/mathy-austria.com\/en\/wp-json\/wp\/v2\/product_tag?post=981"}],"curies":[{"name":"wp","href":"https:\/\/api.w.org\/{rel}","templated":true}]}}