{"id":948,"date":"2014-04-09T10:42:52","date_gmt":"2014-04-09T08:42:52","guid":{"rendered":"https:\/\/mathy-austria.com\/?post_type=product&#038;p=948"},"modified":"2024-07-15T07:11:38","modified_gmt":"2024-07-15T06:11:38","slug":"mathy-ws","status":"publish","type":"product","link":"https:\/\/mathy-austria.com\/en\/product\/mathy-ws\/","title":{"rendered":"MATHY-WS"},"content":{"rendered":"<p><strong>MATHY-WS<\/strong> ist ein universell einsetzbares Wartungsspray, das sich besonders gut f\u00fcr offene Schmierungen mit hohem Schmutz- und Witterungseinfluss eignet. Es enth\u00e4lt spezielle Haftkomponenten, die ein Abschleudern des Schmierfilms verhindern. Kriechf\u00e4hige Wirkstoffe sorgen auch an schwer zug\u00e4nglichen Stellen f\u00fcr anhaltende Schmierung.<\/p>\n<h2>Areas of application<\/h2>\n<ul>\n<li>Zweiradketten<\/li>\n<li>Bowdenz\u00fcge und Gelenkverbindungen<\/li>\n<li>sperrige T\u00fcrschl\u00f6sser und quietschende Scharniere<\/li>\n<li>pflegt Gartenger\u00e4te, Rasenm\u00e4her, Scheren, Schlauchwagen und vieles andere mehr<\/li>\n<li>kriecht in feinste Risse<\/li>\n<li>schmiert s\u00e4mtliche beweglichen Teile im Kraftfahrzeugbereich<\/li>\n<li>zur Pflege von Jagd- und Sportwaffen<\/li>\n<\/ul>\n<h2>Eigenschaften<\/h2>\n<ul>\n<li>verringert die Reibung durch hochbelastbaren Gleitfil<\/li>\n<li>Prevents corrosion<\/li>\n<li>vermindert die Oberfl\u00e4chenrauheit<\/li>\n<li>reduziert den Verschlei\u00df<\/li>\n<li>Strong cleaning effect<\/li>\n<li>Schmierung bleibt auch an senkrechten metallischen Fl\u00e4chen erhalten<\/li>\n<li>verl\u00e4ngert die Schmierintervalle<\/li>\n<li>nicht schmutzbindend<\/li>\n<li>weatherproof<\/li>\n<li>silikon-, harz- und s\u00e4urefrei<\/li>\n<li>lockert Rost und dringt tief ein<\/li>\n<li>l\u00f6st festsitzende Schrauben und Metallteile und h\u00e4lt sie g\u00e4ngig<\/li>\n<li>does not resinify<\/li>\n<li>High creeping effect<\/li>\n<li>l\u00f6st alte Verschmutzungen und Harzr\u00fcckst\u00e4nde<\/li>\n<li>greift O-Ringe nicht an<\/li>\n<li>verz\u00f6gert das Einfrieren von T\u00fcrschl\u00f6ssern im Winter<\/li>\n<li>frei von Festschmierstoffen<\/li>\n<li>Temperaturstabilit\u00e4t von -25\u00b0 C bis + 150\u00b0 C<\/li>\n<\/ul>\n<h2>Application<\/h2>\n<ul>\n<li>Can <strong>MATHY-WS<\/strong> vor Gebrauch gut sch\u00fctteln<\/li>\n<li>die zu schmierende Stelle m\u00f6glichst gr\u00fcndlich vorreinigen<\/li>\n<li>anschlie\u00dfend auf die gereinigte Oberfl\u00e4che aufspr\u00fchen<\/li>\n<li>Dose beim Spr\u00fchen senkrecht halten<\/li>\n<\/ul>\n<h2>Danger<\/h2>\n<ul>\n<li>H222: Extremely flammable aerosol.<\/li>\n<li>H229: Pressurized container: May burst if heated.<\/li>\n<\/ul>","protected":false},"excerpt":{"rendered":"<p>Universal maintenance spray<br \/>\n300ml<\/p>","protected":false},"featured_media":949,"template":"","meta":[],"product_brand":[125],"product_cat":[128],"product_tag":[],"class_list":{"0":"post-948","1":"product","2":"type-product","3":"status-publish","4":"has-post-thumbnail","6":"product_brand-mvg-mathe-schmierstofftechnik-gmbh","7":"product_cat-pflege-wartung","8":"description-off","10":"first","11":"instock","12":"taxable","13":"shipping-taxable","14":"purchasable","15":"product-type-variable"},"_links":{"self":[{"href":"https:\/\/mathy-austria.com\/en\/wp-json\/wp\/v2\/product\/948","targetHints":{"allow":["GET"]}}],"collection":[{"href":"https:\/\/mathy-austria.com\/en\/wp-json\/wp\/v2\/product"}],"about":[{"href":"https:\/\/mathy-austria.com\/en\/wp-json\/wp\/v2\/types\/product"}],"wp:featuredmedia":[{"embeddable":true,"href":"https:\/\/mathy-austria.com\/en\/wp-json\/wp\/v2\/media\/949"}],"wp:attachment":[{"href":"https:\/\/mathy-austria.com\/en\/wp-json\/wp\/v2\/media?parent=948"}],"wp:term":[{"taxonomy":"product_brand","embeddable":true,"href":"https:\/\/mathy-austria.com\/en\/wp-json\/wp\/v2\/product_brand?post=948"},{"taxonomy":"product_cat","embeddable":true,"href":"https:\/\/mathy-austria.com\/en\/wp-json\/wp\/v2\/product_cat?post=948"},{"taxonomy":"product_tag","embeddable":true,"href":"https:\/\/mathy-austria.com\/en\/wp-json\/wp\/v2\/product_tag?post=948"}],"curies":[{"name":"wp","href":"https:\/\/api.w.org\/{rel}","templated":true}]}}