{"id":940,"date":"2014-04-09T10:05:21","date_gmt":"2014-04-09T08:05:21","guid":{"rendered":"https:\/\/mathy-austria.com\/?post_type=product&#038;p=940"},"modified":"2026-03-04T15:03:08","modified_gmt":"2026-03-04T14:03:08","slug":"mathy-ta-fur-automatikgetriebe-und-hydrauliksysteme","status":"publish","type":"product","link":"https:\/\/mathy-austria.com\/en\/product\/mathy-ta-fur-automatikgetriebe-und-hydrauliksysteme\/","title":{"rendered":"MATHY-TA"},"content":{"rendered":"<p><strong>MATHY-TA<\/strong> ist ein \u00d6l-Zusatz f\u00fcr ATF-\u00d6le in PKW und Nutzfahrzeugen. Zur Verwendung in Automatikgetrieben und ggf. auch Servolenkungen wie z.B. ATF 1-3, Dexron oder Mercon.<\/p>\n<h2><strong>The areas of application<\/strong><\/h2>\n<ul>\n<li>in ATF-\u00d6l von Schaltgetrieben z.B. Mercedes Benz<\/li>\n<li>Automatikgetriebe<\/li>\n<li>Servolenkung<\/li>\n<\/ul>\n<h2>Technische Probleme werden reduziert<\/h2>\n<ul>\n<li>verringert Verschlei\u00df der Getriebelager \/ Zahnr\u00e4der<\/li>\n<li>Minimizes wear on crown and bevel gears<\/li>\n<li>erh\u00f6ht Lastaufnahmeverm\u00f6gen<\/li>\n<li>erh\u00f6ht thermische Belastbarkeit<\/li>\n<li>Improves the cooling properties<\/li>\n<\/ul>\n<h2><strong>Dosage<\/strong><\/h2>\n<ul>\n<li>10% der Automatikgetriebe\u00f6l-Menge<\/li>\n<li>10% bei Automatikgetrieben von Fahrzeugen aller Art mit einer Laufleistung von 100.000 km (1.250 Betriebsstunden) nach 1.000 km (Reinigungsphase) einen \u00d6lwechsel durchf\u00fchren und erneut mit 10% bef\u00fcllen<\/li>\n<\/ul>\n<h2><strong>Application<\/strong><\/h2>\n<p>Automatikgetriebe<\/p>\n<p>10% of the total oil quantity must be covered by <strong>MATHY-TA<\/strong> ausgetauscht werden. Bei einer Laufleitung von \u00fcber 100.000 km (1.250 Bh) oder einem Alter von mehr als 5 Jahren empfehlen wir eine Reinigungsphase mit anschlie\u00dfender Erneuerung des gesamten \u00d6ls bei gleichzeitiger Zugabe von 10% <strong>MATHY-TA<\/strong>. Bei Servolenkungen sollte die Zugabe nur \u00fcber den Austausch des \u00d6ls im Ausgleichsbeh\u00e4lter erfolgen, auch hier die maximale Zugabe auf 10% begrenzen.<\/p>\n<p>The transmission oil change intervals can be changed after the changeover to <strong>MATHY-TA<\/strong> can be extended up to 3 times.<\/p>\n<p>Mechanische Schaltgetriebe, die mit ATF-\u00d6l bef\u00fcllt sind<\/p>\n<p>Diese Schaltgetriebe kommen h\u00e4ufig bei Mercedes-Benz vor und werden mit einem Anteil von 10% <strong>MATHY-TA<\/strong> additiviert. Bei Laufleistungen von mehr als 100.000 km als erster Schritt eine Reinigungsphase mit 10% <strong>MATHY-TA<\/strong> im alten Getriebe\u00f6l \u00fcber eine Strecke von 800 \u2013 1.000 km fahren.<\/p>\n<h2><strong>Attention<\/strong><\/h2>\n<ul>\n<li>H317: May cause an allergic skin reaction.<\/li>\n<li>H412: Sch\u00e4dlich fu\u0308r Wasserorganismen, mit langfristiger Wirkung<\/li>\n<\/ul>","protected":false},"excerpt":{"rendered":"<p>Automatic transmission oil additive<\/p>","protected":false},"featured_media":149568,"template":"","meta":[],"product_brand":[125],"product_cat":[126],"product_tag":[417,436,406,451,404,426,443,444,445,452,454,403,412,430,424,423,405,409,441,435,427,416,414,410,456,442,418,439,411,457,446,428,455,431,432,422,421,419,437,453,408,407,438,440,425,447,429,420,433,448,248,413,249,402,459,460,401,461,434,450,415,449,458],"class_list":{"0":"post-940","1":"product","2":"type-product","3":"status-publish","4":"has-post-thumbnail","6":"product_brand-mvg-mathe-schmierstofftechnik-gmbh","7":"product_cat-getriebe","8":"product_tag-anfahrruckeln-automatikgetriebe-reduzieren","9":"product_tag-atf-additiv-dexron-mercon-atf1-atf2-atf3","10":"product_tag-atf-additiv-fuer-automatikgetriebe","11":"product_tag-atf-getriebe-additiv","12":"product_tag-atf-getriebeoel-additiv","13":"product_tag-atf-oel-stabilitaet-erhoehen","14":"product_tag-auto-getriebe-additiv-online-kaufen","15":"product_tag-auto-getriebe-schutz-additiv","16":"product_tag-auto-wartung-getriebe-additiv","17":"product_tag-automatikgetriebe-additiv","18":"product_tag-automatikgetriebe-additiv-empfehlung","19":"product_tag-automatikgetriebe-additiv-kaufen","20":"product_tag-automatikgetriebe-additiv-oesterreich","21":"product_tag-automatikgetriebe-geraeusche-reduzieren","22":"product_tag-automatikgetriebe-lebensdauer-verlaengern","23":"product_tag-automatikgetriebe-leistung-verbessern","24":"product_tag-automatikgetriebe-oel-zusatz","25":"product_tag-automatikgetriebe-pflege-additiv","26":"product_tag-automatikgetriebe-pflege-produkt","27":"product_tag-automatikgetriebe-problemloeser-additiv","28":"product_tag-automatikgetriebe-reinigen-additiv","29":"product_tag-automatikgetriebe-ruckeln-reduzieren","30":"product_tag-automatikgetriebe-schaltvorgaenge-verbessern","31":"product_tag-automatikgetriebe-schutz-additiv","32":"product_tag-automatikgetriebe-schutz-vor-verschleiss","33":"product_tag-automatikgetriebe-service-additiv","34":"product_tag-automatikgetriebe-verschleiss-reduzieren","35":"product_tag-automatikgetriebe-wartung-ohne-ausbau","36":"product_tag-automatikgetriebe-wartung-produkt","37":"product_tag-bessere-schaltperformance-automatikgetriebe","38":"product_tag-fahrzeug-getriebe-schutz-technologie","39":"product_tag-getriebe-ablagerungen-entfernen","40":"product_tag-getriebe-additiv-fuer-lange-lebensdauer","41":"product_tag-getriebe-laufgeraeusche-reduzieren","42":"product_tag-getriebe-leistungsfaehigkeit-erhoehen","43":"product_tag-getriebe-schmierfilm-stabilisieren","44":"product_tag-getriebe-schmierung-verbessern","45":"product_tag-getriebe-verschleissschutz-additiv","46":"product_tag-getriebeoel-additiv-fuer-mercedes-automatikgetriebe","47":"product_tag-getriebeoel-additiv-keywords","48":"product_tag-getriebeoel-additiv-nutzfahrzeuge","49":"product_tag-getriebeoel-additiv-pkw","50":"product_tag-getriebeoel-additiv-servolenkung","51":"product_tag-getriebeoel-additiv-werkstatt-empfehlung","52":"product_tag-getriebeoel-alterungsstabilitaet-verbessern","53":"product_tag-getriebeoel-druckfestigkeit-erhoehen","54":"product_tag-getriebeoel-reinigung-additiv","55":"product_tag-getriebeoel-verschleiss-reduzieren","56":"product_tag-hochleistungs-getriebe-additiv","57":"product_tag-korrosionsschutz-im-automatikgetriebe","58":"product_tag-mathy-austria","59":"product_tag-mathy-austria-automatikgetriebe-additiv","60":"product_tag-mathy-oesterreich","61":"product_tag-mathy-ta-getriebeoel-additiv","62":"product_tag-mathy-linz","63":"product_tag-mathy-shop","64":"product_tag-mathy-ta-automatikgetriebe-additiv","65":"product_tag-mathy-ta-kaufen","66":"product_tag-premium-automatikgetriebe-additiv","67":"product_tag-reibung-im-automatikgetriebe-reduzieren","68":"product_tag-sanftere-schaltvorgaenge-automatikgetriebe","69":"product_tag-schmierfilm-haftwirkung-verbessern","70":"product_tag-zuverlaessige-funktion-automatikgetriebe-additiv","71":"description-off","73":"first","74":"instock","75":"taxable","76":"shipping-taxable","77":"purchasable","78":"product-type-variable"},"_links":{"self":[{"href":"https:\/\/mathy-austria.com\/en\/wp-json\/wp\/v2\/product\/940","targetHints":{"allow":["GET"]}}],"collection":[{"href":"https:\/\/mathy-austria.com\/en\/wp-json\/wp\/v2\/product"}],"about":[{"href":"https:\/\/mathy-austria.com\/en\/wp-json\/wp\/v2\/types\/product"}],"wp:featuredmedia":[{"embeddable":true,"href":"https:\/\/mathy-austria.com\/en\/wp-json\/wp\/v2\/media\/149568"}],"wp:attachment":[{"href":"https:\/\/mathy-austria.com\/en\/wp-json\/wp\/v2\/media?parent=940"}],"wp:term":[{"taxonomy":"product_brand","embeddable":true,"href":"https:\/\/mathy-austria.com\/en\/wp-json\/wp\/v2\/product_brand?post=940"},{"taxonomy":"product_cat","embeddable":true,"href":"https:\/\/mathy-austria.com\/en\/wp-json\/wp\/v2\/product_cat?post=940"},{"taxonomy":"product_tag","embeddable":true,"href":"https:\/\/mathy-austria.com\/en\/wp-json\/wp\/v2\/product_tag?post=940"}],"curies":[{"name":"wp","href":"https:\/\/api.w.org\/{rel}","templated":true}]}}