{"id":47469,"date":"2023-12-12T08:22:52","date_gmt":"2023-12-12T07:22:52","guid":{"rendered":"https:\/\/mathy-austria.com\/?post_type=product&#038;p=47469"},"modified":"2026-02-22T14:33:55","modified_gmt":"2026-02-22T13:33:55","slug":"mathy-abr","status":"publish","type":"product","link":"https:\/\/mathy-austria.com\/en\/product\/mathy-abr\/","title":{"rendered":"MATHY-ABR \u2013 Anti-Crystal System Cleaner"},"content":{"rendered":"<p><strong>MATHY-ABR<\/strong> Anti-Crystal System Cleaner effectively cleans the AdBlue\u00ae system, thereby optimizing its operational reliability. This highly concentrated AdBlue\u00ae additive is suitable for all diesel engines and diesel fuel types equipped with AdBlue\u00ae systems. It is compatible with all diesel oxidation catalysts and particulate filters (DPF).<\/p>\n<p>MATHY-ABR prevents crystal formation and dissolves existing crystals that could damage the AdBlue\u00ae system. Oxidation residues are dissolved and sprayed without leaving residue. Repair costs are reduced, the atomization pattern of the SCR injector is optimized, and the flow rate of the SCR pump is permanently maintained. It stabilizes the shelf life\/storage capacity of the AdBlue\u00ae urea. MATHY-ABR also reduces foam formation.<\/p>\n<h3>Technical problems are reduced or eliminated<\/h3>\n<p>Impurities and crystal formation can build up over time and cause the following:<\/p>\n<ul>\n<li>Change in the atomization pattern of the SCR injector<\/li>\n<li>Failure of the SCR pump<\/li>\n<li>Reduced performance of the AdBlue\u00ae system to the exhaust gas value<\/li>\n<li>Blockages in pipes and lines<\/li>\n<li>Increased repair costs for the AdBlue\u00ae system<\/li>\n<\/ul>\n<h3>Areas of application<\/h3>\n<ul>\n<li>Suitable for all diesel engines and diesel fuel types with AdBlue\u00ae system<\/li>\n<li>Also for agricultural and commercial vehicles<\/li>\n<\/ul>\n<h3>Application\/ Dosage<\/h3>\n<p>The contents of the 250 ml can of MATHY-ABR are sufficient for up to 100 liters of AdBlue\u00ae (diesel exhaust fluid). To keep an intact SCR system clean and provide preventative protection, we recommend adding MATHY-ABR at a dosage of 1:400 (25 ml to 10 liters of AdBlue\u00ae) before each AdBlue\u00ae tank fill.<\/p>\n<p>For an optimal mixing ratio, add MATHY-ABR to the AdBlue\u00ae tank before refueling with AdBlue\u00ae.<\/p>\n<p><strong>Note: MATHY-ABR is also applicable when using a diesel fuel additive.<\/strong><\/p>","protected":false},"excerpt":{"rendered":"<p>MATHY-ABR Anti-Kristall-Systemreiniger reinigt effektiv das AdBlue\u00ae-System und optimiert dadurch dessen Betriebssicherheit. Das hochkonzentrierte AdBlue\u00ae Additiv ist geeignet f\u00fcr alle Dieselmotoren und Dieselkraftstoffarten mit AdBlue\u00ae-Systemen. Es ist mit allen Diesel-Oxidations-Katalysatoren und Partikelfiltern (DPF) vertr\u00e4glich. MATHY-ABR verhindert eine Kristallbildung und l\u00f6st bestehende Kristalle auf, die zur Sch\u00e4digung des AdBlue\u00ae-Systems f\u00fchren k\u00f6nnen. Oxidationsr\u00fcckst\u00e4nde werden gel\u00f6st und r\u00fcckstandsfrei verspr\u00fcht.&hellip;<\/p>","protected":false},"featured_media":146129,"template":"","meta":[],"product_brand":[],"product_cat":[127],"product_tag":[262,393,277,276,286,298,258,279,265,292,392,281,296,274,275,394,263,266,278,257,264,259,297,273,289,287,295,261,267,294,284,270,271,269,285,288,268,282,247,256,248,290,253,249,251,255,250,254,252,272,291,293,280,260,283],"class_list":{"0":"post-47469","1":"product","2":"type-product","3":"status-publish","4":"has-post-thumbnail","6":"product_cat-kraftstoffsystem","7":"product_tag-abblue-kristalle-loesen","8":"product_tag-abblue-reiniger-in-oesterreich-kaufen","9":"product_tag-abgas-system-pflege","10":"product_tag-abgasreinigung-additiv","11":"product_tag-abgasverhalten-verbessern","12":"product_tag-ad-blue-system-schutzadditiv","13":"product_tag-adblue-additiv","14":"product_tag-adblue-kristallbildung-verhindern","15":"product_tag-adblue-pflege-auto","16":"product_tag-adblue-pflege-set","17":"product_tag-adblue-reiniger-kaufen","18":"product_tag-adblue-schaumbildung-reduzieren","19":"product_tag-adblue-system-effizienz","20":"product_tag-adblue-system-gesundheit","21":"product_tag-adblue-system-kristallfrei","22":"product_tag-adblue-system-reiniger-kaufen","23":"product_tag-adblue-system-reinigung","24":"product_tag-adblue-system-schutz","25":"product_tag-adblue-system-wartung","26":"product_tag-adblue-systemreiniger","27":"product_tag-adblue-zusatz-kaufen","28":"product_tag-adbluesystem-pflege","29":"product_tag-auto-abgas-system-reiniger","30":"product_tag-auto-diesel-additiv","31":"product_tag-auto-pflege-additive-kaufen","32":"product_tag-auto-systeme-additiv","33":"product_tag-auto-wartung-additiv-diesel","34":"product_tag-diesel-abblue-pflege","35":"product_tag-diesel-kraftstoff-additiv","36":"product_tag-diesel-kraftstoff-systempflege","37":"product_tag-diesel-motor-leistungsverbesserung","38":"product_tag-diesel-pflege","39":"product_tag-diesel-reinigung","40":"product_tag-diesel-system-reiniger","41":"product_tag-emissionen-reduzieren-additiv","42":"product_tag-fahrzeug-pflege-produkte","43":"product_tag-kraftstoff-additiv-auto","44":"product_tag-kraftstoffsystem-reinigen-diesel","45":"product_tag-mathy","46":"product_tag-mathy-anti-kristall-systemreiniger","47":"product_tag-mathy-austria","48":"product_tag-mathy-austria-adblue","49":"product_tag-mathy-hungaria","50":"product_tag-mathy-oesterreich","51":"product_tag-mathy-slovakia","52":"product_tag-mathy-slovenija","53":"product_tag-mathy-slowakei","54":"product_tag-mathy-slowenien","55":"product_tag-mathy-ungarn","56":"product_tag-motor-auto-pflege","57":"product_tag-qualitaets-additiv-made-in-germany","58":"product_tag-scr-pflege-additiv","59":"product_tag-scr-system-lebensdauer-verlaengern","60":"product_tag-scr-system-reiniger","61":"product_tag-verbrennung-optimieren-auto","62":"description-off","64":"first","65":"instock","66":"taxable","67":"shipping-taxable","68":"purchasable","69":"product-type-variable"},"_links":{"self":[{"href":"https:\/\/mathy-austria.com\/en\/wp-json\/wp\/v2\/product\/47469","targetHints":{"allow":["GET"]}}],"collection":[{"href":"https:\/\/mathy-austria.com\/en\/wp-json\/wp\/v2\/product"}],"about":[{"href":"https:\/\/mathy-austria.com\/en\/wp-json\/wp\/v2\/types\/product"}],"wp:featuredmedia":[{"embeddable":true,"href":"https:\/\/mathy-austria.com\/en\/wp-json\/wp\/v2\/media\/146129"}],"wp:attachment":[{"href":"https:\/\/mathy-austria.com\/en\/wp-json\/wp\/v2\/media?parent=47469"}],"wp:term":[{"taxonomy":"product_brand","embeddable":true,"href":"https:\/\/mathy-austria.com\/en\/wp-json\/wp\/v2\/product_brand?post=47469"},{"taxonomy":"product_cat","embeddable":true,"href":"https:\/\/mathy-austria.com\/en\/wp-json\/wp\/v2\/product_cat?post=47469"},{"taxonomy":"product_tag","embeddable":true,"href":"https:\/\/mathy-austria.com\/en\/wp-json\/wp\/v2\/product_tag?post=47469"}],"curies":[{"name":"wp","href":"https:\/\/api.w.org\/{rel}","templated":true}]}}