{"id":1205,"date":"2017-07-02T13:24:43","date_gmt":"2017-07-02T11:24:43","guid":{"rendered":"https:\/\/mathy-austria.com\/?post_type=product&#038;p=1205"},"modified":"2024-07-15T07:11:34","modified_gmt":"2024-07-15T06:11:34","slug":"mathy-id-200ml","status":"publish","type":"product","link":"https:\/\/mathy-austria.com\/en\/product\/mathy-id-200ml\/","title":{"rendered":"MATHY-ID"},"content":{"rendered":"<p><strong>MATHY-ID<\/strong> ist ein hochwirksamer Injektoren-Reiniger f\u00fcr Dieselfahrzeuge zur intensiven Sofortreinigung der Injektoren \/ Einsrpitzd\u00fcsen. Verunreinigungen an Injektoren bzw. D\u00fcsen werden aufgel\u00f6st, was das Spr\u00fchbild wieder regeneriert mit einem optimierten Kraftstoffverbrauch als Resultat.<\/p>\n<h2>Dosage<\/h2>\n<ul>\n<li>200 ml <strong>MATHY-ID<\/strong> sind ausreichend f\u00fcr 50 Liter Diesel-Kraftstoff. Einsetzbar in allen Dieselsorten.<\/li>\n<li>Alle 10.000 km wiederholen!<\/li>\n<\/ul>\n<h2>Application<\/h2>\n<ul>\n<li>200 ml <strong>MATHY-ID<\/strong> unmittelbar vor der Betankung in den Tank geben, um die Reinigung zu starten. F\u00fcr eine optimale Vermischung das Tankvolumen bis auf Reserve runter fahren.<\/li>\n<\/ul>\n<h2>Danger<\/h2>\n<ul>\n<li>H226: Fl\u00fcssigkeit und Dampf entz\u00fcndbar.<\/li>\n<li>H304: May be fatal if swallowed and enters airways.<\/li>\n<li>H318: Causes serious eye damage.<\/li>\n<li>H317: May cause an allergic skin reaction.<\/li>\n<li>H412: Harmful to aquatic life with long lasting effects.<\/li>\n<li>EUH066: Wiederholter Kontakt kann zu spr\u00f6der oder rissiger Haut f\u00fchren. Ertastbares Warnzeichen \/ kindergesicherte Verschl\u00fcsse anbringen.<\/li>\n<\/ul>","protected":false},"excerpt":{"rendered":"<p>Injektorreiniger f\u00fcr Dieselmotoren<\/p>","protected":false},"featured_media":1206,"template":"","meta":[],"product_brand":[125],"product_cat":[127],"product_tag":[],"class_list":{"0":"post-1205","1":"product","2":"type-product","3":"status-publish","4":"has-post-thumbnail","6":"product_brand-mvg-mathe-schmierstofftechnik-gmbh","7":"product_cat-kraftstoffsystem","8":"description-off","10":"first","11":"instock","12":"taxable","13":"shipping-taxable","14":"purchasable","15":"product-type-variable"},"_links":{"self":[{"href":"https:\/\/mathy-austria.com\/en\/wp-json\/wp\/v2\/product\/1205","targetHints":{"allow":["GET"]}}],"collection":[{"href":"https:\/\/mathy-austria.com\/en\/wp-json\/wp\/v2\/product"}],"about":[{"href":"https:\/\/mathy-austria.com\/en\/wp-json\/wp\/v2\/types\/product"}],"wp:featuredmedia":[{"embeddable":true,"href":"https:\/\/mathy-austria.com\/en\/wp-json\/wp\/v2\/media\/1206"}],"wp:attachment":[{"href":"https:\/\/mathy-austria.com\/en\/wp-json\/wp\/v2\/media?parent=1205"}],"wp:term":[{"taxonomy":"product_brand","embeddable":true,"href":"https:\/\/mathy-austria.com\/en\/wp-json\/wp\/v2\/product_brand?post=1205"},{"taxonomy":"product_cat","embeddable":true,"href":"https:\/\/mathy-austria.com\/en\/wp-json\/wp\/v2\/product_cat?post=1205"},{"taxonomy":"product_tag","embeddable":true,"href":"https:\/\/mathy-austria.com\/en\/wp-json\/wp\/v2\/product_tag?post=1205"}],"curies":[{"name":"wp","href":"https:\/\/api.w.org\/{rel}","templated":true}]}}