{"id":1128,"date":"2016-06-11T07:55:21","date_gmt":"2016-06-11T05:55:21","guid":{"rendered":"https:\/\/mathy-austria.com\/?post_type=product&#038;p=1128"},"modified":"2024-07-15T07:11:35","modified_gmt":"2024-07-15T06:11:35","slug":"mathy-agr-300ml","status":"publish","type":"product","link":"https:\/\/mathy-austria.com\/en\/product\/mathy-agr-300ml\/","title":{"rendered":"MATHY-AGR"},"content":{"rendered":"<div><strong>MATHY-AGR<\/strong> ist ein hochwirksamer Abgasr\u00fcckf\u00fchrventil-Reiniger (<strong>AGR-Ventil<\/strong>) f\u00fcr Dieselfahrzeuge. Bei einer regelm\u00e4\u00dfigen Anwendung von <strong>MATHY-AGR<\/strong> \u00fcber den Dieselkraftstoff wird ein Aufbau von kohlenstoffhaltigen R\u00fcckst\u00e4nden im Abgasr\u00fcckf\u00fchrungssystem reduziert und so der Reparaturaufwand minimiert. Verunreinigungen werden \u00fcber den Abgasstrom chemisch abgebaut. St\u00f6rungen, die durch ein verunreinigtes <strong>AGR-Ventil<\/strong> verursacht werden, k\u00f6nnen somit nachhaltig vermieden werden.<\/div>\n<h2>Technische Probleme werden beseitigt oder behoben:<\/h2>\n<ul>\n<li>High chemical effectiveness via the exhaust gas flow<\/li>\n<li>Verhindert den Aufbau von kohlenstoffhaltigen R\u00fcckst\u00e4nden im Abgasr\u00fcckf\u00fchrungssystem<\/li>\n<li>Erh\u00e4lt die Funktionsf\u00e4higkeit des <strong>AGR-Ventils<\/strong> aufrecht<\/li>\n<li>Drehzahlschwankungen werden reduziert<\/li>\n<li>Die St\u00f6ranf\u00e4lligkeit des <strong>AGR-Ventils<\/strong> wird minimiert<\/li>\n<li>Simple application via the tank<\/li>\n<li>Verhindert Leistungsverlust<\/li>\n<li>R\u00fcckstandslose Verbrennung<\/li>\n<li>Ab 50.000 km Laufleistung empfehlen wir eine Reinigungsphase \u00fcber 5 Tankf\u00fcllungen mit 3 x 300ml <strong>MATHY-AGR<\/strong>.<\/li>\n<\/ul>\n<h2>Application:<\/h2>\n<div>Simply add the entire contents of the can (300 ml) to the almost empty tank before refueling and fill up with 50 liters of diesel.<br \/>\nHinweis: Die Kraftstoffmenge im Tank sollte vor der Zugabe von <strong>MATHY-AGR<\/strong> mindestens 10 Liter betragen. (Reservevolumen)<br \/>\nCan be used in summer and winter diesel; suitable for modern common-rail (CDI) and pump-injector (TDI) engines.<br \/>\nIt should be applied every 7,500 km for frequent short trips (less than 20 km) and every 15,000 km at the latest for \"frequent drivers\".<\/div>\n<h2>Important note:<\/h2>\n<div>Bereits vollst\u00e4ndig verkokte Abgasr\u00fcckf\u00fchrungsventile (<strong>AGR<\/strong>) k\u00f6nnen mit<strong> MATHY-AGR<\/strong> nicht mehr gereinigt werden. Sollte bereits die Motorkontrollleuchte teilweise oder auch dauerhaft leuchten (gelb), kann auch hier MATHY-AGR nicht helfen. In diesen F\u00e4llen muss das AGR-Ventil ausgebaut oder manuell gereinigt werden. Wir empfehlen <strong>MATHY-AGR<\/strong> as a preventive measure!<\/div>\n<h2>Danger<\/h2>\n<ul>\n<li>H304: May be fatal if swallowed and enters airways.<\/li>\n<li>H412: Harmful to aquatic life with long lasting effects.<\/li>\n<li>EUH066: Repeated exposure may cause skin dryness or cracking.<\/li>\n<\/ul>","protected":false},"excerpt":{"rendered":"<p>Systemreiniger f\u00fcr Abgasr\u00fcckf\u00fchrungssysteme (AGR)<\/p>","protected":false},"featured_media":1129,"template":"","meta":[],"product_brand":[125],"product_cat":[127],"product_tag":[],"class_list":{"0":"post-1128","1":"product","2":"type-product","3":"status-publish","4":"has-post-thumbnail","6":"product_brand-mvg-mathe-schmierstofftechnik-gmbh","7":"product_cat-kraftstoffsystem","8":"description-off","10":"first","11":"instock","12":"taxable","13":"shipping-taxable","14":"purchasable","15":"product-type-variable"},"_links":{"self":[{"href":"https:\/\/mathy-austria.com\/en\/wp-json\/wp\/v2\/product\/1128","targetHints":{"allow":["GET"]}}],"collection":[{"href":"https:\/\/mathy-austria.com\/en\/wp-json\/wp\/v2\/product"}],"about":[{"href":"https:\/\/mathy-austria.com\/en\/wp-json\/wp\/v2\/types\/product"}],"wp:featuredmedia":[{"embeddable":true,"href":"https:\/\/mathy-austria.com\/en\/wp-json\/wp\/v2\/media\/1129"}],"wp:attachment":[{"href":"https:\/\/mathy-austria.com\/en\/wp-json\/wp\/v2\/media?parent=1128"}],"wp:term":[{"taxonomy":"product_brand","embeddable":true,"href":"https:\/\/mathy-austria.com\/en\/wp-json\/wp\/v2\/product_brand?post=1128"},{"taxonomy":"product_cat","embeddable":true,"href":"https:\/\/mathy-austria.com\/en\/wp-json\/wp\/v2\/product_cat?post=1128"},{"taxonomy":"product_tag","embeddable":true,"href":"https:\/\/mathy-austria.com\/en\/wp-json\/wp\/v2\/product_tag?post=1128"}],"curies":[{"name":"wp","href":"https:\/\/api.w.org\/{rel}","templated":true}]}}