{"id":2823,"date":"2020-10-20T20:39:32","date_gmt":"2020-10-20T18:39:32","guid":{"rendered":"https:\/\/mathy-austria.com\/?page_id=2823"},"modified":"2020-10-20T20:55:42","modified_gmt":"2020-10-20T18:55:42","slug":"unternehmensgeschichte","status":"publish","type":"page","link":"https:\/\/mathy-austria.com\/en\/unternehmensgeschichte\/","title":{"rendered":"Company history"},"content":{"rendered":"<div data-elementor-type=\"wp-page\" data-elementor-id=\"2823\" class=\"elementor elementor-2823\" data-elementor-post-type=\"page\">\n\t\t\t\t\t\t<section class=\"elementor-section elementor-top-section elementor-element elementor-element-3870105 elementor-section-boxed elementor-section-height-default elementor-section-height-default\" data-id=\"3870105\" data-element_type=\"section\" data-e-type=\"section\">\n\t\t\t\t\t\t<div class=\"elementor-container elementor-column-gap-default\">\n\t\t\t\t\t<div class=\"elementor-column elementor-col-100 elementor-top-column elementor-element elementor-element-bf47882\" data-id=\"bf47882\" data-element_type=\"column\" data-e-type=\"column\">\n\t\t\t<div class=\"elementor-widget-wrap elementor-element-populated\">\n\t\t\t\t\t\t<div class=\"elementor-element elementor-element-401ad58 elementor-widget elementor-widget-heading\" data-id=\"401ad58\" data-element_type=\"widget\" data-e-type=\"widget\" data-widget_type=\"heading.default\">\n\t\t\t\t<div class=\"elementor-widget-container\">\n\t\t\t\t\t<h1 class=\"elementor-heading-title elementor-size-default\">Die Unternehmensgeschichte<\/h1>\t\t\t\t<\/div>\n\t\t\t\t<\/div>\n\t\t\t\t<div class=\"elementor-element elementor-element-9036d49 elementor-widget elementor-widget-text-editor\" data-id=\"9036d49\" data-element_type=\"widget\" data-e-type=\"widget\" data-widget_type=\"text-editor.default\">\n\t\t\t\t<div class=\"elementor-widget-container\">\n\t\t\t\t\t\t\t\t\t<p class=\"lead\"><strong>Produkte und Unternehmensidee der MVG\u00ae Math\u00e9 Schmierstofftechnik GmbH basieren auf den Ideen und Entwicklungen des \u00f6sterreichischen Rennfahrers und Konstrukteurs Otto Math\u00e9.<\/strong><\/p>\t\t\t\t\t\t\t\t<\/div>\n\t\t\t\t<\/div>\n\t\t\t\t\t<\/div>\n\t\t<\/div>\n\t\t\t\t\t<\/div>\n\t\t<\/section>\n\t\t\t\t<section class=\"elementor-section elementor-top-section elementor-element elementor-element-335d5f9 elementor-section-boxed elementor-section-height-default elementor-section-height-default\" data-id=\"335d5f9\" data-element_type=\"section\" data-e-type=\"section\">\n\t\t\t\t\t\t<div class=\"elementor-container elementor-column-gap-default\">\n\t\t\t\t\t<div class=\"elementor-column elementor-col-66 elementor-top-column elementor-element elementor-element-6386e25\" data-id=\"6386e25\" data-element_type=\"column\" data-e-type=\"column\">\n\t\t\t<div class=\"elementor-widget-wrap elementor-element-populated\">\n\t\t\t\t\t\t<div class=\"elementor-element elementor-element-2a9d2d7 elementor-widget elementor-widget-text-editor\" data-id=\"2a9d2d7\" data-element_type=\"widget\" data-e-type=\"widget\" data-widget_type=\"text-editor.default\">\n\t\t\t\t<div class=\"elementor-widget-container\">\n\t\t\t\t\t\t\t\t\t<h2>1930 &#8211; 1956<\/h2><p>The Austrian universal technician and racing driver\u00a0<b>Otto Math\u00e9<\/b>\u00a0developed oil additives that were already a real insider tip in racing circles at the time.\u00a0<b>Otto Math\u00e9<\/b>\u00a0was a pioneer of lubricant technology and, with his commitment, a great role model for\u00a0<b>Niki Lauda<\/b>.<br \/>Mit Hilfe seiner \u00d6l-Additive fuhr\u00a0<b>Otto Math\u00e9<\/b>\u00a0He went from victory to victory in his home-built vehicles with Prosche engines, although the engines in his vehicles were usually far inferior to the factory racing cars. Even back then, the significantly increased stability and torsional rigidity of his engines thanks to his oil additives was a key to his success.<br \/><b>Niki Lauda<\/b>, former Formula 1 world champion, said in an interview: \"<b>Otto Math\u00e9<\/b>\u00a0I adored him even as a little boy. I admired his cars and how he raced with just one arm!\".<\/p><p><b>Otto Math\u00e9's<\/b>\u00a0name was mentioned in the same breath as\u00a0<b>Juan Manuel Fangio<\/b>\u00a0and\u00a0<b>Rudolf Caracciola<\/b>\u00a0called. In 1952, the winner was\u00a0<b>Otto Math\u00e9<\/b>\u00a0in 20 starts in 20 races and became Austrian national champion. One of his greatest successes was third place in the 1953 German Grand Prix at the N\u00fcrburgring. Ahead of him were only\u00a0<b>Juan Manuel Fangio<\/b>the world champion, and former world champion\u00a0<b>Dr. Farina<\/b>. In order to properly appreciate this performance and the will to succeed and win that characterized him, you have to know that not only was the rated power of his engine significantly lower than that of his competitors, but that he also had to ride with one arm! His right arm had been paralyzed since his accident in a sand track race in 1934.<\/p>\t\t\t\t\t\t\t\t<\/div>\n\t\t\t\t<\/div>\n\t\t\t\t\t<\/div>\n\t\t<\/div>\n\t\t\t\t<div class=\"elementor-column elementor-col-33 elementor-top-column elementor-element elementor-element-3b5b7ad\" data-id=\"3b5b7ad\" data-element_type=\"column\" data-e-type=\"column\">\n\t\t\t<div class=\"elementor-widget-wrap elementor-element-populated\">\n\t\t\t\t\t\t<div class=\"elementor-element elementor-element-f24c765 elementor-widget elementor-widget-image\" data-id=\"f24c765\" data-element_type=\"widget\" data-e-type=\"widget\" data-widget_type=\"image.default\">\n\t\t\t\t<div class=\"elementor-widget-container\">\n\t\t\t\t\t\t\t\t\t\t\t\t\t\t\t<img fetchpriority=\"high\" decoding=\"async\" width=\"320\" height=\"240\" src=\"https:\/\/mathy-austria.com\/wp-content\/uploads\/2020\/10\/otto_mathe_sieger.jpg\" class=\"attachment-large size-large wp-image-2826\" alt=\"\" srcset=\"https:\/\/mathy-austria.com\/wp-content\/uploads\/2020\/10\/otto_mathe_sieger.jpg 320w, https:\/\/mathy-austria.com\/wp-content\/uploads\/2020\/10\/otto_mathe_sieger-300x225.jpg 300w\" sizes=\"(max-width: 320px) 100vw, 320px\" \/>\t\t\t\t\t\t\t\t\t\t\t\t\t\t\t<\/div>\n\t\t\t\t<\/div>\n\t\t\t\t<div class=\"elementor-element elementor-element-99754a4 elementor-widget elementor-widget-image\" data-id=\"99754a4\" data-element_type=\"widget\" data-e-type=\"widget\" data-widget_type=\"image.default\">\n\t\t\t\t<div class=\"elementor-widget-container\">\n\t\t\t\t\t\t\t\t\t\t\t\t\t\t\t<img decoding=\"async\" width=\"320\" height=\"240\" src=\"https:\/\/mathy-austria.com\/wp-content\/uploads\/2020\/10\/fetzenflieger.jpg\" class=\"attachment-large size-large wp-image-2827\" alt=\"\" srcset=\"https:\/\/mathy-austria.com\/wp-content\/uploads\/2020\/10\/fetzenflieger.jpg 320w, https:\/\/mathy-austria.com\/wp-content\/uploads\/2020\/10\/fetzenflieger-300x225.jpg 300w\" sizes=\"(max-width: 320px) 100vw, 320px\" \/>\t\t\t\t\t\t\t\t\t\t\t\t\t\t\t<\/div>\n\t\t\t\t<\/div>\n\t\t\t\t\t<\/div>\n\t\t<\/div>\n\t\t\t\t\t<\/div>\n\t\t<\/section>\n\t\t\t\t<section class=\"elementor-section elementor-top-section elementor-element elementor-element-acc075f elementor-section-boxed elementor-section-height-default elementor-section-height-default\" data-id=\"acc075f\" data-element_type=\"section\" data-e-type=\"section\">\n\t\t\t\t\t\t<div class=\"elementor-container elementor-column-gap-default\">\n\t\t\t\t\t<div class=\"elementor-column elementor-col-66 elementor-top-column elementor-element elementor-element-d88cce7\" data-id=\"d88cce7\" data-element_type=\"column\" data-e-type=\"column\">\n\t\t\t<div class=\"elementor-widget-wrap elementor-element-populated\">\n\t\t\t\t\t\t<div class=\"elementor-element elementor-element-915efbc elementor-widget elementor-widget-text-editor\" data-id=\"915efbc\" data-element_type=\"widget\" data-e-type=\"widget\" data-widget_type=\"text-editor.default\">\n\t\t\t\t<div class=\"elementor-widget-container\">\n\t\t\t\t\t\t\t\t\t<h2>from 1950<\/h2><p>Initially in parallel with his sporting activities and later exclusively, the\u00a0<b>Otto Math\u00e9<\/b>\u00a0with the oil additives he had developed. To this end, he founded the company<b>\u00a0Otto Math\u00e9, Specialty Lubricants<\/b>.<br \/>Zeit seines Lebens entwickelte er seine \u00d6l-Additive immer weiter; sie stellten stets das tribologisch optimal Machbare da. Seiner Maxime, die jeweils handels\u00fcblichen Motoren- und Getriebe\u00f6le durch seine\u00a0<b>MATH\u00c9 additives<\/b>\u00a0He has always remained true to his goal of optimizing the product for the benefit of the user or end consumer.\u00a0<b>MATH\u00c9 additives<\/b>\u00a0have always increased the performance of engine and transmission oils in such a way that wear and engine stress have been reduced to a minimum, which in turn has considerably increased load capacity and durability!<\/p>\t\t\t\t\t\t\t\t<\/div>\n\t\t\t\t<\/div>\n\t\t\t\t\t<\/div>\n\t\t<\/div>\n\t\t\t\t<div class=\"elementor-column elementor-col-33 elementor-top-column elementor-element elementor-element-6e802e4\" data-id=\"6e802e4\" data-element_type=\"column\" data-e-type=\"column\">\n\t\t\t<div class=\"elementor-widget-wrap elementor-element-populated\">\n\t\t\t\t\t\t<div class=\"elementor-element elementor-element-9b5376c elementor-widget elementor-widget-image\" data-id=\"9b5376c\" data-element_type=\"widget\" data-e-type=\"widget\" data-widget_type=\"image.default\">\n\t\t\t\t<div class=\"elementor-widget-container\">\n\t\t\t\t\t\t\t\t\t\t\t\t\t\t\t<img decoding=\"async\" width=\"320\" height=\"240\" src=\"https:\/\/mathy-austria.com\/wp-content\/uploads\/2020\/10\/ottomathe_badge.jpg\" class=\"attachment-large size-large wp-image-2829\" alt=\"\" srcset=\"https:\/\/mathy-austria.com\/wp-content\/uploads\/2020\/10\/ottomathe_badge.jpg 320w, https:\/\/mathy-austria.com\/wp-content\/uploads\/2020\/10\/ottomathe_badge-300x225.jpg 300w\" sizes=\"(max-width: 320px) 100vw, 320px\" \/>\t\t\t\t\t\t\t\t\t\t\t\t\t\t\t<\/div>\n\t\t\t\t<\/div>\n\t\t\t\t\t<\/div>\n\t\t<\/div>\n\t\t\t\t\t<\/div>\n\t\t<\/section>\n\t\t\t\t<section class=\"elementor-section elementor-top-section elementor-element elementor-element-dda508f elementor-section-boxed elementor-section-height-default elementor-section-height-default\" data-id=\"dda508f\" data-element_type=\"section\" data-e-type=\"section\">\n\t\t\t\t\t\t<div class=\"elementor-container elementor-column-gap-default\">\n\t\t\t\t\t<div class=\"elementor-column elementor-col-66 elementor-top-column elementor-element elementor-element-81728be\" data-id=\"81728be\" data-element_type=\"column\" data-e-type=\"column\">\n\t\t\t<div class=\"elementor-widget-wrap elementor-element-populated\">\n\t\t\t\t\t\t<div class=\"elementor-element elementor-element-3fc552c elementor-widget elementor-widget-text-editor\" data-id=\"3fc552c\" data-element_type=\"widget\" data-e-type=\"widget\" data-widget_type=\"text-editor.default\">\n\t\t\t\t<div class=\"elementor-widget-container\">\n\t\t\t\t\t\t\t\t\t<h2>1984<\/h2><p><b>Dierk M\u00fcller<\/b>a longtime classic car enthusiast and active and committed participant and organizer of classic car rallies for decades, came into contact with the\u00a0<b>MATH\u00c9-Additiven<\/b>. The background to this was a \"breakdown\" to his 300 SL Gullwing Mercedes, which forced him to take part in the club's annual meeting without a suitable car. Said club friend (Dr. Klaus R\u00e4ker from Lemgo; also a classic car fan and Porsche specialist) only said at the time: \"<b>If you had MATH\u00c9, this would not have happened to your engine!<\/b>\u201c.<br \/>Wieder Zuhause angekommen, startete Dierk M\u00fcller mit der Recherche nach\u00a0<b>MATH\u00c9-Additiven<\/b>\u00a0and contacting\u00a0<b>Otto Math\u00e9<\/b>. First the\u00a0<b>MATH\u00c9 additives<\/b>\u00a0on one of his classic cars and then gradually equipped the entire classic car collection with it. All the classic cars showed better starting behavior, more revving, less wear, fewer deposits and there is no more \"standstill damage\" to this day!<\/p>\t\t\t\t\t\t\t\t<\/div>\n\t\t\t\t<\/div>\n\t\t\t\t\t<\/div>\n\t\t<\/div>\n\t\t\t\t<div class=\"elementor-column elementor-col-33 elementor-top-column elementor-element elementor-element-0d2c636\" data-id=\"0d2c636\" data-element_type=\"column\" data-e-type=\"column\">\n\t\t\t<div class=\"elementor-widget-wrap elementor-element-populated\">\n\t\t\t\t\t\t<div class=\"elementor-element elementor-element-0a0ed75 elementor-widget elementor-widget-image\" data-id=\"0a0ed75\" data-element_type=\"widget\" data-e-type=\"widget\" data-widget_type=\"image.default\">\n\t\t\t\t<div class=\"elementor-widget-container\">\n\t\t\t\t\t\t\t\t\t\t\t\t\t\t\t<img loading=\"lazy\" decoding=\"async\" width=\"320\" height=\"240\" src=\"https:\/\/mathy-austria.com\/wp-content\/uploads\/2020\/10\/mathy_universal.jpg\" class=\"attachment-large size-large wp-image-2830\" alt=\"\" srcset=\"https:\/\/mathy-austria.com\/wp-content\/uploads\/2020\/10\/mathy_universal.jpg 320w, https:\/\/mathy-austria.com\/wp-content\/uploads\/2020\/10\/mathy_universal-300x225.jpg 300w\" sizes=\"(max-width: 320px) 100vw, 320px\" \/>\t\t\t\t\t\t\t\t\t\t\t\t\t\t\t<\/div>\n\t\t\t\t<\/div>\n\t\t\t\t\t<\/div>\n\t\t<\/div>\n\t\t\t\t\t<\/div>\n\t\t<\/section>\n\t\t\t\t<section class=\"elementor-section elementor-top-section elementor-element elementor-element-f6d44f5 elementor-section-boxed elementor-section-height-default elementor-section-height-default\" data-id=\"f6d44f5\" data-element_type=\"section\" data-e-type=\"section\">\n\t\t\t\t\t\t<div class=\"elementor-container elementor-column-gap-default\">\n\t\t\t\t\t<div class=\"elementor-column elementor-col-66 elementor-top-column elementor-element elementor-element-d4a92d0\" data-id=\"d4a92d0\" data-element_type=\"column\" data-e-type=\"column\">\n\t\t\t<div class=\"elementor-widget-wrap elementor-element-populated\">\n\t\t\t\t\t\t<div class=\"elementor-element elementor-element-de0febf elementor-widget elementor-widget-text-editor\" data-id=\"de0febf\" data-element_type=\"widget\" data-e-type=\"widget\" data-widget_type=\"text-editor.default\">\n\t\t\t\t<div class=\"elementor-widget-container\">\n\t\t\t\t\t\t\t\t\t<h2>1986<\/h2><p>The entrepreneur\u00a0<b>Dierk M\u00fcller<\/b>\u00a0puts its entire group of companies on the\u00a0<b>Math\u00e9 lubricant technology<\/b>\u00a0and achieves considerable savings and increases in productivity by extending the oil change and lubrication intervals for vehicles and stationary units.<br \/><br \/>In the same year\u00a0<b>Dierk M\u00fcller<\/b>\u00a0as an entrepreneur the\u00a0<b>Math\u00e9-Additive Vertriebs GmbH<\/b>\u00a0and begins the\u00a0<b>Math\u00e9 additives<\/b>\u00a0and lubricant technology as a general importer on the German market.<\/p>\t\t\t\t\t\t\t\t<\/div>\n\t\t\t\t<\/div>\n\t\t\t\t\t<\/div>\n\t\t<\/div>\n\t\t\t\t<div class=\"elementor-column elementor-col-33 elementor-top-column elementor-element elementor-element-f25b97f\" data-id=\"f25b97f\" data-element_type=\"column\" data-e-type=\"column\">\n\t\t\t<div class=\"elementor-widget-wrap elementor-element-populated\">\n\t\t\t\t\t\t<div class=\"elementor-element elementor-element-a80c591 elementor-widget elementor-widget-image\" data-id=\"a80c591\" data-element_type=\"widget\" data-e-type=\"widget\" data-widget_type=\"image.default\">\n\t\t\t\t<div class=\"elementor-widget-container\">\n\t\t\t\t\t\t\t\t\t\t\t\t\t\t\t<img loading=\"lazy\" decoding=\"async\" width=\"320\" height=\"240\" src=\"https:\/\/mathy-austria.com\/wp-content\/uploads\/2020\/10\/mueller.jpg\" class=\"attachment-large size-large wp-image-2831\" alt=\"\" srcset=\"https:\/\/mathy-austria.com\/wp-content\/uploads\/2020\/10\/mueller.jpg 320w, https:\/\/mathy-austria.com\/wp-content\/uploads\/2020\/10\/mueller-300x225.jpg 300w\" sizes=\"(max-width: 320px) 100vw, 320px\" \/>\t\t\t\t\t\t\t\t\t\t\t\t\t\t\t<\/div>\n\t\t\t\t<\/div>\n\t\t\t\t\t<\/div>\n\t\t<\/div>\n\t\t\t\t\t<\/div>\n\t\t<\/section>\n\t\t\t\t<section class=\"elementor-section elementor-top-section elementor-element elementor-element-1cf985e elementor-section-boxed elementor-section-height-default elementor-section-height-default\" data-id=\"1cf985e\" data-element_type=\"section\" data-e-type=\"section\">\n\t\t\t\t\t\t<div class=\"elementor-container elementor-column-gap-default\">\n\t\t\t\t\t<div class=\"elementor-column elementor-col-66 elementor-top-column elementor-element elementor-element-e59f032\" data-id=\"e59f032\" data-element_type=\"column\" data-e-type=\"column\">\n\t\t\t<div class=\"elementor-widget-wrap elementor-element-populated\">\n\t\t\t\t\t\t<div class=\"elementor-element elementor-element-79c7b10 elementor-widget elementor-widget-text-editor\" data-id=\"79c7b10\" data-element_type=\"widget\" data-e-type=\"widget\" data-widget_type=\"text-editor.default\">\n\t\t\t\t<div class=\"elementor-widget-container\">\n\t\t\t\t\t\t\t\t\t<div class=\"row\"><div class=\"col-xs-12 col-md-8\"><div id=\"c301\" class=\"frame frame-default frame-type-textmedia frame-layout-0\"><div class=\"ce-textpic ce-right ce-intext\"><div class=\"ce-bodytext\"><h2>1992<\/h2><p>The\u00a0<b>Math\u00e9-Additive Vertriebs GmbH<\/b>\u00a0is incorporated into today's\u00a0<b>MVG\u00ae Math\u00e9-Schmierstofftechnik GmbH<\/b>\u00a0and the entrepreneur Dierk M\u00fcller takes over the complete succession of\u00a0<b>Otto Math\u00e9<\/b>\u00a0and takes over the production and worldwide distribution of the\u00a0<b>Math\u00e9 additives<\/b>\u00a0including all necessary rights and recipes.<\/p><p>\u00a0<\/p><\/div><\/div><\/div><div id=\"c302\" class=\"frame frame-default frame-type-textmedia frame-layout-0\"><div class=\"ce-textpic ce-right ce-intext\"><div class=\"ce-bodytext\"><h2>1992 &#8211; 1994<\/h2><p><b>Dierk M\u00fcller<\/b>\u00a0beauftragt im Namen der MVG\u00ae Math\u00e9-Schmierstofftechnik GmbH f\u00fchrende Tribulogen in Zusammenarbeit mit seinem Spezialistenteam die bestehenden Produkte zu optimieren und neue \u00d6l-Additive in Abstimmung zu den aktuellen Motoren- und Getriebe\u00f6len zu entwickeln.\u00a0<br \/>Diese Form der Produktweiterentwicklung wird bis heute kontinuierlich beibehalten!<\/p><p>\u00a0<\/p><\/div><\/div><\/div><div id=\"c303\" class=\"frame frame-default frame-type-textmedia frame-layout-0\"><div class=\"ce-textpic ce-right ce-intext\"><div class=\"ce-bodytext\"><h2>1994<\/h2><p>The\u00a0<b>MVG\u00ae Math\u00e9-Schmierstofftechnik GmbH<\/b>\u00a0is launching the new brand as part of its internationalization strategy.\u00a0<b>MATHY\u00ae<\/b>\u00a0in. From this point onwards, all products for classic and vintage cars are marketed under the\u00a0<b>MATH\u00c8\u00ae<\/b>\u00a0and the additives for the respective current engines or machines and engine or transmission oils under the brand\u00a0<b>MATHY\u00ae<\/b>.<\/p><p>\u00a0<\/p><\/div><\/div><\/div><\/div><\/div><div class=\"row\"><div class=\"col-xs-12 col-md-8\"><div id=\"c386\" class=\"frame frame-default frame-type-textmedia frame-layout-0\"><div class=\"ce-textpic ce-right ce-intext\"><div class=\"ce-bodytext\"><h2>1994 &#8211; 1996<\/h2><p>The\u00a0<b>MVG\u00ae Math\u00e9-Schmierstofftechnik GmbH<\/b>\u00a0 ist der erste Additiv- bzw. Schmierstoffhersteller, der den T\u00dcV mit einer Produktpr\u00fcfung und \u2013zertifizierung beauftragt.\u00a0<br \/>Nach einer fast zweij\u00e4hrigen Pr\u00fcfung erhalten die Produkte MATHY\u00ae-M, MATHY\u00ae-F und MATHY\u00ae-T vom<b>\u00a0T\u00dcV North<\/b>\u00a0(at that time still T\u00dcV Hannover \/ Saxony-Anhalt) the\u00a0<b>Test seal<\/b>.<\/p><p>The products of the\u00a0<b>MVG\u00ae Math\u00e9-Schmierstofftechnik GmbH<\/b>\u00a0 have since been repeatedly tested and certified by various institutes such as RW T\u00dcV Essen, T\u00dcV Nord Hannover, DEKRA Umwelt GmbH and T\u00dcV Nord Essen.<\/p><p>The regular product tests and certifications have now become a tradition at the company.\u00a0<b>MVG\u00ae Math\u00e9-Schmierstofftechnik GmbH<\/b>\u00a0 until today!<\/p><p>\u00a0<\/p><\/div><\/div><\/div><div id=\"c387\" class=\"frame frame-default frame-type-textmedia frame-layout-0\"><div class=\"ce-textpic ce-right ce-intext\"><div class=\"ce-bodytext\"><h2>1998<\/h2><p>The Math\u00e9 products for classic and vintage cars are improved and sold under the label\u00a0<b>Math\u00e9\u00ae Classic<\/b>\u00a0introduced to the market.<\/p><p>\u00a0<\/p><\/div><\/div><\/div><div id=\"c388\" class=\"frame frame-default frame-type-textmedia frame-layout-0\"><div class=\"ce-textpic ce-right ce-intext\"><div class=\"ce-bodytext\"><h2>2002<\/h2><p><b>MATHY\u00ae<\/b>\u00a0and\u00a0<b>MATH\u00c9\u00ae Classic<\/b> go online.<\/p><p>\u00a0<\/p><\/div><\/div><\/div><\/div><\/div><div class=\"row\"><div class=\"col-xs-12 col-md-8\"><div id=\"c389\" class=\"frame frame-default frame-type-textmedia frame-layout-0\"><div class=\"ce-textpic ce-right ce-intext\"><div class=\"ce-bodytext\"><h2>2003<\/h2><p>The\u00a0<b>MATHY\u00ae product range<\/b>\u00a0wird um spezielle Produkte f\u00fcr Industrie und Gewerbe erweitert. Hier steht besonders die Steigerung der Wirtschaftlichkeit von Motoren und Maschinen im Vordergrund. Unter anderem stehen Produkte f\u00fcr neue umweltfreundliche Energieproduzenten wie z.B. Windkraftr\u00e4der und Blockheizkraftwerke im Fokus.\u00a0<br \/>Es kommen die Produkte\u00a0<b>MATHY\u00ae-Industry, MATHY\u00ae WKA ISO VG 320, MATHY\u00ae WKA Lube 320<\/b>\u00a0and\u00a0<b>MATHY\u00ae Plus-DA<\/b>\u00a0on the market.<\/p><p>\u00a0<\/p><\/div><\/div><\/div><div id=\"c390\" class=\"frame frame-default frame-type-textmedia frame-layout-0\"><div class=\"ce-textpic ce-right ce-intext\"><div class=\"ce-bodytext\"><h2>2003 &#8211; 2004<\/h2><p>The\u00a0<b>MVG\u00ae Math\u00e9-Schmierstofftechnik GmbH<\/b>\u00a0 is significantly expanding its customer service and completely restructuring its advertising materials. For the first time, information documents are available separately for private customers and trade\/industry.<\/p><p>\u00a0<\/p><\/div><\/div><\/div><div id=\"c391\" class=\"frame frame-default frame-type-textmedia frame-layout-0\"><div class=\"ce-textpic ce-right ce-intext\"><div class=\"ce-bodytext\"><h2>2009<\/h2><p>The\u00a0<b>MVG\u00ae Math\u00e9-Schmierstofftechnik GmbH<\/b>\u00a0 entscheidet einen Wechsel in der Vertriebsstrategie und beendet daf\u00fcr seine langj\u00e4hrige Zusammenarbeit mit dem TV Shopping Sender HSE24.<br \/>Dort wurden\u00a0<b>MATHY\u00ae products<\/b>\u00a0For 15 years in over 400 live broadcasts and well over 1,000 repeat broadcasts of\u00a0<b>Dierk M\u00fcller<\/b>\u00a0and his team and sold them. This counted\u00a0<b>MATHY\u00ae<\/b>\u00a0one of the most successful and longest-standing products at HSE24.<\/p><p>\u00a0<\/p><\/div><\/div><\/div><div id=\"c393\" class=\"frame frame-default frame-type-textmedia frame-layout-0\"><div class=\"ce-textpic ce-right ce-intext\"><div class=\"ce-bodytext\"><h2>2009 &#8211; 2010<\/h2><p>The\u00a0<b>MVG\u00ae Math\u00e9-Schmierstofftechnik GmbH<\/b>\u00a0 is completely revamping its website and gearing it towards its target groups.<\/p><p>\u00a0<\/p><\/div><\/div><\/div><div id=\"c394\" class=\"frame frame-default frame-type-textmedia frame-layout-0\"><div class=\"ce-textpic ce-right ce-intext\"><div class=\"ce-bodytext\"><h2>2010<\/h2><p>The\u00a0<b>MVG\u00ae Math\u00e9-Schmierstofftechnik GmbH<\/b>\u00a0 entwickelt in der Sparte seiner Heiz\u00f6l-Additive zwei neue Produkte und wird diese noch in der zweiten Jahresh\u00e4lfte in den deutschen Markt einf\u00fchren.<br \/>Parallel hierzu ist die Entwicklung neuer Kraftstoff-Additive weit fort geschritten.<\/p><p>\u00a0<\/p><\/div><\/div><\/div><div id=\"c396\" class=\"frame frame-default frame-type-textmedia frame-layout-0\"><div class=\"ce-textpic ce-right ce-intext\"><div class=\"ce-bodytext\"><h2>2011<\/h2><p>Die MVG entwickelt Kraftstoffzus\u00e4tze mit hoher Wirksamkeit und einfacher Anwendung durch die\u00a0einmalige Zugabe zum Tank: MATHY-D, MATHY-DF, MATHY-BE und MATHY-BD.<\/p><p>\u00a0<\/p><\/div><\/div><\/div><div id=\"c397\" class=\"frame frame-default frame-type-textmedia frame-layout-0\"><div class=\"ce-textpic ce-right ce-intext\"><div class=\"ce-bodytext\"><h2>2012<\/h2><p>F\u00fcr das Label Chromjuwelen entwickelt\u00a0die MVG die\u00a0Oldie- und Youngtimer\u00f6le Math\u00e9 f\u00fcr Chromjuwelen (in SAE 15W-40 und SAE 20W-50). Die Produkte sind spezifisch auf Fahrzeuge im Saisonbetrieb und langen Standzeiten zugeschnitten.<\/p><\/div><\/div><\/div><\/div><\/div>\t\t\t\t\t\t\t\t<\/div>\n\t\t\t\t<\/div>\n\t\t\t\t\t<\/div>\n\t\t<\/div>\n\t\t\t\t<div class=\"elementor-column elementor-col-33 elementor-top-column elementor-element elementor-element-5b79fd8\" data-id=\"5b79fd8\" data-element_type=\"column\" data-e-type=\"column\">\n\t\t\t<div class=\"elementor-widget-wrap\">\n\t\t\t\t\t\t\t<\/div>\n\t\t<\/div>\n\t\t\t\t\t<\/div>\n\t\t<\/section>\n\t\t\t\t<\/div>","protected":false},"excerpt":{"rendered":"<p>The company history The products and corporate philosophy of MVG\u00ae Math\u00e9 Schmierstofftechnik GmbH are based on the ideas and developments of the Austrian racing driver and designer Otto Math\u00e9. 1930 \u2013 1956 The Austrian universal technician and racing driver Otto Math\u00e9 developed oil additives that were already considered a real insider tip in racing circles at the time. Otto Math\u00e9 was a pioneer in lubricant technology and, with his commitment, made a great contribution to...<\/p>","protected":false},"author":1,"featured_media":0,"parent":0,"menu_order":0,"comment_status":"closed","ping_status":"closed","template":"","meta":{"footnotes":""},"class_list":["post-2823","page","type-page","status-publish","hentry"],"_links":{"self":[{"href":"https:\/\/mathy-austria.com\/en\/wp-json\/wp\/v2\/pages\/2823","targetHints":{"allow":["GET"]}}],"collection":[{"href":"https:\/\/mathy-austria.com\/en\/wp-json\/wp\/v2\/pages"}],"about":[{"href":"https:\/\/mathy-austria.com\/en\/wp-json\/wp\/v2\/types\/page"}],"author":[{"embeddable":true,"href":"https:\/\/mathy-austria.com\/en\/wp-json\/wp\/v2\/users\/1"}],"replies":[{"embeddable":true,"href":"https:\/\/mathy-austria.com\/en\/wp-json\/wp\/v2\/comments?post=2823"}],"version-history":[{"count":0,"href":"https:\/\/mathy-austria.com\/en\/wp-json\/wp\/v2\/pages\/2823\/revisions"}],"wp:attachment":[{"href":"https:\/\/mathy-austria.com\/en\/wp-json\/wp\/v2\/media?parent=2823"}],"curies":[{"name":"wp","href":"https:\/\/api.w.org\/{rel}","templated":true}]}}