{"id":2471,"date":"2020-09-02T11:45:45","date_gmt":"2020-09-02T09:45:45","guid":{"rendered":"https:\/\/mathy-austria.com\/?page_id=2471"},"modified":"2020-09-22T19:59:26","modified_gmt":"2020-09-22T17:59:26","slug":"kraftstoff-additive","status":"publish","type":"page","link":"https:\/\/mathy-austria.com\/en\/anwendung\/oldtimer\/kraftstoff-additive\/","title":{"rendered":"Fuel additives"},"content":{"rendered":"<div data-elementor-type=\"wp-page\" data-elementor-id=\"2471\" class=\"elementor elementor-2471\" data-elementor-post-type=\"page\">\n\t\t\t\t\t\t<section class=\"elementor-section elementor-top-section elementor-element elementor-element-17d99ff elementor-section-boxed elementor-section-height-default elementor-section-height-default\" data-id=\"17d99ff\" data-element_type=\"section\" data-e-type=\"section\">\n\t\t\t\t\t\t<div class=\"elementor-container elementor-column-gap-default\">\n\t\t\t\t\t<div class=\"elementor-column elementor-col-100 elementor-top-column elementor-element elementor-element-722c005\" data-id=\"722c005\" data-element_type=\"column\" data-e-type=\"column\">\n\t\t\t<div class=\"elementor-widget-wrap elementor-element-populated\">\n\t\t\t\t\t\t<div class=\"elementor-element elementor-element-253b668 elementor-widget elementor-widget-text-editor\" data-id=\"253b668\" data-element_type=\"widget\" data-e-type=\"widget\" data-widget_type=\"text-editor.default\">\n\t\t\t\t<div class=\"elementor-widget-container\">\n\t\t\t\t\t\t\t\t\t<div class=\"page-header\"><h1 class=\"\">Einfache Anwendung und optimaler Schutz<\/h1><div id=\"c791\" class=\"frame frame-default frame-type-textmedia frame-layout-0\"><div class=\"ce-textpic ce-right ce-intext\"><div class=\"ce-bodytext\"><p class=\"lead\"><strong>Das gesamte Kraftstoffsystem wird zuverl\u00e4ssig gereinigt und gesch\u00fctzt!<\/strong><\/p><p>MATH\u00c9 Classic Kraftstoff-Stabilisator ist speziell f\u00fcr \u00e4ltere Benzinmotoren geeignet. Er bietet einen hervorragenden Korrosionsschutz (unterbindet die Kondenswassersammlung) und schmiert dabei alle beweglichen Teile innerhalb des Kraftstoffsystems (Pumpe und Ventile). Zus\u00e4tzlich verhindert er Ablagerungen auf Ventilen und Z\u00fcndkerzen. Dar\u00fcber hinaus konserviert und sch\u00fctzt MATH\u00c9 Classic Kraftstoff-Stabilisator den Kraftstoff vor Alterung und Oxidation; er wirkt als Kraftstoffstabilisator und h\u00e4lt diesen z\u00fcndstabil. Besonders geeignet f\u00fcr die saisonale und langfristige Stilllegung von Old- und Youngtimern.<\/p><\/div><\/div><\/div><\/div>\t\t\t\t\t\t\t\t<\/div>\n\t\t\t\t<\/div>\n\t\t\t\t<div class=\"elementor-element elementor-element-448852b elementor-widget elementor-widget-text-editor\" data-id=\"448852b\" data-element_type=\"widget\" data-e-type=\"widget\" data-widget_type=\"text-editor.default\">\n\t\t\t\t<div class=\"elementor-widget-container\">\n\t\t\t\t\t\t\t\t\t<h2>Advantages at a glance<\/h2><ul><li>Sch\u00fctzt vor Kraftstoffalterung<\/li><li>Reinigt Ventile und Verbrennungsraum<\/li><li>H\u00e4lt den Kraftstoff z\u00fcndstabil<\/li><li>Verhindert Korrosion im Tank<\/li><li>Optimiert die Verbrennung<\/li><\/ul>\t\t\t\t\t\t\t\t<\/div>\n\t\t\t\t<\/div>\n\t\t\t\t\t<\/div>\n\t\t<\/div>\n\t\t\t\t\t<\/div>\n\t\t<\/section>\n\t\t\t\t<section class=\"elementor-section elementor-top-section elementor-element elementor-element-94528d8 elementor-section-boxed elementor-section-height-default elementor-section-height-default\" data-id=\"94528d8\" data-element_type=\"section\" data-e-type=\"section\">\n\t\t\t\t\t\t<div class=\"elementor-container elementor-column-gap-default\">\n\t\t\t\t\t<div class=\"elementor-column elementor-col-100 elementor-top-column elementor-element elementor-element-2d5524d4\" data-id=\"2d5524d4\" data-element_type=\"column\" data-e-type=\"column\">\n\t\t\t<div class=\"elementor-widget-wrap elementor-element-populated\">\n\t\t\t\t\t\t<div class=\"elementor-element elementor-element-14790e9e elementor-widget elementor-widget-heading\" data-id=\"14790e9e\" data-element_type=\"widget\" data-e-type=\"widget\" data-widget_type=\"heading.default\">\n\t\t\t\t<div class=\"elementor-widget-container\">\n\t\t\t\t\t<h2 class=\"elementor-heading-title elementor-size-default\">Frequently asked questions or problems that arise<\/h2>\t\t\t\t<\/div>\n\t\t\t\t<\/div>\n\t\t\t\t<div class=\"elementor-element elementor-element-4f9f1ee5 elementor-widget elementor-widget-accordion\" data-id=\"4f9f1ee5\" data-element_type=\"widget\" data-e-type=\"widget\" data-widget_type=\"accordion.default\">\n\t\t\t\t<div class=\"elementor-widget-container\">\n\t\t\t\t\t\t\t<div class=\"elementor-accordion\">\n\t\t\t\t\t\t\t<div class=\"elementor-accordion-item\">\n\t\t\t\t\t<div id=\"elementor-tab-title-1331\" class=\"elementor-tab-title\" data-tab=\"1\" role=\"button\" aria-controls=\"elementor-tab-content-1331\" aria-expanded=\"false\">\n\t\t\t\t\t\t\t\t\t\t\t\t\t<span class=\"elementor-accordion-icon elementor-accordion-icon-left\" aria-hidden=\"true\">\n\t\t\t\t\t\t\t\t\t\t\t\t\t\t\t<span class=\"elementor-accordion-icon-closed\"><i class=\"fas fa-plus\"><\/i><\/span>\n\t\t\t\t\t\t\t\t<span class=\"elementor-accordion-icon-opened\"><i class=\"fas fa-minus\"><\/i><\/span>\n\t\t\t\t\t\t\t\t\t\t\t\t\t\t<\/span>\n\t\t\t\t\t\t\t\t\t\t\t\t<a class=\"elementor-accordion-title\" tabindex=\"0\">Mein Oldtimer (Benziner) springt nach der Winterpause schlecht an, woran kann das liegen?<\/a>\n\t\t\t\t\t<\/div>\n\t\t\t\t\t<div id=\"elementor-tab-content-1331\" class=\"elementor-tab-content elementor-clearfix\" data-tab=\"1\" role=\"region\" aria-labelledby=\"elementor-tab-title-1331\"><section class=\"m-accordion-item js-accordion-item m-accordion--open\"><div class=\"m-accordion-content js-accordion-content\"><p>Nach l\u00e4ngeren Standzeiten verliert der Otto-Kraftstoff an Oktanzahl. Die Z\u00fcndstabilit\u00e4t reduziert sich und der sich im Tank befindliche Kraftstoff hat keine Leistungsreserven mehr. Durch rechtzeitige Zugabe vor der \u00dcberwinterung von MATH\u00c9 Classic-Kraftstoff-Stabilisator in den Tank wird der Kraftstoff z\u00fcndstabil gehalten und der Verbrennungsprozess optimiert.<\/p><\/div><\/section><section class=\"m-accordion-item js-accordion-item\"><\/section><\/div>\n\t\t\t\t<\/div>\n\t\t\t\t\t\t\t<div class=\"elementor-accordion-item\">\n\t\t\t\t\t<div id=\"elementor-tab-title-1332\" class=\"elementor-tab-title\" data-tab=\"2\" role=\"button\" aria-controls=\"elementor-tab-content-1332\" aria-expanded=\"false\">\n\t\t\t\t\t\t\t\t\t\t\t\t\t<span class=\"elementor-accordion-icon elementor-accordion-icon-left\" aria-hidden=\"true\">\n\t\t\t\t\t\t\t\t\t\t\t\t\t\t\t<span class=\"elementor-accordion-icon-closed\"><i class=\"fas fa-plus\"><\/i><\/span>\n\t\t\t\t\t\t\t\t<span class=\"elementor-accordion-icon-opened\"><i class=\"fas fa-minus\"><\/i><\/span>\n\t\t\t\t\t\t\t\t\t\t\t\t\t\t<\/span>\n\t\t\t\t\t\t\t\t\t\t\t\t<a class=\"elementor-accordion-title\" tabindex=\"0\">Ben\u00f6tigt mein Oldtimer Bleiersatz?<\/a>\n\t\t\t\t\t<\/div>\n\t\t\t\t\t<div id=\"elementor-tab-content-1332\" class=\"elementor-tab-content elementor-clearfix\" data-tab=\"2\" role=\"region\" aria-labelledby=\"elementor-tab-title-1332\"><section class=\"m-accordion-item js-accordion-item m-accordion--open\"><div class=\"m-accordion-content js-accordion-content\"><p>Viele klassische Motoren haben noch keine geh\u00e4rteten Ventilsitze und ben\u00f6tigen normalerweise bleihaltigen Kraftstoff. Da es diesen nicht mehr gibt, kommen Bleierstatzstoffe zum Einsatz. Unser MATH\u00c9 Classic-Bleiersatz bringt einen ausreichenden Schutz in den Kraftstoff und sch\u00fctzt die Ventile vor Sch\u00e4den. Die Anwendung ist denkbar einfach. Dosierung: 1:1000 (Beispiel: 50ml auf 50 Liter Kraftstoff) Zugabe vor der Betankung in den Tank.\u00a0<\/p><\/div><\/section><section class=\"m-accordion-item js-accordion-item\"><\/section><\/div>\n\t\t\t\t<\/div>\n\t\t\t\t\t\t\t<div class=\"elementor-accordion-item\">\n\t\t\t\t\t<div id=\"elementor-tab-title-1333\" class=\"elementor-tab-title\" data-tab=\"3\" role=\"button\" aria-controls=\"elementor-tab-content-1333\" aria-expanded=\"false\">\n\t\t\t\t\t\t\t\t\t\t\t\t\t<span class=\"elementor-accordion-icon elementor-accordion-icon-left\" aria-hidden=\"true\">\n\t\t\t\t\t\t\t\t\t\t\t\t\t\t\t<span class=\"elementor-accordion-icon-closed\"><i class=\"fas fa-plus\"><\/i><\/span>\n\t\t\t\t\t\t\t\t<span class=\"elementor-accordion-icon-opened\"><i class=\"fas fa-minus\"><\/i><\/span>\n\t\t\t\t\t\t\t\t\t\t\t\t\t\t<\/span>\n\t\t\t\t\t\t\t\t\t\t\t\t<a class=\"elementor-accordion-title\" tabindex=\"0\">Mein Oldtimer l\u00e4uft mit normalem Benzin-Kraftstoff nicht so gut, warum ist das so?<\/a>\n\t\t\t\t\t<\/div>\n\t\t\t\t\t<div id=\"elementor-tab-content-1333\" class=\"elementor-tab-content elementor-clearfix\" data-tab=\"3\" role=\"region\" aria-labelledby=\"elementor-tab-title-1333\"><section class=\"m-accordion-item js-accordion-item m-accordion--open\"><div class=\"m-accordion-content js-accordion-content\"><p>Heutige Benzinkraftstoffe haben einen erh\u00f6hten Bio-Anteil. Dieser wirkt sich negativ auf den Verbrennungsprozess aus. Gerade klassische Motoren haben des \u00d6fteren Probleme mit diesen Kraftstoffen. Durch die Zugabe von MATH\u00c9 Classic-Kraftstoff-Stabilisator zu jeder Tankf\u00fcllung wird dieser negative Einfluss ausgeglichen. Der Verbrennungsprozess wird optimiert und das gesamte Kraftstoffsystem sauber gehalten.<\/p><\/div><\/section><section class=\"m-accordion-item js-accordion-item js-accordion-item--last\"><\/section><\/div>\n\t\t\t\t<\/div>\n\t\t\t\t\t\t\t<div class=\"elementor-accordion-item\">\n\t\t\t\t\t<div id=\"elementor-tab-title-1334\" class=\"elementor-tab-title\" data-tab=\"4\" role=\"button\" aria-controls=\"elementor-tab-content-1334\" aria-expanded=\"false\">\n\t\t\t\t\t\t\t\t\t\t\t\t\t<span class=\"elementor-accordion-icon elementor-accordion-icon-left\" aria-hidden=\"true\">\n\t\t\t\t\t\t\t\t\t\t\t\t\t\t\t<span class=\"elementor-accordion-icon-closed\"><i class=\"fas fa-plus\"><\/i><\/span>\n\t\t\t\t\t\t\t\t<span class=\"elementor-accordion-icon-opened\"><i class=\"fas fa-minus\"><\/i><\/span>\n\t\t\t\t\t\t\t\t\t\t\t\t\t\t<\/span>\n\t\t\t\t\t\t\t\t\t\t\t\t<a class=\"elementor-accordion-title\" tabindex=\"0\">K\u00f6nnen Kraftstoff-Additive Korrosion im Kraftstoffsystem verhindern?<\/a>\n\t\t\t\t\t<\/div>\n\t\t\t\t\t<div id=\"elementor-tab-content-1334\" class=\"elementor-tab-content elementor-clearfix\" data-tab=\"4\" role=\"region\" aria-labelledby=\"elementor-tab-title-1334\"><div class=\"m-accordion js-accordion\"><section class=\"m-accordion-item js-accordion-item js-accordion-item--last m-accordion--open\"><div class=\"m-accordion-content js-accordion-content\"><p>Durch die Zugabe von MATH\u00c9 Classic Kraftstoff-Stabilisator in den Tank wird Kondenswasser gebunden und Metalloberfl\u00e4chen bleiben vor Flugrost gesch\u00fctzt. S\u00e4mtliche kraftstoffumsp\u00fclten Bauteile werden gesch\u00fctzt und gepflegt. Wir empfehlen eine permanente Anwendung.\u00a0<\/p><\/div><\/section><\/div><\/div>\n\t\t\t\t<\/div>\n\t\t\t\t\t\t\t\t<\/div>\n\t\t\t\t\t\t<\/div>\n\t\t\t\t<\/div>\n\t\t\t\t\t<\/div>\n\t\t<\/div>\n\t\t\t\t\t<\/div>\n\t\t<\/section>\n\t\t\t\t<section class=\"elementor-section elementor-top-section elementor-element elementor-element-b971897 elementor-section-boxed elementor-section-height-default elementor-section-height-default\" data-id=\"b971897\" data-element_type=\"section\" data-e-type=\"section\">\n\t\t\t\t\t\t<div class=\"elementor-container elementor-column-gap-default\">\n\t\t\t\t\t<div class=\"elementor-column elementor-col-100 elementor-top-column elementor-element elementor-element-3a3f5af\" data-id=\"3a3f5af\" data-element_type=\"column\" data-e-type=\"column\">\n\t\t\t<div class=\"elementor-widget-wrap elementor-element-populated\">\n\t\t\t\t\t\t<div class=\"elementor-element elementor-element-63fa635 elementor-widget elementor-widget-text-editor\" data-id=\"63fa635\" data-element_type=\"widget\" data-e-type=\"widget\" data-widget_type=\"text-editor.default\">\n\t\t\t\t<div class=\"elementor-widget-container\">\n\t\t\t\t\t\t\t\t\t<div id=\"c1628\" class=\"frame frame-default frame-type-textmedia frame-layout-0\"><div class=\"ce-textpic ce-right ce-intext\"><div class=\"ce-bodytext\"><p><strong>Unsere Probleml\u00f6ser f\u00fcr das Kraftstoffsystem von Young- und Oldtimern<\/strong><\/p><\/div><\/div><\/div>\t\t\t\t\t\t\t\t<\/div>\n\t\t\t\t<\/div>\n\t\t\t\t<div class=\"elementor-element elementor-element-7ac161f elementor-widget elementor-widget-the7-elements-woo-carousel\" data-id=\"7ac161f\" data-element_type=\"widget\" data-e-type=\"widget\" data-widget_type=\"the7-elements-woo-carousel.default\">\n\t\t\t\t<div class=\"elementor-widget-container\">\n\t\t\t\t\t<div class=\"owl-carousel products-carousel-shortcode dt-owl-carousel-call the7-elements-woo-carousel-7ac161f cart-btn-below-img bullets-small-dot-stroke reposition-arrows arrows-bg-on dt-arrow-border-on dt-arrow-hover-border-on disable-arrows-hover-bg arrows-hover-bg-on wc-img-hover hide-description\" data-scroll-mode=\"1\" data-wide-col-num=\"4\" data-col-num=\"3\" data-laptop-col=\"3\" data-h-tablet-columns-num=\"2\" data-v-tablet-columns-num=\"2\" data-phone-columns-num=\"1\" data-auto-height=\"false\" data-col-gap=\"15\" data-stage-padding=\"0\" data-speed=\"600\" data-autoplay=\"false\" data-autoplay_speed=\"6000\" data-arrows=\"true\" data-bullet=\"false\" data-next-icon=\"fas fa-chevron-right\" data-prev-icon=\"fas fa-chevron-left\"><article class=\"post post-981 product type-product status-publish has-post-thumbnail product_brand-mvg-mathe-schmierstofftechnik-gmbh product_cat-klassiker product_cat-kraftstoffsystem description-off first instock taxable shipping-taxable purchasable product-type-variable\" ><figure class=\"woocom-project\">\n\t<div class=\"woo-buttons-on-img\">\n\n\t\t<a href=\"https:\/\/mathy-austria.com\/en\/product\/mathe-classic-kraftstoff-stabilisator\/\" class=\"alignnone layzr-bg\"><img fetchpriority=\"high\" decoding=\"async\" width=\"300\" height=\"300\" src=\"data:image\/svg+xml;charset=utf-8,%3Csvg xmlns%3D&#039;http%3A%2F%2Fwww.w3.org%2F2000%2Fsvg&#039; viewBox%3D&#039;0 0 300 300&#039;%2F%3E\" class=\"attachment-woocommerce_thumbnail size-woocommerce_thumbnail owl-lazy-load preload-me\" alt=\"MATH\u00c9 Classic - Kraftstoff-Stabilisator - *ABVERKAUF 250ml Gebinde\/noch 8 Stk. verf\u00fcgbar*\" data-src=\"https:\/\/mathy-austria.com\/wp-content\/uploads\/2014\/04\/mathe-classic-kraftstoff-stabilisator_kraftstoffadditiv_klassische-fahrzeuge_500ml_1920x1920-300x300.webp\" data-srcset=\"https:\/\/mathy-austria.com\/wp-content\/uploads\/2014\/04\/mathe-classic-kraftstoff-stabilisator_kraftstoffadditiv_klassische-fahrzeuge_500ml_1920x1920-300x300.webp 300w, https:\/\/mathy-austria.com\/wp-content\/uploads\/2014\/04\/mathe-classic-kraftstoff-stabilisator_kraftstoffadditiv_klassische-fahrzeuge_500ml_1920x1920-150x150.webp 150w, https:\/\/mathy-austria.com\/wp-content\/uploads\/2014\/04\/mathe-classic-kraftstoff-stabilisator_kraftstoffadditiv_klassische-fahrzeuge_500ml_1920x1920-768x768.webp 768w, https:\/\/mathy-austria.com\/wp-content\/uploads\/2014\/04\/mathe-classic-kraftstoff-stabilisator_kraftstoffadditiv_klassische-fahrzeuge_500ml_1920x1920-12x12.webp 12w, https:\/\/mathy-austria.com\/wp-content\/uploads\/2014\/04\/mathe-classic-kraftstoff-stabilisator_kraftstoffadditiv_klassische-fahrzeuge_500ml_1920x1920-600x600.webp 600w, https:\/\/mathy-austria.com\/wp-content\/uploads\/2014\/04\/mathe-classic-kraftstoff-stabilisator_kraftstoffadditiv_klassische-fahrzeuge_500ml_1920x1920-200x200.webp 200w, https:\/\/mathy-austria.com\/wp-content\/uploads\/2014\/04\/mathe-classic-kraftstoff-stabilisator_kraftstoffadditiv_klassische-fahrzeuge_500ml_1920x1920.webp 800w\" \/><img decoding=\"async\" width=\"300\" height=\"300\" src=\"data:image\/svg+xml;charset=utf-8,%3Csvg xmlns%3D&#039;http%3A%2F%2Fwww.w3.org%2F2000%2Fsvg&#039; viewBox%3D&#039;0 0 300 300&#039;%2F%3E\" class=\"show-on-hover back-image owl-lazy-load preload-me\" alt=\"\" data-src=\"https:\/\/mathy-austria.com\/wp-content\/uploads\/2014\/04\/mathe-classic-kraftstoff-stabilisator_kraftstoffadditiv_klassische-fahrzeuge_500ml-rueck_1920x1920-300x300.webp\" data-srcset=\"https:\/\/mathy-austria.com\/wp-content\/uploads\/2014\/04\/mathe-classic-kraftstoff-stabilisator_kraftstoffadditiv_klassische-fahrzeuge_500ml-rueck_1920x1920-300x300.webp 300w, https:\/\/mathy-austria.com\/wp-content\/uploads\/2014\/04\/mathe-classic-kraftstoff-stabilisator_kraftstoffadditiv_klassische-fahrzeuge_500ml-rueck_1920x1920-150x150.webp 150w, https:\/\/mathy-austria.com\/wp-content\/uploads\/2014\/04\/mathe-classic-kraftstoff-stabilisator_kraftstoffadditiv_klassische-fahrzeuge_500ml-rueck_1920x1920-768x768.webp 768w, https:\/\/mathy-austria.com\/wp-content\/uploads\/2014\/04\/mathe-classic-kraftstoff-stabilisator_kraftstoffadditiv_klassische-fahrzeuge_500ml-rueck_1920x1920-12x12.webp 12w, https:\/\/mathy-austria.com\/wp-content\/uploads\/2014\/04\/mathe-classic-kraftstoff-stabilisator_kraftstoffadditiv_klassische-fahrzeuge_500ml-rueck_1920x1920-600x600.webp 600w, https:\/\/mathy-austria.com\/wp-content\/uploads\/2014\/04\/mathe-classic-kraftstoff-stabilisator_kraftstoffadditiv_klassische-fahrzeuge_500ml-rueck_1920x1920-200x200.webp 200w, https:\/\/mathy-austria.com\/wp-content\/uploads\/2014\/04\/mathe-classic-kraftstoff-stabilisator_kraftstoffadditiv_klassische-fahrzeuge_500ml-rueck_1920x1920.webp 800w\" \/><\/a>\n\t<\/div>\n\t<figcaption class=\"woocom-list-content\">\n\n\t\t<div class=\"woo-buttons\"><a href=\"https:\/\/mathy-austria.com\/en\/product\/mathe-classic-kraftstoff-stabilisator\/\" aria-describedby=\"woocommerce_loop_add_to_cart_link_describedby_981\" data-quantity=\"1\" class=\"product_type_variable add_to_cart_button\" data-product_id=\"981\" data-product_sku=\"1410-025\" aria-label=\"Select options for \u201cMATH\u00c9 Classic - Kraftstoff-Stabilisator - *ABVERKAUF 250ml Gebinde\/noch 8 Stk. verf\u00fcgbar*\u201d\" rel=\"nofollow\" data-no-translation=\"\" data-trp-gettext=\"\" data-no-translation-aria-label=\"\">Select options<\/a>\t<span id=\"woocommerce_loop_add_to_cart_link_describedby_981\" class=\"screen-reader-text\">\n\t\tThis product has multiple variants. The options may be chosen on the product page\t<\/span>\n<\/div>\n\t<\/figcaption>\n<\/figure>\n<\/article><\/div>\t\t\t\t<\/div>\n\t\t\t\t<\/div>\n\t\t\t\t\t<\/div>\n\t\t<\/div>\n\t\t\t\t\t<\/div>\n\t\t<\/section>\n\t\t\t\t<\/div>","protected":false},"excerpt":{"rendered":"<p>Easy application and optimal protection. The entire fuel system is reliably cleaned and protected! MATH\u00c9 Classic Fuel Stabilizer is specially designed for older gasoline engines. It provides excellent corrosion protection (prevents condensation) while lubricating all moving parts within the fuel system (pump and valves). It also prevents deposits on valves and spark plugs. Furthermore, it preserves and protects...<\/p>","protected":false},"author":1,"featured_media":0,"parent":2128,"menu_order":0,"comment_status":"closed","ping_status":"closed","template":"","meta":{"footnotes":""},"class_list":["post-2471","page","type-page","status-publish","hentry"],"_links":{"self":[{"href":"https:\/\/mathy-austria.com\/en\/wp-json\/wp\/v2\/pages\/2471","targetHints":{"allow":["GET"]}}],"collection":[{"href":"https:\/\/mathy-austria.com\/en\/wp-json\/wp\/v2\/pages"}],"about":[{"href":"https:\/\/mathy-austria.com\/en\/wp-json\/wp\/v2\/types\/page"}],"author":[{"embeddable":true,"href":"https:\/\/mathy-austria.com\/en\/wp-json\/wp\/v2\/users\/1"}],"replies":[{"embeddable":true,"href":"https:\/\/mathy-austria.com\/en\/wp-json\/wp\/v2\/comments?post=2471"}],"version-history":[{"count":0,"href":"https:\/\/mathy-austria.com\/en\/wp-json\/wp\/v2\/pages\/2471\/revisions"}],"up":[{"embeddable":true,"href":"https:\/\/mathy-austria.com\/en\/wp-json\/wp\/v2\/pages\/2128"}],"wp:attachment":[{"href":"https:\/\/mathy-austria.com\/en\/wp-json\/wp\/v2\/media?parent=2471"}],"curies":[{"name":"wp","href":"https:\/\/api.w.org\/{rel}","templated":true}]}}