{"id":2127,"date":"2020-07-17T09:51:03","date_gmt":"2020-07-17T07:51:03","guid":{"rendered":"https:\/\/mathy-austria.com\/?page_id=2127"},"modified":"2020-10-22T11:17:31","modified_gmt":"2020-10-22T09:17:31","slug":"tuning","status":"publish","type":"page","link":"https:\/\/mathy-austria.com\/en\/anwendung\/tuning\/","title":{"rendered":"Tuning"},"content":{"rendered":"<div data-elementor-type=\"wp-page\" data-elementor-id=\"2127\" class=\"elementor elementor-2127\" data-elementor-post-type=\"page\">\n\t\t\t\t\t\t<section class=\"elementor-section elementor-top-section elementor-element elementor-element-6164498 elementor-section-boxed elementor-section-height-default elementor-section-height-default\" data-id=\"6164498\" data-element_type=\"section\" data-e-type=\"section\">\n\t\t\t\t\t\t<div class=\"elementor-container elementor-column-gap-default\">\n\t\t\t\t\t<div class=\"elementor-column elementor-col-100 elementor-top-column elementor-element elementor-element-51ac624\" data-id=\"51ac624\" data-element_type=\"column\" data-e-type=\"column\">\n\t\t\t<div class=\"elementor-widget-wrap elementor-element-populated\">\n\t\t\t\t\t\t<div class=\"elementor-element elementor-element-7be1869 elementor-widget elementor-widget-text-editor\" data-id=\"7be1869\" data-element_type=\"widget\" data-e-type=\"widget\" data-widget_type=\"text-editor.default\">\n\t\t\t\t<div class=\"elementor-widget-container\">\n\t\t\t\t\t\t\t\t\t<h1>MATHY-Additive haben die Temperatur im Griff\u200b<\/h1><p><strong>Thermische Probleme einfach reduzieren und mehr Leistung generieren.<\/strong><\/p><p>Durch die Zugabe von MATHY-Additiven in Aggregate von getunten Fahrzeugen, wird die durch h\u00f6here Drehzahlen entstehende Hitzeentwicklung reduziert. Die innere Reibung wird gesenkt und die Schmierstoffe in Motor, Getriebe und Differenzialen k\u00fchler gehalten. Daraus resultierend wird die Schmierperformance der \u00d6le in Grenzbereichen\u00a0optimiert.<\/p><p>MATHY-Additive\u00a0steigern die\u00a0Leistungswerte bei Tuningfahrzeugen und erh\u00f6hen die Lebensdauer der Technik.<\/p>\t\t\t\t\t\t\t\t<\/div>\n\t\t\t\t<\/div>\n\t\t\t\t<div class=\"elementor-element elementor-element-e5ed1cb elementor-widget elementor-widget-text-editor\" data-id=\"e5ed1cb\" data-element_type=\"widget\" data-e-type=\"widget\" data-widget_type=\"text-editor.default\">\n\t\t\t\t<div class=\"elementor-widget-container\">\n\t\t\t\t\t\t\t\t\t<div class=\"page-header\"><h2 class=\"vorteile\">These are your advantages<\/h2><ul class=\"csc-bulletlist csc-bulletlist-0\"><li>Thermische Probleme werden reduziert<\/li><li>Innere Reibung wird minimiert<\/li><li>Leistungsoptimierung<\/li><li>Reduction of wear and tear<\/li><li>Verl\u00e4ngerung der Lebensdauer von Teilen<\/li><\/ul><\/div>\t\t\t\t\t\t\t\t<\/div>\n\t\t\t\t<\/div>\n\t\t\t\t\t<\/div>\n\t\t<\/div>\n\t\t\t\t\t<\/div>\n\t\t<\/section>\n\t\t\t\t<section class=\"elementor-section elementor-top-section elementor-element elementor-element-5bff7eda elementor-section-boxed elementor-section-height-default elementor-section-height-default\" data-id=\"5bff7eda\" data-element_type=\"section\" data-e-type=\"section\">\n\t\t\t\t\t\t<div class=\"elementor-container elementor-column-gap-default\">\n\t\t\t\t\t<div class=\"elementor-column elementor-col-100 elementor-top-column elementor-element elementor-element-154b7553\" data-id=\"154b7553\" data-element_type=\"column\" data-e-type=\"column\">\n\t\t\t<div class=\"elementor-widget-wrap elementor-element-populated\">\n\t\t\t\t\t\t<div class=\"elementor-element elementor-element-45b9f8f0 elementor-widget elementor-widget-heading\" data-id=\"45b9f8f0\" data-element_type=\"widget\" data-e-type=\"widget\" data-widget_type=\"heading.default\">\n\t\t\t\t<div class=\"elementor-widget-container\">\n\t\t\t\t\t<h2 class=\"elementor-heading-title elementor-size-default\">Die h\u00e4ufigsten Fragen rund um die Tuning-Anwendung\n<\/h2>\t\t\t\t<\/div>\n\t\t\t\t<\/div>\n\t\t\t\t<div class=\"elementor-element elementor-element-715f08ce elementor-widget elementor-widget-accordion\" data-id=\"715f08ce\" data-element_type=\"widget\" data-e-type=\"widget\" data-widget_type=\"accordion.default\">\n\t\t\t\t<div class=\"elementor-widget-container\">\n\t\t\t\t\t\t\t<div class=\"elementor-accordion\">\n\t\t\t\t\t\t\t<div class=\"elementor-accordion-item\">\n\t\t\t\t\t<div id=\"elementor-tab-title-1901\" class=\"elementor-tab-title\" data-tab=\"1\" role=\"button\" aria-controls=\"elementor-tab-content-1901\" aria-expanded=\"false\">\n\t\t\t\t\t\t\t\t\t\t\t\t\t<span class=\"elementor-accordion-icon elementor-accordion-icon-left\" aria-hidden=\"true\">\n\t\t\t\t\t\t\t\t\t\t\t\t\t\t\t<span class=\"elementor-accordion-icon-closed\"><i class=\"fas fa-plus\"><\/i><\/span>\n\t\t\t\t\t\t\t\t<span class=\"elementor-accordion-icon-opened\"><i class=\"fas fa-minus\"><\/i><\/span>\n\t\t\t\t\t\t\t\t\t\t\t\t\t\t<\/span>\n\t\t\t\t\t\t\t\t\t\t\t\t<a class=\"elementor-accordion-title\" tabindex=\"0\">Ist MATHY-M Motoren\u00f6l-Additiv mit Racing-Motoren\u00f6len mischbar?<\/a>\n\t\t\t\t\t<\/div>\n\t\t\t\t\t<div id=\"elementor-tab-content-1901\" class=\"elementor-tab-content elementor-clearfix\" data-tab=\"1\" role=\"region\" aria-labelledby=\"elementor-tab-title-1901\"><section class=\"m-accordion-item js-accordion-item m-accordion--open\"><div class=\"m-accordion-content js-accordion-content\"><p>MATHY-M Motoren\u00f6l-Additiv ist mischbar mit allen teil- und vollsynthetischen Motoren\u00f6len.\u00a0Es optimiert auch die Schmierperformance von Racing-Motoren\u00f6len. Gerade bei hochbelasteten Tuning-Motoren kommt es auf beste Schmierung an. Durch die Reduzierung der inneren Reibung bleibt das Racing-\u00d6l k\u00fchler und sichert eine ausreichende \u00d6lversorgung in Grenzbereichen.<\/p><\/div><\/section><section class=\"m-accordion-item js-accordion-item\"><\/section><\/div>\n\t\t\t\t<\/div>\n\t\t\t\t\t\t\t<div class=\"elementor-accordion-item\">\n\t\t\t\t\t<div id=\"elementor-tab-title-1902\" class=\"elementor-tab-title\" data-tab=\"2\" role=\"button\" aria-controls=\"elementor-tab-content-1902\" aria-expanded=\"false\">\n\t\t\t\t\t\t\t\t\t\t\t\t\t<span class=\"elementor-accordion-icon elementor-accordion-icon-left\" aria-hidden=\"true\">\n\t\t\t\t\t\t\t\t\t\t\t\t\t\t\t<span class=\"elementor-accordion-icon-closed\"><i class=\"fas fa-plus\"><\/i><\/span>\n\t\t\t\t\t\t\t\t<span class=\"elementor-accordion-icon-opened\"><i class=\"fas fa-minus\"><\/i><\/span>\n\t\t\t\t\t\t\t\t\t\t\t\t\t\t<\/span>\n\t\t\t\t\t\t\t\t\t\t\t\t<a class=\"elementor-accordion-title\" tabindex=\"0\">Welche Vorteile habe ich durch den Einsatz von MATHY-Schmierstoffen in getunten Fahrzeugen?<\/a>\n\t\t\t\t\t<\/div>\n\t\t\t\t\t<div id=\"elementor-tab-content-1902\" class=\"elementor-tab-content elementor-clearfix\" data-tab=\"2\" role=\"region\" aria-labelledby=\"elementor-tab-title-1902\"><section class=\"m-accordion-item js-accordion-item m-accordion--open\"><div class=\"m-accordion-content js-accordion-content\"><p>Durch die Zugabe von MATHY-Schmierstoffen in getunten Fahrzeugen erreichen Sie eine erh\u00f6hte Verschlei\u00dfreduzierung im\u00a0gesamten Antriebsstrang und eine zus\u00e4tzliche Leistungsverbesserung.<\/p><\/div><\/section><section class=\"m-accordion-item js-accordion-item\"><\/section><\/div>\n\t\t\t\t<\/div>\n\t\t\t\t\t\t\t<div class=\"elementor-accordion-item\">\n\t\t\t\t\t<div id=\"elementor-tab-title-1903\" class=\"elementor-tab-title\" data-tab=\"3\" role=\"button\" aria-controls=\"elementor-tab-content-1903\" aria-expanded=\"false\">\n\t\t\t\t\t\t\t\t\t\t\t\t\t<span class=\"elementor-accordion-icon elementor-accordion-icon-left\" aria-hidden=\"true\">\n\t\t\t\t\t\t\t\t\t\t\t\t\t\t\t<span class=\"elementor-accordion-icon-closed\"><i class=\"fas fa-plus\"><\/i><\/span>\n\t\t\t\t\t\t\t\t<span class=\"elementor-accordion-icon-opened\"><i class=\"fas fa-minus\"><\/i><\/span>\n\t\t\t\t\t\t\t\t\t\t\t\t\t\t<\/span>\n\t\t\t\t\t\t\t\t\t\t\t\t<a class=\"elementor-accordion-title\" tabindex=\"0\">K\u00f6nnen MATHY-Additive die \u00d6ltemperatur bei getunten Motoren reduzieren?<\/a>\n\t\t\t\t\t<\/div>\n\t\t\t\t\t<div id=\"elementor-tab-content-1903\" class=\"elementor-tab-content elementor-clearfix\" data-tab=\"3\" role=\"region\" aria-labelledby=\"elementor-tab-title-1903\"><section class=\"m-accordion-item js-accordion-item m-accordion--open\"><div class=\"m-accordion-content js-accordion-content\"><p>Durch eine 10%ige Zugabe von unseres\u00a0<b>Engine oil additive MATHY-M<\/b>\u00a0zum Motoren\u00f6l wird die innere Reibung reduziert und die \u00d6ltemperatur niedriger gehalten. MATHY-M ist frei von Feststoffen und geht eine direkte Verbindung auf Kohlenwasserstoffbasis mit dem Motoren\u00f6l ein. Diese bleibt bis zum n\u00e4chsten \u00d6lwechsel stabil und sichert optimale Schmierwirkung.\u00a0\u00a0\u00a0<\/p><\/div><\/section><section class=\"m-accordion-item js-accordion-item\"><\/section><\/div>\n\t\t\t\t<\/div>\n\t\t\t\t\t\t\t<div class=\"elementor-accordion-item\">\n\t\t\t\t\t<div id=\"elementor-tab-title-1904\" class=\"elementor-tab-title\" data-tab=\"4\" role=\"button\" aria-controls=\"elementor-tab-content-1904\" aria-expanded=\"false\">\n\t\t\t\t\t\t\t\t\t\t\t\t\t<span class=\"elementor-accordion-icon elementor-accordion-icon-left\" aria-hidden=\"true\">\n\t\t\t\t\t\t\t\t\t\t\t\t\t\t\t<span class=\"elementor-accordion-icon-closed\"><i class=\"fas fa-plus\"><\/i><\/span>\n\t\t\t\t\t\t\t\t<span class=\"elementor-accordion-icon-opened\"><i class=\"fas fa-minus\"><\/i><\/span>\n\t\t\t\t\t\t\t\t\t\t\t\t\t\t<\/span>\n\t\t\t\t\t\t\t\t\t\t\t\t<a class=\"elementor-accordion-title\" tabindex=\"0\">Welchen Einfluss haben Kraftstoff-Zus\u00e4tze auf die Verbrennung im Motor?<\/a>\n\t\t\t\t\t<\/div>\n\t\t\t\t\t<div id=\"elementor-tab-content-1904\" class=\"elementor-tab-content elementor-clearfix\" data-tab=\"4\" role=\"region\" aria-labelledby=\"elementor-tab-title-1904\"><section class=\"m-accordion-item js-accordion-item m-accordion--open\"><div class=\"m-accordion-content js-accordion-content\"><p>MATHY-Kraftstoff-Zus\u00e4tze reinigen das gesamte Kraftstoffsystem vom Tank bis zum Brennraum. Durch den Abbau von Verbrennungsr\u00fcckst\u00e4nden an Einspritzd\u00fcsen, Ventilsitzen und Brennr\u00e4umen wird die alte Leistungsf\u00e4higkeit des Einspritzsystems wieder\u00a0hergestellt und der Kraftstoffverbrauch optimiert. Nur ein sauberes Kraftstoffsystem sichert einen st\u00f6rungsfreien Fahrbetrieb.\u00a0<\/p><\/div><\/section><section class=\"m-accordion-item js-accordion-item js-accordion-item--last\"><\/section><\/div>\n\t\t\t\t<\/div>\n\t\t\t\t\t\t\t<div class=\"elementor-accordion-item\">\n\t\t\t\t\t<div id=\"elementor-tab-title-1905\" class=\"elementor-tab-title\" data-tab=\"5\" role=\"button\" aria-controls=\"elementor-tab-content-1905\" aria-expanded=\"false\">\n\t\t\t\t\t\t\t\t\t\t\t\t\t<span class=\"elementor-accordion-icon elementor-accordion-icon-left\" aria-hidden=\"true\">\n\t\t\t\t\t\t\t\t\t\t\t\t\t\t\t<span class=\"elementor-accordion-icon-closed\"><i class=\"fas fa-plus\"><\/i><\/span>\n\t\t\t\t\t\t\t\t<span class=\"elementor-accordion-icon-opened\"><i class=\"fas fa-minus\"><\/i><\/span>\n\t\t\t\t\t\t\t\t\t\t\t\t\t\t<\/span>\n\t\t\t\t\t\t\t\t\t\t\t\t<a class=\"elementor-accordion-title\" tabindex=\"0\">In welchen Bereichen k\u00f6nnen MATHY-Zus\u00e4tze \u00fcberall eingesetzt werden?<\/a>\n\t\t\t\t\t<\/div>\n\t\t\t\t\t<div id=\"elementor-tab-content-1905\" class=\"elementor-tab-content elementor-clearfix\" data-tab=\"5\" role=\"region\" aria-labelledby=\"elementor-tab-title-1905\"><div class=\"m-accordion js-accordion\"><section class=\"m-accordion-item js-accordion-item js-accordion-item--last m-accordion--open\"><div class=\"m-accordion-content js-accordion-content\"><p>In Verbrennungsmotoren (Diesel und Benziner), Schalt- und Automatikgetrieben, Servolenkungen, hydraulischen Anlagen, Einspritzsystemen, Turboladern, Hinterachsen, sowie Kompressoren.<\/p><\/div><\/section><\/div><\/div>\n\t\t\t\t<\/div>\n\t\t\t\t\t\t\t\t<\/div>\n\t\t\t\t\t\t<\/div>\n\t\t\t\t<\/div>\n\t\t\t\t\t<\/div>\n\t\t<\/div>\n\t\t\t\t\t<\/div>\n\t\t<\/section>\n\t\t\t\t<\/div>","protected":false},"excerpt":{"rendered":"<p>MATHY additives keep temperatures under control. Easily reduce thermal problems and generate more power. By adding MATHY additives to the engines of tuned vehicles, the heat generated by higher engine speeds is reduced. Internal friction is lowered, and the lubricants in the engine, transmission, and differentials are kept cooler. As a result, the lubricating performance of the oils in...<\/p>","protected":false},"author":1,"featured_media":0,"parent":1623,"menu_order":0,"comment_status":"closed","ping_status":"closed","template":"","meta":{"footnotes":""},"class_list":["post-2127","page","type-page","status-publish","hentry"],"_links":{"self":[{"href":"https:\/\/mathy-austria.com\/en\/wp-json\/wp\/v2\/pages\/2127","targetHints":{"allow":["GET"]}}],"collection":[{"href":"https:\/\/mathy-austria.com\/en\/wp-json\/wp\/v2\/pages"}],"about":[{"href":"https:\/\/mathy-austria.com\/en\/wp-json\/wp\/v2\/types\/page"}],"author":[{"embeddable":true,"href":"https:\/\/mathy-austria.com\/en\/wp-json\/wp\/v2\/users\/1"}],"replies":[{"embeddable":true,"href":"https:\/\/mathy-austria.com\/en\/wp-json\/wp\/v2\/comments?post=2127"}],"version-history":[{"count":0,"href":"https:\/\/mathy-austria.com\/en\/wp-json\/wp\/v2\/pages\/2127\/revisions"}],"up":[{"embeddable":true,"href":"https:\/\/mathy-austria.com\/en\/wp-json\/wp\/v2\/pages\/1623"}],"wp:attachment":[{"href":"https:\/\/mathy-austria.com\/en\/wp-json\/wp\/v2\/media?parent=2127"}],"curies":[{"name":"wp","href":"https:\/\/api.w.org\/{rel}","templated":true}]}}